 



{"id":14660,"date":"2017-03-08T08:19:32","date_gmt":"2017-03-08T08:19:32","guid":{"rendered":"https:\/\/www.consorciresidus.org\/avis-legal\/"},"modified":"2017-07-12T08:01:06","modified_gmt":"2017-07-12T08:01:06","slug":"aviso-legal","status":"publish","type":"page","link":"https:\/\/www.consorciresidus.org\/es\/aviso-legal\/","title":{"rendered":"Aviso legal"},"content":{"rendered":"[vc_row css=\u00bb.vc_custom_1488961355394{padding-top: 50px !important;padding-bottom: 50px !important;}\u00bb][vc_column][vc_column_text]\n<h3 style=\"text-align: justify;\">Titularidad del sitio web<\/h3>\n<p style=\"text-align: justify;\"><b>www.consorciresidus.org<\/b>, es un dominio en internet de titularidad:<\/p>\n<div class=\"titularitat-web\" style=\"text-align: justify;\">\n<p class=\"nom-ajuntament\">Consorcio de Residuos V5<br \/>\nCarlos Sarthou 4, entresuelo A y\u00a0B<br \/>\n46800 &#8211; X\u00e0tiva<br \/>\nTel\u00e9fono:962 27 00 36<\/p>\n<\/div>\n<p style=\"text-align: justify;\">El consorcio, mediante este espacio web, pone a disposici\u00f3n de los diferentes usuarios el acceso y utilizaci\u00f3n de servicios e informaci\u00f3n referidos tanto a su \u00e1mbito de actuaci\u00f3n como, si se da el caso, proporcionados por terceros.<\/p>\n<p style=\"text-align: justify;\">Este sitio web y todos sus contenidos, incluyendo los textos, im\u00e1genes, c\u00f3digos y cualquier otro material, es propiedad del consorcio o de terceros que han autorizado su uso.<\/p>\n<p style=\"text-align: justify;\">La informaci\u00f3n y elementos divulgados a trav\u00e9s de estas p\u00e1ginas se encuentran protegidos por las leyes espa\u00f1olas e internacionales sobre Propiedad Industrial e Intelectual. De tal forma que se proh\u00edbe su reproducci\u00f3n, distribuci\u00f3n y comunicaci\u00f3n p\u00fablica sin la autorizaci\u00f3n expresa del consorcio.<\/p>\n<h3 style=\"text-align: justify;\">T\u00e9rminos y condiciones de uso<\/h3>\n<p style=\"text-align: justify;\">Se considera usuario del presente sitio web a cualquiera que acceda y utilice el mismo. La condici\u00f3n de usuario conlleva la total aceptaci\u00f3n de las condiciones establecidas en el presente Aviso Legal y en las especiales que puedan establecerse para determinados servicios y utilidades. Los usuarios adquieren el compromiso de ajustar su actuaci\u00f3n a las citadas condiciones y a observar lo dispuesto por la normativa legal, as\u00ed como las instrucciones y avisos que se ponen en su conocimiento.<\/p>\n<p style=\"text-align: justify;\">Cuando sea necesaria la utilizaci\u00f3n de una contrase\u00f1a o nombre de usuario para acceder a alg\u00fan contenido o servicio de este sitio web, el usuario queda obligado a mantenerla en secreto y hacer de ella un uso diligente. En caso de p\u00e9rdida o utilizaci\u00f3n negligente de la contrase\u00f1a el usuario responder\u00e1 de la utilizaci\u00f3n que de ella hayan podido hacer terceras personas.<\/p>\n<p style=\"text-align: justify;\">Se proh\u00edbe la reproducci\u00f3n total o parcial de los contenidos de esta Web sin citar su origen o solicitar autorizaci\u00f3n.<\/p>\n<p style=\"text-align: justify;\">El consorcio no es responsable del mal uso que los usuarios realicen de los contenidos de su sitio web y se reserva el derecho de actualizar, modificar, conservar, eliminar, o impedir el acceso a cualquier contenido que aparezca en el mismo o de cerrarlo sin previo aviso.<\/p>\n<p style=\"text-align: justify;\">El consorcio no es responsable de los contenidos situados fuera de su web, en los sitios web de terceros, a los que se pueda acceder mediante enlaces situados en el sitio web del consorcio. En el caso de foros abiertos o espacios de opini\u00f3n en sus p\u00e1ginas web, el consorcio no se obliga a controlar las opiniones o informaciones vertidas por los usuarios, pero se reserva el derecho a eliminar aquellas que puedan resultar contrarias a la legalidad vigente, especialmente cuando impliquen una vulneraci\u00f3n de los derechos y libertades fundamentales, a los buenos usos y los presentes t\u00e9rminos y condiciones. El consorcio no ser\u00e1 responsable de posibles da\u00f1os o perjuicios que se pudieran derivar de interferencias, omisiones, interrupciones, aver\u00edas o desconexiones en el funcionamiento operativo de este sistema electr\u00f3nico, motivadas por causas ajenas al consorcio, o como consecuencia de ajustes o problemas t\u00e9cnicos propios; as\u00ed como de da\u00f1os que puedan ser causados \u200b\u200bpor virus inform\u00e1ticos y por terceras personas mediante intromisiones ileg\u00edtimas fuera del control del consorcio.<\/p>\n[\/vc_column_text][\/vc_column][\/vc_row]\n<div style=\"clear:both;\"><\/div>","protected":false},"excerpt":{"rendered":"<p>[vc_row css=\u00bb.vc_custom_1488961355394{padding-top: 50px !important;padding-bottom: 50px !important;}\u00bb][vc_column][vc_column_text] Titularidad del sitio web www.consorciresidus.org, es un dominio en internet de titularidad: Consorcio de Residuos V5 Carlos Sarthou 4, entresuelo [&hellip;]<\/p>\n","protected":false},"author":1,"featured_media":0,"parent":0,"menu_order":0,"comment_status":"closed","ping_status":"closed","template":"","meta":{"footnotes":""},"class_list":["post-14660","page","type-page","status-publish","hentry"],"yoast_head":"<!-- This site is optimized with the Yoast SEO plugin v26.0 - https:\/\/yoast.com\/wordpress\/plugins\/seo\/ -->\n<title>Aviso legal - Consorcio de Residuos V5 - COR<\/title>\n<meta name=\"robots\" content=\"noindex, follow\" \/>\n<meta property=\"og:locale\" content=\"es_ES\" \/>\n<meta property=\"og:type\" content=\"article\" \/>\n<meta property=\"og:title\" content=\"Aviso legal - Consorcio de Residuos V5 - COR\" \/>\n<meta property=\"og:description\" content=\"[vc_row css=\u00bb.vc_custom_1488961355394{padding-top: 50px !important;padding-bottom: 50px !important;}\u00bb][vc_column][vc_column_text] Titularidad del sitio web www.consorciresidus.org, es un dominio en internet de titularidad: Consorcio de Residuos V5 Carlos Sarthou 4, entresuelo [&hellip;]\" \/>\n<meta property=\"og:url\" content=\"https:\/\/www.consorciresidus.org\/es\/aviso-legal\/\" \/>\n<meta property=\"og:site_name\" content=\"Consorcio de Residuos V5 - COR\" \/>\n<meta property=\"article:modified_time\" content=\"2017-07-12T08:01:06+00:00\" \/>\n<meta name=\"twitter:card\" content=\"summary_large_image\" \/>\n<meta name=\"twitter:label1\" content=\"Tiempo de lectura\" \/>\n\t<meta name=\"twitter:data1\" content=\"3 minutos\" \/>\n<script type=\"application\/ld+json\" class=\"yoast-schema-graph\">{\"@context\":\"https:\/\/schema.org\",\"@graph\":[{\"@type\":\"WebPage\",\"@id\":\"https:\/\/www.consorciresidus.org\/es\/aviso-legal\/\",\"url\":\"https:\/\/www.consorciresidus.org\/es\/aviso-legal\/\",\"name\":\"Aviso legal - Consorcio de Residuos V5 - COR\",\"isPartOf\":{\"@id\":\"https:\/\/www.consorciresidus.org\/#website\"},\"datePublished\":\"2017-03-08T08:19:32+00:00\",\"dateModified\":\"2017-07-12T08:01:06+00:00\",\"inLanguage\":\"es\",\"potentialAction\":[{\"@type\":\"ReadAction\",\"target\":[\"https:\/\/www.consorciresidus.org\/es\/aviso-legal\/\"]}]},{\"@type\":\"WebSite\",\"@id\":\"https:\/\/www.consorciresidus.org\/#website\",\"url\":\"https:\/\/www.consorciresidus.org\/\",\"name\":\"Consorcio de Residuos V5 - COR\",\"description\":\"Consorcio para la gesti\u00f3n de residuos\",\"potentialAction\":[{\"@type\":\"SearchAction\",\"target\":{\"@type\":\"EntryPoint\",\"urlTemplate\":\"https:\/\/www.consorciresidus.org\/?s={search_term_string}\"},\"query-input\":{\"@type\":\"PropertyValueSpecification\",\"valueRequired\":true,\"valueName\":\"search_term_string\"}}],\"inLanguage\":\"es\"}]}<\/script>\n<!-- \/ Yoast SEO plugin. -->","yoast_head_json":{"title":"Aviso legal - Consorcio de Residuos V5 - COR","robots":{"index":"noindex","follow":"follow"},"og_locale":"es_ES","og_type":"article","og_title":"Aviso legal - Consorcio de Residuos V5 - COR","og_description":"[vc_row css=\u00bb.vc_custom_1488961355394{padding-top: 50px !important;padding-bottom: 50px !important;}\u00bb][vc_column][vc_column_text] Titularidad del sitio web www.consorciresidus.org, es un dominio en internet de titularidad: Consorcio de Residuos V5 Carlos Sarthou 4, entresuelo [&hellip;]","og_url":"https:\/\/www.consorciresidus.org\/es\/aviso-legal\/","og_site_name":"Consorcio de Residuos V5 - COR","article_modified_time":"2017-07-12T08:01:06+00:00","twitter_card":"summary_large_image","twitter_misc":{"Tiempo de lectura":"3 minutos"},"schema":{"@context":"https:\/\/schema.org","@graph":[{"@type":"WebPage","@id":"https:\/\/www.consorciresidus.org\/es\/aviso-legal\/","url":"https:\/\/www.consorciresidus.org\/es\/aviso-legal\/","name":"Aviso legal - Consorcio de Residuos V5 - COR","isPartOf":{"@id":"https:\/\/www.consorciresidus.org\/#website"},"datePublished":"2017-03-08T08:19:32+00:00","dateModified":"2017-07-12T08:01:06+00:00","inLanguage":"es","potentialAction":[{"@type":"ReadAction","target":["https:\/\/www.consorciresidus.org\/es\/aviso-legal\/"]}]},{"@type":"WebSite","@id":"https:\/\/www.consorciresidus.org\/#website","url":"https:\/\/www.consorciresidus.org\/","name":"Consorcio de Residuos V5 - COR","description":"Consorcio para la gesti\u00f3n de residuos","potentialAction":[{"@type":"SearchAction","target":{"@type":"EntryPoint","urlTemplate":"https:\/\/www.consorciresidus.org\/?s={search_term_string}"},"query-input":{"@type":"PropertyValueSpecification","valueRequired":true,"valueName":"search_term_string"}}],"inLanguage":"es"}]}},"_links":{"self":[{"href":"https:\/\/www.consorciresidus.org\/es\/wp-json\/wp\/v2\/pages\/14660","targetHints":{"allow":["GET"]}}],"collection":[{"href":"https:\/\/www.consorciresidus.org\/es\/wp-json\/wp\/v2\/pages"}],"about":[{"href":"https:\/\/www.consorciresidus.org\/es\/wp-json\/wp\/v2\/types\/page"}],"author":[{"embeddable":true,"href":"https:\/\/www.consorciresidus.org\/es\/wp-json\/wp\/v2\/users\/1"}],"replies":[{"embeddable":true,"href":"https:\/\/www.consorciresidus.org\/es\/wp-json\/wp\/v2\/comments?post=14660"}],"version-history":[{"count":7,"href":"https:\/\/www.consorciresidus.org\/es\/wp-json\/wp\/v2\/pages\/14660\/revisions"}],"predecessor-version":[{"id":18315,"href":"https:\/\/www.consorciresidus.org\/es\/wp-json\/wp\/v2\/pages\/14660\/revisions\/18315"}],"wp:attachment":[{"href":"https:\/\/www.consorciresidus.org\/es\/wp-json\/wp\/v2\/media?parent=14660"}],"curies":[{"name":"wp","href":"https:\/\/api.w.org\/{rel}","templated":true}]}}