 



{"id":14665,"date":"2017-03-07T23:37:09","date_gmt":"2017-03-07T23:37:09","guid":{"rendered":"https:\/\/www.consorciresidus.org\/contacte\/"},"modified":"2019-02-19T11:40:44","modified_gmt":"2019-02-19T11:40:44","slug":"contacto","status":"publish","type":"page","link":"https:\/\/www.consorciresidus.org\/es\/contacto\/","title":{"rendered":"Contacto"},"content":{"rendered":"[mk_page_section min_height=\u00bb0&#8243; js_vertical_centered=\u00bbtrue\u00bb padding_top=\u00bb50&#8243; padding_bottom=\u00bb0&#8243; el_class=\u00bbintro\u00bb sidebar=\u00bbsidebar-1&#8243;][vc_column][vc_single_image image=\u00bb12173&#8243; img_size=\u00bbfull\u00bb alignment=\u00bbcenter\u00bb][mk_ornamental_title tag_name=\u00bbh3&#8243; font_family=\u00bbRaleway\u00bb font_type=\u00bbgoogle\u00bb font_size=\u00bb35&#8243; font_weight=\u00bb400&#8243; txt_transform=\u00bbnone\u00bb ornament_style=\u00bbnorman-single\u00bb ornament_color=\u00bb#c4c4c4&#8243; margin_top=\u00bb30&#8243;]Atenci\u00f3n al p\u00fablico[\/mk_ornamental_title][vc_empty_space height=\u00bb50px\u00bb][vc_row_inner][vc_column_inner width=\u00bb1\/2&#8243;][vc_column_text css=\u00bb.vc_custom_1542987792805{margin-bottom: 0px !important;}\u00bb]\n<p style=\"text-align: center;\">C\/ Botigues, 21<br \/>\n46800 &#8211; X\u00e0tiva<br \/>\nTel\u00e9fono: 96 227 00 36<br \/>\nmail: <a href=\"mailto:info@consorciresidus.org\">info@consorciresidus.org<\/a><\/p>\n<hr style=\"background: #bebebe; border: 0; height: 1px; width: 40%;\" \/>\n<p style=\"text-align: center;\">Horario de atenci\u00f3n al p\u00fablico:<br \/>\nDe lunes\u00a0a viernes de 9:00 a 14:00 h.<\/p>\n[\/vc_column_text][mk_button dimension=\u00bboutline\u00bb corner_style=\u00bbrounded\u00bb size=\u00bbmedium\u00bb url=\u00bbhttps:\/\/www.google.es\/maps\/place\/Calle+Carlos+Sarthou,+4,+46800+J%C3%A1tiva,+Valencia\/@38.9904076,-0.5226394,452m\/data=!3m1!1e3!4m13!1m7!3m6!1s0xd61a20145f1edf1:0xa5d85360058d2777!2sCalle+Carlos+Sarthou,+4,+46800+J%C3%A1tiva,+Valencia!3b1!8m2!3d38.9904118!4d-0.5216148!3m4!1s0xd61a20145f1edf1:0xa5d85360058d2777!8m2!3d38.9904118!4d-0.5216148&#8243; target=\u00bb_blank\u00bb align=\u00bbcenter\u00bb margin_right=\u00bb0&#8243;]NAVEGADOR GPS[\/mk_button][\/vc_column_inner][vc_column_inner width=\u00bb1\/2&#8243; offset=\u00bbvc_hidden-xs\u00bb][mk_advanced_gmaps latitude=\u00bb38.9885551&#8243; longitude=\u00bb-0.5217785&#8243; pin_icon=\u00bbhttps:\/\/www.consorciresidus.org\/wp-content\/uploads\/2017\/03\/map-marker-icon2.png\u00bb content_font_color=\u00bb#ffffff\u00bb map_zoom=\u00bb16&#8243; modify_coloring=\u00bbtrue\u00bb hue=\u00bb\u00bb saturation=\u00bb-100&#8243; lightness=\u00bb0&#8243;][\/vc_column_inner][\/vc_row_inner][vc_empty_space height=\u00bb50px\u00bb][\/vc_column][\/mk_page_section][mk_page_section bg_image=\u00bbhttp:\/\/www.consorciresidus.org\/wp-content\/uploads\/2017\/03\/16.png\u00bb bg_color=\u00bb#f9f9f9&#8243; min_height=\u00bb0&#8243; padding_top=\u00bb30&#8243; padding_bottom=\u00bb0&#8243; el_class=\u00bblinea\u00bb sidebar=\u00bbsidebar-1&#8243;][vc_column][mk_ornamental_title tag_name=\u00bbh3&#8243; font_family=\u00bbRaleway\u00bb font_type=\u00bbgoogle\u00bb font_size=\u00bb35&#8243; font_weight=\u00bb400&#8243; txt_transform=\u00bbnone\u00bb ornament_style=\u00bbnorman-single\u00bb ornament_color=\u00bb#c4c4c4&#8243; margin_top=\u00bb30&#8243;]Escr\u00edbenos[\/mk_ornamental_title][\/vc_column][\/mk_page_section][mk_page_section bg_image=\u00bbhttp:\/\/www.consorciresidus.org\/wp-content\/uploads\/2017\/03\/16.png\u00bb bg_color=\u00bb#f9f9f9&#8243; bg_position=\u00bbcenter center\u00bb min_height=\u00bb0&#8243; js_vertical_centered=\u00bbtrue\u00bb padding_top=\u00bb20&#8243; padding_bottom=\u00bb50&#8243; sidebar=\u00bbsidebar-1&#8243;][vc_column width=\u00bb1\/4&#8243;][\/vc_column][vc_column offset=\u00bbvc_col-lg-6 vc_col-md-6&#8243;][vc_column_text]Si tienes cualquier duda, sugerencia o consulta, puedes escribirnos a trav\u00e9s del formulario de contacto.[\/vc_column_text][vc_column_text]\n<div class=\"wpcf7 no-js\" id=\"wpcf7-f16565-o1\" lang=\"es-ES\" dir=\"ltr\" data-wpcf7-id=\"16565\">\n<div class=\"screen-reader-response\"><p role=\"status\" aria-live=\"polite\" aria-atomic=\"true\"><\/p> <ul><\/ul><\/div>\n<form action=\"\/es\/wp-json\/wp\/v2\/pages\/14665#wpcf7-f16565-o1\" method=\"post\" class=\"wpcf7-form init\" aria-label=\"Formulario de contacto\" novalidate=\"novalidate\" data-status=\"init\">\n<fieldset class=\"hidden-fields-container\"><input type=\"hidden\" name=\"_wpcf7\" value=\"16565\" \/><input type=\"hidden\" name=\"_wpcf7_version\" value=\"6.1.1\" \/><input type=\"hidden\" name=\"_wpcf7_locale\" value=\"es_ES\" \/><input type=\"hidden\" name=\"_wpcf7_unit_tag\" value=\"wpcf7-f16565-o1\" \/><input type=\"hidden\" name=\"_wpcf7_container_post\" value=\"0\" \/><input type=\"hidden\" name=\"_wpcf7_posted_data_hash\" value=\"\" \/><input type=\"hidden\" name=\"_wpcf7_recaptcha_response\" value=\"\" \/>\n<\/fieldset>\n<div id=\"responsive-form\" class=\"clearfix\">\n\t<div class=\"form-row\">\n\t\t<div class=\"completa\">\n\t\t\t<p>Nombre <em style=\"font-size:12px; color:#e21d1d;\"> (Obligatorio)<\/em><span class=\"wpcf7-form-control-wrap\" data-name=\"nombre\"><input size=\"40\" maxlength=\"400\" class=\"wpcf7-form-control wpcf7-text wpcf7-validates-as-required\" aria-required=\"true\" aria-invalid=\"false\" value=\"\" type=\"text\" name=\"nombre\" \/><\/span>\n\t\t\t<\/p>\n\t\t<\/div>\n\t\t<div class=\"completa\">\n\t\t\t<p>Email <em style=\"font-size:12px; color:#e21d1d;\"> (Obligatorio)<\/em><span class=\"wpcf7-form-control-wrap\" data-name=\"email-303\"><input size=\"40\" maxlength=\"400\" class=\"wpcf7-form-control wpcf7-email wpcf7-validates-as-required wpcf7-text wpcf7-validates-as-email\" aria-required=\"true\" aria-invalid=\"false\" value=\"\" type=\"email\" name=\"email-303\" \/><\/span>\n\t\t\t<\/p>\n\t\t<\/div>\n\t\t<div class=\"completa\">\n\t\t\t<p>Asunto <em style=\"font-size:12px; color:#e21d1d;\"> (Obligatorio)<\/em><span class=\"wpcf7-form-control-wrap\" data-name=\"asunto-303\"><input size=\"40\" maxlength=\"400\" class=\"wpcf7-form-control wpcf7-text wpcf7-validates-as-required\" aria-required=\"true\" aria-invalid=\"false\" value=\"\" type=\"text\" name=\"asunto-303\" \/><\/span>\n\t\t\t<\/p>\n\t\t<\/div>\n\t\t<div class=\"completa\">\n\t\t\t<p>Mensaje <em style=\"font-size:12px; color:#e21d1d;\"> (Obligatorio)<\/em><span class=\"wpcf7-form-control-wrap\" data-name=\"mensaje-279\"><textarea cols=\"40\" rows=\"10\" maxlength=\"2000\" class=\"wpcf7-form-control wpcf7-textarea wpcf7-validates-as-required\" aria-required=\"true\" aria-invalid=\"false\" name=\"mensaje-279\"><\/textarea><\/span>\n\t\t\t<\/p>\n\t\t<\/div>\n\t<\/div>\n<\/div>\n<div id=\"responsive-form\" class=\"clearfix\">\n<hr style=\"border: medium dotted; color: #a2a2a2;\" \/>\n\t<div class=\"form-row\">\n\t\t<div class=\"column-full\">\n\t\t\t<p class=\"privacidad\"><span class=\"wpcf7-form-control-wrap\" data-name=\"acceptance-235\"><span class=\"wpcf7-form-control wpcf7-acceptance\"><span class=\"wpcf7-list-item\"><input type=\"checkbox\" name=\"acceptance-235\" value=\"1\" aria-invalid=\"false\" \/><\/span><\/span><\/span> Acepto la <a href=\"https:\/\/www.consorciresidus.org\/es\/politica-de-privacidad\/\" target=\"blank\" rel=\"nofollow\">pol\u00edtica de privacidad<\/a> de esta p\u00e1gina web. <em style=\"font-size:12px; color:#e21d1d;\">(Obligatorio)<\/em>\n\t\t\t<\/p>\n\t\t\t<p style=\"font-size:10px; color:#777777;\"><em> Este sitio est\u00e1 protegido por reCAPTCHA y se aplican la <a href=\"https:\/\/www.google.com\/intl\/es\/policies\/privacy\/\" target=\"blank\" rel=\"nofollow\">Pol\u00edtica de privacidad<\/a> de Google y los <a href=\"https:\/\/www.google.com\/intl\/es\/policies\/terms\/\" target=\"blank\" rel=\"nofollow\">T\u00e9rminos de servicio<\/a>.<\/em>\n\t\t\t<\/p>\n\t\t<span class=\"wpcf7-form-control-wrap recaptcha\" data-name=\"recaptcha\"><span data-sitekey=\"6LdxhSMcAAAAADWwp4gct-VKH7twyIIzVhyskGRU\" class=\"wpcf7-form-control wpcf7-recaptcha g-recaptcha\"><\/span>\r\n<noscript>\r\n\t<div class=\"grecaptcha-noscript\">\r\n\t\t<iframe loading=\"lazy\" src=\"https:\/\/www.google.com\/recaptcha\/api\/fallback?k=6LdxhSMcAAAAADWwp4gct-VKH7twyIIzVhyskGRU\" frameborder=\"0\" scrolling=\"no\" width=\"310\" height=\"430\">\r\n\t\t<\/iframe>\r\n\t\t<textarea name=\"g-recaptcha-response\" rows=\"3\" cols=\"40\" placeholder=\"Aqu\u00ed la respuesta de reCAPTCHA\">\r\n\t\t<\/textarea>\r\n\t<\/div>\r\n<\/noscript>\r\n<\/span>\n\t\t<\/div>\n\t<\/div>\n\t<div class=\"form-row\">\n\t\t<div class=\"column-full\" style=\"text-align:center;padding-top:40px;\">\n\t\t\t<p><input class=\"wpcf7-form-control wpcf7-submit has-spinner\" type=\"submit\" value=\"Enviar\" \/>\n\t\t\t<\/p>\n\t\t<\/div>\n\t<\/div>\n<\/div><!--end responsive-form--><input type='hidden' class='wpcf7-pum' value='{\"closepopup\":false,\"closedelay\":0,\"openpopup\":false,\"openpopup_id\":0}' \/><div class=\"wpcf7-response-output\" aria-hidden=\"true\"><\/div>\n<\/form>\n<\/div>\n[\/vc_column_text][\/vc_column][vc_column width=\u00bb1\/4&#8243;][\/vc_column][\/mk_page_section]\n<div style=\"clear:both;\"><\/div>","protected":false},"excerpt":{"rendered":"<p>Contacto y atenci\u00f3n al p\u00fablico del Consorcio de Residuos V5 \u2013 COR. Oficina, horarios de atenci\u00f3n, tel\u00e9fono, correo electr\u00f3nico y formulario de contacto.<\/p>\n","protected":false},"author":1,"featured_media":0,"parent":0,"menu_order":0,"comment_status":"closed","ping_status":"closed","template":"","meta":{"footnotes":""},"class_list":["post-14665","page","type-page","status-publish","hentry"],"yoast_head":"<!-- This site is optimized with the Yoast SEO plugin v26.0 - https:\/\/yoast.com\/wordpress\/plugins\/seo\/ -->\n<title>Contacto - Consorcio de Residuos V5 - COR<\/title>\n<meta name=\"description\" content=\"Contacto y atenci\u00f3n al p\u00fablico del Consorcio de Residuos V5 \u2013 COR. Oficina, horarios de atenci\u00f3n, tel\u00e9fono, correo electr\u00f3nico y formulario de contacto.\" \/>\n<meta name=\"robots\" content=\"index, follow, max-snippet:-1, max-image-preview:large, max-video-preview:-1\" \/>\n<link rel=\"canonical\" href=\"https:\/\/www.consorciresidus.org\/es\/contacto\/\" \/>\n<meta property=\"og:locale\" content=\"es_ES\" \/>\n<meta property=\"og:type\" content=\"article\" \/>\n<meta property=\"og:title\" content=\"Contacto y atenci\u00f3n al p\u00fablico\" \/>\n<meta property=\"og:description\" content=\"Contacto y atenci\u00f3n al p\u00fablico del Consorcio de Residuos V5 \u2013 COR. Oficina, horarios de atenci\u00f3n, tel\u00e9fono, correo electr\u00f3nico y formulario de contacto.\" \/>\n<meta property=\"og:url\" content=\"https:\/\/www.consorciresidus.org\/es\/contacto\/\" \/>\n<meta property=\"og:site_name\" content=\"Consorcio de Residuos V5 - COR\" \/>\n<meta property=\"article:modified_time\" content=\"2019-02-19T11:40:44+00:00\" \/>\n<meta name=\"twitter:card\" content=\"summary_large_image\" \/>\n<meta name=\"twitter:title\" content=\"Contacto y atenci\u00f3n al p\u00fablico\" \/>\n<meta name=\"twitter:description\" content=\"Contacto y atenci\u00f3n al p\u00fablico del Consorcio de Residuos V5 \u2013 COR. Oficina, horarios de atenci\u00f3n, tel\u00e9fono, correo electr\u00f3nico y formulario de contacto.\" \/>\n<meta name=\"twitter:label1\" content=\"Tiempo de lectura\" \/>\n\t<meta name=\"twitter:data1\" content=\"2 minutos\" \/>\n<script type=\"application\/ld+json\" class=\"yoast-schema-graph\">{\"@context\":\"https:\/\/schema.org\",\"@graph\":[{\"@type\":\"WebPage\",\"@id\":\"https:\/\/www.consorciresidus.org\/es\/contacto\/\",\"url\":\"https:\/\/www.consorciresidus.org\/es\/contacto\/\",\"name\":\"Contacto - Consorcio de Residuos V5 - COR\",\"isPartOf\":{\"@id\":\"https:\/\/www.consorciresidus.org\/#website\"},\"datePublished\":\"2017-03-07T23:37:09+00:00\",\"dateModified\":\"2019-02-19T11:40:44+00:00\",\"description\":\"Contacto y atenci\u00f3n al p\u00fablico del Consorcio de Residuos V5 \u2013 COR. Oficina, horarios de atenci\u00f3n, tel\u00e9fono, correo electr\u00f3nico y formulario de contacto.\",\"inLanguage\":\"es\",\"potentialAction\":[{\"@type\":\"ReadAction\",\"target\":[\"https:\/\/www.consorciresidus.org\/es\/contacto\/\"]}]},{\"@type\":\"WebSite\",\"@id\":\"https:\/\/www.consorciresidus.org\/#website\",\"url\":\"https:\/\/www.consorciresidus.org\/\",\"name\":\"Consorcio de Residuos V5 - COR\",\"description\":\"Consorcio para la gesti\u00f3n de residuos\",\"potentialAction\":[{\"@type\":\"SearchAction\",\"target\":{\"@type\":\"EntryPoint\",\"urlTemplate\":\"https:\/\/www.consorciresidus.org\/?s={search_term_string}\"},\"query-input\":{\"@type\":\"PropertyValueSpecification\",\"valueRequired\":true,\"valueName\":\"search_term_string\"}}],\"inLanguage\":\"es\"}]}<\/script>\n<!-- \/ Yoast SEO plugin. -->","yoast_head_json":{"title":"Contacto - Consorcio de Residuos V5 - COR","description":"Contacto y atenci\u00f3n al p\u00fablico del Consorcio de Residuos V5 \u2013 COR. Oficina, horarios de atenci\u00f3n, tel\u00e9fono, correo electr\u00f3nico y formulario de contacto.","robots":{"index":"index","follow":"follow","max-snippet":"max-snippet:-1","max-image-preview":"max-image-preview:large","max-video-preview":"max-video-preview:-1"},"canonical":"https:\/\/www.consorciresidus.org\/es\/contacto\/","og_locale":"es_ES","og_type":"article","og_title":"Contacto y atenci\u00f3n al p\u00fablico","og_description":"Contacto y atenci\u00f3n al p\u00fablico del Consorcio de Residuos V5 \u2013 COR. Oficina, horarios de atenci\u00f3n, tel\u00e9fono, correo electr\u00f3nico y formulario de contacto.","og_url":"https:\/\/www.consorciresidus.org\/es\/contacto\/","og_site_name":"Consorcio de Residuos V5 - COR","article_modified_time":"2019-02-19T11:40:44+00:00","twitter_card":"summary_large_image","twitter_title":"Contacto y atenci\u00f3n al p\u00fablico","twitter_description":"Contacto y atenci\u00f3n al p\u00fablico del Consorcio de Residuos V5 \u2013 COR. Oficina, horarios de atenci\u00f3n, tel\u00e9fono, correo electr\u00f3nico y formulario de contacto.","twitter_misc":{"Tiempo de lectura":"2 minutos"},"schema":{"@context":"https:\/\/schema.org","@graph":[{"@type":"WebPage","@id":"https:\/\/www.consorciresidus.org\/es\/contacto\/","url":"https:\/\/www.consorciresidus.org\/es\/contacto\/","name":"Contacto - Consorcio de Residuos V5 - COR","isPartOf":{"@id":"https:\/\/www.consorciresidus.org\/#website"},"datePublished":"2017-03-07T23:37:09+00:00","dateModified":"2019-02-19T11:40:44+00:00","description":"Contacto y atenci\u00f3n al p\u00fablico del Consorcio de Residuos V5 \u2013 COR. Oficina, horarios de atenci\u00f3n, tel\u00e9fono, correo electr\u00f3nico y formulario de contacto.","inLanguage":"es","potentialAction":[{"@type":"ReadAction","target":["https:\/\/www.consorciresidus.org\/es\/contacto\/"]}]},{"@type":"WebSite","@id":"https:\/\/www.consorciresidus.org\/#website","url":"https:\/\/www.consorciresidus.org\/","name":"Consorcio de Residuos V5 - COR","description":"Consorcio para la gesti\u00f3n de residuos","potentialAction":[{"@type":"SearchAction","target":{"@type":"EntryPoint","urlTemplate":"https:\/\/www.consorciresidus.org\/?s={search_term_string}"},"query-input":{"@type":"PropertyValueSpecification","valueRequired":true,"valueName":"search_term_string"}}],"inLanguage":"es"}]}},"_links":{"self":[{"href":"https:\/\/www.consorciresidus.org\/es\/wp-json\/wp\/v2\/pages\/14665","targetHints":{"allow":["GET"]}}],"collection":[{"href":"https:\/\/www.consorciresidus.org\/es\/wp-json\/wp\/v2\/pages"}],"about":[{"href":"https:\/\/www.consorciresidus.org\/es\/wp-json\/wp\/v2\/types\/page"}],"author":[{"embeddable":true,"href":"https:\/\/www.consorciresidus.org\/es\/wp-json\/wp\/v2\/users\/1"}],"replies":[{"embeddable":true,"href":"https:\/\/www.consorciresidus.org\/es\/wp-json\/wp\/v2\/comments?post=14665"}],"version-history":[{"count":8,"href":"https:\/\/www.consorciresidus.org\/es\/wp-json\/wp\/v2\/pages\/14665\/revisions"}],"predecessor-version":[{"id":16567,"href":"https:\/\/www.consorciresidus.org\/es\/wp-json\/wp\/v2\/pages\/14665\/revisions\/16567"}],"wp:attachment":[{"href":"https:\/\/www.consorciresidus.org\/es\/wp-json\/wp\/v2\/media?parent=14665"}],"curies":[{"name":"wp","href":"https:\/\/api.w.org\/{rel}","templated":true}]}}