 



{"id":14670,"date":"2017-03-08T09:15:54","date_gmt":"2017-03-08T09:15:54","guid":{"rendered":"https:\/\/www.consorciresidus.org\/mes-informacio-sobre-les-cookies\/"},"modified":"2017-06-22T09:47:43","modified_gmt":"2017-06-22T09:47:43","slug":"mas-informacion-sobre-las-cookies","status":"publish","type":"page","link":"https:\/\/www.consorciresidus.org\/es\/mas-informacion-sobre-las-cookies\/","title":{"rendered":"M\u00e1s informaci\u00f3n sobre las cookies"},"content":{"rendered":"[vc_row css=\u00bb.vc_custom_1488961355394{padding-top: 50px !important;padding-bottom: 50px !important;}\u00bb][vc_column][vc_column_text]\n<h3 style=\"text-align: justify;\">\u00bfQu\u00e9 es una<i> cookie<\/i>?<\/h3>\n<p style=\"text-align: justify;\"><span style=\"font-weight: 400;\">Una<\/span><i><span style=\"font-weight: 400;\"> cookie<\/span><\/i><span style=\"font-weight: 400;\"> es un fichero de texto <b>inofensivo<\/b> que se almacena en su navegador cuando visita casi cualquier p\u00e1gina web. La utilidad de la <\/span><i><span style=\"font-weight: 400;\"> cookie<\/span><\/i><span style=\"font-weight: 400;\"> es que la web sea capaz de recordar su visita cuando vuelva a navegar por esa p\u00e1gina. Aunque mucha gente no lo sabe las<\/span><i><span style=\"font-weight: 400;\"> cookies<\/span><\/i><span style=\"font-weight: 400;\"> se llevan utilizando desde hace 20 a\u00f1os, cuando aparecieron los primeros navegadores para la<\/span><i><span style=\"font-weight: 400;\"> World Wide Web<\/span><\/i>.<\/p>\n<h3 style=\"text-align: justify;\">\u00bfQu\u00e9 NO ES una <i> cookie<\/i>?<\/h3>\n<p style=\"text-align: justify;\"><span style=\"font-weight: 400;\">No es un virus, ni un troyano, ni <\/span><i><span style=\"font-weight: 400;\"> spam<\/span><\/i><span style=\"font-weight: 400;\">, ni<\/span><i><span style=\"font-weight: 400;\"> spyware<\/span><\/i><span style=\"font-weight: 400;\">, ni abre ventanas<\/span><i><span style=\"font-weight: 400;\"> pop-up<\/span><\/i>.<\/p>\n<h3 style=\"text-align: justify;\">\u00bfQu\u00e9 informaci\u00f3n almacena una<i> cookie<\/i>?<\/h3>\n<p style=\"text-align: justify;\"><span style=\"line-height: 1.5;\"><span style=\"font-weight: 400;\">Las<\/span><i><span style=\"font-weight: 400;\"> cookies<\/span><\/i><span style=\"font-weight: 400;\"> no suelen almacenar informaci\u00f3n sensible sobre usted, como tarjetas de cr\u00e9dito o datos bancarios, fotograf\u00edas, su DNI o informaci\u00f3n personal, etc. Los datos que guardan son de car\u00e1cter t\u00e9cnico, preferencias personales, personalizaci\u00f3n de contenidos, etc.<\/span><span style=\"font-weight: 400;\"><br \/>\n<\/span><span style=\"font-weight: 400;\"><br \/>\n<\/span><span style=\"font-weight: 400;\">El servidor web no le asocia a usted como persona si no a su navegador web. De hecho, si usted navega habitualmente con Internet Explorer y prueba a navegar por la misma web con Firefox o Chrome ver\u00e1 que la web no se da cuenta que es usted la misma persona porque en realidad est\u00e1 asociando al navegador, no a la persona.<\/span>.<\/span><\/p>\n<h3 style=\"text-align: justify;\">\u00bfQu\u00e9 tipo de<i> cookies<\/i> existen?<\/h3>\n<ul style=\"text-align: justify;\">\n<li><i><span style=\"font-weight: 400;\">Cookies<\/span><\/i><span style=\"font-weight: 400;\"> t\u00e9cnicas: Son las m\u00e1s elementales y permiten, entre otras cosas, saber cu\u00e1ndo est\u00e1 navegando un humano o una aplicaci\u00f3n automatizada, cu\u00e1ndo navega un usuario an\u00f3nimo y uno registrado, tareas b\u00e1sicas para el funcionamiento de cualquier web din\u00e1mica.<\/span><\/li>\n<li><i><span style=\"font-weight: 400;\">Cookies<\/span><\/i><span style=\"font-weight: 400;\"> de an\u00e1lisis: Recogen informaci\u00f3n sobre el tipo de navegaci\u00f3n que est\u00e1 realizando, las secciones que m\u00e1s utiliza, productos consultados, franja horaria de uso, idioma, etc.<\/span><\/li>\n<li><i><span style=\"font-weight: 400;\">Cookies<\/span><\/i><span style=\"font-weight: 400;\"> publicitarias: Muestran publicidad en funci\u00f3n de su navegaci\u00f3n, su pa\u00eds de procedencia, idioma, etc.<\/span><span style=\"font-weight: 400;\"><br \/>\n<\/span><\/li>\n<\/ul>\n<h3 style=\"text-align: justify;\">\u00bfQu\u00e9 son las<i> cookies<\/i> propias y las de terceros?<\/h3>\n<p style=\"text-align: justify;\"><span style=\"font-weight: 400;\">Las<\/span><i><span style=\"font-weight: 400;\"> cookies<\/span><\/i><span style=\"font-weight: 400;\"> son las generadas por la p\u00e1gina que est\u00e1 visitando y las <em>de terceros<\/em> son las generadas por servicios o proveedores externos como Facebook, Twitter, Google, etc.<\/span><span style=\"font-weight: 400;\"><br \/>\n<\/span><\/p>\n<h3 style=\"text-align: justify;\">\u00bfQu\u00e9 ocurre si desactivo las<i> cookies<\/i>?<\/h3>\n<p style=\"text-align: justify;\"><span style=\"font-weight: 400;\">Para que entienda el alcance que puede tener desactivar las<\/span><i><span style=\"font-weight: 400;\"> cookies<\/span><\/i><span style=\"font-weight: 400;\"> le mostramos unos ejemplos:<\/span><\/p>\n<ul style=\"text-align: justify;\">\n<li><span style=\"font-weight: 400;\">No podr\u00e1 compartir contenidos de esa web en Facebook, Twitter o cualquier otra red social.<\/span><\/li>\n<li><span style=\"font-weight: 400;\">El sitio web no podr\u00e1 adaptar los contenidos a sus preferencias personales, como suele ocurrir en las tiendas online.<\/span><\/li>\n<li><span style=\"font-weight: 400;\">No podr\u00e1 acceder al \u00e1rea personal de esa web, como por ejemplo <em>Mi cuenta<\/em>, o <em>Mi perfil<\/em> o <em>Mis pedidos<\/em>.<\/span><\/li>\n<li><span style=\"font-weight: 400;\">Tiendas online: Le ser\u00e1 imposible realizar compras online, tendr\u00e1n que ser telef\u00f3nicas o visitando la tienda f\u00edsica si es que dispone de ella.<\/span><\/li>\n<li><span style=\"font-weight: 400;\">No ser\u00e1 posible personalizar sus preferencias geogr\u00e1ficas como franja horaria, divisa o idioma.<\/span><\/li>\n<li><span style=\"font-weight: 400;\">El sitio web no podr\u00e1 realizar anal\u00edticas web sobre visitantes y tr\u00e1fico en la web, lo que dificultar\u00e1 que la web sea competitiva.<\/span><\/li>\n<li><span style=\"font-weight: 400;\">No podr\u00e1 escribir en el blog, no podr\u00e1 subir fotos, publicar comentarios, valorar o puntuar contenidos. La web tampoco podr\u00e1 saber si usted es un humano o una aplicaci\u00f3n automatizada que publica<\/span><i><span style=\"font-weight: 400;\"> spam<\/span><\/i><span style=\"font-weight: 400;\">.<\/span><\/li>\n<li><span style=\"font-weight: 400;\">No se podr\u00e1 mostrar publicidad sectorizada, lo que reducir\u00e1 los ingresos publicitarios de la web.<\/span><\/li>\n<li><span style=\"font-weight: 400;\">Todas las redes sociales usan<\/span><i><span style=\"font-weight: 400;\"> cookies<\/span><\/i><span style=\"font-weight: 400;\">, si las desactiva no podr\u00e1 utilizar ninguna red social.<\/span><span style=\"font-weight: 400;\"><br \/>\n<\/span><\/li>\n<\/ul>\n<h3 style=\"text-align: justify;\">\u00bfSe pueden eliminar las <i> cookies<\/i>?<\/h3>\n<p style=\"text-align: justify;\"><span style=\"font-weight: 400;\">S\u00ed. No s\u00f3lo eliminar, tambi\u00e9n bloquear, de forma general o particular para un dominio espec\u00edfico.<\/span><span style=\"font-weight: 400;\"><br \/>\n<\/span><span style=\"font-weight: 400;\"><br \/>\n<\/span><span style=\"font-weight: 400;\">Para eliminar las<\/span><i><span style=\"font-weight: 400;\"> cookies<\/span><\/i><span style=\"font-weight: 400;\"> de un sitio web debe ir a la configuraci\u00f3n de su navegador y all\u00ed podr\u00e1 buscar las asociadas al dominio en cuesti\u00f3n y proceder a su eliminaci\u00f3n.<\/span><span style=\"font-weight: 400;\"><br \/>\n<\/span><\/p>\n<h3 id=\"navegadors\" style=\"text-align: justify;\">Configuraci\u00f3n de<i> cookies<\/i> para los navegadores m\u00e1s polulares<\/h3>\n<p style=\"text-align: justify;\"><span style=\"font-weight: 400;\">A continuaci\u00f3n le indicamos c\u00f3mo acceder a una<\/span><i><span style=\"font-weight: 400;\"> cookie<\/span><\/i><span style=\"font-weight: 400;\"> determinada del navegador <\/span><b> Chrome<\/b><span style=\"font-weight: 400;\">. Nota: estos pasos pueden variar en funci\u00f3n de la versi\u00f3n del navegador:<\/span><span style=\"font-weight: 400;\"><br \/>\n<\/span><\/p>\n<ol style=\"text-align: justify;\">\n<li><span style=\"font-weight: 400;\">Vaya a<\/span><i><span style=\"font-weight: 400;\"> Configuraci\u00f3n<\/span><\/i><span style=\"font-weight: 400;\"> o<\/span><i><span style=\"font-weight: 400;\"> Preferencias <\/span><\/i><span style=\"font-weight: 400;\">mediante el men\u00fa Archivo o bien pinchando el icono de personalizaci\u00f3n que aparece arriba a la derecha.<\/span><\/li>\n<li><span style=\"font-weight: 400;\">Ver\u00e1 diferentes secciones, pinche la opci\u00f3n <\/span><i><span style=\"font-weight: 400;\">Mostrar opciones avanzadas<\/span><\/i><span style=\"font-weight: 400;\">.<\/span><\/li>\n<li><span style=\"font-weight: 400;\">Vaya a<\/span><i><span style=\"font-weight: 400;\"> Privacidad<\/span><\/i><span style=\"font-weight: 400;\">,<\/span><i><span style=\"font-weight: 400;\"> Configuraci\u00f3n de contenido<\/span><\/i><span style=\"font-weight: 400;\">.<\/span><\/li>\n<li><span style=\"font-weight: 400;\">Seleccione<\/span><i><span style=\"font-weight: 400;\"> Todas les cookies<\/span><\/i><span style=\"font-weight: 400;\"> y los datos de sitios.<\/span><\/li>\n<li><span style=\"font-weight: 400;\">Aparecer\u00e1 un listado con todas las<\/span><i><span style=\"font-weight: 400;\"> cookies<\/span><\/i><span style=\"font-weight: 400;\"> ordenadas por dominio. Para que le sea m\u00e1s f\u00e1cil encontrar las<\/span><i><span style=\"font-weight: 400;\"> cookies<\/span><\/i><span style=\"font-weight: 400;\"> de un determinado dominio introduzca parcial o totalmente la direcci\u00f3n en el campo<\/span><i><span style=\"font-weight: 400;\"> Buscar cookies<\/span><\/i><span style=\"font-weight: 400;\">.<\/span><\/li>\n<li><span style=\"font-weight: 400;\">Tras realizar este filtro aparecer\u00e1n en pantalla una o varias l\u00edneas con las<\/span><i><span style=\"font-weight: 400;\"> cookies<\/span><\/i><span style=\"font-weight: 400;\"> dde la web solicitada. Ahora s\u00f3lo tiene que seleccionarla y pulsar la <em>X<\/em> para proceder a su eliminaci\u00f3n.<\/span><span style=\"font-weight: 400;\"><br \/>\n<\/span><\/li>\n<\/ol>\n<p style=\"text-align: justify;\"><span style=\"font-weight: 400;\">Para acceder a la configuraci\u00f3n de<\/span><i><span style=\"font-weight: 400;\"> cookies<\/span><\/i><span style=\"font-weight: 400;\"> del navegador<\/span><i><span style=\"font-weight: 400;\"> Internet Explorer<\/span><\/i><span style=\"font-weight: 400;\"> siga estos pasos (pueden variar en funci\u00f3n de la versi\u00f3n del navegador): <\/span><span style=\"font-weight: 400;\"><br \/>\n<\/span><\/p>\n<ol style=\"text-align: justify;\">\n<li><span style=\"font-weight: 400;\">Vaya a<\/span><i><span style=\"font-weight: 400;\"> Herramientas<\/span><\/i><span style=\"font-weight: 400;\">,<\/span><i><span style=\"font-weight: 400;\"> Opciones de Internet.<\/span><\/i><\/li>\n<li><span style=\"font-weight: 400;\">Haga clic en<\/span><i><span style=\"font-weight: 400;\"> Privacidad<\/span><\/i><span style=\"font-weight: 400;\">.<\/span><\/li>\n<li><span style=\"font-weight: 400;\">Mueva el deslizador hasta ajustar el nivel de privacidad que desee.<\/span><\/li>\n<\/ol>\n<p style=\"text-align: justify;\"><span style=\"font-weight: 400;\">Para acceder a la configuraci\u00f3n de<\/span><i><span style=\"font-weight: 400;\"> cookies<\/span><\/i><span style=\"font-weight: 400;\"> del navegador<\/span><b> Firefox<\/b><span style=\"font-weight: 400;\"> siga estos pasos (pueden variar en funci\u00f3n de la versi\u00f3n del navegador):<\/span><span style=\"font-weight: 400;\"><br \/>\n<\/span><\/p>\n<ol style=\"text-align: justify;\">\n<li><span style=\"font-weight: 400;\">Vaya a<\/span><i><span style=\"font-weight: 400;\"> Opciones<\/span><\/i><span style=\"font-weight: 400;\"> o<\/span><i><span style=\"font-weight: 400;\"> Preferencias<\/span><\/i><span style=\"font-weight: 400;\"> seg\u00fan su sistema operativo.<\/span><\/li>\n<li><span style=\"font-weight: 400;\">Haga clic en<\/span><i><span style=\"font-weight: 400;\"> Privacidad<\/span><\/i><span style=\"font-weight: 400;\">.<\/span><\/li>\n<li><span style=\"font-weight: 400;\">En<\/span><i><span style=\"font-weight: 400;\"> Historial<\/span><\/i><span style=\"font-weight: 400;\"> elija<\/span><i><span style=\"font-weight: 400;\"> Usar una configuraci\u00f3n personalizada para el historial<\/span><\/i><span style=\"font-weight: 400;\">.<\/span><\/li>\n<li><span style=\"font-weight: 400;\">Ahora ver\u00e1 la opci\u00f3n<\/span><i><span style=\"font-weight: 400;\"> Aceptar cookies<\/span><\/i><span style=\"font-weight: 400;\">, puede activarla o desactivarla seg\u00fan sus preferencias.<\/span><span style=\"font-weight: 400;\"><br \/>\n<\/span><\/li>\n<\/ol>\n<p style=\"text-align: justify;\"><span style=\"font-weight: 400;\">Para acceder a la configuraci\u00f3n de<\/span><i><span style=\"font-weight: 400;\"> cookies<\/span><\/i><span style=\"font-weight: 400;\"> del navegador<\/span><b> Safari<\/b><span style=\"font-weight: 400;\"> para OSX siga estos pasos (pueden variar en funci\u00f3n de la versi\u00f3n del navegador):<\/span><span style=\"font-weight: 400;\"><br \/>\n<\/span><\/p>\n<ol style=\"text-align: justify;\">\n<li><span style=\"font-weight: 400;\">Vaya a<\/span><i><span style=\"font-weight: 400;\"> Preferencias<\/span><\/i><span style=\"font-weight: 400;\">, despu\u00e9s<\/span><i><span style=\"font-weight: 400;\"> Privacidad<\/span><\/i><span style=\"font-weight: 400;\">.<\/span><\/li>\n<li><span style=\"font-weight: 400;\">En este lugar ver\u00e1 la opci\u00f3n<\/span><i><span style=\"font-weight: 400;\"> Bloquear cookies<\/span><\/i><span style=\"font-weight: 400;\"> para que ajuste el tipo de bloqueo que desea realizar.<\/span><span style=\"font-weight: 400;\"><br \/>\n<\/span><\/li>\n<\/ol>\n<p style=\"text-align: justify;\"><span style=\"font-weight: 400;\">Para acceder a la configuraci\u00f3n de<\/span><i><span style=\"font-weight: 400;\"> cookies<\/span><\/i><span style=\"font-weight: 400;\"> del navegador<\/span><b> Safari<\/b><span style=\"font-weight: 400;\"> para iOS siga estos pasos (pueden variar en funci\u00f3n de la versi\u00f3n del navegador):<\/span><span style=\"font-weight: 400;\"><br \/>\n<\/span><\/p>\n<ol style=\"text-align: justify;\">\n<li><span style=\"font-weight: 400;\">Vaya a<\/span><i><span style=\"font-weight: 400;\"> Ajustes<\/span><\/i><span style=\"font-weight: 400;\">, despu\u00e9s Safari.<\/span><\/li>\n<li><span style=\"font-weight: 400;\">Vaya a<\/span><i><span style=\"font-weight: 400;\"> Privacidad y Seguridad<\/span><\/i><span style=\"font-weight: 400;\">, ver\u00e1 la opci\u00f3n<\/span><i><span style=\"font-weight: 400;\"> Bloquear cookies<\/span><\/i><span style=\"font-weight: 400;\"> para que ajuste el tipo de bloqueo que desea realizar.<\/span><span style=\"font-weight: 400;\"><br \/>\n<\/span><\/li>\n<\/ol>\n<p style=\"text-align: justify;\"><span style=\"font-weight: 400;\">Para acceder a la configuraci\u00f3n de<\/span><i><span style=\"font-weight: 400;\"> cookies<\/span><\/i><span style=\"font-weight: 400;\"> del navegador para dispositivos<\/span><b> Android<\/b><span style=\"font-weight: 400;\"> siga estos pasos (pueden variar en funci\u00f3n de la versi\u00f3n del navegador):<\/span><\/p>\n<ol style=\"text-align: justify;\">\n<li><span style=\"font-weight: 400;\">Ejecute el navegador y pulse la tecla<\/span><i><span style=\"font-weight: 400;\"> Men\u00fa<\/span><\/i><span style=\"font-weight: 400;\">, luego<\/span><i><span style=\"font-weight: 400;\"> Ajustes<\/span><\/i><span style=\"font-weight: 400;\">.<\/span><\/li>\n<li><span style=\"font-weight: 400;\">Vaya a<\/span><i><span style=\"font-weight: 400;\"> Seguridad y Privacidad<\/span><\/i><span style=\"font-weight: 400;\">, vera la opci\u00f3n<\/span><i><span style=\"font-weight: 400;\"> Aceptar cookies<\/span><\/i><span style=\"font-weight: 400;\"> para que active o desactive la casilla.<\/span><span style=\"font-weight: 400;\"><br \/>\n<\/span><\/li>\n<\/ol>\n<p style=\"text-align: justify;\"><span style=\"font-weight: 400;\">Para acceder a la configuraci\u00f3n de<\/span><i><span style=\"font-weight: 400;\"> cookies<\/span><\/i><span style=\"font-weight: 400;\"> del navegador para dispositivos<\/span><b> Windows Phone<\/b><span style=\"font-weight: 400;\"> siga estos pasos (pueden variar en funci\u00f3n de la versi\u00f3n del navegador):<\/span><span style=\"font-weight: 400;\"><br \/>\n<\/span><\/p>\n<ol>\n<li><span style=\"font-weight: 400;\">Abra <em>Internet Explorer<\/em>, luego <em>M\u00e1s<\/em>, luego <em>Configuraci\u00f3n<\/em><\/span><\/li>\n<li><span style=\"font-weight: 400;\">Ahora puede activar o desactivar la casilla <em>Permitir cookies<\/em>.<\/span><\/li>\n<\/ol>\n[\/vc_column_text][\/vc_column][\/vc_row]\n<div style=\"clear:both;\"><\/div>","protected":false},"excerpt":{"rendered":"<p>[vc_row css=\u00bb.vc_custom_1488961355394{padding-top: 50px !important;padding-bottom: 50px !important;}\u00bb][vc_column][vc_column_text] \u00bfQu\u00e9 es una cookie? Una cookie es un fichero de texto inofensivo que se almacena en su navegador cuando visita [&hellip;]<\/p>\n","protected":false},"author":1,"featured_media":0,"parent":0,"menu_order":0,"comment_status":"closed","ping_status":"closed","template":"","meta":{"footnotes":""},"class_list":["post-14670","page","type-page","status-publish","hentry"],"yoast_head":"<!-- This site is optimized with the Yoast SEO plugin v26.0 - https:\/\/yoast.com\/wordpress\/plugins\/seo\/ -->\n<title>M\u00e1s informaci\u00f3n sobre las cookies - Consorcio de Residuos V5 - COR<\/title>\n<meta name=\"robots\" content=\"noindex, follow\" \/>\n<meta property=\"og:locale\" content=\"es_ES\" \/>\n<meta property=\"og:type\" content=\"article\" \/>\n<meta property=\"og:title\" content=\"M\u00e1s informaci\u00f3n sobre las cookies - Consorcio de Residuos V5 - COR\" \/>\n<meta property=\"og:description\" content=\"[vc_row css=\u00bb.vc_custom_1488961355394{padding-top: 50px !important;padding-bottom: 50px !important;}\u00bb][vc_column][vc_column_text] \u00bfQu\u00e9 es una cookie? Una cookie es un fichero de texto inofensivo que se almacena en su navegador cuando visita [&hellip;]\" \/>\n<meta property=\"og:url\" content=\"https:\/\/www.consorciresidus.org\/es\/mas-informacion-sobre-las-cookies\/\" \/>\n<meta property=\"og:site_name\" content=\"Consorcio de Residuos V5 - COR\" \/>\n<meta property=\"article:modified_time\" content=\"2017-06-22T09:47:43+00:00\" \/>\n<meta name=\"twitter:card\" content=\"summary_large_image\" \/>\n<meta name=\"twitter:label1\" content=\"Tiempo de lectura\" \/>\n\t<meta name=\"twitter:data1\" content=\"6 minutos\" \/>\n<script type=\"application\/ld+json\" class=\"yoast-schema-graph\">{\"@context\":\"https:\/\/schema.org\",\"@graph\":[{\"@type\":\"WebPage\",\"@id\":\"https:\/\/www.consorciresidus.org\/es\/mas-informacion-sobre-las-cookies\/\",\"url\":\"https:\/\/www.consorciresidus.org\/es\/mas-informacion-sobre-las-cookies\/\",\"name\":\"M\u00e1s informaci\u00f3n sobre las cookies - Consorcio de Residuos V5 - COR\",\"isPartOf\":{\"@id\":\"https:\/\/www.consorciresidus.org\/#website\"},\"datePublished\":\"2017-03-08T09:15:54+00:00\",\"dateModified\":\"2017-06-22T09:47:43+00:00\",\"inLanguage\":\"es\",\"potentialAction\":[{\"@type\":\"ReadAction\",\"target\":[\"https:\/\/www.consorciresidus.org\/es\/mas-informacion-sobre-las-cookies\/\"]}]},{\"@type\":\"WebSite\",\"@id\":\"https:\/\/www.consorciresidus.org\/#website\",\"url\":\"https:\/\/www.consorciresidus.org\/\",\"name\":\"Consorcio de Residuos V5 - COR\",\"description\":\"Consorcio para la gesti\u00f3n de residuos\",\"potentialAction\":[{\"@type\":\"SearchAction\",\"target\":{\"@type\":\"EntryPoint\",\"urlTemplate\":\"https:\/\/www.consorciresidus.org\/?s={search_term_string}\"},\"query-input\":{\"@type\":\"PropertyValueSpecification\",\"valueRequired\":true,\"valueName\":\"search_term_string\"}}],\"inLanguage\":\"es\"}]}<\/script>\n<!-- \/ Yoast SEO plugin. -->","yoast_head_json":{"title":"M\u00e1s informaci\u00f3n sobre las cookies - Consorcio de Residuos V5 - COR","robots":{"index":"noindex","follow":"follow"},"og_locale":"es_ES","og_type":"article","og_title":"M\u00e1s informaci\u00f3n sobre las cookies - Consorcio de Residuos V5 - COR","og_description":"[vc_row css=\u00bb.vc_custom_1488961355394{padding-top: 50px !important;padding-bottom: 50px !important;}\u00bb][vc_column][vc_column_text] \u00bfQu\u00e9 es una cookie? Una cookie es un fichero de texto inofensivo que se almacena en su navegador cuando visita [&hellip;]","og_url":"https:\/\/www.consorciresidus.org\/es\/mas-informacion-sobre-las-cookies\/","og_site_name":"Consorcio de Residuos V5 - COR","article_modified_time":"2017-06-22T09:47:43+00:00","twitter_card":"summary_large_image","twitter_misc":{"Tiempo de lectura":"6 minutos"},"schema":{"@context":"https:\/\/schema.org","@graph":[{"@type":"WebPage","@id":"https:\/\/www.consorciresidus.org\/es\/mas-informacion-sobre-las-cookies\/","url":"https:\/\/www.consorciresidus.org\/es\/mas-informacion-sobre-las-cookies\/","name":"M\u00e1s informaci\u00f3n sobre las cookies - Consorcio de Residuos V5 - COR","isPartOf":{"@id":"https:\/\/www.consorciresidus.org\/#website"},"datePublished":"2017-03-08T09:15:54+00:00","dateModified":"2017-06-22T09:47:43+00:00","inLanguage":"es","potentialAction":[{"@type":"ReadAction","target":["https:\/\/www.consorciresidus.org\/es\/mas-informacion-sobre-las-cookies\/"]}]},{"@type":"WebSite","@id":"https:\/\/www.consorciresidus.org\/#website","url":"https:\/\/www.consorciresidus.org\/","name":"Consorcio de Residuos V5 - COR","description":"Consorcio para la gesti\u00f3n de residuos","potentialAction":[{"@type":"SearchAction","target":{"@type":"EntryPoint","urlTemplate":"https:\/\/www.consorciresidus.org\/?s={search_term_string}"},"query-input":{"@type":"PropertyValueSpecification","valueRequired":true,"valueName":"search_term_string"}}],"inLanguage":"es"}]}},"_links":{"self":[{"href":"https:\/\/www.consorciresidus.org\/es\/wp-json\/wp\/v2\/pages\/14670","targetHints":{"allow":["GET"]}}],"collection":[{"href":"https:\/\/www.consorciresidus.org\/es\/wp-json\/wp\/v2\/pages"}],"about":[{"href":"https:\/\/www.consorciresidus.org\/es\/wp-json\/wp\/v2\/types\/page"}],"author":[{"embeddable":true,"href":"https:\/\/www.consorciresidus.org\/es\/wp-json\/wp\/v2\/users\/1"}],"replies":[{"embeddable":true,"href":"https:\/\/www.consorciresidus.org\/es\/wp-json\/wp\/v2\/comments?post=14670"}],"version-history":[{"count":8,"href":"https:\/\/www.consorciresidus.org\/es\/wp-json\/wp\/v2\/pages\/14670\/revisions"}],"predecessor-version":[{"id":16341,"href":"https:\/\/www.consorciresidus.org\/es\/wp-json\/wp\/v2\/pages\/14670\/revisions\/16341"}],"wp:attachment":[{"href":"https:\/\/www.consorciresidus.org\/es\/wp-json\/wp\/v2\/media?parent=14670"}],"curies":[{"name":"wp","href":"https:\/\/api.w.org\/{rel}","templated":true}]}}