 



{"id":14675,"date":"2017-03-08T08:53:14","date_gmt":"2017-03-08T08:53:14","guid":{"rendered":"https:\/\/www.consorciresidus.org\/politica-de-cookies\/"},"modified":"2018-06-25T10:29:38","modified_gmt":"2018-06-25T10:29:38","slug":"politica-de-cookies","status":"publish","type":"page","link":"https:\/\/www.consorciresidus.org\/es\/politica-de-cookies\/","title":{"rendered":"Pol\u00edtica de cookies"},"content":{"rendered":"[vc_row css=\u00bb.vc_custom_1488961355394{padding-top: 50px !important;padding-bottom: 50px !important;}\u00bb][vc_column][vc_column_text css=\u00bb.vc_custom_1529922572114{margin-bottom: 0px !important;}\u00bb]\n<h3 style=\"text-align: justify;\">Pol\u00edtica de cookies<\/h3>\n<p style=\"text-align: justify;\">Una <em>cookie<\/em> es un peque\u00f1o fichero de texto que se almacena en su navegador cuando visita casi cualquier p\u00e1gina web. Su utilidad es que la web sea capaz de recordar su visita cuando vuelva a navegar por esa p\u00e1gina. Las <em>cookies<\/em> suelen almacenar informaci\u00f3n de car\u00e1cter t\u00e9cnico, preferencias personales, personalizaci\u00f3n de contenidos, estad\u00edsticas de uso, enlaces a redes sociales, acceso a cuentas de usuario, etc. El objetivo de la <em>cookie<\/em> es adaptar el contenido de la web a su perfil y necesidades, sin <em>cookies<\/em> los servicios ofrecidos por cualquier p\u00e1gina se ver\u00edan mermados notablemente. Si desea consultar m\u00e1s informaci\u00f3n sobre qu\u00e9 son las <em>cookies<\/em>, qu\u00e9 almacenan, c\u00f3mo eliminarlas, desactivarlas, etc., <a href=\"https:\/\/www.consorciresidus.org\/es\/mas-informacion-sobre-las-cookies\/\">le rogamos se dirija a este enlace.<\/a><\/p>\n<h3 style=\"text-align: justify;\">Cookies utilizadas en este sitio web<\/h3>\n<p style=\"text-align: justify;\"><span style=\"font-weight: 400;\">Siguiendo las directrices de la Agencia Espa\u00f1ola de Protecci\u00f3n de Datos procedemos a detallar el uso de<\/span><i><span style=\"font-weight: 400;\"> cookies<\/span><\/i><span style=\"font-weight: 400;\"> que hace esta web con el fin de informarle con la m\u00e1xima exactitud posible.<\/span><\/p>\n<p>Este sitio web utiliza las siguientes cookies propias:<\/p>\n<ul>\n<li><em>_<\/em><em>cfduid<\/em><em><br \/>\n<\/em>Dominio.- www.consorciresidus.org<br \/>\nDuraci\u00f3n.- 1 a\u00f1o<br \/>\nProp\u00f3sito.- La establece el servicio CloudFlare para identificar tr\u00e1fico web de confianza. No corresponde a ninguna ID de usuario ni guarda ning\u00fan dato personal.<\/li>\n<li><em>_icl_current_language<\/em><br \/>\nDominio.- www.consorciresidus.org<br \/>\nDuraci\u00f3n.- 24 horas<br \/>\nProp\u00f3sito.- Almacena las preferencias de idioma del usuario<\/li>\n<li><em> wpml_referer_url<\/em><br \/>\nDominio.- www.consorciresidus.org<br \/>\nDuraci\u00f3n.- 24 horas<br \/>\nProp\u00f3sito.- Almacena la \u00faltima url visitada por el usuario, para ejecutar el cambio de idioma si se solicita.<\/li>\n<li><em>wp-settings-2<\/em><br \/>\nDominio.- www.consorciresidus.org<br \/>\nDuraci\u00f3n.- 6 meses<br \/>\nProp\u00f3sito.- Cookie de Worpress necesaria para la correcta visualizaci\u00f3n de la p\u00e1gina.<\/li>\n<li><em>wp-settings-time-2<\/em><br \/>\nDominio.- www.consorciresidus.org<br \/>\nDuraci\u00f3n.- 6 meses<br \/>\nProp\u00f3sito.- Cookie de Worpress necesaria para la correcta visualizaci\u00f3n de la p\u00e1gina.<\/li>\n<li><em>euCookie<\/em><br \/>\nDomini.- www.consorciresidus.org<br \/>\nDurada.- 1 mes<br \/>\nProp\u00f2sit.- Cookie t\u00e9cnica que registra si el usuario ha aceptado la pol\u00edtica de cookies.<\/li>\n<li><em>intercom-lou-e65ir9997<\/em><br \/>\nDominio.- www.consorciresidus.org<br \/>\nDuraci\u00f3n.- 6 mesos<br \/>\nProp\u00f3sito.- Cookie utilizada por la herramienta de la p\u00e1gina para interactuar con los usuario.<\/li>\n<\/ul>\n<p>Esta p\u00e1gina web utiliza las siguientes cookies de terceros:<\/p>\n<ul>\n<li><em>NID<\/em><br \/>\nDominio.- gstatic.com<br \/>\nDuraci\u00f3n.- 1 mes<br \/>\nProp\u00f3sito.- Cookie de Google para recopilar estad\u00edsticas de la p\u00e1gina.<\/li>\n<li><em>NID<\/em><br \/>\nDominio.- gstatic.com<br \/>\nDuraci\u00f3n.- 6 meses<br \/>\nProp\u00f3sito.- Cookie de Google que registra una ID \u00fanica para recordar preferencias y otras informaciones.<\/li>\n<li><em>CONSENT<\/em><br \/>\nDominio.- gstatic.com<br \/>\nDuraci\u00f3n.- 6 meses<br \/>\nProp\u00f3sito.- Cookie de Google que registra la procedencia del usuario.<\/li>\n<li><em>_ga<\/em><br \/>\nDominio.- www.google.com<br \/>\nDuraci\u00f3n.- 2 a\u00f1os<br \/>\nProp\u00f3sito.- Cookie de Google Analytics utilizada para distinguir a los usuarios.<\/li>\n<\/ul>\n<h3 style=\"text-align: justify;\">Desactivaci\u00f3n o eliminaci\u00f3n de cookies<\/h3>\n<p style=\"text-align: justify;\"><span style=\"font-weight: 400;\">En cualquier momento podr\u00e1 ejercer su derecho de desactivaci\u00f3n o eliminaci\u00f3n de<\/span><i><span style=\"font-weight: 400;\"> cookies<\/span><\/i><span style=\"font-weight: 400;\"> de este sitio web. Estas acciones se realizan de forma diferente en funci\u00f3n del navegador que est\u00e9 usando.<\/span>. <a href=\"https:\/\/www.consorciresidus.org\/es\/mas-informacion-sobre-las-cookies\/#navegadors\">Aqu\u00ed le dejamos una gu\u00eda r\u00e1pida para los navegadores m\u00e1s populares<\/a>.<\/p>\n<h3 style=\"text-align: justify;\">Notas adicionales<\/h3>\n<ul style=\"text-align: justify;\">\n<li><span style=\"font-weight: 400;\">Ni esta web ni sus representantes legales se hacen responsables ni del contenido ni de la veracidad de las pol\u00edticas de privacidad que puedan tener los terceros mencionados en esta pol\u00edtica de<\/span><i><span style=\"font-weight: 400;\"> cookies<\/span><\/i><span style=\"font-weight: 400;\">.<\/span><\/li>\n<li><span style=\"font-weight: 400;\">Los navegadores web son las herramientas encargadas de almacenar las<\/span><i><span style=\"font-weight: 400;\"> cookies<\/span><\/i><span style=\"font-weight: 400;\"> y desde este lugar debe efectuar su derecho a eliminaci\u00f3n o desactivaci\u00f3n de las mismas.<\/span><\/li>\n<li><span style=\"font-weight: 400;\">Ni esta web ni sus representantes legales pueden garantizar la correcta o incorrecta manipulaci\u00f3n de las <\/span><i><span style=\"font-weight: 400;\">cookies<\/span><\/i><span style=\"font-weight: 400;\"> por parte de los mencionados navegadores.<\/span><\/li>\n<li><span style=\"font-weight: 400;\">En algunos casos es necesario instalar<\/span><i><span style=\"font-weight: 400;\"> cookies<\/span><\/i><span style=\"font-weight: 400;\"> para que el navegador no olvide su decisi\u00f3n de no aceptaci\u00f3n de las mismas.<\/span><\/li>\n<li><span style=\"font-weight: 400;\">En el caso de las <i>cookies<\/i> de Google Analytics, esta empresa almacena las <em>cookies<\/em> en servidores ubicados en Estados Unidos y se compromete a no compartirla con terceros, excepto en los casos en los que sea necesario para el funcionamiento del sistema o cuando la ley obligue a tal efecto. Seg\u00fan Google no guarda su direcci\u00f3n IP. Google Inc. es una compa\u00f1\u00eda adherida al Acuerdo de Puerto Seguro que garantiza que todos los datos transferidos ser\u00e1n tratados con un nivel de protecci\u00f3n acorde a la normativa europea. Puede consultar informaci\u00f3n detallada a este respecto <a href=\"http:\/\/safeharbor.export.gov\/companyinfo.aspx?id=16626\" target=\"_blank\" rel=\"noopener noreferrer\">en este enlace<\/a>. Si desea informaci\u00f3n sobre el uso que Google da a las<i> cookies<\/i> <a href=\"https:\/\/developers.google.com\/analytics\/devguides\/collection\/analyticsjs\/cookie-usage?hl=es&amp;csw=1\" target=\"_blank\" rel=\"noopener noreferrer\">le adjuntamos este otro enlace<\/a>.<\/span><\/li>\n<\/ul>\n<p style=\"text-align: justify;\"><span style=\"font-weight: 400;\">Para cualquier duda o consulta acerca de esta pol\u00edtica de <\/span><i><span style=\"font-weight: 400;\"> cookies<\/span><\/i><span style=\"font-weight: 400;\"> no dude en comunicarse con nosotros a trav\u00e9s de la secci\u00f3n de contacto.<\/span><\/p>\n[\/vc_column_text][\/vc_column][\/vc_row]\n<div style=\"clear:both;\"><\/div>","protected":false},"excerpt":{"rendered":"<p>[vc_row css=\u00bb.vc_custom_1488961355394{padding-top: 50px !important;padding-bottom: 50px !important;}\u00bb][vc_column][vc_column_text css=\u00bb.vc_custom_1529922572114{margin-bottom: 0px !important;}\u00bb] Pol\u00edtica de cookies Una cookie es un peque\u00f1o fichero de texto que se almacena en su navegador [&hellip;]<\/p>\n","protected":false},"author":1,"featured_media":0,"parent":0,"menu_order":0,"comment_status":"closed","ping_status":"closed","template":"","meta":{"footnotes":""},"class_list":["post-14675","page","type-page","status-publish","hentry"],"yoast_head":"<!-- This site is optimized with the Yoast SEO plugin v26.0 - https:\/\/yoast.com\/wordpress\/plugins\/seo\/ -->\n<title>Pol\u00edtica de cookies - Consorcio de Residuos V5 - COR<\/title>\n<meta name=\"robots\" content=\"noindex, follow\" \/>\n<meta property=\"og:locale\" content=\"es_ES\" \/>\n<meta property=\"og:type\" content=\"article\" \/>\n<meta property=\"og:title\" content=\"Pol\u00edtica de cookies - Consorcio de Residuos V5 - COR\" \/>\n<meta property=\"og:description\" content=\"[vc_row css=\u00bb.vc_custom_1488961355394{padding-top: 50px !important;padding-bottom: 50px !important;}\u00bb][vc_column][vc_column_text css=\u00bb.vc_custom_1529922572114{margin-bottom: 0px !important;}\u00bb] Pol\u00edtica de cookies Una cookie es un peque\u00f1o fichero de texto que se almacena en su navegador [&hellip;]\" \/>\n<meta property=\"og:url\" content=\"https:\/\/www.consorciresidus.org\/es\/politica-de-cookies\/\" \/>\n<meta property=\"og:site_name\" content=\"Consorcio de Residuos V5 - COR\" \/>\n<meta property=\"article:modified_time\" content=\"2018-06-25T10:29:38+00:00\" \/>\n<meta name=\"twitter:card\" content=\"summary_large_image\" \/>\n<meta name=\"twitter:label1\" content=\"Tiempo de lectura\" \/>\n\t<meta name=\"twitter:data1\" content=\"4 minutos\" \/>\n<script type=\"application\/ld+json\" class=\"yoast-schema-graph\">{\"@context\":\"https:\/\/schema.org\",\"@graph\":[{\"@type\":\"WebPage\",\"@id\":\"https:\/\/www.consorciresidus.org\/es\/politica-de-cookies\/\",\"url\":\"https:\/\/www.consorciresidus.org\/es\/politica-de-cookies\/\",\"name\":\"Pol\u00edtica de cookies - Consorcio de Residuos V5 - COR\",\"isPartOf\":{\"@id\":\"https:\/\/www.consorciresidus.org\/#website\"},\"datePublished\":\"2017-03-08T08:53:14+00:00\",\"dateModified\":\"2018-06-25T10:29:38+00:00\",\"inLanguage\":\"es\",\"potentialAction\":[{\"@type\":\"ReadAction\",\"target\":[\"https:\/\/www.consorciresidus.org\/es\/politica-de-cookies\/\"]}]},{\"@type\":\"WebSite\",\"@id\":\"https:\/\/www.consorciresidus.org\/#website\",\"url\":\"https:\/\/www.consorciresidus.org\/\",\"name\":\"Consorcio de Residuos V5 - COR\",\"description\":\"Consorcio para la gesti\u00f3n de residuos\",\"potentialAction\":[{\"@type\":\"SearchAction\",\"target\":{\"@type\":\"EntryPoint\",\"urlTemplate\":\"https:\/\/www.consorciresidus.org\/?s={search_term_string}\"},\"query-input\":{\"@type\":\"PropertyValueSpecification\",\"valueRequired\":true,\"valueName\":\"search_term_string\"}}],\"inLanguage\":\"es\"}]}<\/script>\n<!-- \/ Yoast SEO plugin. -->","yoast_head_json":{"title":"Pol\u00edtica de cookies - Consorcio de Residuos V5 - COR","robots":{"index":"noindex","follow":"follow"},"og_locale":"es_ES","og_type":"article","og_title":"Pol\u00edtica de cookies - Consorcio de Residuos V5 - COR","og_description":"[vc_row css=\u00bb.vc_custom_1488961355394{padding-top: 50px !important;padding-bottom: 50px !important;}\u00bb][vc_column][vc_column_text css=\u00bb.vc_custom_1529922572114{margin-bottom: 0px !important;}\u00bb] Pol\u00edtica de cookies Una cookie es un peque\u00f1o fichero de texto que se almacena en su navegador [&hellip;]","og_url":"https:\/\/www.consorciresidus.org\/es\/politica-de-cookies\/","og_site_name":"Consorcio de Residuos V5 - COR","article_modified_time":"2018-06-25T10:29:38+00:00","twitter_card":"summary_large_image","twitter_misc":{"Tiempo de lectura":"4 minutos"},"schema":{"@context":"https:\/\/schema.org","@graph":[{"@type":"WebPage","@id":"https:\/\/www.consorciresidus.org\/es\/politica-de-cookies\/","url":"https:\/\/www.consorciresidus.org\/es\/politica-de-cookies\/","name":"Pol\u00edtica de cookies - Consorcio de Residuos V5 - COR","isPartOf":{"@id":"https:\/\/www.consorciresidus.org\/#website"},"datePublished":"2017-03-08T08:53:14+00:00","dateModified":"2018-06-25T10:29:38+00:00","inLanguage":"es","potentialAction":[{"@type":"ReadAction","target":["https:\/\/www.consorciresidus.org\/es\/politica-de-cookies\/"]}]},{"@type":"WebSite","@id":"https:\/\/www.consorciresidus.org\/#website","url":"https:\/\/www.consorciresidus.org\/","name":"Consorcio de Residuos V5 - COR","description":"Consorcio para la gesti\u00f3n de residuos","potentialAction":[{"@type":"SearchAction","target":{"@type":"EntryPoint","urlTemplate":"https:\/\/www.consorciresidus.org\/?s={search_term_string}"},"query-input":{"@type":"PropertyValueSpecification","valueRequired":true,"valueName":"search_term_string"}}],"inLanguage":"es"}]}},"_links":{"self":[{"href":"https:\/\/www.consorciresidus.org\/es\/wp-json\/wp\/v2\/pages\/14675","targetHints":{"allow":["GET"]}}],"collection":[{"href":"https:\/\/www.consorciresidus.org\/es\/wp-json\/wp\/v2\/pages"}],"about":[{"href":"https:\/\/www.consorciresidus.org\/es\/wp-json\/wp\/v2\/types\/page"}],"author":[{"embeddable":true,"href":"https:\/\/www.consorciresidus.org\/es\/wp-json\/wp\/v2\/users\/1"}],"replies":[{"embeddable":true,"href":"https:\/\/www.consorciresidus.org\/es\/wp-json\/wp\/v2\/comments?post=14675"}],"version-history":[{"count":6,"href":"https:\/\/www.consorciresidus.org\/es\/wp-json\/wp\/v2\/pages\/14675\/revisions"}],"predecessor-version":[{"id":20488,"href":"https:\/\/www.consorciresidus.org\/es\/wp-json\/wp\/v2\/pages\/14675\/revisions\/20488"}],"wp:attachment":[{"href":"https:\/\/www.consorciresidus.org\/es\/wp-json\/wp\/v2\/media?parent=14675"}],"curies":[{"name":"wp","href":"https:\/\/api.w.org\/{rel}","templated":true}]}}