 



{"id":14677,"date":"2017-03-08T08:42:19","date_gmt":"2017-03-08T08:42:19","guid":{"rendered":"https:\/\/www.consorciresidus.org\/politica-de-privacitat\/"},"modified":"2021-05-26T10:19:51","modified_gmt":"2021-05-26T10:19:51","slug":"politica-de-privacidad","status":"publish","type":"page","link":"https:\/\/www.consorciresidus.org\/es\/politica-de-privacidad\/","title":{"rendered":"Pol\u00edtica de privacidad"},"content":{"rendered":"[vc_row css=\u00bb.vc_custom_1488961355394{padding-top: 50px !important;padding-bottom: 50px !important;}\u00bb][vc_column][vc_column_text css=\u00bb.vc_custom_1622024386859{margin-bottom: 0px !important;}\u00bb]<strong>Pol\u00edtica de privacidad y de protecci\u00f3n de datos<\/strong><\/p>\n<p>En cumplimiento del Reglamento (UE) 2016\/679, del Parlamento Europeo y del Consejo, de 27 de abril de 2016, de ahora en adelante RGPD, el CONSORCIO DE RESIDUOS V5 pone de manifiesto la presente pol\u00edtica de privacidad y de protecci\u00f3n de datos en relaci\u00f3n a los datos facilitados libre y voluntariamente por los usuarios y usuarias:<\/p>\n<p><strong>Identidad y datos de contacto del responsable del tratamiento<\/strong><\/p>\n<p>CONSORCIO DE RESIDUOS V5<br \/>\nCIF: P4600110C<br \/>\nDirecci\u00f3n: C\/ Botigues, 21 46800 X\u00e0tiva<br \/>\nTel\u00e9fono: 96 227 00 36<br \/>\nCorreo electr\u00f3nico: info@consorciresidus.org<\/p>\n<p><strong>\u00c1mbito de aplicaci\u00f3n<\/strong><\/p>\n<p>La presente pol\u00edtica resultar\u00e1 de aplicaci\u00f3n a las siguientes persones:<\/p>\n<p>&#8211; Personas que visitan la web www.consorciresidus.org.<br \/>\n&#8211; Personas que se comunican de manera voluntaria con el Consorcio de Residuos, a trav\u00e9s del formulario de contacto de la web o mediante un correo electr\u00f3nico.<\/p>\n<p><strong>Finalidades del tratamiento y base legal<\/strong><\/p>\n<p>&#8211; En caso de env\u00edo de una consulta general a trav\u00e9s del formulario de contacto o mediante correo electr\u00f3nico, la finalidad de la recogida y tratamiento de los datos por parte del Consorcio de Residuos tiene como \u00fanica finalidad la respuesta a las consultas planteadas. En ning\u00fan caso estos datos se incorporar\u00e1n a ning\u00fan fichero con la intenci\u00f3n de llevar a cabo un tratamiento de los datos o incorporarlos a ninguna base de datos con la finalidad de realizar comunicaciones comerciales, m\u00e1s all\u00e1 de las derivadas de la propia consulta.<\/p>\n<p>La base legal para el tratamiento de estos datos es la respuesta a las consultas realizadas voluntariamente por el usuario\/aria.<\/p>\n<p>&#8211; En relaci\u00f3n a las cookies que el Consorcio de Residuos utiliza en su p\u00e1gina web, y que se almacenan en los dispositivos del usuario\/aria con aceptaci\u00f3n previa, toda la informaci\u00f3n se encuentra publicada en la <a href=\"https:\/\/www.consorciresidus.org\/es\/politica-de-cookies\/\">Pol\u00edtica de Cookies<\/a>.<\/p>\n<p><strong>Conservaci\u00f3n de los datos<\/strong><\/p>\n<p>&#8211; Los datos derivados del env\u00edo de una consulta general, al no incorporarse a ning\u00fan fichero, se conservar\u00e1n s\u00f3lo mientras dure la relaci\u00f3n derivada de la propia consulta.<\/p>\n<p><strong>Ejercicio de derechos<\/strong><\/p>\n<p>En cualquier momento los usuarios y usuarias pueden ejercer los derechos de rectificaci\u00f3n de datos inexactos, de supresi\u00f3n o derecho al olvido, de oposici\u00f3n a su tratamiento por motivos relacionados con su situaci\u00f3n particular, as\u00ed como de limitaci\u00f3n del mismo o de portabilidad de los datos, en las condiciones previstas en el RGPD.<\/p>\n<p>Los derechos se pueden ejercer mediante los siguientes canales:<\/p>\n<p>&#8211; Comunicaci\u00f3n escrita dirigida a CONSORCIO DE RESIDUOS V5, Carlos Sarthou, 4, entres\u00f2l A i B, 46800 X\u00e0tiva.<br \/>\n&#8211; Correo electr\u00f3nico a info@consorciresidus.org, especificando en el asunto del mensaje \u00abSolicitud de derechos RGPD\u00bb.<br \/>\n&#8211; A trav\u00e9s del formulario de contacto de la web, especificando en el cuerpo del mensaje \u00abSolicitud de derechos RGPD\u00bb.<br \/>\nAsimismo recordamos que en todo momento el usario\/aria tiene derecho a presentar una reclamaci\u00f3n ante la Agencia Espa\u00f1ola de Protecci\u00f3n de Datos o la autoridad de control correspondiente.<\/p>\n<p><strong>Fecha de publicaci\u00f3n<\/strong><\/p>\n<p>La presente pol\u00edtica de privacidad y de protecci\u00f3n de datos se ha publicado el 25 de junio de 2018.[\/vc_column_text][\/vc_column][\/vc_row]\n<div style=\"clear:both;\"><\/div>","protected":false},"excerpt":{"rendered":"<p>[vc_row css=\u00bb.vc_custom_1488961355394{padding-top: 50px !important;padding-bottom: 50px !important;}\u00bb][vc_column][vc_column_text css=\u00bb.vc_custom_1622024386859{margin-bottom: 0px !important;}\u00bb]Pol\u00edtica de privacidad y de protecci\u00f3n de datos En cumplimiento del Reglamento (UE) 2016\/679, del Parlamento Europeo y [&hellip;]<\/p>\n","protected":false},"author":1,"featured_media":0,"parent":0,"menu_order":0,"comment_status":"closed","ping_status":"closed","template":"","meta":{"footnotes":""},"class_list":["post-14677","page","type-page","status-publish","hentry"],"yoast_head":"<!-- This site is optimized with the Yoast SEO plugin v26.0 - https:\/\/yoast.com\/wordpress\/plugins\/seo\/ -->\n<title>Pol\u00edtica de privacidad - Consorcio de Residuos V5 - COR<\/title>\n<meta name=\"robots\" content=\"noindex, follow\" \/>\n<meta property=\"og:locale\" content=\"es_ES\" \/>\n<meta property=\"og:type\" content=\"article\" \/>\n<meta property=\"og:title\" content=\"Pol\u00edtica de privacidad - Consorcio de Residuos V5 - COR\" \/>\n<meta property=\"og:description\" content=\"[vc_row css=\u00bb.vc_custom_1488961355394{padding-top: 50px !important;padding-bottom: 50px !important;}\u00bb][vc_column][vc_column_text css=\u00bb.vc_custom_1622024386859{margin-bottom: 0px !important;}\u00bb]Pol\u00edtica de privacidad y de protecci\u00f3n de datos En cumplimiento del Reglamento (UE) 2016\/679, del Parlamento Europeo y [&hellip;]\" \/>\n<meta property=\"og:url\" content=\"https:\/\/www.consorciresidus.org\/es\/politica-de-privacidad\/\" \/>\n<meta property=\"og:site_name\" content=\"Consorcio de Residuos V5 - COR\" \/>\n<meta property=\"article:modified_time\" content=\"2021-05-26T10:19:51+00:00\" \/>\n<meta name=\"twitter:card\" content=\"summary_large_image\" \/>\n<meta name=\"twitter:label1\" content=\"Tiempo de lectura\" \/>\n\t<meta name=\"twitter:data1\" content=\"3 minutos\" \/>\n<script type=\"application\/ld+json\" class=\"yoast-schema-graph\">{\"@context\":\"https:\/\/schema.org\",\"@graph\":[{\"@type\":\"WebPage\",\"@id\":\"https:\/\/www.consorciresidus.org\/es\/politica-de-privacidad\/\",\"url\":\"https:\/\/www.consorciresidus.org\/es\/politica-de-privacidad\/\",\"name\":\"Pol\u00edtica de privacidad - Consorcio de Residuos V5 - COR\",\"isPartOf\":{\"@id\":\"https:\/\/www.consorciresidus.org\/#website\"},\"datePublished\":\"2017-03-08T08:42:19+00:00\",\"dateModified\":\"2021-05-26T10:19:51+00:00\",\"inLanguage\":\"es\",\"potentialAction\":[{\"@type\":\"ReadAction\",\"target\":[\"https:\/\/www.consorciresidus.org\/es\/politica-de-privacidad\/\"]}]},{\"@type\":\"WebSite\",\"@id\":\"https:\/\/www.consorciresidus.org\/#website\",\"url\":\"https:\/\/www.consorciresidus.org\/\",\"name\":\"Consorcio de Residuos V5 - COR\",\"description\":\"Consorcio para la gesti\u00f3n de residuos\",\"potentialAction\":[{\"@type\":\"SearchAction\",\"target\":{\"@type\":\"EntryPoint\",\"urlTemplate\":\"https:\/\/www.consorciresidus.org\/?s={search_term_string}\"},\"query-input\":{\"@type\":\"PropertyValueSpecification\",\"valueRequired\":true,\"valueName\":\"search_term_string\"}}],\"inLanguage\":\"es\"}]}<\/script>\n<!-- \/ Yoast SEO plugin. -->","yoast_head_json":{"title":"Pol\u00edtica de privacidad - Consorcio de Residuos V5 - COR","robots":{"index":"noindex","follow":"follow"},"og_locale":"es_ES","og_type":"article","og_title":"Pol\u00edtica de privacidad - Consorcio de Residuos V5 - COR","og_description":"[vc_row css=\u00bb.vc_custom_1488961355394{padding-top: 50px !important;padding-bottom: 50px !important;}\u00bb][vc_column][vc_column_text css=\u00bb.vc_custom_1622024386859{margin-bottom: 0px !important;}\u00bb]Pol\u00edtica de privacidad y de protecci\u00f3n de datos En cumplimiento del Reglamento (UE) 2016\/679, del Parlamento Europeo y [&hellip;]","og_url":"https:\/\/www.consorciresidus.org\/es\/politica-de-privacidad\/","og_site_name":"Consorcio de Residuos V5 - COR","article_modified_time":"2021-05-26T10:19:51+00:00","twitter_card":"summary_large_image","twitter_misc":{"Tiempo de lectura":"3 minutos"},"schema":{"@context":"https:\/\/schema.org","@graph":[{"@type":"WebPage","@id":"https:\/\/www.consorciresidus.org\/es\/politica-de-privacidad\/","url":"https:\/\/www.consorciresidus.org\/es\/politica-de-privacidad\/","name":"Pol\u00edtica de privacidad - Consorcio de Residuos V5 - COR","isPartOf":{"@id":"https:\/\/www.consorciresidus.org\/#website"},"datePublished":"2017-03-08T08:42:19+00:00","dateModified":"2021-05-26T10:19:51+00:00","inLanguage":"es","potentialAction":[{"@type":"ReadAction","target":["https:\/\/www.consorciresidus.org\/es\/politica-de-privacidad\/"]}]},{"@type":"WebSite","@id":"https:\/\/www.consorciresidus.org\/#website","url":"https:\/\/www.consorciresidus.org\/","name":"Consorcio de Residuos V5 - COR","description":"Consorcio para la gesti\u00f3n de residuos","potentialAction":[{"@type":"SearchAction","target":{"@type":"EntryPoint","urlTemplate":"https:\/\/www.consorciresidus.org\/?s={search_term_string}"},"query-input":{"@type":"PropertyValueSpecification","valueRequired":true,"valueName":"search_term_string"}}],"inLanguage":"es"}]}},"_links":{"self":[{"href":"https:\/\/www.consorciresidus.org\/es\/wp-json\/wp\/v2\/pages\/14677","targetHints":{"allow":["GET"]}}],"collection":[{"href":"https:\/\/www.consorciresidus.org\/es\/wp-json\/wp\/v2\/pages"}],"about":[{"href":"https:\/\/www.consorciresidus.org\/es\/wp-json\/wp\/v2\/types\/page"}],"author":[{"embeddable":true,"href":"https:\/\/www.consorciresidus.org\/es\/wp-json\/wp\/v2\/users\/1"}],"replies":[{"embeddable":true,"href":"https:\/\/www.consorciresidus.org\/es\/wp-json\/wp\/v2\/comments?post=14677"}],"version-history":[{"count":8,"href":"https:\/\/www.consorciresidus.org\/es\/wp-json\/wp\/v2\/pages\/14677\/revisions"}],"predecessor-version":[{"id":23716,"href":"https:\/\/www.consorciresidus.org\/es\/wp-json\/wp\/v2\/pages\/14677\/revisions\/23716"}],"wp:attachment":[{"href":"https:\/\/www.consorciresidus.org\/es\/wp-json\/wp\/v2\/media?parent=14677"}],"curies":[{"name":"wp","href":"https:\/\/api.w.org\/{rel}","templated":true}]}}