 



{"id":14681,"date":"2017-04-07T22:19:28","date_gmt":"2017-04-07T22:19:28","guid":{"rendered":"https:\/\/www.consorciresidus.org\/ranquing-paper-2016\/"},"modified":"2022-06-29T11:15:20","modified_gmt":"2022-06-29T11:15:20","slug":"ranking-papel-2021","status":"publish","type":"page","link":"https:\/\/www.consorciresidus.org\/es\/transparencia\/datos-en-tu-poblacion\/ranking-papel-2021\/","title":{"rendered":"Ranking papel 2021"},"content":{"rendered":"[mk_page_section min_height=\u00bb0&#8243; js_vertical_centered=\u00bbtrue\u00bb padding_top=\u00bb50&#8243; padding_bottom=\u00bb0&#8243; sidebar=\u00bbsidebar-1&#8243;][vc_column css=\u00bb.vc_custom_1491526332006{padding-bottom: 30px !important;}\u00bb][vc_single_image image=\u00bb12315&#8243; img_size=\u00bbfull\u00bb alignment=\u00bbcenter\u00bb][mk_ornamental_title tag_name=\u00bbh3&#8243; font_family=\u00bbRaleway\u00bb font_type=\u00bbgoogle\u00bb font_size=\u00bb35&#8243; font_weight=\u00bb400&#8243; txt_transform=\u00bbnone\u00bb ornament_style=\u00bbnorman-single\u00bb ornament_color=\u00bb#c4c4c4&#8243; margin_top=\u00bb30&#8243;]Ranking de recogida de papel y cart\u00f3n por habitante &#8211; A\u00f1o 2021[\/mk_ornamental_title][vc_column_text]Los municipios del territorio gestionado por el Consorcio de Residuos ordenados en funci\u00f3n de la cantidad de papel y cart\u00f3n recogida por habitante, a trav\u00e9s de los contenedores azules de recogida selectiva. En primera posici\u00f3n, el municipio con m\u00e1s kilos recogidos por habitante.[\/vc_column_text][\/vc_column][\/mk_page_section][mk_page_section min_height=\u00bb0&#8243; padding_top=\u00bb0&#8243; padding_bottom=\u00bb0&#8243; sidebar=\u00bbsidebar-1&#8243;][vc_column offset=\u00bbvc_hidden-md vc_hidden-sm vc_hidden-xs\u00bb][vc_basic_grid post_type=\u00bbpost\u00bb max_items=\u00bb100&#8243; element_width=\u00bb3&#8243; gap=\u00bb15&#8243; orderby=\u00bbmeta_value\u00bb order=\u00bbASC\u00bb item=\u00bb15534&#8243; grid_id=\u00bbvc_gid:1656501261492-2606917e-ce12-9&#8243; meta_key=\u00bbrankpaper2016&#8243;][\/vc_column][\/mk_page_section][mk_page_section min_height=\u00bb0&#8243; padding_top=\u00bb0&#8243; padding_bottom=\u00bb0&#8243; sidebar=\u00bbsidebar-1&#8243;][vc_column offset=\u00bbvc_hidden-lg vc_hidden-xs\u00bb][vc_basic_grid post_type=\u00bbpost\u00bb max_items=\u00bb100&#8243; element_width=\u00bb6&#8243; gap=\u00bb15&#8243; orderby=\u00bbmeta_value\u00bb order=\u00bbASC\u00bb item=\u00bb15534&#8243; grid_id=\u00bbvc_gid:1656501261494-e2a603d9-8452-3&#8243; meta_key=\u00bbrankpaper2016&#8243;][\/vc_column][\/mk_page_section][mk_page_section min_height=\u00bb0&#8243; padding_top=\u00bb0&#8243; padding_bottom=\u00bb0&#8243; sidebar=\u00bbsidebar-1&#8243;][vc_column offset=\u00bbvc_hidden-lg vc_hidden-md vc_hidden-sm\u00bb][vc_basic_grid post_type=\u00bbpost\u00bb max_items=\u00bb100&#8243; element_width=\u00bb12&#8243; gap=\u00bb15&#8243; orderby=\u00bbmeta_value\u00bb order=\u00bbASC\u00bb item=\u00bb15533&#8243; grid_id=\u00bbvc_gid:1656501261496-503485ff-e3b5-6&#8243; meta_key=\u00bbrankpaper2016&#8243;][\/vc_column][\/mk_page_section]\n<div style=\"clear:both;\"><\/div>","protected":false},"excerpt":{"rendered":"<p>[mk_page_section min_height=\u00bb0&#8243; js_vertical_centered=\u00bbtrue\u00bb padding_top=\u00bb50&#8243; padding_bottom=\u00bb0&#8243; sidebar=\u00bbsidebar-1&#8243;][vc_column css=\u00bb.vc_custom_1491526332006{padding-bottom: 30px !important;}\u00bb][vc_single_image image=\u00bb12315&#8243; img_size=\u00bbfull\u00bb alignment=\u00bbcenter\u00bb][mk_ornamental_title tag_name=\u00bbh3&#8243; font_family=\u00bbRaleway\u00bb font_type=\u00bbgoogle\u00bb font_size=\u00bb35&#8243; font_weight=\u00bb400&#8243; txt_transform=\u00bbnone\u00bb ornament_style=\u00bbnorman-single\u00bb ornament_color=\u00bb#c4c4c4&#8243; margin_top=\u00bb30&#8243;]Ranking de recogida de papel y [&hellip;]<\/p>\n","protected":false},"author":1,"featured_media":0,"parent":14699,"menu_order":0,"comment_status":"closed","ping_status":"closed","template":"","meta":{"footnotes":""},"class_list":["post-14681","page","type-page","status-publish","hentry"],"yoast_head":"<!-- This site is optimized with the Yoast SEO plugin v26.0 - https:\/\/yoast.com\/wordpress\/plugins\/seo\/ -->\n<title>Ranking papel 2021 - Consorcio de Residuos V5 - COR<\/title>\n<meta name=\"robots\" content=\"index, follow, max-snippet:-1, max-image-preview:large, max-video-preview:-1\" \/>\n<link rel=\"canonical\" href=\"https:\/\/www.consorciresidus.org\/es\/transparencia\/datos-en-tu-poblacion\/ranking-papel-2021\/\" \/>\n<meta property=\"og:locale\" content=\"es_ES\" \/>\n<meta property=\"og:type\" content=\"article\" \/>\n<meta property=\"og:title\" content=\"Ranking papel 2021 - Consorcio de Residuos V5 - COR\" \/>\n<meta property=\"og:description\" content=\"[mk_page_section min_height=\u00bb0&#8243; js_vertical_centered=\u00bbtrue\u00bb padding_top=\u00bb50&#8243; padding_bottom=\u00bb0&#8243; sidebar=\u00bbsidebar-1&#8243;][vc_column css=\u00bb.vc_custom_1491526332006{padding-bottom: 30px !important;}\u00bb][vc_single_image image=\u00bb12315&#8243; img_size=\u00bbfull\u00bb alignment=\u00bbcenter\u00bb][mk_ornamental_title tag_name=\u00bbh3&#8243; font_family=\u00bbRaleway\u00bb font_type=\u00bbgoogle\u00bb font_size=\u00bb35&#8243; font_weight=\u00bb400&#8243; txt_transform=\u00bbnone\u00bb ornament_style=\u00bbnorman-single\u00bb ornament_color=\u00bb#c4c4c4&#8243; margin_top=\u00bb30&#8243;]Ranking de recogida de papel y [&hellip;]\" \/>\n<meta property=\"og:url\" content=\"https:\/\/www.consorciresidus.org\/es\/transparencia\/datos-en-tu-poblacion\/ranking-papel-2021\/\" \/>\n<meta property=\"og:site_name\" content=\"Consorcio de Residuos V5 - COR\" \/>\n<meta property=\"article:modified_time\" content=\"2022-06-29T11:15:20+00:00\" \/>\n<meta name=\"twitter:card\" content=\"summary_large_image\" \/>\n<meta name=\"twitter:label1\" content=\"Tiempo de lectura\" \/>\n\t<meta name=\"twitter:data1\" content=\"1 minuto\" \/>\n<script type=\"application\/ld+json\" class=\"yoast-schema-graph\">{\"@context\":\"https:\/\/schema.org\",\"@graph\":[{\"@type\":\"WebPage\",\"@id\":\"https:\/\/www.consorciresidus.org\/es\/transparencia\/datos-en-tu-poblacion\/ranking-papel-2021\/\",\"url\":\"https:\/\/www.consorciresidus.org\/es\/transparencia\/datos-en-tu-poblacion\/ranking-papel-2021\/\",\"name\":\"Ranking papel 2021 - Consorcio de Residuos V5 - COR\",\"isPartOf\":{\"@id\":\"https:\/\/www.consorciresidus.org\/#website\"},\"datePublished\":\"2017-04-07T22:19:28+00:00\",\"dateModified\":\"2022-06-29T11:15:20+00:00\",\"breadcrumb\":{\"@id\":\"https:\/\/www.consorciresidus.org\/es\/transparencia\/datos-en-tu-poblacion\/ranking-papel-2021\/#breadcrumb\"},\"inLanguage\":\"es\",\"potentialAction\":[{\"@type\":\"ReadAction\",\"target\":[\"https:\/\/www.consorciresidus.org\/es\/transparencia\/datos-en-tu-poblacion\/ranking-papel-2021\/\"]}]},{\"@type\":\"BreadcrumbList\",\"@id\":\"https:\/\/www.consorciresidus.org\/es\/transparencia\/datos-en-tu-poblacion\/ranking-papel-2021\/#breadcrumb\",\"itemListElement\":[{\"@type\":\"ListItem\",\"position\":1,\"name\":\"Portal de transparencia y datos abiertos\",\"item\":\"https:\/\/www.consorciresidus.org\/es\/transparencia\/\"},{\"@type\":\"ListItem\",\"position\":2,\"name\":\"Datos en tu poblaci\u00f3n\",\"item\":\"https:\/\/www.consorciresidus.org\/es\/transparencia\/datos-en-tu-poblacion\/\"},{\"@type\":\"ListItem\",\"position\":3,\"name\":\"Ranking papel 2021\"}]},{\"@type\":\"WebSite\",\"@id\":\"https:\/\/www.consorciresidus.org\/#website\",\"url\":\"https:\/\/www.consorciresidus.org\/\",\"name\":\"Consorcio de Residuos V5 - COR\",\"description\":\"Consorcio para la gesti\u00f3n de residuos\",\"potentialAction\":[{\"@type\":\"SearchAction\",\"target\":{\"@type\":\"EntryPoint\",\"urlTemplate\":\"https:\/\/www.consorciresidus.org\/?s={search_term_string}\"},\"query-input\":{\"@type\":\"PropertyValueSpecification\",\"valueRequired\":true,\"valueName\":\"search_term_string\"}}],\"inLanguage\":\"es\"}]}<\/script>\n<!-- \/ Yoast SEO plugin. -->","yoast_head_json":{"title":"Ranking papel 2021 - Consorcio de Residuos V5 - COR","robots":{"index":"index","follow":"follow","max-snippet":"max-snippet:-1","max-image-preview":"max-image-preview:large","max-video-preview":"max-video-preview:-1"},"canonical":"https:\/\/www.consorciresidus.org\/es\/transparencia\/datos-en-tu-poblacion\/ranking-papel-2021\/","og_locale":"es_ES","og_type":"article","og_title":"Ranking papel 2021 - Consorcio de Residuos V5 - COR","og_description":"[mk_page_section min_height=\u00bb0&#8243; js_vertical_centered=\u00bbtrue\u00bb padding_top=\u00bb50&#8243; padding_bottom=\u00bb0&#8243; sidebar=\u00bbsidebar-1&#8243;][vc_column css=\u00bb.vc_custom_1491526332006{padding-bottom: 30px !important;}\u00bb][vc_single_image image=\u00bb12315&#8243; img_size=\u00bbfull\u00bb alignment=\u00bbcenter\u00bb][mk_ornamental_title tag_name=\u00bbh3&#8243; font_family=\u00bbRaleway\u00bb font_type=\u00bbgoogle\u00bb font_size=\u00bb35&#8243; font_weight=\u00bb400&#8243; txt_transform=\u00bbnone\u00bb ornament_style=\u00bbnorman-single\u00bb ornament_color=\u00bb#c4c4c4&#8243; margin_top=\u00bb30&#8243;]Ranking de recogida de papel y [&hellip;]","og_url":"https:\/\/www.consorciresidus.org\/es\/transparencia\/datos-en-tu-poblacion\/ranking-papel-2021\/","og_site_name":"Consorcio de Residuos V5 - COR","article_modified_time":"2022-06-29T11:15:20+00:00","twitter_card":"summary_large_image","twitter_misc":{"Tiempo de lectura":"1 minuto"},"schema":{"@context":"https:\/\/schema.org","@graph":[{"@type":"WebPage","@id":"https:\/\/www.consorciresidus.org\/es\/transparencia\/datos-en-tu-poblacion\/ranking-papel-2021\/","url":"https:\/\/www.consorciresidus.org\/es\/transparencia\/datos-en-tu-poblacion\/ranking-papel-2021\/","name":"Ranking papel 2021 - Consorcio de Residuos V5 - COR","isPartOf":{"@id":"https:\/\/www.consorciresidus.org\/#website"},"datePublished":"2017-04-07T22:19:28+00:00","dateModified":"2022-06-29T11:15:20+00:00","breadcrumb":{"@id":"https:\/\/www.consorciresidus.org\/es\/transparencia\/datos-en-tu-poblacion\/ranking-papel-2021\/#breadcrumb"},"inLanguage":"es","potentialAction":[{"@type":"ReadAction","target":["https:\/\/www.consorciresidus.org\/es\/transparencia\/datos-en-tu-poblacion\/ranking-papel-2021\/"]}]},{"@type":"BreadcrumbList","@id":"https:\/\/www.consorciresidus.org\/es\/transparencia\/datos-en-tu-poblacion\/ranking-papel-2021\/#breadcrumb","itemListElement":[{"@type":"ListItem","position":1,"name":"Portal de transparencia y datos abiertos","item":"https:\/\/www.consorciresidus.org\/es\/transparencia\/"},{"@type":"ListItem","position":2,"name":"Datos en tu poblaci\u00f3n","item":"https:\/\/www.consorciresidus.org\/es\/transparencia\/datos-en-tu-poblacion\/"},{"@type":"ListItem","position":3,"name":"Ranking papel 2021"}]},{"@type":"WebSite","@id":"https:\/\/www.consorciresidus.org\/#website","url":"https:\/\/www.consorciresidus.org\/","name":"Consorcio de Residuos V5 - COR","description":"Consorcio para la gesti\u00f3n de residuos","potentialAction":[{"@type":"SearchAction","target":{"@type":"EntryPoint","urlTemplate":"https:\/\/www.consorciresidus.org\/?s={search_term_string}"},"query-input":{"@type":"PropertyValueSpecification","valueRequired":true,"valueName":"search_term_string"}}],"inLanguage":"es"}]}},"_links":{"self":[{"href":"https:\/\/www.consorciresidus.org\/es\/wp-json\/wp\/v2\/pages\/14681","targetHints":{"allow":["GET"]}}],"collection":[{"href":"https:\/\/www.consorciresidus.org\/es\/wp-json\/wp\/v2\/pages"}],"about":[{"href":"https:\/\/www.consorciresidus.org\/es\/wp-json\/wp\/v2\/types\/page"}],"author":[{"embeddable":true,"href":"https:\/\/www.consorciresidus.org\/es\/wp-json\/wp\/v2\/users\/1"}],"replies":[{"embeddable":true,"href":"https:\/\/www.consorciresidus.org\/es\/wp-json\/wp\/v2\/comments?post=14681"}],"version-history":[{"count":15,"href":"https:\/\/www.consorciresidus.org\/es\/wp-json\/wp\/v2\/pages\/14681\/revisions"}],"predecessor-version":[{"id":26008,"href":"https:\/\/www.consorciresidus.org\/es\/wp-json\/wp\/v2\/pages\/14681\/revisions\/26008"}],"up":[{"embeddable":true,"href":"https:\/\/www.consorciresidus.org\/es\/wp-json\/wp\/v2\/pages\/14699"}],"wp:attachment":[{"href":"https:\/\/www.consorciresidus.org\/es\/wp-json\/wp\/v2\/media?parent=14681"}],"curies":[{"name":"wp","href":"https:\/\/api.w.org\/{rel}","templated":true}]}}