 



{"id":14699,"date":"2017-03-28T11:06:34","date_gmt":"2017-03-28T11:06:34","guid":{"rendered":"https:\/\/www.consorciresidus.org\/transparencia\/dades-al-teu-poble\/"},"modified":"2023-08-31T07:50:05","modified_gmt":"2023-08-31T07:50:05","slug":"datos-en-tu-poblacion","status":"publish","type":"page","link":"https:\/\/www.consorciresidus.org\/es\/transparencia\/datos-en-tu-poblacion\/","title":{"rendered":"Datos en tu poblaci\u00f3n"},"content":{"rendered":"[mk_page_section bg_image=\u00bbhttps:\/\/www.consorciresidus.org\/wp-content\/uploads\/2017\/03\/16.png\u00bb min_height=\u00bb0&#8243; js_vertical_centered=\u00bbtrue\u00bb padding_top=\u00bb50&#8243; padding_bottom=\u00bb0&#8243; el_class=\u00bbintro\u00bb sidebar=\u00bbsidebar-1&#8243;][vc_column][vc_single_image image=\u00bb12692&#8243; img_size=\u00bbfull\u00bb alignment=\u00bbcenter\u00bb][mk_ornamental_title tag_name=\u00bbh3&#8243; font_family=\u00bbRaleway\u00bb font_type=\u00bbgoogle\u00bb font_size=\u00bb35&#8243; font_weight=\u00bb400&#8243; txt_transform=\u00bbnone\u00bb ornament_style=\u00bbnorman-single\u00bb ornament_color=\u00bb#c4c4c4&#8243; margin_top=\u00bb30&#8243;]Datos en tu poblaci\u00f3n[\/mk_ornamental_title][vc_column_text]Los datos detallados de cada municipio de las cinco comarcas del COR sobre la gesti\u00f3n de los residuos y la recogida selectiva. Incluye tambi\u00e9n un ranking con la situaci\u00f3n de cada municipio en relaci\u00f3n al resto, en funci\u00f3n del coste de la tasa y de las cifras de recogida selectiva.[\/vc_column_text][vc_empty_space height=\u00bb50px\u00bb][\/vc_column][\/mk_page_section][mk_page_section bg_image=\u00bbhttps:\/\/www.consorciresidus.org\/wp-content\/uploads\/2017\/03\/16.png\u00bb min_height=\u00bb0&#8243; sidebar=\u00bbsidebar-1&#8243;][vc_column offset=\u00bbvc_hidden-sm vc_hidden-xs\u00bb][vc_basic_grid post_type=\u00bbpost\u00bb max_items=\u00bb100&#8243; style=\u00bblazy\u00bb items_per_page=\u00bb100&#8243; show_filter=\u00bbyes\u00bb element_width=\u00bb6&#8243; gap=\u00bb15&#8243; orderby=\u00bbtitle\u00bb order=\u00bbASC\u00bb filter_default_title=\u00bbTodas\u00bb item=\u00bb15540&#8243; grid_id=\u00bbvc_gid:1693468190859-3166dd5a-86cd-1&#8243; filter_source=\u00bbcategory\u00bb taxonomies=\u00bb74, 75, 77, 78, 76&#8243;][\/vc_column][\/mk_page_section][mk_page_section bg_image=\u00bbhttps:\/\/www.consorciresidus.org\/wp-content\/uploads\/2017\/03\/16.png\u00bb min_height=\u00bb0&#8243; sidebar=\u00bbsidebar-1&#8243;][vc_column offset=\u00bbvc_hidden-lg vc_hidden-md\u00bb][vc_basic_grid post_type=\u00bbpost\u00bb max_items=\u00bb100&#8243; style=\u00bbload-more\u00bb show_filter=\u00bbyes\u00bb element_width=\u00bb12&#8243; gap=\u00bb15&#8243; orderby=\u00bbtitle\u00bb order=\u00bbASC\u00bb filter_default_title=\u00bbTodas\u00bb item=\u00bb15538&#8243; btn_color=\u00bbsky\u00bb grid_id=\u00bbvc_gid:1693468190860-54b2fc1d-c8e3-5&#8243; filter_source=\u00bbcategory\u00bb taxonomies=\u00bb74, 75, 77, 78, 76&#8243;][\/vc_column][\/mk_page_section]\n<div style=\"clear:both;\"><\/div>","protected":false},"excerpt":{"rendered":"<p>Datos en tu poblaci\u00f3n. Datos detallados sobre la gesti\u00f3n de los residuos de los municipios de las cinco comarcas que gestiona el Consorcio.<\/p>\n","protected":false},"author":1,"featured_media":0,"parent":14679,"menu_order":0,"comment_status":"closed","ping_status":"closed","template":"","meta":{"footnotes":""},"class_list":["post-14699","page","type-page","status-publish","hentry"],"yoast_head":"<!-- This site is optimized with the Yoast SEO plugin v26.0 - https:\/\/yoast.com\/wordpress\/plugins\/seo\/ -->\n<title>Datos en tu poblaci\u00f3n - Consorcio de Residuos V5 - COR<\/title>\n<meta name=\"description\" content=\"Datos en tu poblaci\u00f3n. Datos detallados sobre la gesti\u00f3n de los residuos de los municipios de las cinco comarcas que gestiona el Consorcio.\" \/>\n<meta name=\"robots\" content=\"index, follow, max-snippet:-1, max-image-preview:large, max-video-preview:-1\" \/>\n<link rel=\"canonical\" href=\"https:\/\/www.consorciresidus.org\/es\/transparencia\/datos-en-tu-poblacion\/\" \/>\n<meta property=\"og:locale\" content=\"es_ES\" \/>\n<meta property=\"og:type\" content=\"article\" \/>\n<meta property=\"og:title\" content=\"Datos municipales sobre la gesti\u00f3n de los residuos\" \/>\n<meta property=\"og:description\" content=\"Datos en tu poblaci\u00f3n. Datos detallados sobre la gesti\u00f3n de los residuos de los municipios de las cinco comarcas que gestiona el Consorcio.\" \/>\n<meta property=\"og:url\" content=\"https:\/\/www.consorciresidus.org\/es\/transparencia\/datos-en-tu-poblacion\/\" \/>\n<meta property=\"og:site_name\" content=\"Consorcio de Residuos V5 - COR\" \/>\n<meta property=\"article:modified_time\" content=\"2023-08-31T07:50:05+00:00\" \/>\n<meta name=\"twitter:card\" content=\"summary_large_image\" \/>\n<meta name=\"twitter:title\" content=\"Datos municipales sobre la gesti\u00f3n de los residuos\" \/>\n<meta name=\"twitter:description\" content=\"Datos en tu poblaci\u00f3n. Datos detallados sobre la gesti\u00f3n de los residuos de los municipios de las cinco comarcas que gestiona el Consorcio.\" \/>\n<meta name=\"twitter:label1\" content=\"Tiempo de lectura\" \/>\n\t<meta name=\"twitter:data1\" content=\"1 minuto\" \/>\n<script type=\"application\/ld+json\" class=\"yoast-schema-graph\">{\"@context\":\"https:\/\/schema.org\",\"@graph\":[{\"@type\":\"WebPage\",\"@id\":\"https:\/\/www.consorciresidus.org\/es\/transparencia\/datos-en-tu-poblacion\/\",\"url\":\"https:\/\/www.consorciresidus.org\/es\/transparencia\/datos-en-tu-poblacion\/\",\"name\":\"Datos en tu poblaci\u00f3n - Consorcio de Residuos V5 - COR\",\"isPartOf\":{\"@id\":\"https:\/\/www.consorciresidus.org\/#website\"},\"datePublished\":\"2017-03-28T11:06:34+00:00\",\"dateModified\":\"2023-08-31T07:50:05+00:00\",\"description\":\"Datos en tu poblaci\u00f3n. Datos detallados sobre la gesti\u00f3n de los residuos de los municipios de las cinco comarcas que gestiona el Consorcio.\",\"breadcrumb\":{\"@id\":\"https:\/\/www.consorciresidus.org\/es\/transparencia\/datos-en-tu-poblacion\/#breadcrumb\"},\"inLanguage\":\"es\",\"potentialAction\":[{\"@type\":\"ReadAction\",\"target\":[\"https:\/\/www.consorciresidus.org\/es\/transparencia\/datos-en-tu-poblacion\/\"]}]},{\"@type\":\"BreadcrumbList\",\"@id\":\"https:\/\/www.consorciresidus.org\/es\/transparencia\/datos-en-tu-poblacion\/#breadcrumb\",\"itemListElement\":[{\"@type\":\"ListItem\",\"position\":1,\"name\":\"Portal de transparencia y datos abiertos\",\"item\":\"https:\/\/www.consorciresidus.org\/es\/transparencia\/\"},{\"@type\":\"ListItem\",\"position\":2,\"name\":\"Datos en tu poblaci\u00f3n\"}]},{\"@type\":\"WebSite\",\"@id\":\"https:\/\/www.consorciresidus.org\/#website\",\"url\":\"https:\/\/www.consorciresidus.org\/\",\"name\":\"Consorcio de Residuos V5 - COR\",\"description\":\"Consorcio para la gesti\u00f3n de residuos\",\"potentialAction\":[{\"@type\":\"SearchAction\",\"target\":{\"@type\":\"EntryPoint\",\"urlTemplate\":\"https:\/\/www.consorciresidus.org\/?s={search_term_string}\"},\"query-input\":{\"@type\":\"PropertyValueSpecification\",\"valueRequired\":true,\"valueName\":\"search_term_string\"}}],\"inLanguage\":\"es\"}]}<\/script>\n<!-- \/ Yoast SEO plugin. -->","yoast_head_json":{"title":"Datos en tu poblaci\u00f3n - Consorcio de Residuos V5 - COR","description":"Datos en tu poblaci\u00f3n. Datos detallados sobre la gesti\u00f3n de los residuos de los municipios de las cinco comarcas que gestiona el Consorcio.","robots":{"index":"index","follow":"follow","max-snippet":"max-snippet:-1","max-image-preview":"max-image-preview:large","max-video-preview":"max-video-preview:-1"},"canonical":"https:\/\/www.consorciresidus.org\/es\/transparencia\/datos-en-tu-poblacion\/","og_locale":"es_ES","og_type":"article","og_title":"Datos municipales sobre la gesti\u00f3n de los residuos","og_description":"Datos en tu poblaci\u00f3n. Datos detallados sobre la gesti\u00f3n de los residuos de los municipios de las cinco comarcas que gestiona el Consorcio.","og_url":"https:\/\/www.consorciresidus.org\/es\/transparencia\/datos-en-tu-poblacion\/","og_site_name":"Consorcio de Residuos V5 - COR","article_modified_time":"2023-08-31T07:50:05+00:00","twitter_card":"summary_large_image","twitter_title":"Datos municipales sobre la gesti\u00f3n de los residuos","twitter_description":"Datos en tu poblaci\u00f3n. Datos detallados sobre la gesti\u00f3n de los residuos de los municipios de las cinco comarcas que gestiona el Consorcio.","twitter_misc":{"Tiempo de lectura":"1 minuto"},"schema":{"@context":"https:\/\/schema.org","@graph":[{"@type":"WebPage","@id":"https:\/\/www.consorciresidus.org\/es\/transparencia\/datos-en-tu-poblacion\/","url":"https:\/\/www.consorciresidus.org\/es\/transparencia\/datos-en-tu-poblacion\/","name":"Datos en tu poblaci\u00f3n - Consorcio de Residuos V5 - COR","isPartOf":{"@id":"https:\/\/www.consorciresidus.org\/#website"},"datePublished":"2017-03-28T11:06:34+00:00","dateModified":"2023-08-31T07:50:05+00:00","description":"Datos en tu poblaci\u00f3n. Datos detallados sobre la gesti\u00f3n de los residuos de los municipios de las cinco comarcas que gestiona el Consorcio.","breadcrumb":{"@id":"https:\/\/www.consorciresidus.org\/es\/transparencia\/datos-en-tu-poblacion\/#breadcrumb"},"inLanguage":"es","potentialAction":[{"@type":"ReadAction","target":["https:\/\/www.consorciresidus.org\/es\/transparencia\/datos-en-tu-poblacion\/"]}]},{"@type":"BreadcrumbList","@id":"https:\/\/www.consorciresidus.org\/es\/transparencia\/datos-en-tu-poblacion\/#breadcrumb","itemListElement":[{"@type":"ListItem","position":1,"name":"Portal de transparencia y datos abiertos","item":"https:\/\/www.consorciresidus.org\/es\/transparencia\/"},{"@type":"ListItem","position":2,"name":"Datos en tu poblaci\u00f3n"}]},{"@type":"WebSite","@id":"https:\/\/www.consorciresidus.org\/#website","url":"https:\/\/www.consorciresidus.org\/","name":"Consorcio de Residuos V5 - COR","description":"Consorcio para la gesti\u00f3n de residuos","potentialAction":[{"@type":"SearchAction","target":{"@type":"EntryPoint","urlTemplate":"https:\/\/www.consorciresidus.org\/?s={search_term_string}"},"query-input":{"@type":"PropertyValueSpecification","valueRequired":true,"valueName":"search_term_string"}}],"inLanguage":"es"}]}},"_links":{"self":[{"href":"https:\/\/www.consorciresidus.org\/es\/wp-json\/wp\/v2\/pages\/14699","targetHints":{"allow":["GET"]}}],"collection":[{"href":"https:\/\/www.consorciresidus.org\/es\/wp-json\/wp\/v2\/pages"}],"about":[{"href":"https:\/\/www.consorciresidus.org\/es\/wp-json\/wp\/v2\/types\/page"}],"author":[{"embeddable":true,"href":"https:\/\/www.consorciresidus.org\/es\/wp-json\/wp\/v2\/users\/1"}],"replies":[{"embeddable":true,"href":"https:\/\/www.consorciresidus.org\/es\/wp-json\/wp\/v2\/comments?post=14699"}],"version-history":[{"count":11,"href":"https:\/\/www.consorciresidus.org\/es\/wp-json\/wp\/v2\/pages\/14699\/revisions"}],"predecessor-version":[{"id":26622,"href":"https:\/\/www.consorciresidus.org\/es\/wp-json\/wp\/v2\/pages\/14699\/revisions\/26622"}],"up":[{"embeddable":true,"href":"https:\/\/www.consorciresidus.org\/es\/wp-json\/wp\/v2\/pages\/14679"}],"wp:attachment":[{"href":"https:\/\/www.consorciresidus.org\/es\/wp-json\/wp\/v2\/media?parent=14699"}],"curies":[{"name":"wp","href":"https:\/\/api.w.org\/{rel}","templated":true}]}}