 



{"id":14701,"date":"2017-03-07T10:51:34","date_gmt":"2017-03-07T10:51:34","guid":{"rendered":"https:\/\/www.consorciresidus.org\/serveis-del-cor\/"},"modified":"2017-06-27T08:39:53","modified_gmt":"2017-06-27T08:39:53","slug":"servicios-del-cor","status":"publish","type":"page","link":"https:\/\/www.consorciresidus.org\/es\/servicios-del-cor\/","title":{"rendered":"Servicios del COR"},"content":{"rendered":"[mk_page_section min_height=\u00bb0&#8243; js_vertical_centered=\u00bbtrue\u00bb padding_top=\u00bb50&#8243; padding_bottom=\u00bb30&#8243; sidebar=\u00bbsidebar-1&#8243;][vc_column][vc_single_image image=\u00bb12175&#8243; img_size=\u00bbfull\u00bb alignment=\u00bbcenter\u00bb][mk_ornamental_title tag_name=\u00bbh3&#8243; font_family=\u00bbRaleway\u00bb font_type=\u00bbgoogle\u00bb font_size=\u00bb35&#8243; font_weight=\u00bb400&#8243; txt_transform=\u00bbnone\u00bb ornament_style=\u00bbnorman-single\u00bb ornament_color=\u00bb#c4c4c4&#8243; margin_top=\u00bb30&#8243;]Servicios\u00a0del Consorcio de Residuos[\/mk_ornamental_title][vc_column_text]El Consorcio de Residuos se encarga de los servicios de transferencia, transporte, valorizaci\u00f3n y eliminaci\u00f3n de residuos s\u00f3lidos urbanos, y gesti\u00f3n de ecoparques. Del servicio de recogida de los residuos se responsabilizan los ayuntamientos.[\/vc_column_text][\/vc_column][\/mk_page_section][mk_page_section sidebar=\u00bbsidebar-1&#8243;][vc_column width=\u00bb1\/2&#8243;][vc_row_inner css=\u00bb.vc_custom_1488903430447{padding-bottom: 30px !important;}\u00bb][vc_column_inner el_class=\u00bbcaja\u00bb css=\u00bb.vc_custom_1488902764408{padding-top: 15px !important;padding-bottom: 15px !important;}\u00bb][mk_image src=\u00bbhttp:\/\/www.consorciresidus.org\/wp-content\/uploads\/2017\/03\/transferncia.jpg\u00bb image_size=\u00bbfull\u00bb][mk_padding_divider size=\u00bb15&#8243;][vc_column_text animation=\u00bbfade-in\u00bb][\/vc_column_text][mk_fancy_title tag_name=\u00bbh4&#8243; color=\u00bb#007cb0&#8243; size=\u00bb36&#8243; force_font_size=\u00bbtrue\u00bb size_tablet=\u00bb30&#8243; font_weight=\u00bb500&#8243; txt_transform=\u00bbuppercase\u00bb font_family=\u00bbRaleway\u00bb font_type=\u00bbgoogle\u00bb responsive_align=\u00bbleft\u00bb animation=\u00bbtop-to-bottom\u00bb]Transferencia[\/mk_fancy_title][vc_column_text]\n<p align=\"left\">Los residuos que recogen los ayuntamientos de las cinco comarcas llegan a la Planta de Transferencia de R\u00f3tova (la Safor). En esta instalaci\u00f3n los residuos se pesan, se prensan y se transportan en camiones de grandes dimensiones a las plantas de tratamiento, valorizaci\u00f3n y eliminaci\u00f3n de los residuos.<\/p>\n<p align=\"left\">Mientras el COR no dispone de instalaciones propias, los residuos se transportan a lugares adecuados como la Planta de Valorizaci\u00f3n de Alfara de Algimia, el Complejo de Valorizaci\u00f3n de Guadassuar o la Planta de Residuos Urbanos de Fontcalent. Siempre escogiendo la mejor alternativa desde un punto de vista econ\u00f3mico y medioambiental.<\/p>\n[\/vc_column_text][\/vc_column_inner][\/vc_row_inner][vc_row_inner css=\u00bb.vc_custom_1488903425036{padding-bottom: 30px !important;}\u00bb][vc_column_inner el_class=\u00bbcaja\u00bb css=\u00bb.vc_custom_1488902764408{padding-top: 15px !important;padding-bottom: 15px !important;}\u00bb][mk_image src=\u00bbhttp:\/\/www.consorciresidus.org\/wp-content\/uploads\/2017\/03\/valoritzaci-2.jpg\u00bb image_size=\u00bbfull\u00bb][mk_padding_divider size=\u00bb15&#8243;][vc_column_text animation=\u00bbfade-in\u00bb][\/vc_column_text][mk_fancy_title tag_name=\u00bbh4&#8243; color=\u00bb#007cb0&#8243; size=\u00bb36&#8243; force_font_size=\u00bbtrue\u00bb size_tablet=\u00bb30&#8243; font_weight=\u00bb500&#8243; txt_transform=\u00bbuppercase\u00bb font_family=\u00bbRaleway\u00bb font_type=\u00bbgoogle\u00bb responsive_align=\u00bbleft\u00bb animation=\u00bbtop-to-bottom\u00bb]Valorizaci\u00f3n[\/mk_fancy_title][vc_column_text]\n<p align=\"left\">Por valorizaci\u00f3n se entiende la puesta en valor de los recursos que contienen los residuos. La materia org\u00e1nica se somete a un proceso biol\u00f3gico de compostaje. Una parte de los residuos se destinan al reciclaje, de manera que puedan ser reutilizados de otra forma.<\/p>\n<p align=\"left\">Uno de los aspectos fundamentales es la creaci\u00f3n de energ\u00eda a partir de los residuos. En las plantas donde se tratan los deshechos del COR existen proyectos que van desde la generaci\u00f3n de energ\u00eda el\u00e9ctrica o la generaci\u00f3n de combustibles como biofuel, bioetanol o biogas.<\/p>\n[\/vc_column_text][\/vc_column_inner][\/vc_row_inner][vc_row_inner css=\u00bb.vc_custom_1488903425036{padding-bottom: 30px !important;}\u00bb][vc_column_inner el_class=\u00bbcaja\u00bb css=\u00bb.vc_custom_1488902764408{padding-top: 15px !important;padding-bottom: 15px !important;}\u00bb][mk_image src=\u00bbhttp:\/\/www.consorciresidus.org\/wp-content\/uploads\/2017\/03\/gestio-ecoparcs.jpg\u00bb image_size=\u00bbfull\u00bb][mk_padding_divider size=\u00bb15&#8243;][vc_column_text animation=\u00bbfade-in\u00bb][\/vc_column_text][mk_fancy_title tag_name=\u00bbh4&#8243; color=\u00bb#007cb0&#8243; size=\u00bb36&#8243; force_font_size=\u00bbtrue\u00bb size_tablet=\u00bb30&#8243; font_weight=\u00bb500&#8243; txt_transform=\u00bbuppercase\u00bb font_family=\u00bbRaleway\u00bb font_type=\u00bbgoogle\u00bb responsive_align=\u00bbleft\u00bb animation=\u00bbtop-to-bottom\u00bb]Gesti\u00f3n de ecoparques[\/mk_fancy_title][vc_column_text]\n<p align=\"left\">Despu\u00e9s de reiterados incumplimientos y retrasos en la puesta en marcha de planes anteriores, el Consorcio de Residuos tiene en marcha un nuevo plan que define el mapa de ecoparques para las cinco comarcas. El mapa cuenta actualmente con 15 ecoparques fijos consorciados, o en proceso. Tambi\u00e9n incluye una propuesta con 11 ecoparques m\u00f3viles, con sus respectivas rutas que sirven de complemento a las instalaciones fijas.<\/p>\n<p align=\"left\">El nuevo plan de ecoparques se ha fijado un objetivo de 24 ecoparques para todo el territorio COR, de manera que el 99% de la poblaci\u00f3n dispondr\u00e1 de un ecoparque fijo en un radio de 6 km. Asimismo se pondr\u00e1 en marcha un sistema del tipo <em>mi cuenta ambiental<\/em>, que premiar\u00e1 a los ciudadanos m\u00e1s responsables seg\u00fan el principio <em>quien menos contamina, menos paga<\/em>.<\/p>\n[\/vc_column_text][\/vc_column_inner][\/vc_row_inner][\/vc_column][vc_column width=\u00bb1\/2&#8243;][vc_row_inner css=\u00bb.vc_custom_1488903425036{padding-bottom: 30px !important;}\u00bb][vc_column_inner el_class=\u00bbcaja\u00bb css=\u00bb.vc_custom_1488902764408{padding-top: 15px !important;padding-bottom: 15px !important;}\u00bb][mk_image src=\u00bbhttp:\/\/www.consorciresidus.org\/wp-content\/uploads\/2017\/03\/tractament-2.jpg\u00bb image_size=\u00bbfull\u00bb][mk_padding_divider size=\u00bb15&#8243;][vc_column_text animation=\u00bbfade-in\u00bb][\/vc_column_text][mk_fancy_title tag_name=\u00bbh4&#8243; color=\u00bb#007cb0&#8243; size=\u00bb36&#8243; force_font_size=\u00bbtrue\u00bb size_tablet=\u00bb30&#8243; font_weight=\u00bb500&#8243; txt_transform=\u00bbuppercase\u00bb font_family=\u00bbRaleway\u00bb font_type=\u00bbgoogle\u00bb responsive_align=\u00bbleft\u00bb animation=\u00bbtop-to-bottom\u00bb]Tratamiento[\/mk_fancy_title][vc_column_text]\n<p align=\"left\">Los residuos transportados a la planta son seleccionados y tratados de manera adecuado para evitar perjudicar el entorno. Lo m\u00e1s costoso del proces es la selecci\u00f3n de la fracci\u00f3n resto no selectivo, el contenedor verde oscuro. Es lo que se conoce como impropios. Es uno de los motivos por los cuales es tan importante separar adecuadamente todas las fracciones de residuos, utilizando correctamente los contenedores azul, verde y amarillo y la red de ecoparques.<\/p>\n<p align=\"left\">Desde la planta se destinan los residuos apropiados al reciclaje. En caso contrario, se procede a la eliminaci\u00f3n con el m\u00ednimo coste ambiental posible.<\/p>\n[\/vc_column_text][\/vc_column_inner][\/vc_row_inner][vc_row_inner css=\u00bb.vc_custom_1488903430447{padding-bottom: 30px !important;}\u00bb][vc_column_inner el_class=\u00bbcaja\u00bb css=\u00bb.vc_custom_1488902764408{padding-top: 15px !important;padding-bottom: 15px !important;}\u00bb][mk_image src=\u00bbhttp:\/\/www.consorciresidus.org\/wp-content\/uploads\/2017\/03\/eliminaci.jpg\u00bb image_size=\u00bbfull\u00bb][mk_padding_divider size=\u00bb15&#8243;][vc_column_text animation=\u00bbfade-in\u00bb][\/vc_column_text][mk_fancy_title tag_name=\u00bbh4&#8243; color=\u00bb#007cb0&#8243; size=\u00bb36&#8243; force_font_size=\u00bbtrue\u00bb size_tablet=\u00bb30&#8243; font_weight=\u00bb500&#8243; txt_transform=\u00bbuppercase\u00bb font_family=\u00bbRaleway\u00bb font_type=\u00bbgoogle\u00bb responsive_align=\u00bbleft\u00bb animation=\u00bbtop-to-bottom\u00bb]Eliminaci\u00f3n[\/mk_fancy_title][vc_column_text]\n<p align=\"left\">Los residuos urbanos que no pueden ser valorizados se eliminan de manera definitiva, con el m\u00ednimo impacto ambiental. La eliminaci\u00f3n se hace efectiva mediante dep\u00f3sito controlado en vertedero, en infraestructuras de eliminaci\u00f3n cuya ubicaci\u00f3n se escoge seg\u00fan criterios estrictos.<\/p>\n<p>La denominada como <em>vida \u00fatil<\/em> de los vertederos controlados es de veinte a\u00f1os. Una vez ha transcurrido este plazo, se procede al desmantelamiento de la instalaci\u00f3n y la clausura. Es el momento en que acaba la vida \u00fatil, se cubre y se recupera para uso p\u00fablico o espacio verde.[\/vc_column_text][\/vc_column_inner][\/vc_row_inner][vc_row_inner css=\u00bb.vc_custom_1488903430447{padding-bottom: 30px !important;}\u00bb][vc_column_inner el_class=\u00bbcaja-2&#8243; css=\u00bb.vc_custom_1488904151964{padding-top: 15px !important;padding-bottom: 15px !important;}\u00bb][mk_image src=\u00bbhttp:\/\/www.consorciresidus.org\/wp-content\/uploads\/2017\/03\/servei-recollida.jpg\u00bb image_size=\u00bbfull\u00bb][mk_padding_divider size=\u00bb15&#8243;][vc_column_text animation=\u00bbfade-in\u00bb][\/vc_column_text][mk_fancy_title tag_name=\u00bbh4&#8243; color=\u00bb#007cb0&#8243; size=\u00bb36&#8243; force_font_size=\u00bbtrue\u00bb size_tablet=\u00bb30&#8243; font_weight=\u00bb500&#8243; txt_transform=\u00bbuppercase\u00bb font_family=\u00bbRaleway\u00bb font_type=\u00bbgoogle\u00bb responsive_align=\u00bbleft\u00bb animation=\u00bbtop-to-bottom\u00bb]Servicio de recogida[\/mk_fancy_title][vc_column_text]Del servicio de recogida se encargan los ayuntamientos, as\u00ed como del transporte a la planta de transferencia. Ambos no son responsabilidad del Consorcio de Residuos. Es el motivo por el que la antigua tasa de residuos se ha desdoblado en dos: un recibo se paga al municipio, por el servicio de recogida, y otro al Consorcio por los servicios de transferencia, transporte, valorizaci\u00f3n y eliminaci\u00f3n de residuos s\u00f3lidos urbanos y gesti\u00f3n de ecoparques.<\/p>\n<p align=\"left\">Los contenedores de recogida selectiva (amarillo, azul y verde) son de Ecoembes y Ecovidrio, entidad sin \u00e1nimo de lucro en la que se agrupan los productores de envases en un SIG (Sistema Integrado de Gesti\u00f3n).<\/p>\n[\/vc_column_text][\/vc_column_inner][\/vc_row_inner][\/vc_column][\/mk_page_section]\n<div style=\"clear:both;\"><\/div>","protected":false},"excerpt":{"rendered":"<p>Servicios del COR. El Consorcio de encarga de la transferencia, transporte, valorizaci\u00f3n y eliminaci\u00f3n de residuos s\u00f3lidos urbanos, y gesti\u00f3n de ecoparques.<\/p>\n","protected":false},"author":1,"featured_media":0,"parent":0,"menu_order":0,"comment_status":"closed","ping_status":"closed","template":"","meta":{"footnotes":""},"class_list":["post-14701","page","type-page","status-publish","hentry"],"yoast_head":"<!-- This site is optimized with the Yoast SEO plugin v26.0 - https:\/\/yoast.com\/wordpress\/plugins\/seo\/ -->\n<title>Servicios del COR - Consorcio de Residuos V5 - COR<\/title>\n<meta name=\"description\" content=\"Servicios del COR. El Consorcio de encarga de la transferencia, transporte, valorizaci\u00f3n y eliminaci\u00f3n de residuos s\u00f3lidos urbanos, y gesti\u00f3n de ecoparques.\" \/>\n<meta name=\"robots\" content=\"index, follow, max-snippet:-1, max-image-preview:large, max-video-preview:-1\" \/>\n<link rel=\"canonical\" href=\"https:\/\/www.consorciresidus.org\/es\/servicios-del-cor\/\" \/>\n<meta property=\"og:locale\" content=\"es_ES\" \/>\n<meta property=\"og:type\" content=\"article\" \/>\n<meta property=\"og:title\" content=\"Servicios del COR\" \/>\n<meta property=\"og:description\" content=\"Servicios del COR. El Consorcio de encarga de la transferencia, transporte, valorizaci\u00f3n y eliminaci\u00f3n de residuos s\u00f3lidos urbanos, y gesti\u00f3n de ecoparques.\" \/>\n<meta property=\"og:url\" content=\"https:\/\/www.consorciresidus.org\/es\/servicios-del-cor\/\" \/>\n<meta property=\"og:site_name\" content=\"Consorcio de Residuos V5 - COR\" \/>\n<meta property=\"article:modified_time\" content=\"2017-06-27T08:39:53+00:00\" \/>\n<meta property=\"og:image\" content=\"https:\/\/www.consorciresidus.org\/wp-content\/uploads\/2016\/12\/logo-2.jpg\" \/>\n\t<meta property=\"og:image:width\" content=\"390\" \/>\n\t<meta property=\"og:image:height\" content=\"191\" \/>\n\t<meta property=\"og:image:type\" content=\"image\/jpeg\" \/>\n<meta name=\"twitter:card\" content=\"summary_large_image\" \/>\n<meta name=\"twitter:title\" content=\"Servicios del COR\" \/>\n<meta name=\"twitter:description\" content=\"Servicios del COR. El Consorcio de encarga de la transferencia, transporte, valorizaci\u00f3n y eliminaci\u00f3n de residuos s\u00f3lidos urbanos, y gesti\u00f3n de ecoparques.\" \/>\n<meta name=\"twitter:image\" content=\"https:\/\/www.consorciresidus.org\/wp-content\/uploads\/2016\/12\/logo-2.jpg\" \/>\n<meta name=\"twitter:label1\" content=\"Tiempo de lectura\" \/>\n\t<meta name=\"twitter:data1\" content=\"7 minutos\" \/>\n<script type=\"application\/ld+json\" class=\"yoast-schema-graph\">{\"@context\":\"https:\/\/schema.org\",\"@graph\":[{\"@type\":\"WebPage\",\"@id\":\"https:\/\/www.consorciresidus.org\/es\/servicios-del-cor\/\",\"url\":\"https:\/\/www.consorciresidus.org\/es\/servicios-del-cor\/\",\"name\":\"Servicios del COR - Consorcio de Residuos V5 - COR\",\"isPartOf\":{\"@id\":\"https:\/\/www.consorciresidus.org\/#website\"},\"datePublished\":\"2017-03-07T10:51:34+00:00\",\"dateModified\":\"2017-06-27T08:39:53+00:00\",\"description\":\"Servicios del COR. El Consorcio de encarga de la transferencia, transporte, valorizaci\u00f3n y eliminaci\u00f3n de residuos s\u00f3lidos urbanos, y gesti\u00f3n de ecoparques.\",\"inLanguage\":\"es\",\"potentialAction\":[{\"@type\":\"ReadAction\",\"target\":[\"https:\/\/www.consorciresidus.org\/es\/servicios-del-cor\/\"]}]},{\"@type\":\"WebSite\",\"@id\":\"https:\/\/www.consorciresidus.org\/#website\",\"url\":\"https:\/\/www.consorciresidus.org\/\",\"name\":\"Consorcio de Residuos V5 - COR\",\"description\":\"Consorcio para la gesti\u00f3n de residuos\",\"potentialAction\":[{\"@type\":\"SearchAction\",\"target\":{\"@type\":\"EntryPoint\",\"urlTemplate\":\"https:\/\/www.consorciresidus.org\/?s={search_term_string}\"},\"query-input\":{\"@type\":\"PropertyValueSpecification\",\"valueRequired\":true,\"valueName\":\"search_term_string\"}}],\"inLanguage\":\"es\"}]}<\/script>\n<!-- \/ Yoast SEO plugin. -->","yoast_head_json":{"title":"Servicios del COR - Consorcio de Residuos V5 - COR","description":"Servicios del COR. El Consorcio de encarga de la transferencia, transporte, valorizaci\u00f3n y eliminaci\u00f3n de residuos s\u00f3lidos urbanos, y gesti\u00f3n de ecoparques.","robots":{"index":"index","follow":"follow","max-snippet":"max-snippet:-1","max-image-preview":"max-image-preview:large","max-video-preview":"max-video-preview:-1"},"canonical":"https:\/\/www.consorciresidus.org\/es\/servicios-del-cor\/","og_locale":"es_ES","og_type":"article","og_title":"Servicios del COR","og_description":"Servicios del COR. El Consorcio de encarga de la transferencia, transporte, valorizaci\u00f3n y eliminaci\u00f3n de residuos s\u00f3lidos urbanos, y gesti\u00f3n de ecoparques.","og_url":"https:\/\/www.consorciresidus.org\/es\/servicios-del-cor\/","og_site_name":"Consorcio de Residuos V5 - COR","article_modified_time":"2017-06-27T08:39:53+00:00","og_image":[{"width":390,"height":191,"url":"https:\/\/www.consorciresidus.org\/wp-content\/uploads\/2016\/12\/logo-2.jpg","type":"image\/jpeg"}],"twitter_card":"summary_large_image","twitter_title":"Servicios del COR","twitter_description":"Servicios del COR. El Consorcio de encarga de la transferencia, transporte, valorizaci\u00f3n y eliminaci\u00f3n de residuos s\u00f3lidos urbanos, y gesti\u00f3n de ecoparques.","twitter_image":"https:\/\/www.consorciresidus.org\/wp-content\/uploads\/2016\/12\/logo-2.jpg","twitter_misc":{"Tiempo de lectura":"7 minutos"},"schema":{"@context":"https:\/\/schema.org","@graph":[{"@type":"WebPage","@id":"https:\/\/www.consorciresidus.org\/es\/servicios-del-cor\/","url":"https:\/\/www.consorciresidus.org\/es\/servicios-del-cor\/","name":"Servicios del COR - Consorcio de Residuos V5 - COR","isPartOf":{"@id":"https:\/\/www.consorciresidus.org\/#website"},"datePublished":"2017-03-07T10:51:34+00:00","dateModified":"2017-06-27T08:39:53+00:00","description":"Servicios del COR. El Consorcio de encarga de la transferencia, transporte, valorizaci\u00f3n y eliminaci\u00f3n de residuos s\u00f3lidos urbanos, y gesti\u00f3n de ecoparques.","inLanguage":"es","potentialAction":[{"@type":"ReadAction","target":["https:\/\/www.consorciresidus.org\/es\/servicios-del-cor\/"]}]},{"@type":"WebSite","@id":"https:\/\/www.consorciresidus.org\/#website","url":"https:\/\/www.consorciresidus.org\/","name":"Consorcio de Residuos V5 - COR","description":"Consorcio para la gesti\u00f3n de residuos","potentialAction":[{"@type":"SearchAction","target":{"@type":"EntryPoint","urlTemplate":"https:\/\/www.consorciresidus.org\/?s={search_term_string}"},"query-input":{"@type":"PropertyValueSpecification","valueRequired":true,"valueName":"search_term_string"}}],"inLanguage":"es"}]}},"_links":{"self":[{"href":"https:\/\/www.consorciresidus.org\/es\/wp-json\/wp\/v2\/pages\/14701","targetHints":{"allow":["GET"]}}],"collection":[{"href":"https:\/\/www.consorciresidus.org\/es\/wp-json\/wp\/v2\/pages"}],"about":[{"href":"https:\/\/www.consorciresidus.org\/es\/wp-json\/wp\/v2\/types\/page"}],"author":[{"embeddable":true,"href":"https:\/\/www.consorciresidus.org\/es\/wp-json\/wp\/v2\/users\/1"}],"replies":[{"embeddable":true,"href":"https:\/\/www.consorciresidus.org\/es\/wp-json\/wp\/v2\/comments?post=14701"}],"version-history":[{"count":6,"href":"https:\/\/www.consorciresidus.org\/es\/wp-json\/wp\/v2\/pages\/14701\/revisions"}],"predecessor-version":[{"id":18270,"href":"https:\/\/www.consorciresidus.org\/es\/wp-json\/wp\/v2\/pages\/14701\/revisions\/18270"}],"wp:attachment":[{"href":"https:\/\/www.consorciresidus.org\/es\/wp-json\/wp\/v2\/media?parent=14701"}],"curies":[{"name":"wp","href":"https:\/\/api.w.org\/{rel}","templated":true}]}}