 



{"id":14705,"date":"2017-03-02T17:05:48","date_gmt":"2017-03-02T17:05:48","guid":{"rendered":"https:\/\/www.consorciresidus.org\/residus-especials\/"},"modified":"2017-05-05T08:03:20","modified_gmt":"2017-05-05T08:03:20","slug":"residuos-especiales","status":"publish","type":"page","link":"https:\/\/www.consorciresidus.org\/es\/residuo-a-tu-lugar\/residuos-especiales\/","title":{"rendered":"Residuos especiales"},"content":{"rendered":"[mk_page_section sidebar=\u00bbsidebar-1&#8243;][vc_column css=\u00bb.vc_custom_1488279934958{padding-top: 60px !important;}\u00bb][vc_single_image image=\u00bb12311&#8243; img_size=\u00bbfull\u00bb alignment=\u00bbcenter\u00bb][mk_ornamental_title tag_name=\u00bbh3&#8243; font_family=\u00bbRaleway\u00bb font_type=\u00bbgoogle\u00bb font_size=\u00bb35&#8243; font_weight=\u00bb400&#8243; ornament_style=\u00bbnorman-single\u00bb ornament_color=\u00bb#c4c4c4&#8243; margin_top=\u00bb-15&#8243;]Residuos especiales[\/mk_ornamental_title][vc_column_text margin_bottom=\u00bb60&#8243;]Los contenedores de medicamentos y sus envases se encuentran en el interior de las farmacias. Los contenedores de pilas en las tiendas de electr\u00f3nica, de fotograf\u00eda y aparatos electr\u00f3nicos, centros comerciales\u2026[\/vc_column_text][vc_row_inner css=\u00bb.vc_custom_1488280228065{padding-bottom: 50px !important;}\u00bb][vc_column_inner]<div class=\"woocommerce columns-4 \"><div class=\"mk-product-loop compact-layout grid--float\">\n\t<section class=\"products mk--row js-el\" data-grid-config='{\"item\":\".product\"}' data-mk-component=\"Grid\">\n\n<article class=\"item mk--col mk--col--3-12 product type-product post-17412 status-publish instock product_cat-residuos-especiales has-post-thumbnail virtual product-type-simple\">\n<div class=\"mk-product-holder\">\n\t\t<div class=\"product-loop-thumb\">\n\t\t<a href=\"https:\/\/www.consorciresidus.org\/es\/producto\/fibrocimento\/\" class=\"product-link\"><img decoding=\"async\" src=\"https:\/\/www.consorciresidus.org\/wp-content\/uploads\/bfi_thumb\/dummy-transparent-o5egcn77qq7cu4qribqxa8unkvgj1takj3lo56e4nk.png\" data-mk-image-src-set='{\"default\":\"https:\/\/www.consorciresidus.org\/wp-content\/uploads\/bfi_thumb\/fibrociment-n9aiszobg956ykn77p28jdaa0nmf9wsb2adlmma8sw.jpg\",\"2x\":\"https:\/\/www.consorciresidus.org\/wp-content\/uploads\/bfi_thumb\/fibrociment-n9aiszoex8ojns5p3xnhb5j3naxzverlmfs6flllpc.jpg\",\"mobile\":\"\",\"responsive\":\"true\"}' class=\"product-loop-image\" alt=\"Fibrocimento\" title=\"Fibrocimento\" itemprop=\"image\" \/><span class=\"product-loading-icon added-cart\"><\/span><\/a>\t\n\t<\/div>\n\t<a href=\"https:\/\/www.consorciresidus.org\/es\/producto\/fibrocimento\/\" class=\"woocommerce-LoopProduct-link woocommerce-loop-product__link\">\n\t\t<div class=\"mk-shop-item-detail\">\n\t\t\t<h3 class=\"product-title\"><a href=\"https:\/\/www.consorciresidus.org\/es\/producto\/fibrocimento\/\">Fibrocimento<\/a><\/h3>\n\t\t\t\n\t\t\t\t\t<\/div>\n<\/div>\n<\/article>\n\n<article class=\"item mk--col mk--col--3-12 product type-product post-16535 status-publish last instock product_cat-residuos-especiales has-post-thumbnail virtual product-type-simple\">\n<div class=\"mk-product-holder\">\n\t\t<div class=\"product-loop-thumb\">\n\t\t<a href=\"https:\/\/www.consorciresidus.org\/es\/producto\/pilas\/\" class=\"product-link\"><img decoding=\"async\" src=\"https:\/\/www.consorciresidus.org\/wp-content\/uploads\/bfi_thumb\/dummy-transparent-o5egcn77qq7cu4qribqxa8unkvgj1takj3lo56e4nk.png\" data-mk-image-src-set='{\"default\":\"https:\/\/www.consorciresidus.org\/wp-content\/uploads\/bfi_thumb\/piles-1-n4znc7pk1j0av4ym7rjlajqw9j2fpr3fqhbjmn1t74.jpg\",\"2x\":\"https:\/\/www.consorciresidus.org\/wp-content\/uploads\/bfi_thumb\/piles-1-n4znc7pniijnkch4404u2bzpw6e0b92qamq4fmd63k.jpg\",\"mobile\":\"\",\"responsive\":\"true\"}' class=\"product-loop-image\" alt=\"Pilas\" title=\"Pilas\" itemprop=\"image\" \/><span class=\"product-loading-icon added-cart\"><\/span><\/a>\t\n\t<\/div>\n\t<a href=\"https:\/\/www.consorciresidus.org\/es\/producto\/pilas\/\" class=\"woocommerce-LoopProduct-link woocommerce-loop-product__link\">\n\t\t<div class=\"mk-shop-item-detail\">\n\t\t\t<h3 class=\"product-title\"><a href=\"https:\/\/www.consorciresidus.org\/es\/producto\/pilas\/\">Pilas<\/a><\/h3>\n\t\t\t\n\t\t\t\t\t<\/div>\n<\/div>\n<\/article>\n\n<article class=\"item mk--col mk--col--3-12 product type-product post-16529 status-publish instock product_cat-residuos-especiales has-post-thumbnail virtual product-type-simple\">\n<div class=\"mk-product-holder\">\n\t\t<div class=\"product-loop-thumb\">\n\t\t<a href=\"https:\/\/www.consorciresidus.org\/es\/producto\/medicamentos\/\" class=\"product-link\"><img decoding=\"async\" src=\"https:\/\/www.consorciresidus.org\/wp-content\/uploads\/bfi_thumb\/dummy-transparent-o5egcn77qq7cu4qribqxa8unkvgj1takj3lo56e4nk.png\" data-mk-image-src-set='{\"default\":\"https:\/\/www.consorciresidus.org\/wp-content\/uploads\/bfi_thumb\/medicaments-n50xymavhom9wuzfi9jik0be4af6548xttdv3mgmq8.jpg\",\"2x\":\"https:\/\/www.consorciresidus.org\/wp-content\/uploads\/bfi_thumb\/medicaments-n50xymayyo5mm2hxei4rbsk7qxqqqm88dysfwlrzmo.jpg\",\"mobile\":\"\",\"responsive\":\"true\"}' class=\"product-loop-image\" alt=\"Medicamentos\" title=\"Medicamentos\" itemprop=\"image\" \/><span class=\"product-loading-icon added-cart\"><\/span><\/a>\t\n\t<\/div>\n\t<a href=\"https:\/\/www.consorciresidus.org\/es\/producto\/medicamentos\/\" class=\"woocommerce-LoopProduct-link woocommerce-loop-product__link\">\n\t\t<div class=\"mk-shop-item-detail\">\n\t\t\t<h3 class=\"product-title\"><a href=\"https:\/\/www.consorciresidus.org\/es\/producto\/medicamentos\/\">Medicamentos<\/a><\/h3>\n\t\t\t\n\t\t\t\t\t<\/div>\n<\/div>\n<\/article>\n\t<\/section>\n<\/div>\n<\/div>[\/vc_column_inner][\/vc_row_inner][\/vc_column][\/mk_page_section][vc_row fullwidth=\u00bbtrue\u00bb fullwidth_content=\u00bbfalse\u00bb css=\u00bb.vc_custom_1488553782620{border-top-width: 1px !important;border-bottom-width: 1px !important;padding-top: 30px !important;padding-bottom: 15px !important;background-color: #e8eef2 !important;border-top-color: #bcced9 !important;border-top-style: solid !important;border-bottom-color: #bcced9 !important;border-bottom-style: solid !important;}\u00bb][vc_column width=\u00bb1\/6&#8243;][\/vc_column][vc_column width=\u00bb2\/3&#8243;][mk_custom_sidebar sidebar=\u00bbsidebar-5&#8243;][\/vc_column][vc_column width=\u00bb1\/6&#8243;][\/vc_column][\/vc_row]\n<div style=\"clear:both;\"><\/div>","protected":false},"excerpt":{"rendered":"<p>[mk_page_section sidebar=\u00bbsidebar-1&#8243;][vc_column css=\u00bb.vc_custom_1488279934958{padding-top: 60px !important;}\u00bb][vc_single_image image=\u00bb12311&#8243; img_size=\u00bbfull\u00bb alignment=\u00bbcenter\u00bb][mk_ornamental_title tag_name=\u00bbh3&#8243; font_family=\u00bbRaleway\u00bb font_type=\u00bbgoogle\u00bb font_size=\u00bb35&#8243; font_weight=\u00bb400&#8243; ornament_style=\u00bbnorman-single\u00bb ornament_color=\u00bb#c4c4c4&#8243; margin_top=\u00bb-15&#8243;]Residuos especiales[\/mk_ornamental_title][vc_column_text margin_bottom=\u00bb60&#8243;]Los contenedores de medicamentos y sus envases se encuentran [&hellip;]<\/p>\n","protected":false},"author":1,"featured_media":0,"parent":14718,"menu_order":0,"comment_status":"closed","ping_status":"closed","template":"","meta":{"footnotes":""},"class_list":["post-14705","page","type-page","status-publish","hentry"],"yoast_head":"<!-- This site is optimized with the Yoast SEO plugin v26.0 - https:\/\/yoast.com\/wordpress\/plugins\/seo\/ -->\n<title>Residuos especiales - Consorcio de Residuos V5 - COR<\/title>\n<meta name=\"robots\" content=\"index, follow, max-snippet:-1, max-image-preview:large, max-video-preview:-1\" \/>\n<link rel=\"canonical\" href=\"https:\/\/www.consorciresidus.org\/es\/residuo-a-tu-lugar\/residuos-especiales\/\" \/>\n<meta property=\"og:locale\" content=\"es_ES\" \/>\n<meta property=\"og:type\" content=\"article\" \/>\n<meta property=\"og:title\" content=\"Residuos especiales - Consorcio de Residuos V5 - COR\" \/>\n<meta property=\"og:description\" content=\"[mk_page_section sidebar=\u00bbsidebar-1&#8243;][vc_column css=\u00bb.vc_custom_1488279934958{padding-top: 60px !important;}\u00bb][vc_single_image image=\u00bb12311&#8243; img_size=\u00bbfull\u00bb alignment=\u00bbcenter\u00bb][mk_ornamental_title tag_name=\u00bbh3&#8243; font_family=\u00bbRaleway\u00bb font_type=\u00bbgoogle\u00bb font_size=\u00bb35&#8243; font_weight=\u00bb400&#8243; ornament_style=\u00bbnorman-single\u00bb ornament_color=\u00bb#c4c4c4&#8243; margin_top=\u00bb-15&#8243;]Residuos especiales[\/mk_ornamental_title][vc_column_text margin_bottom=\u00bb60&#8243;]Los contenedores de medicamentos y sus envases se encuentran [&hellip;]\" \/>\n<meta property=\"og:url\" content=\"https:\/\/www.consorciresidus.org\/es\/residuo-a-tu-lugar\/residuos-especiales\/\" \/>\n<meta property=\"og:site_name\" content=\"Consorcio de Residuos V5 - COR\" \/>\n<meta property=\"article:modified_time\" content=\"2017-05-05T08:03:20+00:00\" \/>\n<meta name=\"twitter:card\" content=\"summary_large_image\" \/>\n<meta name=\"twitter:label1\" content=\"Tiempo de lectura\" \/>\n\t<meta name=\"twitter:data1\" content=\"1 minuto\" \/>\n<script type=\"application\/ld+json\" class=\"yoast-schema-graph\">{\"@context\":\"https:\/\/schema.org\",\"@graph\":[{\"@type\":\"WebPage\",\"@id\":\"https:\/\/www.consorciresidus.org\/es\/residuo-a-tu-lugar\/residuos-especiales\/\",\"url\":\"https:\/\/www.consorciresidus.org\/es\/residuo-a-tu-lugar\/residuos-especiales\/\",\"name\":\"Residuos especiales - Consorcio de Residuos V5 - COR\",\"isPartOf\":{\"@id\":\"https:\/\/www.consorciresidus.org\/#website\"},\"datePublished\":\"2017-03-02T17:05:48+00:00\",\"dateModified\":\"2017-05-05T08:03:20+00:00\",\"breadcrumb\":{\"@id\":\"https:\/\/www.consorciresidus.org\/es\/residuo-a-tu-lugar\/residuos-especiales\/#breadcrumb\"},\"inLanguage\":\"es\",\"potentialAction\":[{\"@type\":\"ReadAction\",\"target\":[\"https:\/\/www.consorciresidus.org\/es\/residuo-a-tu-lugar\/residuos-especiales\/\"]}]},{\"@type\":\"BreadcrumbList\",\"@id\":\"https:\/\/www.consorciresidus.org\/es\/residuo-a-tu-lugar\/residuos-especiales\/#breadcrumb\",\"itemListElement\":[{\"@type\":\"ListItem\",\"position\":1,\"name\":\"Residuo a tu lugar\",\"item\":\"https:\/\/www.consorciresidus.org\/es\/residuo-a-tu-lugar\/\"},{\"@type\":\"ListItem\",\"position\":2,\"name\":\"Residuos especiales\"}]},{\"@type\":\"WebSite\",\"@id\":\"https:\/\/www.consorciresidus.org\/#website\",\"url\":\"https:\/\/www.consorciresidus.org\/\",\"name\":\"Consorcio de Residuos V5 - COR\",\"description\":\"Consorcio para la gesti\u00f3n de residuos\",\"potentialAction\":[{\"@type\":\"SearchAction\",\"target\":{\"@type\":\"EntryPoint\",\"urlTemplate\":\"https:\/\/www.consorciresidus.org\/?s={search_term_string}\"},\"query-input\":{\"@type\":\"PropertyValueSpecification\",\"valueRequired\":true,\"valueName\":\"search_term_string\"}}],\"inLanguage\":\"es\"}]}<\/script>\n<!-- \/ Yoast SEO plugin. -->","yoast_head_json":{"title":"Residuos especiales - Consorcio de Residuos V5 - COR","robots":{"index":"index","follow":"follow","max-snippet":"max-snippet:-1","max-image-preview":"max-image-preview:large","max-video-preview":"max-video-preview:-1"},"canonical":"https:\/\/www.consorciresidus.org\/es\/residuo-a-tu-lugar\/residuos-especiales\/","og_locale":"es_ES","og_type":"article","og_title":"Residuos especiales - Consorcio de Residuos V5 - COR","og_description":"[mk_page_section sidebar=\u00bbsidebar-1&#8243;][vc_column css=\u00bb.vc_custom_1488279934958{padding-top: 60px !important;}\u00bb][vc_single_image image=\u00bb12311&#8243; img_size=\u00bbfull\u00bb alignment=\u00bbcenter\u00bb][mk_ornamental_title tag_name=\u00bbh3&#8243; font_family=\u00bbRaleway\u00bb font_type=\u00bbgoogle\u00bb font_size=\u00bb35&#8243; font_weight=\u00bb400&#8243; ornament_style=\u00bbnorman-single\u00bb ornament_color=\u00bb#c4c4c4&#8243; margin_top=\u00bb-15&#8243;]Residuos especiales[\/mk_ornamental_title][vc_column_text margin_bottom=\u00bb60&#8243;]Los contenedores de medicamentos y sus envases se encuentran [&hellip;]","og_url":"https:\/\/www.consorciresidus.org\/es\/residuo-a-tu-lugar\/residuos-especiales\/","og_site_name":"Consorcio de Residuos V5 - COR","article_modified_time":"2017-05-05T08:03:20+00:00","twitter_card":"summary_large_image","twitter_misc":{"Tiempo de lectura":"1 minuto"},"schema":{"@context":"https:\/\/schema.org","@graph":[{"@type":"WebPage","@id":"https:\/\/www.consorciresidus.org\/es\/residuo-a-tu-lugar\/residuos-especiales\/","url":"https:\/\/www.consorciresidus.org\/es\/residuo-a-tu-lugar\/residuos-especiales\/","name":"Residuos especiales - Consorcio de Residuos V5 - COR","isPartOf":{"@id":"https:\/\/www.consorciresidus.org\/#website"},"datePublished":"2017-03-02T17:05:48+00:00","dateModified":"2017-05-05T08:03:20+00:00","breadcrumb":{"@id":"https:\/\/www.consorciresidus.org\/es\/residuo-a-tu-lugar\/residuos-especiales\/#breadcrumb"},"inLanguage":"es","potentialAction":[{"@type":"ReadAction","target":["https:\/\/www.consorciresidus.org\/es\/residuo-a-tu-lugar\/residuos-especiales\/"]}]},{"@type":"BreadcrumbList","@id":"https:\/\/www.consorciresidus.org\/es\/residuo-a-tu-lugar\/residuos-especiales\/#breadcrumb","itemListElement":[{"@type":"ListItem","position":1,"name":"Residuo a tu lugar","item":"https:\/\/www.consorciresidus.org\/es\/residuo-a-tu-lugar\/"},{"@type":"ListItem","position":2,"name":"Residuos especiales"}]},{"@type":"WebSite","@id":"https:\/\/www.consorciresidus.org\/#website","url":"https:\/\/www.consorciresidus.org\/","name":"Consorcio de Residuos V5 - COR","description":"Consorcio para la gesti\u00f3n de residuos","potentialAction":[{"@type":"SearchAction","target":{"@type":"EntryPoint","urlTemplate":"https:\/\/www.consorciresidus.org\/?s={search_term_string}"},"query-input":{"@type":"PropertyValueSpecification","valueRequired":true,"valueName":"search_term_string"}}],"inLanguage":"es"}]}},"_links":{"self":[{"href":"https:\/\/www.consorciresidus.org\/es\/wp-json\/wp\/v2\/pages\/14705","targetHints":{"allow":["GET"]}}],"collection":[{"href":"https:\/\/www.consorciresidus.org\/es\/wp-json\/wp\/v2\/pages"}],"about":[{"href":"https:\/\/www.consorciresidus.org\/es\/wp-json\/wp\/v2\/types\/page"}],"author":[{"embeddable":true,"href":"https:\/\/www.consorciresidus.org\/es\/wp-json\/wp\/v2\/users\/1"}],"replies":[{"embeddable":true,"href":"https:\/\/www.consorciresidus.org\/es\/wp-json\/wp\/v2\/comments?post=14705"}],"version-history":[{"count":4,"href":"https:\/\/www.consorciresidus.org\/es\/wp-json\/wp\/v2\/pages\/14705\/revisions"}],"predecessor-version":[{"id":16649,"href":"https:\/\/www.consorciresidus.org\/es\/wp-json\/wp\/v2\/pages\/14705\/revisions\/16649"}],"up":[{"embeddable":true,"href":"https:\/\/www.consorciresidus.org\/es\/wp-json\/wp\/v2\/pages\/14718"}],"wp:attachment":[{"href":"https:\/\/www.consorciresidus.org\/es\/wp-json\/wp\/v2\/media?parent=14705"}],"curies":[{"name":"wp","href":"https:\/\/api.w.org\/{rel}","templated":true}]}}