 



{"id":14717,"date":"2017-02-28T14:37:56","date_gmt":"2017-02-28T14:37:56","guid":{"rendered":"https:\/\/www.consorciresidus.org\/contenidor-blau\/"},"modified":"2017-05-05T07:58:10","modified_gmt":"2017-05-05T07:58:10","slug":"contenedor-azul","status":"publish","type":"page","link":"https:\/\/www.consorciresidus.org\/es\/residuo-a-tu-lugar\/contenedor-azul\/","title":{"rendered":"Contenedor azul"},"content":{"rendered":"[mk_page_section sidebar=\u00bbsidebar-1&#8243;][vc_column css=\u00bb.vc_custom_1488279934958{padding-top: 60px !important;}\u00bb][vc_single_image image=\u00bb12280&#8243; img_size=\u00bbfull\u00bb alignment=\u00bbcenter\u00bb][mk_ornamental_title tag_name=\u00bbh3&#8243; font_family=\u00bbRaleway\u00bb font_type=\u00bbgoogle\u00bb font_size=\u00bb35&#8243; font_weight=\u00bb400&#8243; ornament_style=\u00bbnorman-single\u00bb ornament_color=\u00bb#c4c4c4&#8243; margin_top=\u00bb-15&#8243;]Contenedor\u00a0azul[\/mk_ornamental_title][vc_column_text margin_bottom=\u00bb60&#8243;]En la fracci\u00f3n de papel y cart\u00f3n depositamos folios, papeles, cartas y sobres. Peri\u00f3dicos, revistas y cajas de cart\u00f3n, como cajas de huevos, de cereales, de galletas, de zapatos, etc. Hay que evitar espirales, clips y grapas.[\/vc_column_text][vc_row_inner css=\u00bb.vc_custom_1488280228065{padding-bottom: 50px !important;}\u00bb][vc_column_inner]<div class=\"woocommerce columns-4 \"><div class=\"mk-product-loop compact-layout grid--float\">\n\t<section class=\"products mk--row js-el\" data-grid-config='{\"item\":\".product\"}' data-mk-component=\"Grid\">\n\n<article class=\"item mk--col mk--col--3-12 product type-product post-16542 status-publish instock product_cat-azul has-post-thumbnail shipping-taxable product-type-simple\">\n<div class=\"mk-product-holder\">\n\t\t<div class=\"product-loop-thumb\">\n\t\t<a href=\"https:\/\/www.consorciresidus.org\/es\/producto\/caja-de-carton\/\" class=\"product-link\"><img decoding=\"async\" src=\"https:\/\/www.consorciresidus.org\/wp-content\/uploads\/bfi_thumb\/dummy-transparent-o5egcn77qq7cu4qribqxa8unkvgj1takj3lo56e4nk.png\" data-mk-image-src-set='{\"default\":\"https:\/\/www.consorciresidus.org\/wp-content\/uploads\/bfi_thumb\/caixa-cartro-n4zlh08zdz08qul0nppw0iaf7qbncuachu3qcep634.jpg\",\"2x\":\"https:\/\/www.consorciresidus.org\/wp-content\/uploads\/bfi_thumb\/caixa-cartro-n4zlh092uyjlg23ijyb4saj8udn7yc9n1zib5e0izk.jpg\",\"mobile\":\"\",\"responsive\":\"true\"}' class=\"product-loop-image\" alt=\"Caja de cart\u00f3n\" title=\"Caja de cart\u00f3n\" itemprop=\"image\" \/><span class=\"product-loading-icon added-cart\"><\/span><\/a>\t\n\t<\/div>\n\t<a href=\"https:\/\/www.consorciresidus.org\/es\/producto\/caja-de-carton\/\" class=\"woocommerce-LoopProduct-link woocommerce-loop-product__link\">\n\t\t<div class=\"mk-shop-item-detail\">\n\t\t\t<h3 class=\"product-title\"><a href=\"https:\/\/www.consorciresidus.org\/es\/producto\/caja-de-carton\/\">Caja de cart\u00f3n<\/a><\/h3>\n\t\t\t\n\t\t\t\t\t<\/div>\n<\/div>\n<\/article>\n\n<article class=\"item mk--col mk--col--3-12 product type-product post-16474 status-publish last instock product_cat-azul has-post-thumbnail shipping-taxable product-type-simple\">\n<div class=\"mk-product-holder\">\n\t\t<div class=\"product-loop-thumb\">\n\t\t<a href=\"https:\/\/www.consorciresidus.org\/es\/producto\/folios-de-papel\/\" class=\"product-link\"><img decoding=\"async\" src=\"https:\/\/www.consorciresidus.org\/wp-content\/uploads\/bfi_thumb\/dummy-transparent-o5egcn77qq7cu4qribqxa8unkvgj1takj3lo56e4nk.png\" data-mk-image-src-set='{\"default\":\"https:\/\/www.consorciresidus.org\/wp-content\/uploads\/bfi_thumb\/fulls-paper-n7p0amu9k7r4hjrkv2xljv3bohp07eoebodjop1r80.jpg\",\"2x\":\"https:\/\/www.consorciresidus.org\/wp-content\/uploads\/bfi_thumb\/fulls-paper-n7p0amud17ah6ra2rbiubnc5b50kswnovts4hod44g.jpg\",\"mobile\":\"\",\"responsive\":\"true\"}' class=\"product-loop-image\" alt=\"Folios de papel\" title=\"Folios de papel\" itemprop=\"image\" \/><span class=\"product-loading-icon added-cart\"><\/span><\/a>\t\n\t<\/div>\n\t<a href=\"https:\/\/www.consorciresidus.org\/es\/producto\/folios-de-papel\/\" class=\"woocommerce-LoopProduct-link woocommerce-loop-product__link\">\n\t\t<div class=\"mk-shop-item-detail\">\n\t\t\t<h3 class=\"product-title\"><a href=\"https:\/\/www.consorciresidus.org\/es\/producto\/folios-de-papel\/\">Folios de papel<\/a><\/h3>\n\t\t\t\n\t\t\t\t\t<\/div>\n<\/div>\n<\/article>\n\n<article class=\"item mk--col mk--col--3-12 product type-product post-16543 status-publish instock product_cat-azul has-post-thumbnail shipping-taxable product-type-simple\">\n<div class=\"mk-product-holder\">\n\t\t<div class=\"product-loop-thumb\">\n\t\t<a href=\"https:\/\/www.consorciresidus.org\/es\/producto\/hojas-de-periodico\/\" class=\"product-link\"><img decoding=\"async\" src=\"https:\/\/www.consorciresidus.org\/wp-content\/uploads\/bfi_thumb\/dummy-transparent-o5egcn77qq7cu4qribqxa8unkvgj1takj3lo56e4nk.png\" data-mk-image-src-set='{\"default\":\"https:\/\/www.consorciresidus.org\/wp-content\/uploads\/bfi_thumb\/diaris-n50y3mrvxvhbtzpa8fjvuqrw69pn705eimn38r11jk.jpg\",\"2x\":\"https:\/\/www.consorciresidus.org\/wp-content\/uploads\/bfi_thumb\/diaris-n50y3mrzev0oj77s4o54mj0psx17si4p2s1o1qceg0.jpg\",\"mobile\":\"\",\"responsive\":\"true\"}' class=\"product-loop-image\" alt=\"Hojas de peri\u00f3dico\" title=\"Hojas de peri\u00f3dico\" itemprop=\"image\" \/><span class=\"product-loading-icon added-cart\"><\/span><\/a>\t\n\t<\/div>\n\t<a href=\"https:\/\/www.consorciresidus.org\/es\/producto\/hojas-de-periodico\/\" class=\"woocommerce-LoopProduct-link woocommerce-loop-product__link\">\n\t\t<div class=\"mk-shop-item-detail\">\n\t\t\t<h3 class=\"product-title\"><a href=\"https:\/\/www.consorciresidus.org\/es\/producto\/hojas-de-periodico\/\">Hojas de peri\u00f3dico<\/a><\/h3>\n\t\t\t\n\t\t\t\t\t<\/div>\n<\/div>\n<\/article>\n\n<article class=\"item mk--col mk--col--3-12 product type-product post-16528 status-publish last instock product_cat-azul has-post-thumbnail shipping-taxable product-type-simple\">\n<div class=\"mk-product-holder\">\n\t\t<div class=\"product-loop-thumb\">\n\t\t<a href=\"https:\/\/www.consorciresidus.org\/es\/producto\/revistas\/\" class=\"product-link\"><img decoding=\"async\" src=\"https:\/\/www.consorciresidus.org\/wp-content\/uploads\/bfi_thumb\/dummy-transparent-o5egcn77qq7cu4qribqxa8unkvgj1takj3lo56e4nk.png\" data-mk-image-src-set='{\"default\":\"https:\/\/www.consorciresidus.org\/wp-content\/uploads\/bfi_thumb\/revistes-n50yji9rd57nwwn5jal1yqk5cjgt6z67d7ab0zhogg.jpg\",\"2x\":\"https:\/\/www.consorciresidus.org\/wp-content\/uploads\/bfi_thumb\/revistes-n50yji9uu4r0m45nfj6aqisyz6sdsh5hxcovtyt1cw.jpg\",\"mobile\":\"\",\"responsive\":\"true\"}' class=\"product-loop-image\" alt=\"Revistas\" title=\"Revistas\" itemprop=\"image\" \/><span class=\"product-loading-icon added-cart\"><\/span><\/a>\t\n\t<\/div>\n\t<a href=\"https:\/\/www.consorciresidus.org\/es\/producto\/revistas\/\" class=\"woocommerce-LoopProduct-link woocommerce-loop-product__link\">\n\t\t<div class=\"mk-shop-item-detail\">\n\t\t\t<h3 class=\"product-title\"><a href=\"https:\/\/www.consorciresidus.org\/es\/producto\/revistas\/\">Revistas<\/a><\/h3>\n\t\t\t\n\t\t\t\t\t<\/div>\n<\/div>\n<\/article>\n\n<article class=\"item mk--col mk--col--3-12 product type-product post-16168 status-publish instock product_cat-azul has-post-thumbnail shipping-taxable product-type-simple\">\n<div class=\"mk-product-holder\">\n\t\t<div class=\"product-loop-thumb\">\n\t\t<a href=\"https:\/\/www.consorciresidus.org\/es\/producto\/caja-de-zapatos\/\" class=\"product-link\"><img decoding=\"async\" src=\"https:\/\/www.consorciresidus.org\/wp-content\/uploads\/bfi_thumb\/dummy-transparent-o5egcn77qq7cu4qribqxa8unkvgj1takj3lo56e4nk.png\" data-mk-image-src-set='{\"default\":\"https:\/\/www.consorciresidus.org\/wp-content\/uploads\/bfi_thumb\/caixa-sabates-n50yo5l15nkpbhw4eawnakc734k593mfc7eqg8llow.jpg\",\"2x\":\"https:\/\/www.consorciresidus.org\/wp-content\/uploads\/bfi_thumb\/caixa-sabates-n50yo5l4mn420pemajhw2cl0prvpullpwctb97wylc.jpg\",\"mobile\":\"\",\"responsive\":\"true\"}' class=\"product-loop-image\" alt=\"Caja de zapatos\" title=\"Caja de zapatos\" itemprop=\"image\" \/><span class=\"product-loading-icon added-cart\"><\/span><\/a>\t\n\t<\/div>\n\t<a href=\"https:\/\/www.consorciresidus.org\/es\/producto\/caja-de-zapatos\/\" class=\"woocommerce-LoopProduct-link woocommerce-loop-product__link\">\n\t\t<div class=\"mk-shop-item-detail\">\n\t\t\t<h3 class=\"product-title\"><a href=\"https:\/\/www.consorciresidus.org\/es\/producto\/caja-de-zapatos\/\">Caja de zapatos<\/a><\/h3>\n\t\t\t\n\t\t\t\t\t<\/div>\n<\/div>\n<\/article>\n\n<article class=\"item mk--col mk--col--3-12 product type-product post-16476 status-publish last instock product_cat-azul has-post-thumbnail shipping-taxable product-type-simple\">\n<div class=\"mk-product-holder\">\n\t\t<div class=\"product-loop-thumb\">\n\t\t<a href=\"https:\/\/www.consorciresidus.org\/es\/producto\/caja-de-cereales\/\" class=\"product-link\"><img decoding=\"async\" src=\"https:\/\/www.consorciresidus.org\/wp-content\/uploads\/bfi_thumb\/dummy-transparent-o5egcn77qq7cu4qribqxa8unkvgj1takj3lo56e4nk.png\" data-mk-image-src-set='{\"default\":\"https:\/\/www.consorciresidus.org\/wp-content\/uploads\/bfi_thumb\/caixa-cereals-n7p0abk7a7bom87yoy22pxxsjv8ln1fma4jpxdihao.jpg\",\"2x\":\"https:\/\/www.consorciresidus.org\/wp-content\/uploads\/bfi_thumb\/caixa-cereals-n7p0abkar6v1bfqgl6nbhq6m6ik68jewu9yaqctu74.jpg\",\"mobile\":\"\",\"responsive\":\"true\"}' class=\"product-loop-image\" alt=\"Caja de cereales\" title=\"Caja de cereales\" itemprop=\"image\" \/><span class=\"product-loading-icon added-cart\"><\/span><\/a>\t\n\t<\/div>\n\t<a href=\"https:\/\/www.consorciresidus.org\/es\/producto\/caja-de-cereales\/\" class=\"woocommerce-LoopProduct-link woocommerce-loop-product__link\">\n\t\t<div class=\"mk-shop-item-detail\">\n\t\t\t<h3 class=\"product-title\"><a href=\"https:\/\/www.consorciresidus.org\/es\/producto\/caja-de-cereales\/\">Caja de cereales<\/a><\/h3>\n\t\t\t\n\t\t\t\t\t<\/div>\n<\/div>\n<\/article>\n\t<\/section>\n<\/div>\n<\/div>[\/vc_column_inner][\/vc_row_inner][\/vc_column][\/mk_page_section][vc_row fullwidth=\u00bbtrue\u00bb fullwidth_content=\u00bbfalse\u00bb css=\u00bb.vc_custom_1488552369750{border-top-width: 1px !important;border-bottom-width: 1px !important;padding-top: 30px !important;padding-bottom: 15px !important;background-color: #e8eef2 !important;border-top-color: #bcced9 !important;border-top-style: solid !important;border-bottom-color: #bcced9 !important;border-bottom-style: solid !important;}\u00bb][vc_column width=\u00bb1\/6&#8243;][\/vc_column][vc_column width=\u00bb2\/3&#8243;][mk_custom_sidebar sidebar=\u00bbsidebar-5&#8243;][\/vc_column][vc_column width=\u00bb1\/6&#8243;][\/vc_column][\/vc_row]\n<div style=\"clear:both;\"><\/div>","protected":false},"excerpt":{"rendered":"<p>[mk_page_section sidebar=\u00bbsidebar-1&#8243;][vc_column css=\u00bb.vc_custom_1488279934958{padding-top: 60px !important;}\u00bb][vc_single_image image=\u00bb12280&#8243; img_size=\u00bbfull\u00bb alignment=\u00bbcenter\u00bb][mk_ornamental_title tag_name=\u00bbh3&#8243; font_family=\u00bbRaleway\u00bb font_type=\u00bbgoogle\u00bb font_size=\u00bb35&#8243; font_weight=\u00bb400&#8243; ornament_style=\u00bbnorman-single\u00bb ornament_color=\u00bb#c4c4c4&#8243; margin_top=\u00bb-15&#8243;]Contenedor\u00a0azul[\/mk_ornamental_title][vc_column_text margin_bottom=\u00bb60&#8243;]En la fracci\u00f3n de papel y cart\u00f3n depositamos folios, papeles, [&hellip;]<\/p>\n","protected":false},"author":1,"featured_media":0,"parent":14718,"menu_order":0,"comment_status":"closed","ping_status":"closed","template":"","meta":{"footnotes":""},"class_list":["post-14717","page","type-page","status-publish","hentry"],"yoast_head":"<!-- This site is optimized with the Yoast SEO plugin v26.0 - https:\/\/yoast.com\/wordpress\/plugins\/seo\/ -->\n<title>Contenedor azul - Consorcio de Residuos V5 - COR<\/title>\n<meta name=\"robots\" content=\"index, follow, max-snippet:-1, max-image-preview:large, max-video-preview:-1\" \/>\n<link rel=\"canonical\" href=\"https:\/\/www.consorciresidus.org\/es\/residuo-a-tu-lugar\/contenedor-azul\/\" \/>\n<meta property=\"og:locale\" content=\"es_ES\" \/>\n<meta property=\"og:type\" content=\"article\" \/>\n<meta property=\"og:title\" content=\"Contenedor azul - Consorcio de Residuos V5 - COR\" \/>\n<meta property=\"og:description\" content=\"[mk_page_section sidebar=\u00bbsidebar-1&#8243;][vc_column css=\u00bb.vc_custom_1488279934958{padding-top: 60px !important;}\u00bb][vc_single_image image=\u00bb12280&#8243; img_size=\u00bbfull\u00bb alignment=\u00bbcenter\u00bb][mk_ornamental_title tag_name=\u00bbh3&#8243; font_family=\u00bbRaleway\u00bb font_type=\u00bbgoogle\u00bb font_size=\u00bb35&#8243; font_weight=\u00bb400&#8243; ornament_style=\u00bbnorman-single\u00bb ornament_color=\u00bb#c4c4c4&#8243; margin_top=\u00bb-15&#8243;]Contenedor\u00a0azul[\/mk_ornamental_title][vc_column_text margin_bottom=\u00bb60&#8243;]En la fracci\u00f3n de papel y cart\u00f3n depositamos folios, papeles, [&hellip;]\" \/>\n<meta property=\"og:url\" content=\"https:\/\/www.consorciresidus.org\/es\/residuo-a-tu-lugar\/contenedor-azul\/\" \/>\n<meta property=\"og:site_name\" content=\"Consorcio de Residuos V5 - COR\" \/>\n<meta property=\"article:modified_time\" content=\"2017-05-05T07:58:10+00:00\" \/>\n<meta name=\"twitter:card\" content=\"summary_large_image\" \/>\n<meta name=\"twitter:label1\" content=\"Tiempo de lectura\" \/>\n\t<meta name=\"twitter:data1\" content=\"1 minuto\" \/>\n<script type=\"application\/ld+json\" class=\"yoast-schema-graph\">{\"@context\":\"https:\/\/schema.org\",\"@graph\":[{\"@type\":\"WebPage\",\"@id\":\"https:\/\/www.consorciresidus.org\/es\/residuo-a-tu-lugar\/contenedor-azul\/\",\"url\":\"https:\/\/www.consorciresidus.org\/es\/residuo-a-tu-lugar\/contenedor-azul\/\",\"name\":\"Contenedor azul - Consorcio de Residuos V5 - COR\",\"isPartOf\":{\"@id\":\"https:\/\/www.consorciresidus.org\/#website\"},\"datePublished\":\"2017-02-28T14:37:56+00:00\",\"dateModified\":\"2017-05-05T07:58:10+00:00\",\"breadcrumb\":{\"@id\":\"https:\/\/www.consorciresidus.org\/es\/residuo-a-tu-lugar\/contenedor-azul\/#breadcrumb\"},\"inLanguage\":\"es\",\"potentialAction\":[{\"@type\":\"ReadAction\",\"target\":[\"https:\/\/www.consorciresidus.org\/es\/residuo-a-tu-lugar\/contenedor-azul\/\"]}]},{\"@type\":\"BreadcrumbList\",\"@id\":\"https:\/\/www.consorciresidus.org\/es\/residuo-a-tu-lugar\/contenedor-azul\/#breadcrumb\",\"itemListElement\":[{\"@type\":\"ListItem\",\"position\":1,\"name\":\"Residuo a tu lugar\",\"item\":\"https:\/\/www.consorciresidus.org\/es\/residuo-a-tu-lugar\/\"},{\"@type\":\"ListItem\",\"position\":2,\"name\":\"Contenedor azul\"}]},{\"@type\":\"WebSite\",\"@id\":\"https:\/\/www.consorciresidus.org\/#website\",\"url\":\"https:\/\/www.consorciresidus.org\/\",\"name\":\"Consorcio de Residuos V5 - COR\",\"description\":\"Consorcio para la gesti\u00f3n de residuos\",\"potentialAction\":[{\"@type\":\"SearchAction\",\"target\":{\"@type\":\"EntryPoint\",\"urlTemplate\":\"https:\/\/www.consorciresidus.org\/?s={search_term_string}\"},\"query-input\":{\"@type\":\"PropertyValueSpecification\",\"valueRequired\":true,\"valueName\":\"search_term_string\"}}],\"inLanguage\":\"es\"}]}<\/script>\n<!-- \/ Yoast SEO plugin. -->","yoast_head_json":{"title":"Contenedor azul - Consorcio de Residuos V5 - COR","robots":{"index":"index","follow":"follow","max-snippet":"max-snippet:-1","max-image-preview":"max-image-preview:large","max-video-preview":"max-video-preview:-1"},"canonical":"https:\/\/www.consorciresidus.org\/es\/residuo-a-tu-lugar\/contenedor-azul\/","og_locale":"es_ES","og_type":"article","og_title":"Contenedor azul - Consorcio de Residuos V5 - COR","og_description":"[mk_page_section sidebar=\u00bbsidebar-1&#8243;][vc_column css=\u00bb.vc_custom_1488279934958{padding-top: 60px !important;}\u00bb][vc_single_image image=\u00bb12280&#8243; img_size=\u00bbfull\u00bb alignment=\u00bbcenter\u00bb][mk_ornamental_title tag_name=\u00bbh3&#8243; font_family=\u00bbRaleway\u00bb font_type=\u00bbgoogle\u00bb font_size=\u00bb35&#8243; font_weight=\u00bb400&#8243; ornament_style=\u00bbnorman-single\u00bb ornament_color=\u00bb#c4c4c4&#8243; margin_top=\u00bb-15&#8243;]Contenedor\u00a0azul[\/mk_ornamental_title][vc_column_text margin_bottom=\u00bb60&#8243;]En la fracci\u00f3n de papel y cart\u00f3n depositamos folios, papeles, [&hellip;]","og_url":"https:\/\/www.consorciresidus.org\/es\/residuo-a-tu-lugar\/contenedor-azul\/","og_site_name":"Consorcio de Residuos V5 - COR","article_modified_time":"2017-05-05T07:58:10+00:00","twitter_card":"summary_large_image","twitter_misc":{"Tiempo de lectura":"1 minuto"},"schema":{"@context":"https:\/\/schema.org","@graph":[{"@type":"WebPage","@id":"https:\/\/www.consorciresidus.org\/es\/residuo-a-tu-lugar\/contenedor-azul\/","url":"https:\/\/www.consorciresidus.org\/es\/residuo-a-tu-lugar\/contenedor-azul\/","name":"Contenedor azul - Consorcio de Residuos V5 - COR","isPartOf":{"@id":"https:\/\/www.consorciresidus.org\/#website"},"datePublished":"2017-02-28T14:37:56+00:00","dateModified":"2017-05-05T07:58:10+00:00","breadcrumb":{"@id":"https:\/\/www.consorciresidus.org\/es\/residuo-a-tu-lugar\/contenedor-azul\/#breadcrumb"},"inLanguage":"es","potentialAction":[{"@type":"ReadAction","target":["https:\/\/www.consorciresidus.org\/es\/residuo-a-tu-lugar\/contenedor-azul\/"]}]},{"@type":"BreadcrumbList","@id":"https:\/\/www.consorciresidus.org\/es\/residuo-a-tu-lugar\/contenedor-azul\/#breadcrumb","itemListElement":[{"@type":"ListItem","position":1,"name":"Residuo a tu lugar","item":"https:\/\/www.consorciresidus.org\/es\/residuo-a-tu-lugar\/"},{"@type":"ListItem","position":2,"name":"Contenedor azul"}]},{"@type":"WebSite","@id":"https:\/\/www.consorciresidus.org\/#website","url":"https:\/\/www.consorciresidus.org\/","name":"Consorcio de Residuos V5 - COR","description":"Consorcio para la gesti\u00f3n de residuos","potentialAction":[{"@type":"SearchAction","target":{"@type":"EntryPoint","urlTemplate":"https:\/\/www.consorciresidus.org\/?s={search_term_string}"},"query-input":{"@type":"PropertyValueSpecification","valueRequired":true,"valueName":"search_term_string"}}],"inLanguage":"es"}]}},"_links":{"self":[{"href":"https:\/\/www.consorciresidus.org\/es\/wp-json\/wp\/v2\/pages\/14717","targetHints":{"allow":["GET"]}}],"collection":[{"href":"https:\/\/www.consorciresidus.org\/es\/wp-json\/wp\/v2\/pages"}],"about":[{"href":"https:\/\/www.consorciresidus.org\/es\/wp-json\/wp\/v2\/types\/page"}],"author":[{"embeddable":true,"href":"https:\/\/www.consorciresidus.org\/es\/wp-json\/wp\/v2\/users\/1"}],"replies":[{"embeddable":true,"href":"https:\/\/www.consorciresidus.org\/es\/wp-json\/wp\/v2\/comments?post=14717"}],"version-history":[{"count":4,"href":"https:\/\/www.consorciresidus.org\/es\/wp-json\/wp\/v2\/pages\/14717\/revisions"}],"predecessor-version":[{"id":16646,"href":"https:\/\/www.consorciresidus.org\/es\/wp-json\/wp\/v2\/pages\/14717\/revisions\/16646"}],"up":[{"embeddable":true,"href":"https:\/\/www.consorciresidus.org\/es\/wp-json\/wp\/v2\/pages\/14718"}],"wp:attachment":[{"href":"https:\/\/www.consorciresidus.org\/es\/wp-json\/wp\/v2\/media?parent=14717"}],"curies":[{"name":"wp","href":"https:\/\/api.w.org\/{rel}","templated":true}]}}