 



{"id":14718,"date":"2017-02-28T10:58:31","date_gmt":"2017-02-28T10:58:31","guid":{"rendered":"https:\/\/www.consorciresidus.org\/residu-al-teu-lloc\/"},"modified":"2023-03-16T09:43:33","modified_gmt":"2023-03-16T09:43:33","slug":"residuo-a-tu-lugar","status":"publish","type":"page","link":"https:\/\/www.consorciresidus.org\/es\/residuo-a-tu-lugar\/","title":{"rendered":"Residuo a tu lugar"},"content":{"rendered":"[mk_page_section sidebar=\u00bbsidebar-1&#8243;][vc_column css=\u00bb.vc_custom_1488279934958{padding-top: 60px !important;}\u00bb][mk_ornamental_title tag_name=\u00bbh3&#8243; font_family=\u00bbRaleway\u00bb font_type=\u00bbgoogle\u00bb font_size=\u00bb35&#8243; font_weight=\u00bb400&#8243; ornament_style=\u00bbnorman-single\u00bb ornament_color=\u00bb#c4c4c4&#8243; margin_top=\u00bb-15&#8243;]Cada residuo a su lugar[\/mk_ornamental_title][vc_column_text margin_bottom=\u00bb60&#8243;]En los municipios de las cinco comarcas del Consorcio la recogida selectiva se organiza en los tres contenedores tradicionales, azul, verde y amarillo, si no se ha establecido ning\u00fan sistema de recogida selectiva de la materia org\u00e1nica. El resto de residuos dom\u00e9sticos se depositan en la fracci\u00f3n resto no selectivo, en la red de ecoparques o los contenedores de residuos especiales.[\/vc_column_text][vc_row_inner css=\u00bb.vc_custom_1488280228065{padding-bottom: 50px !important;}\u00bb][vc_column_inner width=\u00bb1\/3&#8243;][mk_icon_box2 icon_type=\u00bbimage\u00bb icon_size=\u00bbinherit\u00bb icon_image=\u00bbhttps:\/\/www.consorciresidus.org\/wp-content\/uploads\/2017\/02\/blau.png\u00bb title=\u00bbCONTENEDOR AZUL\u00bb title_size=\u00bb18&#8243; title_weight=\u00bbbold\u00bb title_top_padding=\u00bb25&#8243; read_more_url=\u00bbhttps:\/\/www.consorciresidus.org\/es\/residuo-a-tu-sitio\/contenedor-azul\u00bb]\n<p lang=\"es-ES\" style=\"text-align: center;\" align=\"left\">En la fracci\u00f3n de papel y cart\u00f3n depositamos folios, papeles, cartas y sobres. Peri\u00f3dicos, revistas y cajas de cart\u00f3n, como cajas de huevos, de cereales, de galletas, de zapatos, etc. Hay que evitar espirales, clips y grapas.<\/p>\n[\/mk_icon_box2][\/vc_column_inner][vc_column_inner width=\u00bb1\/3&#8243;][mk_icon_box2 icon_type=\u00bbimage\u00bb icon_size=\u00bbinherit\u00bb icon_image=\u00bbhttps:\/\/www.consorciresidus.org\/wp-content\/uploads\/2017\/02\/verd.png\u00bb title=\u00bbCONTENEDOR VERDE\u00bb title_size=\u00bb18&#8243; title_weight=\u00bbbold\u00bb title_top_padding=\u00bb25&#8243; read_more_url=\u00bbhttps:\/\/www.consorciresidus.org\/es\/residuo-a-tu-sitio\/contenedor-verde\u00bb]\n<p lang=\"es-ES\" style=\"text-align: center;\" align=\"left\">En la fracci\u00f3n del vidrio depositamos botellas de vidrio: de refrescos, zumos, vinos, licores, etc. Botes y frascos de vidrio, de conservar, mermeladas o perfumes. En ning\u00fan caso los tapones, las bombillas ni fluorescentes.<\/p>\n[\/mk_icon_box2][\/vc_column_inner][vc_column_inner width=\u00bb1\/3&#8243;][mk_icon_box2 icon_type=\u00bbimage\u00bb icon_size=\u00bbinherit\u00bb icon_image=\u00bbhttps:\/\/www.consorciresidus.org\/wp-content\/uploads\/2017\/02\/groc.png\u00bb title=\u00bbCONTENEDOR AMARILLO\u00bb title_size=\u00bb18&#8243; title_weight=\u00bbbold\u00bb title_top_padding=\u00bb25&#8243; read_more_url=\u00bbhttps:\/\/www.consorciresidus.org\/es\/residuo-a-tu-sitio\/contenedor-amarillo\u00bb]\n<p lang=\"es-ES\" style=\"text-align: center;\" align=\"left\">En la fracci\u00f3n de envase ligero depositamos botellas, botes, cajas, bandejas y terrinas de pl\u00e1stico. Envoltorios de pl\u00e1stico, latas y botes, bandejas de aluminio. Briks, bolsas de pl\u00e1stico y tapones met\u00e1licos.<\/p>\n[\/mk_icon_box2][\/vc_column_inner][\/vc_row_inner][vc_row_inner css=\u00bb.vc_custom_1488280228065{padding-bottom: 50px !important;}\u00bb][vc_column_inner width=\u00bb1\/3&#8243;][mk_icon_box2 icon_type=\u00bbimage\u00bb icon_size=\u00bbinherit\u00bb icon_image=\u00bbhttps:\/\/www.consorciresidus.org\/wp-content\/uploads\/2017\/02\/no-seleccionada.png\u00bb title=\u00bbRESTO NO SELECTIVO\u00bb title_size=\u00bb18&#8243; title_weight=\u00bbbold\u00bb title_top_padding=\u00bb25&#8243; read_more_url=\u00bbhttps:\/\/www.consorciresidus.org\/es\/residuo-a-tu-lugar\/resto-no-selectivo\/\u00bb]\n<p lang=\"es-ES\" style=\"text-align: center;\" align=\"left\">En la fracci\u00f3n de resto no selectivo depositamos materia org\u00e1nica dom\u00e9stica y residuos que no se pueden lanzar a los contenedores de recogida selectiva. Residuos que necesitan un tratamiento particular se llevan al ecoparque.<\/p>\n[\/mk_icon_box2][\/vc_column_inner][vc_column_inner width=\u00bb1\/3&#8243;][mk_icon_box2 icon_type=\u00bbimage\u00bb icon_size=\u00bbinherit\u00bb icon_image=\u00bbhttps:\/\/www.consorciresidus.org\/wp-content\/uploads\/2017\/02\/ecoparc-1.png\u00bb title=\u00bbECOPARQUE\u00bb title_size=\u00bb18&#8243; title_weight=\u00bbbold\u00bb title_top_padding=\u00bb25&#8243; read_more_url=\u00bbhttps:\/\/www.consorciresidus.org\/es\/residuo-a-tu-sitio\/ecoparque\/\u00bb]\n<p lang=\"es-ES\" style=\"text-align: center;\" align=\"left\">Llevamos al ecoparque m\u00e1s cercano o al ecom\u00f3vil residuos s\u00f3lidos urbanos que pueden ser valorizados y reciclados, y los especiales, que no tienen cabida en los contenedores de recogida tradicionales.<\/p>\n[\/mk_icon_box2][\/vc_column_inner][vc_column_inner width=\u00bb1\/3&#8243;][mk_icon_box2 icon_type=\u00bbimage\u00bb icon_size=\u00bbinherit\u00bb icon_image=\u00bbhttps:\/\/www.consorciresidus.org\/wp-content\/uploads\/2017\/02\/farmacia.png\u00bb title=\u00bbRESIDUOS ESPECIALES\u00bb title_size=\u00bb18&#8243; title_weight=\u00bbbold\u00bb title_top_padding=\u00bb25&#8243; read_more_url=\u00bbhttps:\/\/www.consorciresidus.org\/es\/residuo-a-tu-sitio\/residuos-especiales\/\u00bb]\n<p lang=\"es-ES\" style=\"text-align: center;\" align=\"left\">Los contenedores de medicamentos y sus envases se encuentran en el interior de las farmacias. Los contenedores de pilas en las tiendas de electr\u00f3nica, de fotograf\u00eda y aparatos electr\u00f3nicos, centros comerciales&#8230;<\/p>\n[\/mk_icon_box2][\/vc_column_inner][\/vc_row_inner][vc_row_inner][vc_column_inner width=\u00bb1\/3&#8243;][mk_icon_box2 icon_type=\u00bbimage\u00bb icon_size=\u00bb128&#8243; icon_image=\u00bbhttps:\/\/www.consorciresidus.org\/wp-content\/uploads\/2023\/03\/compost.jpg\u00bb title=\u00bbMATERIA ORG\u00c1NICA DOM\u00c9STICA\u00bb title_size=\u00bb18&#8243; title_weight=\u00bbbold\u00bb title_top_padding=\u00bb25&#8243; read_more_url=\u00bbhttps:\/\/www.consorciresidus.org\/es\/residuo-a-tu-lugar\/materia-organica-domestica\/\u00bb]\n<p style=\"text-align: center;\">Tierra de plantas, cerillas, tap\u00f3n de corcho y restos de comida.<\/p>\n[\/mk_icon_box2][\/vc_column_inner][vc_column_inner width=\u00bb1\/3&#8243;][\/vc_column_inner][\/vc_row_inner][\/vc_column][\/mk_page_section][vc_row fullwidth=\u00bbtrue\u00bb css=\u00bb.vc_custom_1513168624924{border-top-width: 1px !important;border-bottom-width: 1px !important;padding-top: 30px !important;padding-bottom: 15px !important;background-color: #e8eef2 !important;border-top-color: #bcced9 !important;border-top-style: solid !important;border-bottom-color: #bcced9 !important;border-bottom-style: solid !important;}\u00bb][vc_column width=\u00bb1\/6&#8243;][\/vc_column][vc_column width=\u00bb2\/3&#8243;][mk_custom_sidebar sidebar=\u00bbsidebar-5&#8243;][\/vc_column][vc_column width=\u00bb1\/6&#8243;][\/vc_column][\/vc_row][vc_row][vc_column width=\u00bb1\/4&#8243;][\/vc_column][vc_column width=\u00bb1\/2&#8243;][\/vc_column][vc_column width=\u00bb1\/4&#8243;][\/vc_column][\/vc_row][vc_row el_class=\u00bbcaixa-productes\u00bb][vc_column css=\u00bb.vc_custom_1488280556625{padding-top: 60px !important;padding-bottom: 60px !important;}\u00bb][mk_ornamental_title tag_name=\u00bbh3&#8243; font_family=\u00bbRaleway\u00bb font_type=\u00bbgoogle\u00bb font_size=\u00bb35&#8243; font_weight=\u00bb400&#8243; ornament_style=\u00bbnorman-single\u00bb ornament_color=\u00bb#c4c4c4&#8243; margin_top=\u00bb-15&#8243;]Residuos[\/mk_ornamental_title][vc_column_text margin_bottom=\u00bb60&#8243;]Una tabla orientativa de residuos para saber d\u00f3nde depositar cada uno, qu\u00e9 proceso se sigue en cada caso y en qu\u00e9 acaba transformado. Se pueden consultar uno por uno u organizados por fracciones.[\/vc_column_text][vc_basic_grid post_type=\u00bbproduct\u00bb max_items=\u00bb1000&#8243; style=\u00bbpagination\u00bb items_per_page=\u00bb8&#8243; show_filter=\u00bbyes\u00bb element_width=\u00bb3&#8243; orderby=\u00bbrand\u00bb filter_default_title=\u00bbTODO\u00bb arrows_design=\u00bbvc_arrow-icon-arrow_04_left\u00bb arrows_position=\u00bboutside\u00bb arrows_color=\u00bbpeacoc\u00bb item=\u00bb12303&#8243; grid_id=\u00bbvc_gid:1678959757145-422294ce-cf00-10&#8243; filter_source=\u00bbproduct_cat\u00bb][\/vc_column][\/vc_row]\n<div style=\"clear:both;\"><\/div>","protected":false},"excerpt":{"rendered":"<p>Residuo a tu lugar. Guia pr\u00e1ctica para saber donde depositar cada residuo dom\u00e9stico, qu\u00e9 proceso sigue y en qu\u00e9 acaba transformado.<\/p>\n","protected":false},"author":1,"featured_media":0,"parent":0,"menu_order":0,"comment_status":"closed","ping_status":"closed","template":"","meta":{"footnotes":""},"class_list":["post-14718","page","type-page","status-publish","hentry"],"yoast_head":"<!-- This site is optimized with the Yoast SEO plugin v26.0 - https:\/\/yoast.com\/wordpress\/plugins\/seo\/ -->\n<title>Residuo a tu lugar - Consorcio de Residuos V5 - COR<\/title>\n<meta name=\"description\" content=\"Residuo a tu lugar. Guia pr\u00e1ctica para saber donde depositar cada residuo dom\u00e9stico, qu\u00e9 proceso sigue y en qu\u00e9 acaba transformado.\" \/>\n<meta name=\"robots\" content=\"index, follow, max-snippet:-1, max-image-preview:large, max-video-preview:-1\" \/>\n<link rel=\"canonical\" href=\"https:\/\/www.consorciresidus.org\/es\/residuo-a-tu-lugar\/\" \/>\n<meta property=\"og:locale\" content=\"es_ES\" \/>\n<meta property=\"og:type\" content=\"article\" \/>\n<meta property=\"og:title\" content=\"Residuo a tu lugar\" \/>\n<meta property=\"og:description\" content=\"Residuo a tu lugar. Guia pr\u00e1ctica para saber donde depositar cada residuo dom\u00e9stico, qu\u00e9 proceso sigue y en qu\u00e9 acaba transformado.\" \/>\n<meta property=\"og:url\" content=\"https:\/\/www.consorciresidus.org\/es\/residuo-a-tu-lugar\/\" \/>\n<meta property=\"og:site_name\" content=\"Consorcio de Residuos V5 - COR\" \/>\n<meta property=\"article:modified_time\" content=\"2023-03-16T09:43:33+00:00\" \/>\n<meta property=\"og:image\" content=\"https:\/\/www.consorciresidus.org\/wp-content\/uploads\/2017\/01\/camion.png\" \/>\n\t<meta property=\"og:image:width\" content=\"512\" \/>\n\t<meta property=\"og:image:height\" content=\"512\" \/>\n\t<meta property=\"og:image:type\" content=\"image\/png\" \/>\n<meta name=\"twitter:card\" content=\"summary_large_image\" \/>\n<meta name=\"twitter:title\" content=\"Residuo a tu lugar\" \/>\n<meta name=\"twitter:description\" content=\"Residuo a tu lugar. Guia pr\u00e1ctica para saber donde depositar cada residuo dom\u00e9stico, qu\u00e9 proceso sigue y en qu\u00e9 acaba transformado.\" \/>\n<meta name=\"twitter:image\" content=\"https:\/\/www.consorciresidus.org\/wp-content\/uploads\/2017\/01\/camion.png\" \/>\n<meta name=\"twitter:label1\" content=\"Tiempo de lectura\" \/>\n\t<meta name=\"twitter:data1\" content=\"3 minutos\" \/>\n<script type=\"application\/ld+json\" class=\"yoast-schema-graph\">{\"@context\":\"https:\/\/schema.org\",\"@graph\":[{\"@type\":\"WebPage\",\"@id\":\"https:\/\/www.consorciresidus.org\/es\/residuo-a-tu-lugar\/\",\"url\":\"https:\/\/www.consorciresidus.org\/es\/residuo-a-tu-lugar\/\",\"name\":\"Residuo a tu lugar - Consorcio de Residuos V5 - COR\",\"isPartOf\":{\"@id\":\"https:\/\/www.consorciresidus.org\/#website\"},\"datePublished\":\"2017-02-28T10:58:31+00:00\",\"dateModified\":\"2023-03-16T09:43:33+00:00\",\"description\":\"Residuo a tu lugar. Guia pr\u00e1ctica para saber donde depositar cada residuo dom\u00e9stico, qu\u00e9 proceso sigue y en qu\u00e9 acaba transformado.\",\"inLanguage\":\"es\",\"potentialAction\":[{\"@type\":\"ReadAction\",\"target\":[\"https:\/\/www.consorciresidus.org\/es\/residuo-a-tu-lugar\/\"]}]},{\"@type\":\"WebSite\",\"@id\":\"https:\/\/www.consorciresidus.org\/#website\",\"url\":\"https:\/\/www.consorciresidus.org\/\",\"name\":\"Consorcio de Residuos V5 - COR\",\"description\":\"Consorcio para la gesti\u00f3n de residuos\",\"potentialAction\":[{\"@type\":\"SearchAction\",\"target\":{\"@type\":\"EntryPoint\",\"urlTemplate\":\"https:\/\/www.consorciresidus.org\/?s={search_term_string}\"},\"query-input\":{\"@type\":\"PropertyValueSpecification\",\"valueRequired\":true,\"valueName\":\"search_term_string\"}}],\"inLanguage\":\"es\"}]}<\/script>\n<!-- \/ Yoast SEO plugin. -->","yoast_head_json":{"title":"Residuo a tu lugar - Consorcio de Residuos V5 - COR","description":"Residuo a tu lugar. Guia pr\u00e1ctica para saber donde depositar cada residuo dom\u00e9stico, qu\u00e9 proceso sigue y en qu\u00e9 acaba transformado.","robots":{"index":"index","follow":"follow","max-snippet":"max-snippet:-1","max-image-preview":"max-image-preview:large","max-video-preview":"max-video-preview:-1"},"canonical":"https:\/\/www.consorciresidus.org\/es\/residuo-a-tu-lugar\/","og_locale":"es_ES","og_type":"article","og_title":"Residuo a tu lugar","og_description":"Residuo a tu lugar. Guia pr\u00e1ctica para saber donde depositar cada residuo dom\u00e9stico, qu\u00e9 proceso sigue y en qu\u00e9 acaba transformado.","og_url":"https:\/\/www.consorciresidus.org\/es\/residuo-a-tu-lugar\/","og_site_name":"Consorcio de Residuos V5 - COR","article_modified_time":"2023-03-16T09:43:33+00:00","og_image":[{"width":512,"height":512,"url":"https:\/\/www.consorciresidus.org\/wp-content\/uploads\/2017\/01\/camion.png","type":"image\/png"}],"twitter_card":"summary_large_image","twitter_title":"Residuo a tu lugar","twitter_description":"Residuo a tu lugar. Guia pr\u00e1ctica para saber donde depositar cada residuo dom\u00e9stico, qu\u00e9 proceso sigue y en qu\u00e9 acaba transformado.","twitter_image":"https:\/\/www.consorciresidus.org\/wp-content\/uploads\/2017\/01\/camion.png","twitter_misc":{"Tiempo de lectura":"3 minutos"},"schema":{"@context":"https:\/\/schema.org","@graph":[{"@type":"WebPage","@id":"https:\/\/www.consorciresidus.org\/es\/residuo-a-tu-lugar\/","url":"https:\/\/www.consorciresidus.org\/es\/residuo-a-tu-lugar\/","name":"Residuo a tu lugar - Consorcio de Residuos V5 - COR","isPartOf":{"@id":"https:\/\/www.consorciresidus.org\/#website"},"datePublished":"2017-02-28T10:58:31+00:00","dateModified":"2023-03-16T09:43:33+00:00","description":"Residuo a tu lugar. Guia pr\u00e1ctica para saber donde depositar cada residuo dom\u00e9stico, qu\u00e9 proceso sigue y en qu\u00e9 acaba transformado.","inLanguage":"es","potentialAction":[{"@type":"ReadAction","target":["https:\/\/www.consorciresidus.org\/es\/residuo-a-tu-lugar\/"]}]},{"@type":"WebSite","@id":"https:\/\/www.consorciresidus.org\/#website","url":"https:\/\/www.consorciresidus.org\/","name":"Consorcio de Residuos V5 - COR","description":"Consorcio para la gesti\u00f3n de residuos","potentialAction":[{"@type":"SearchAction","target":{"@type":"EntryPoint","urlTemplate":"https:\/\/www.consorciresidus.org\/?s={search_term_string}"},"query-input":{"@type":"PropertyValueSpecification","valueRequired":true,"valueName":"search_term_string"}}],"inLanguage":"es"}]}},"_links":{"self":[{"href":"https:\/\/www.consorciresidus.org\/es\/wp-json\/wp\/v2\/pages\/14718","targetHints":{"allow":["GET"]}}],"collection":[{"href":"https:\/\/www.consorciresidus.org\/es\/wp-json\/wp\/v2\/pages"}],"about":[{"href":"https:\/\/www.consorciresidus.org\/es\/wp-json\/wp\/v2\/types\/page"}],"author":[{"embeddable":true,"href":"https:\/\/www.consorciresidus.org\/es\/wp-json\/wp\/v2\/users\/1"}],"replies":[{"embeddable":true,"href":"https:\/\/www.consorciresidus.org\/es\/wp-json\/wp\/v2\/comments?post=14718"}],"version-history":[{"count":23,"href":"https:\/\/www.consorciresidus.org\/es\/wp-json\/wp\/v2\/pages\/14718\/revisions"}],"predecessor-version":[{"id":26446,"href":"https:\/\/www.consorciresidus.org\/es\/wp-json\/wp\/v2\/pages\/14718\/revisions\/26446"}],"wp:attachment":[{"href":"https:\/\/www.consorciresidus.org\/es\/wp-json\/wp\/v2\/media?parent=14718"}],"curies":[{"name":"wp","href":"https:\/\/api.w.org\/{rel}","templated":true}]}}