 



{"id":14719,"date":"2017-02-23T15:26:45","date_gmt":"2017-02-23T15:26:45","guid":{"rendered":"https:\/\/www.consorciresidus.org\/que-es-el-cor\/"},"modified":"2018-01-30T12:12:55","modified_gmt":"2018-01-30T12:12:55","slug":"que-es-el-cor","status":"publish","type":"page","link":"https:\/\/www.consorciresidus.org\/es\/que-es-el-cor\/","title":{"rendered":"\u00bfQu\u00e9 es el COR?"},"content":{"rendered":"[mk_page_section min_height=\u00bb0&#8243; js_vertical_centered=\u00bbtrue\u00bb padding_top=\u00bb50&#8243; padding_bottom=\u00bb0&#8243; el_class=\u00bbintro\u00bb sidebar=\u00bbsidebar-1&#8243;][vc_column][vc_single_image image=\u00bb12172&#8243; img_size=\u00bbfull\u00bb alignment=\u00bbcenter\u00bb][mk_ornamental_title tag_name=\u00bbh3&#8243; font_family=\u00bbRaleway\u00bb font_type=\u00bbgoogle\u00bb font_size=\u00bb35&#8243; font_weight=\u00bb400&#8243; txt_transform=\u00bbnone\u00bb ornament_style=\u00bbnorman-single\u00bb ornament_color=\u00bb#c4c4c4&#8243; margin_top=\u00bb30&#8243;]\u00bfQu\u00e9 es el COR?[\/mk_ornamental_title][vc_column_text]El Consorcio de Residuos V5 \u2013 COR es uno de los 13 consorcios de la Comunitat Valenciana. Desde el 1 de junio de 2012, gestiona la transferencia, tratamiento, valorizaci\u00f3n y eliminaci\u00f3n de los residuos de 93 municipios de las comarcas de la Safor, Vall d\u2019Albaida, la Costera, Canal de Navarr\u00e9s y el Valle de Cofrentes-Ayora.<br \/>\nEn conjunto el COR gestiona 135.000 toneladas anuales de Residuos S\u00f3lidos Urbanos y da servicio a m\u00e1s de 350.000 ciudadanos, con un presupuesto que ronda los 14 millones de euros. El Consorcio lo integran la Generalitat Valenciana, la Diputaci\u00f3n de Val\u00e8ncia y los municipios que forman parte.[\/vc_column_text][vc_empty_space height=\u00bb50px\u00bb][vc_column_text css=\u00bb.vc_custom_1517314318867{margin-bottom: 0px !important;}\u00bb]<iframe loading=\"lazy\" src=\"\/\/www.youtube.com\/embed\/YAWWHD5F4KE?rel=0&amp;vq=hd720;theme=light&amp;showinfo=0&amp;modestbranding=1\u2033 frameborder=\u201d1\u2033 allowfullscreen\" width=\"1920\" height=\"1080\" frameborder=\"0\"><\/iframe>[\/vc_column_text][\/vc_column][\/mk_page_section][mk_page_section min_height=\u00bb0&#8243; js_vertical_centered=\u00bbtrue\u00bb padding_bottom=\u00bb100&#8243; sidebar=\u00bbsidebar-1&#8243;][vc_column width=\u00bb1\/2&#8243;][vc_row_inner css=\u00bb.vc_custom_1487877197408{padding-top: 40px !important;}\u00bb][vc_column_inner el_class=\u00bbcaja\u00bb css=\u00bb.vc_custom_1487897584631{padding: 24px !important;}\u00bb][vc_custom_heading text=\u00bbObjetivos\u00bb font_container=\u00bbtag:h2|font_size:24px|text_align:left|line_height:24px\u00bb use_theme_fonts=\u00bbyes\u00bb][vc_separator color=\u00bbcustom\u00bb align=\u00bbalign_left\u00bb border_width=\u00bb2&#8243; el_width=\u00bb10&#8243; accent_color=\u00bb#666666&#8243;][mk_custom_list el_class=\u00bblista\u00bb]\n<ul>\n<li>Contribuir a la realizaci\u00f3n de una gesti\u00f3n sostenible de los residuos fundamentada en la reducci\u00f3n y la priorizaci\u00f3n de la recogida selectiva y la valorizaci\u00f3n, inspirada en criterios de proximidad y optimizando la gesti\u00f3n p\u00fablica.<\/li>\n<\/ul>\n<ul>\n<li>Conseguir el m\u00e1ximo consenso social y pol\u00edtico en sus decisiones.<\/li>\n<\/ul>\n<ul>\n<li>Fomentar la informaci\u00f3n, sensibilizaci\u00f3n y concienciaci\u00f3n social en materia de residuos.<\/li>\n<li>Implicar a la ciudadan\u00eda en la gesti\u00f3n de los residuos, entendida como quehacer colectivo, a trav\u00e9s de acciones que impulsen la participaci\u00f3n ciudadana.<\/li>\n<\/ul>\n[\/mk_custom_list][\/vc_column_inner][\/vc_row_inner][\/vc_column][vc_column width=\u00bb1\/2&#8243;][vc_row_inner css=\u00bb.vc_custom_1487877188325{padding-top: 40px !important;}\u00bb][vc_column_inner el_class=\u00bbcaja\u00bb css=\u00bb.vc_custom_1487897660464{padding: 24px !important;}\u00bb][vc_custom_heading text=\u00bbRetos de futuro\u00bb font_container=\u00bbtag:h2|font_size:24px|text_align:left|line_height:24px\u00bb use_theme_fonts=\u00bbyes\u00bb][vc_separator color=\u00bbcustom\u00bb align=\u00bbalign_left\u00bb border_width=\u00bb2&#8243; el_width=\u00bb10&#8243; accent_color=\u00bb#666666&#8243;][mk_custom_list el_class=\u00bblista\u00bb]\n<ul>\n<li>El a\u00f1o 2020, cumplir con la normativa europea. Antes de 2020 la cantidad de residuos dom\u00e9sticos y comerciales destinados a preparaci\u00f3n para la reutilizaci\u00f3n y reciclaje de las fracciones de papel, metal, vidrio, pl\u00e1stico, materia org\u00e1nica y otras fracciones reciclables tendr\u00e1 que alcanzar, en conjunto, como m\u00ednimo el 50% del peso.<\/li>\n<\/ul>\n<ul>\n<li>Generar confianza: m\u00e1s transparencia, participaci\u00f3n ciudadana.<\/li>\n<\/ul>\n<ul>\n<li>Poner en marcha la red consorciada de ecoparques premiando a los ciudadanos responsables.<\/li>\n<\/ul>\n<ul>\n<li>Comenzar a construir infraestructuras propias, con el m\u00ednimo impacto ambiental y social.<\/li>\n<\/ul>\n[\/mk_custom_list][\/vc_column_inner][\/vc_row_inner][\/vc_column][\/mk_page_section]\n<div style=\"clear:both;\"><\/div>","protected":false},"excerpt":{"rendered":"<p>Qu\u00e9 \u00e9s el COR. Informaci\u00f3n b\u00e1sica del Consorcio que gestiona 135.000 toneladas de residuos anuales, con los objetivos de la instituci\u00f3n i los retos de futuro.<\/p>\n","protected":false},"author":1,"featured_media":0,"parent":0,"menu_order":0,"comment_status":"closed","ping_status":"closed","template":"","meta":{"footnotes":""},"class_list":["post-14719","page","type-page","status-publish","hentry"],"yoast_head":"<!-- This site is optimized with the Yoast SEO plugin v26.0 - https:\/\/yoast.com\/wordpress\/plugins\/seo\/ -->\n<title>\u00bfQu\u00e9 es el COR? - Consorcio de Residuos V5 - COR<\/title>\n<meta name=\"description\" content=\"Qu\u00e9 \u00e9s el COR. Informaci\u00f3n b\u00e1sica del Consorcio que gestiona 135.000 toneladas de residuos anuales, con los objetivos de la instituci\u00f3n i los retos.\" \/>\n<meta name=\"robots\" content=\"index, follow, max-snippet:-1, max-image-preview:large, max-video-preview:-1\" \/>\n<link rel=\"canonical\" href=\"https:\/\/www.consorciresidus.org\/es\/que-es-el-cor\/\" \/>\n<meta property=\"og:locale\" content=\"es_ES\" \/>\n<meta property=\"og:type\" content=\"article\" \/>\n<meta property=\"og:title\" content=\"Qu\u00e9 \u00e9s el COR\" \/>\n<meta property=\"og:description\" content=\"Qu\u00e9 \u00e9s el COR. Informaci\u00f3n b\u00e1sica del Consorcio que gestiona 135.000 toneladas de residuos anuales, con los objetivos de la instituci\u00f3n i los retos.\" \/>\n<meta property=\"og:url\" content=\"https:\/\/www.consorciresidus.org\/es\/que-es-el-cor\/\" \/>\n<meta property=\"og:site_name\" content=\"Consorcio de Residuos V5 - COR\" \/>\n<meta property=\"article:modified_time\" content=\"2018-01-30T12:12:55+00:00\" \/>\n<meta property=\"og:image\" content=\"https:\/\/www.consorciresidus.org\/wp-content\/uploads\/2016\/12\/logo-2.jpg\" \/>\n\t<meta property=\"og:image:width\" content=\"390\" \/>\n\t<meta property=\"og:image:height\" content=\"191\" \/>\n\t<meta property=\"og:image:type\" content=\"image\/jpeg\" \/>\n<meta name=\"twitter:card\" content=\"summary_large_image\" \/>\n<meta name=\"twitter:title\" content=\"Qu\u00e9 \u00e9s el COR\" \/>\n<meta name=\"twitter:description\" content=\"Qu\u00e9 \u00e9s el COR. Informaci\u00f3n b\u00e1sica del Consorcio que gestiona 135.000 toneladas de residuos anuales, con los objetivos de la instituci\u00f3n i los retos.\" \/>\n<meta name=\"twitter:image\" content=\"https:\/\/www.consorciresidus.org\/wp-content\/uploads\/2016\/12\/logo-2.jpg\" \/>\n<meta name=\"twitter:label1\" content=\"Tiempo de lectura\" \/>\n\t<meta name=\"twitter:data1\" content=\"3 minutos\" \/>\n<script type=\"application\/ld+json\" class=\"yoast-schema-graph\">{\"@context\":\"https:\/\/schema.org\",\"@graph\":[{\"@type\":\"WebPage\",\"@id\":\"https:\/\/www.consorciresidus.org\/es\/que-es-el-cor\/\",\"url\":\"https:\/\/www.consorciresidus.org\/es\/que-es-el-cor\/\",\"name\":\"\u00bfQu\u00e9 es el COR? - Consorcio de Residuos V5 - COR\",\"isPartOf\":{\"@id\":\"https:\/\/www.consorciresidus.org\/#website\"},\"datePublished\":\"2017-02-23T15:26:45+00:00\",\"dateModified\":\"2018-01-30T12:12:55+00:00\",\"description\":\"Qu\u00e9 \u00e9s el COR. Informaci\u00f3n b\u00e1sica del Consorcio que gestiona 135.000 toneladas de residuos anuales, con los objetivos de la instituci\u00f3n i los retos.\",\"inLanguage\":\"es\",\"potentialAction\":[{\"@type\":\"ReadAction\",\"target\":[\"https:\/\/www.consorciresidus.org\/es\/que-es-el-cor\/\"]}]},{\"@type\":\"WebSite\",\"@id\":\"https:\/\/www.consorciresidus.org\/#website\",\"url\":\"https:\/\/www.consorciresidus.org\/\",\"name\":\"Consorcio de Residuos V5 - COR\",\"description\":\"Consorcio para la gesti\u00f3n de residuos\",\"potentialAction\":[{\"@type\":\"SearchAction\",\"target\":{\"@type\":\"EntryPoint\",\"urlTemplate\":\"https:\/\/www.consorciresidus.org\/?s={search_term_string}\"},\"query-input\":{\"@type\":\"PropertyValueSpecification\",\"valueRequired\":true,\"valueName\":\"search_term_string\"}}],\"inLanguage\":\"es\"}]}<\/script>\n<!-- \/ Yoast SEO plugin. -->","yoast_head_json":{"title":"\u00bfQu\u00e9 es el COR? - Consorcio de Residuos V5 - COR","description":"Qu\u00e9 \u00e9s el COR. Informaci\u00f3n b\u00e1sica del Consorcio que gestiona 135.000 toneladas de residuos anuales, con los objetivos de la instituci\u00f3n i los retos.","robots":{"index":"index","follow":"follow","max-snippet":"max-snippet:-1","max-image-preview":"max-image-preview:large","max-video-preview":"max-video-preview:-1"},"canonical":"https:\/\/www.consorciresidus.org\/es\/que-es-el-cor\/","og_locale":"es_ES","og_type":"article","og_title":"Qu\u00e9 \u00e9s el COR","og_description":"Qu\u00e9 \u00e9s el COR. Informaci\u00f3n b\u00e1sica del Consorcio que gestiona 135.000 toneladas de residuos anuales, con los objetivos de la instituci\u00f3n i los retos.","og_url":"https:\/\/www.consorciresidus.org\/es\/que-es-el-cor\/","og_site_name":"Consorcio de Residuos V5 - COR","article_modified_time":"2018-01-30T12:12:55+00:00","og_image":[{"width":390,"height":191,"url":"https:\/\/www.consorciresidus.org\/wp-content\/uploads\/2016\/12\/logo-2.jpg","type":"image\/jpeg"}],"twitter_card":"summary_large_image","twitter_title":"Qu\u00e9 \u00e9s el COR","twitter_description":"Qu\u00e9 \u00e9s el COR. Informaci\u00f3n b\u00e1sica del Consorcio que gestiona 135.000 toneladas de residuos anuales, con los objetivos de la instituci\u00f3n i los retos.","twitter_image":"https:\/\/www.consorciresidus.org\/wp-content\/uploads\/2016\/12\/logo-2.jpg","twitter_misc":{"Tiempo de lectura":"3 minutos"},"schema":{"@context":"https:\/\/schema.org","@graph":[{"@type":"WebPage","@id":"https:\/\/www.consorciresidus.org\/es\/que-es-el-cor\/","url":"https:\/\/www.consorciresidus.org\/es\/que-es-el-cor\/","name":"\u00bfQu\u00e9 es el COR? - Consorcio de Residuos V5 - COR","isPartOf":{"@id":"https:\/\/www.consorciresidus.org\/#website"},"datePublished":"2017-02-23T15:26:45+00:00","dateModified":"2018-01-30T12:12:55+00:00","description":"Qu\u00e9 \u00e9s el COR. Informaci\u00f3n b\u00e1sica del Consorcio que gestiona 135.000 toneladas de residuos anuales, con los objetivos de la instituci\u00f3n i los retos.","inLanguage":"es","potentialAction":[{"@type":"ReadAction","target":["https:\/\/www.consorciresidus.org\/es\/que-es-el-cor\/"]}]},{"@type":"WebSite","@id":"https:\/\/www.consorciresidus.org\/#website","url":"https:\/\/www.consorciresidus.org\/","name":"Consorcio de Residuos V5 - COR","description":"Consorcio para la gesti\u00f3n de residuos","potentialAction":[{"@type":"SearchAction","target":{"@type":"EntryPoint","urlTemplate":"https:\/\/www.consorciresidus.org\/?s={search_term_string}"},"query-input":{"@type":"PropertyValueSpecification","valueRequired":true,"valueName":"search_term_string"}}],"inLanguage":"es"}]}},"_links":{"self":[{"href":"https:\/\/www.consorciresidus.org\/es\/wp-json\/wp\/v2\/pages\/14719","targetHints":{"allow":["GET"]}}],"collection":[{"href":"https:\/\/www.consorciresidus.org\/es\/wp-json\/wp\/v2\/pages"}],"about":[{"href":"https:\/\/www.consorciresidus.org\/es\/wp-json\/wp\/v2\/types\/page"}],"author":[{"embeddable":true,"href":"https:\/\/www.consorciresidus.org\/es\/wp-json\/wp\/v2\/users\/1"}],"replies":[{"embeddable":true,"href":"https:\/\/www.consorciresidus.org\/es\/wp-json\/wp\/v2\/comments?post=14719"}],"version-history":[{"count":5,"href":"https:\/\/www.consorciresidus.org\/es\/wp-json\/wp\/v2\/pages\/14719\/revisions"}],"predecessor-version":[{"id":18751,"href":"https:\/\/www.consorciresidus.org\/es\/wp-json\/wp\/v2\/pages\/14719\/revisions\/18751"}],"wp:attachment":[{"href":"https:\/\/www.consorciresidus.org\/es\/wp-json\/wp\/v2\/media?parent=14719"}],"curies":[{"name":"wp","href":"https:\/\/api.w.org\/{rel}","templated":true}]}}