 



{"id":14720,"date":"2017-02-22T10:34:24","date_gmt":"2017-02-22T10:34:24","guid":{"rendered":"https:\/\/www.consorciresidus.org\/que-es-la-taxa\/"},"modified":"2017-06-27T08:25:43","modified_gmt":"2017-06-27T08:25:43","slug":"que-es-la-tasa","status":"publish","type":"page","link":"https:\/\/www.consorciresidus.org\/es\/que-es-la-tasa\/","title":{"rendered":"\u00bfQu\u00e9 es la tasa?"},"content":{"rendered":"[mk_page_section bg_image=\u00bbhttp:\/\/www.consorciresidus.org\/wp-content\/uploads\/2017\/03\/16.png\u00bb min_height=\u00bb0&#8243; js_vertical_centered=\u00bbtrue\u00bb padding_top=\u00bb50&#8243; sidebar=\u00bbsidebar-1&#8243;][vc_column][vc_single_image image=\u00bb12144&#8243; img_size=\u00bbfull\u00bb alignment=\u00bbcenter\u00bb][mk_ornamental_title tag_name=\u00bbh3&#8243; font_family=\u00bbRaleway\u00bb font_type=\u00bbgoogle\u00bb font_size=\u00bb35&#8243; font_weight=\u00bb400&#8243; txt_transform=\u00bbnone\u00bb ornament_style=\u00bbnorman-single\u00bb ornament_color=\u00bb#c4c4c4&#8243; margin_top=\u00bb30&#8243;]La tasa del Consorcio de Residuos[\/mk_ornamental_title][vc_column_text]La tasa de residuos se paga en todos los municipios de las cinco comarcas que forman parte del Consorcio, y sirve para financiar los servicios que presta el COR. Se regula mediante la Ordenanza Fiscal Reguladora del Tratamiento de Residuos.[\/vc_column_text][\/vc_column][\/mk_page_section][mk_page_section bg_image=\u00bbhttp:\/\/www.consorciresidus.org\/wp-content\/uploads\/2017\/03\/16.png\u00bb min_height=\u00bb0&#8243; padding_top=\u00bb40&#8243; visibility=\u00bbvisible-dt\u00bb sidebar=\u00bbsidebar-1&#8243;][vc_column][vc_row_inner][vc_column_inner width=\u00bb1\/3&#8243; css=\u00bb.vc_custom_1487809776119{padding-bottom: 40px !important;}\u00bb][mk_flipbox front_background_color=\u00bb#f1f5f7&#8243; back_background_color=\u00bb#007cb0&#8243; icon_type=\u00bbicon\u00bb icon=\u00bbmk-icon-plus-circle\u00bb icon_size=\u00bb64&#8243; icon_color=\u00bb#59a0d6&#8243; front_title=\u00bb\u00bfQU\u00c9?\u00bb front_title_size=\u00bb30&#8243; front_title_color=\u00bb#757575&#8243; back_title=\u00bb\u00bfQU\u00c9 ES LA TASA?\u00bb back_title_size=\u00bb24&#8243; back_title_color=\u00bb#ffffff\u00bb font_weight=\u00bb200&#8243; front_desc_size=\u00bb16&#8243; back_desc=\u00bbSe trata de una tasa que se establece por los servicios de transferencia, transporte, valorizaci\u00f3n y eliminaci\u00f3n de residuos s\u00f3lidos urbanos y ecoparques. La ordenanza que regula la tasa se aprob\u00f3 en la Asamblea General del Consorcio de Residuos en diciembre de 2016.\u00bb back_desc_size=\u00bb15&#8243; back_desc_color=\u00bb#fcfcfc\u00bb][\/vc_column_inner][vc_column_inner width=\u00bb1\/3&#8243; css=\u00bb.vc_custom_1487809793992{padding-bottom: 40px !important;}\u00bb][mk_flipbox front_background_color=\u00bb#f1f5f7&#8243; back_background_color=\u00bb#007cb0&#8243; icon_type=\u00bbicon\u00bb icon=\u00bbmk-icon-plus-circle\u00bb icon_size=\u00bb64&#8243; icon_color=\u00bb#59a0d6&#8243; front_title=\u00bb\u00bfQUI\u00c9N?\u00bb front_title_size=\u00bb30&#8243; front_title_color=\u00bb#757575&#8243; back_title=\u00bb\u00bfQUI\u00c9N PAGA LA TASA?\u00bb back_title_size=\u00bb24&#8243; back_title_color=\u00bb#ffffff\u00bb font_weight=\u00bb200&#8243; front_desc_size=\u00bb16&#8243; back_desc=\u00bbLos propietarios de viviendas, locales, alojamientos y cualquier otro local o establecimiento con o sin actividad industrial, comercial, profesional, art\u00edstica o de servicios. No son imponibles los garajes vinculados a viviendas, ni locales y viviendas sin luz y agua.\u00bb back_desc_size=\u00bb15&#8243; back_desc_color=\u00bb#fcfcfc\u00bb][\/vc_column_inner][vc_column_inner width=\u00bb1\/3&#8243; css=\u00bb.vc_custom_1487809826752{padding-bottom: 40px !important;}\u00bb][mk_flipbox flip_direction=\u00bbvertical\u00bb front_background_color=\u00bb#c5dff1&#8243; back_background_color=\u00bb#007cb0&#8243; icon_type=\u00bbicon\u00bb icon=\u00bbmk-icon-plus-circle\u00bb icon_size=\u00bb64&#8243; icon_color=\u00bb#59a0d6&#8243; front_title=\u00bb\u00bfC\u00d3MO?\u00bb front_title_size=\u00bb30&#8243; front_title_color=\u00bb#757575&#8243; back_title=\u00bb\u00bfC\u00d3MO SE CALCULA LA TASA?\u00bb back_title_size=\u00bb24&#8243; back_title_color=\u00bb#ffffff\u00bb font_weight=\u00bb200&#8243; front_desc_size=\u00bb16&#8243; back_desc=\u00bbLa cuota consiste en una cantidad fija por inmueble, determinada en funci\u00f3n de la naturaleza, funci\u00f3n y superficie, y del coste total del servicio. Este costo se obtiene de un estudio econ\u00f3mico elaborado de forma individual para cada municipio. Cuantos menos residuos se generan, menos se paga.\u00bb back_desc_size=\u00bb15&#8243; back_desc_color=\u00bb#fcfcfc\u00bb][\/vc_column_inner][\/vc_row_inner][vc_row_inner css=\u00bb.vc_custom_1487837746985{padding-bottom: 40px !important;}\u00bb][vc_column_inner width=\u00bb1\/3&#8243; css=\u00bb.vc_custom_1487809844665{padding-bottom: 40px !important;}\u00bb][mk_flipbox front_background_color=\u00bb#f1f5f7&#8243; back_background_color=\u00bb#007cb0&#8243; icon_type=\u00bbicon\u00bb icon=\u00bbmk-icon-plus-circle\u00bb icon_size=\u00bb64&#8243; icon_color=\u00bb#59a0d6&#8243; front_title=\u00bb\u00bfPOR QU\u00c9?\u00bb front_title_size=\u00bb30&#8243; front_title_color=\u00bb#757575&#8243; back_title=\u00bb\u00bfPOR QU\u00c9 SE COBRA LA TASA?\u00bb back_title_size=\u00bb24&#8243; back_title_color=\u00bb#ffffff\u00bb font_weight=\u00bb200&#8243; front_desc_size=\u00bb16&#8243; back_desc=\u00bbPara financiar los servicios que presta el COR, de transferencia, transporte a la planta, tratamiento, valorizaci\u00f3n y eliminaci\u00f3n de residuios, y gesti\u00f3n de ecoparques. Con la tasa no se financian contenedores de reciclaje, de los que se encargan las entidades Ecoembes y Ecovidrio.\u00bb back_desc_size=\u00bb15&#8243; back_desc_color=\u00bb#fcfcfc\u00bb][\/vc_column_inner][vc_column_inner width=\u00bb1\/3&#8243; css=\u00bb.vc_custom_1487809854377{padding-bottom: 40px !important;}\u00bb][mk_flipbox flip_direction=\u00bbvertical\u00bb front_background_color=\u00bb#c5dff1&#8243; back_background_color=\u00bb#007cb0&#8243; icon_type=\u00bbicon\u00bb icon=\u00bbmk-icon-plus-circle\u00bb icon_size=\u00bb64&#8243; icon_color=\u00bb#59a0d6&#8243; front_title=\u00bb\u00bfCU\u00c1NDO?\u00bb front_title_size=\u00bb30&#8243; front_title_color=\u00bb#757575&#8243; back_title=\u00bb\u00bfCU\u00c1NDO SE PAGA LA TASA?\u00bb back_title_size=\u00bb24&#8243; back_title_color=\u00bb#ffffff\u00bb font_weight=\u00bb200&#8243; front_desc_size=\u00bb16&#8243; back_desc=\u00bbPor recibo domiciliado, se fracciona en dos pagos al 50%, el 1 de junio y 1 de agosto. En oficina bancaria, el recibo se puede pagar del 1 de junio al 31 de julio. El per\u00edodo impositivo es el a\u00f1o natural. Los cambios de domicilio o de cualquier elemento tributario tendr\u00e1n efecto a partir del ejercicio siguiente.\u00bb back_desc_size=\u00bb15&#8243; back_desc_color=\u00bb#fcfcfc\u00bb][\/vc_column_inner][vc_column_inner width=\u00bb1\/3&#8243;][mk_flipbox front_background_color=\u00bb#f1f5f7&#8243; back_background_color=\u00bb#007cb0&#8243; icon_type=\u00bbicon\u00bb icon=\u00bbmk-icon-plus-circle\u00bb icon_size=\u00bb64&#8243; icon_color=\u00bb#59a0d6&#8243; front_title=\u00bb\u00bfD\u00d3NDE?\u00bb front_title_size=\u00bb30&#8243; front_title_color=\u00bb#757575&#8243; back_title=\u00bb\u00bfD\u00d3NDE SE PAGA LA TASA?\u00bb back_title_size=\u00bb24&#8243; back_title_color=\u00bb#ffffff\u00bb font_weight=\u00bb200&#8243; front_desc_size=\u00bb16&#8243; back_desc=\u00bbEl recibo de la tasa se puede domiciliar, o pagar en las entidades bancarias. Ante cualquier duda se puede acudir a las dependencias de los ayuntamientos que forman parte del consorcio, o a las oficinas del COR.\u00bb back_desc_size=\u00bb15&#8243; back_desc_color=\u00bb#fcfcfc\u00bb][\/vc_column_inner][\/vc_row_inner][\/vc_column][\/mk_page_section][mk_page_section bg_image=\u00bbhttp:\/\/www.consorciresidus.org\/wp-content\/uploads\/2017\/03\/16.png\u00bb min_height=\u00bb0&#8243; padding_top=\u00bb40&#8243; visibility=\u00bbhidden-dt\u00bb sidebar=\u00bbsidebar-1&#8243;][vc_column][vc_row_inner][vc_column_inner width=\u00bb1\/2&#8243; css=\u00bb.vc_custom_1487809776119{padding-bottom: 40px !important;}\u00bb][mk_flipbox front_background_color=\u00bb#f1f5f7&#8243; back_background_color=\u00bb#007cb0&#8243; icon_type=\u00bbicon\u00bb icon=\u00bbmk-icon-plus-circle\u00bb icon_size=\u00bb64&#8243; icon_color=\u00bb#59a0d6&#8243; front_title=\u00bb\u00bfQU\u00c9?\u00bb front_title_size=\u00bb30&#8243; front_title_color=\u00bb#757575&#8243; back_title=\u00bb\u00bfQU\u00c9 ES LA TASA?\u00bb back_title_size=\u00bb24&#8243; back_title_color=\u00bb#ffffff\u00bb font_weight=\u00bb200&#8243; front_desc_size=\u00bb16&#8243; back_desc=\u00bbSe trata de una tasa que se establece por los servicios de transferencia, transporte, valorizaci\u00f3n y eliminaci\u00f3n de residuos s\u00f3lidos urbanos y ecoparques. La ordenanza que regula la tasa se aprob\u00f3 en la Asamblea General del Consorcio de Residuos en diciembre de 2016.\u00bb back_desc_size=\u00bb15&#8243; back_desc_color=\u00bb#fcfcfc\u00bb][\/vc_column_inner][vc_column_inner width=\u00bb1\/2&#8243; css=\u00bb.vc_custom_1487809793992{padding-bottom: 40px !important;}\u00bb][mk_flipbox front_background_color=\u00bb#f1f5f7&#8243; back_background_color=\u00bb#007cb0&#8243; icon_type=\u00bbicon\u00bb icon=\u00bbmk-icon-plus-circle\u00bb icon_size=\u00bb64&#8243; icon_color=\u00bb#59a0d6&#8243; front_title=\u00bb\u00bfQUI\u00c9N?\u00bb front_title_size=\u00bb30&#8243; front_title_color=\u00bb#757575&#8243; back_title=\u00bb\u00bfQUI\u00c9N PAGA LA TASA?\u00bb back_title_size=\u00bb24&#8243; back_title_color=\u00bb#ffffff\u00bb font_weight=\u00bb200&#8243; front_desc_size=\u00bb16&#8243; back_desc=\u00bbLos propietarios de viviendas, locales, alojamientos y cualquier otro local o establecimiento con o sin actividad industrial, comercial, profesional, art\u00edstica o de servicios. No son imponibles los garajes vinculados a viviendas, ni locales y viviendas sin luz y agua.\u00bb back_desc_size=\u00bb15&#8243; back_desc_color=\u00bb#fcfcfc\u00bb][\/vc_column_inner][\/vc_row_inner][vc_row_inner][vc_column_inner width=\u00bb1\/2&#8243; css=\u00bb.vc_custom_1487809776119{padding-bottom: 40px !important;}\u00bb][mk_flipbox front_background_color=\u00bb#c5dff1&#8243; back_background_color=\u00bb#007cb0&#8243; icon_type=\u00bbicon\u00bb icon=\u00bbmk-icon-plus-circle\u00bb icon_size=\u00bb64&#8243; icon_color=\u00bb#59a0d6&#8243; front_title=\u00bb\u00bfC\u00d3MO?\u00bb front_title_size=\u00bb30&#8243; front_title_color=\u00bb#757575&#8243; back_title=\u00bb\u00bfC\u00d3MO SE CALCULA LA TASA?\u00bb back_title_size=\u00bb24&#8243; back_title_color=\u00bb#ffffff\u00bb font_weight=\u00bb200&#8243; front_desc_size=\u00bb16&#8243; back_desc=\u00bbLa cuota consiste en una cantidad fija por inmueble, determinada en funci\u00f3n de la naturaleza, funci\u00f3n y superficie, y del coste total del servicio. Este costo se obtiene de un estudio econ\u00f3mico elaborado de forma individual para cada municipio. Cuantos menos residuos se generan, menos se paga.\u00bb back_desc_size=\u00bb15&#8243; back_desc_color=\u00bb#fcfcfc\u00bb][\/vc_column_inner][vc_column_inner width=\u00bb1\/2&#8243; css=\u00bb.vc_custom_1487809793992{padding-bottom: 40px !important;}\u00bb][mk_flipbox front_background_color=\u00bb#f1f5f7&#8243; back_background_color=\u00bb#007cb0&#8243; icon_type=\u00bbicon\u00bb icon=\u00bbmk-icon-plus-circle\u00bb icon_size=\u00bb64&#8243; icon_color=\u00bb#59a0d6&#8243; front_title=\u00bb\u00bfPOR QU\u00c9?\u00bb front_title_color=\u00bb#757575&#8243; back_title=\u00bb\u00bfPOR QU\u00c9 SE COBRA LA TASA?\u00bb back_title_size=\u00bb24&#8243; back_title_color=\u00bb#ffffff\u00bb font_weight=\u00bb200&#8243; front_desc_size=\u00bb16&#8243; back_desc=\u00bbPara financiar los servicios que presta el COR, de transferencia, transporte a la planta, tratamiento, valorizaci\u00f3n y eliminaci\u00f3n de residuios, y gesti\u00f3n de ecoparques. Con la tasa no se financian contenedores de reciclaje, de los que se encargan las entidades Ecoembes y Ecovidrio.\u00bb back_desc_size=\u00bb15&#8243; back_desc_color=\u00bb#fcfcfc\u00bb][\/vc_column_inner][\/vc_row_inner][vc_row_inner css=\u00bb.vc_custom_1487837639845{padding-bottom: 40px !important;}\u00bb][vc_column_inner width=\u00bb1\/2&#8243; css=\u00bb.vc_custom_1487809844665{padding-bottom: 40px !important;}\u00bb][mk_flipbox front_background_color=\u00bb#c5dff1&#8243; back_background_color=\u00bb#007cb0&#8243; icon_type=\u00bbicon\u00bb icon=\u00bbmk-icon-plus-circle\u00bb icon_size=\u00bb64&#8243; icon_color=\u00bb#59a0d6&#8243; front_title=\u00bb\u00bfCU\u00c1NDO?\u00bb front_title_size=\u00bb30&#8243; front_title_color=\u00bb#757575&#8243; back_title=\u00bb\u00bfCU\u00c1NDO SE PAGA LA TASA?\u00bb back_title_size=\u00bb24&#8243; back_title_color=\u00bb#ffffff\u00bb font_weight=\u00bb200&#8243; front_desc_size=\u00bb16&#8243; back_desc=\u00bbPor recibo domiciliado, se fracciona en dos pagos al 50%, el 1 de junio y 1 de agosto. En oficina bancaria, el recibo se puede pagar del 1 de junio al 31 de julio. El per\u00edodo impositivo es el a\u00f1o natural. Los cambios de domicilio o de cualquier elemento tributario tendr\u00e1n efecto a partir del ejercicio siguiente.\u00bb back_desc_size=\u00bb15&#8243; back_desc_color=\u00bb#fcfcfc\u00bb][\/vc_column_inner][vc_column_inner width=\u00bb1\/2&#8243; css=\u00bb.vc_custom_1487809854377{padding-bottom: 40px !important;}\u00bb][mk_flipbox front_background_color=\u00bb#f1f5f7&#8243; back_background_color=\u00bb#007cb0&#8243; icon_type=\u00bbicon\u00bb icon=\u00bbmk-icon-plus-circle\u00bb icon_size=\u00bb64&#8243; icon_color=\u00bb#59a0d6&#8243; front_title=\u00bb\u00bfD\u00d3NDE?\u00bb front_title_size=\u00bb30&#8243; front_title_color=\u00bb#757575&#8243; back_title=\u00bb\u00bfD\u00d3NDE SE PAGA LA TASA?\u00bb back_title_size=\u00bb24&#8243; back_title_color=\u00bb#ffffff\u00bb font_weight=\u00bb200&#8243; front_desc_size=\u00bb16&#8243; back_desc=\u00bbEl recibo de la tasa se puede domiciliar, o pagar en las entidades bancarias. Ante cualquier duda se puede acudir a las dependencias de los ayuntamientos que forman parte del consorcio, o a las oficinas del COR.\u00bb back_desc_size=\u00bb15&#8243; back_desc_color=\u00bb#fcfcfc\u00bb][\/vc_column_inner][\/vc_row_inner][\/vc_column][\/mk_page_section][mk_page_section bg_image=\u00bbhttps:\/\/www.consorciresidus.org\/wp-content\/uploads\/2017\/03\/16.png\u00bb padding_bottom=\u00bb70&#8243; sidebar=\u00bbsidebar-1&#8243;][vc_column][vc_column_text]<iframe loading=\"lazy\" src=\"\/\/www.youtube.com\/embed\/3q9G6E67Cwk?rel=0&amp;vq=hd720;theme=light&amp;showinfo=0&amp;modestbranding=1\u2033 frameborder=\u201d1\u2033 allowfullscreen\" width=\"1920\" height=\"1080\" frameborder=\"0\"><\/iframe>[\/vc_column_text][\/vc_column][\/mk_page_section][mk_page_section min_height=\u00bb0&#8243; js_vertical_centered=\u00bbtrue\u00bb padding_bottom=\u00bb60&#8243; el_class=\u00bblinea\u00bb sidebar=\u00bbsidebar-1&#8243;][vc_column][mk_ornamental_title tag_name=\u00bbh3&#8243; font_family=\u00bbRaleway\u00bb font_type=\u00bbgoogle\u00bb font_size=\u00bb35&#8243; font_weight=\u00bb400&#8243; txt_transform=\u00bbnone\u00bb ornament_style=\u00bbnorman-single\u00bb ornament_color=\u00bb#c4c4c4&#8243; margin_top=\u00bb50&#8243;]Falsos mitos sobre la tasa de residuos[\/mk_ornamental_title][vc_column_text][\/vc_column_text][vc_tta_accordion style=\u00bbmodern\u00bb spacing=\u00bb5&#8243; gap=\u00bb5&#8243; active_section=\u00bb\u00bb css_animation=\u00bbappear\u00bb no_fill=\u00bbtrue\u00bb css=\u00bb.vc_custom_1487840421387{padding-top: 40px !important;}\u00bb][vc_tta_section title=\u00bbLa pago dos veces. Es un impuesto nuevo que se han inventado, ya lo pagaba al Ayuntamiento.\u00bb tab_id=\u00bb1487811377946-11d052dc-8261&#8243;][vc_column_text]No se paga dos veces, la antigua tasa que pagaba al ayuntamiento se ha desdoblado en dos. Un recibo se paga al municipio, por el servicio de recogida, y otro al Consorcio por los servicios de transferencia, transporte, valorizaci\u00f3n y eliminaci\u00f3n de residuos s\u00f3lidos urbanos, y gesti\u00f3n de ecoparques.[\/vc_column_text][\/vc_tta_section][vc_tta_section title=\u00bbMe cobran para que las empresas hagan negocio con mis residuos.\u00bb tab_id=\u00bb1487811574522-8431f878-f79f\u00bb][vc_column_text]El Consorcio es un ente sin \u00e1nimo de lucro formado por municipios, Generalitat Valenciana y Diputaci\u00f3 de Val\u00e8ncia, con la finalidad de realizar una gesti\u00f3n sostenible de los residuos. Nadie hace negocio.[\/vc_column_text][\/vc_tta_section][vc_tta_section title=\u00bb\u00bfY a mi, qu\u00e9? Pagar\u00e9 lo mismo independientemente del contenedor donde deposite mis residuos.\u00bb tab_id=\u00bb1487811569788-282af976-8fa4&#8243;][vc_column_text]El c\u00e1lculo del coste de servicio en cada municipio tiene en cuenta la cantidad de residuos generados. El uso de contenedores adecuados y de los ecoparques reduce los residuos no selectivos, y el coste total del servicio. Cuanto m\u00e1s se recicla, menos se paga.[\/vc_column_text][\/vc_tta_section][vc_tta_section title=\u00bbEl Consorcio no tiene legitimidad para imponer un impuesto a la ciudadan\u00eda.\u00bb tab_id=\u00bb1487838287038-27c86812-059f\u00bb][vc_column_text]El Consorcio tiene capacidad jur\u00eddica de derecho p\u00fablico y privado para la realizaci\u00f3n de sus fines. Entre las facultades concedidas por la ley est\u00e1 la de establecer una tasa.[\/vc_column_text][\/vc_tta_section][vc_tta_section title=\u00bbTengo un negocio y me toca pagar la tasa dos veces. Es injusto.\u00bb tab_id=\u00bb1487838285705-f486e822-9409&#8243;][vc_column_text]La tasa no es personal, se paga por la propiedad de viviendas o cualquier tipo de establecimiento. Una vivienda y un negocio son dos fuentes diferentes generadoras de residuos, por tanto deben pagar la tasa por separado.[\/vc_column_text][\/vc_tta_section][vc_tta_section title=\u00bbUtilizar\u00e1n el dinero de la tasa para otra finalidad diferente de la gesti\u00f3n de los residuos y el fomento del reciclaje.\u00bb tab_id=\u00bb1487838283133-12358b25-1f5c\u00bb][vc_column_text]El dinero recaudado se destina \u00edntegramente a financiar todo aquello necesario para la gesti\u00f3n sostenible de los residuos y el cumplimiento de los objetivos estatutarios del COR, y a nada m\u00e1s.[\/vc_column_text][\/vc_tta_section][vc_tta_section title=\u00bbMe cobran la tasa para cubrir la mala gesti\u00f3n de la empresa concesionaria del servicio.\u00bb tab_id=\u00bb1487838358951-cf11641b-63ab\u00bb][vc_column_text]El COR puede externalizar en r\u00e9gimen de concesi\u00f3n alguno de los servicio. La empresa concesionaria cobra por su trabajo, que el Consorcio vela para que se haga bajo las condiciones pactadas. En ning\u00fan caso la tasa se cobra para compensar un mal servicio.[\/vc_column_text][\/vc_tta_section][\/vc_tta_accordion][\/vc_column][\/mk_page_section]\n<div style=\"clear:both;\"><\/div>","protected":false},"excerpt":{"rendered":"<p>La tasa del Consorcio de Residuos. Se paga en todos los municipios que forman parte del Consorcio, y sirve para financiar los servicios que presta el COR.<\/p>\n","protected":false},"author":1,"featured_media":0,"parent":0,"menu_order":0,"comment_status":"closed","ping_status":"open","template":"","meta":{"footnotes":""},"class_list":["post-14720","page","type-page","status-publish","hentry"],"yoast_head":"<!-- This site is optimized with the Yoast SEO plugin v26.0 - https:\/\/yoast.com\/wordpress\/plugins\/seo\/ -->\n<title>\u00bfQu\u00e9 es la tasa? - Consorcio de Residuos V5 - COR<\/title>\n<meta name=\"description\" content=\"La tasa del Consorcio de Residuos. Se paga en todos los municipios que forman parte del Consorcio, y sirve para financiar los servicios que presta el COR.\" \/>\n<meta name=\"robots\" content=\"index, follow, max-snippet:-1, max-image-preview:large, max-video-preview:-1\" \/>\n<link rel=\"canonical\" href=\"https:\/\/www.consorciresidus.org\/es\/que-es-la-tasa\/\" \/>\n<meta property=\"og:locale\" content=\"es_ES\" \/>\n<meta property=\"og:type\" content=\"article\" \/>\n<meta property=\"og:title\" content=\"La tasa del Consorcio de Residuos\" \/>\n<meta property=\"og:description\" content=\"La tasa del Consorcio de Residuos. Se paga en todos los municipios que forman parte del Consorcio, y sirve para financiar los servicios que presta el COR.\" \/>\n<meta property=\"og:url\" content=\"https:\/\/www.consorciresidus.org\/es\/que-es-la-tasa\/\" \/>\n<meta property=\"og:site_name\" content=\"Consorcio de Residuos V5 - COR\" \/>\n<meta property=\"article:modified_time\" content=\"2017-06-27T08:25:43+00:00\" \/>\n<meta property=\"og:image\" content=\"https:\/\/www.consorciresidus.org\/wp-content\/uploads\/2016\/12\/logo-2.jpg\" \/>\n\t<meta property=\"og:image:width\" content=\"390\" \/>\n\t<meta property=\"og:image:height\" content=\"191\" \/>\n\t<meta property=\"og:image:type\" content=\"image\/jpeg\" \/>\n<meta name=\"twitter:card\" content=\"summary_large_image\" \/>\n<meta name=\"twitter:title\" content=\"La tasa del Consorcio de Residuos\" \/>\n<meta name=\"twitter:description\" content=\"La tasa del Consorcio de Residuos. Se paga en todos los municipios que forman parte del Consorcio, y sirve para financiar los servicios que presta el COR.\" \/>\n<meta name=\"twitter:image\" content=\"https:\/\/www.consorciresidus.org\/wp-content\/uploads\/2016\/12\/logo-2.jpg\" \/>\n<meta name=\"twitter:label1\" content=\"Tiempo de lectura\" \/>\n\t<meta name=\"twitter:data1\" content=\"11 minutos\" \/>\n<script type=\"application\/ld+json\" class=\"yoast-schema-graph\">{\"@context\":\"https:\/\/schema.org\",\"@graph\":[{\"@type\":\"WebPage\",\"@id\":\"https:\/\/www.consorciresidus.org\/es\/que-es-la-tasa\/\",\"url\":\"https:\/\/www.consorciresidus.org\/es\/que-es-la-tasa\/\",\"name\":\"\u00bfQu\u00e9 es la tasa? - Consorcio de Residuos V5 - COR\",\"isPartOf\":{\"@id\":\"https:\/\/www.consorciresidus.org\/#website\"},\"datePublished\":\"2017-02-22T10:34:24+00:00\",\"dateModified\":\"2017-06-27T08:25:43+00:00\",\"description\":\"La tasa del Consorcio de Residuos. Se paga en todos los municipios que forman parte del Consorcio, y sirve para financiar los servicios que presta el COR.\",\"inLanguage\":\"es\",\"potentialAction\":[{\"@type\":\"ReadAction\",\"target\":[\"https:\/\/www.consorciresidus.org\/es\/que-es-la-tasa\/\"]}]},{\"@type\":\"WebSite\",\"@id\":\"https:\/\/www.consorciresidus.org\/#website\",\"url\":\"https:\/\/www.consorciresidus.org\/\",\"name\":\"Consorcio de Residuos V5 - COR\",\"description\":\"Consorcio para la gesti\u00f3n de residuos\",\"potentialAction\":[{\"@type\":\"SearchAction\",\"target\":{\"@type\":\"EntryPoint\",\"urlTemplate\":\"https:\/\/www.consorciresidus.org\/?s={search_term_string}\"},\"query-input\":{\"@type\":\"PropertyValueSpecification\",\"valueRequired\":true,\"valueName\":\"search_term_string\"}}],\"inLanguage\":\"es\"}]}<\/script>\n<!-- \/ Yoast SEO plugin. -->","yoast_head_json":{"title":"\u00bfQu\u00e9 es la tasa? - Consorcio de Residuos V5 - COR","description":"La tasa del Consorcio de Residuos. Se paga en todos los municipios que forman parte del Consorcio, y sirve para financiar los servicios que presta el COR.","robots":{"index":"index","follow":"follow","max-snippet":"max-snippet:-1","max-image-preview":"max-image-preview:large","max-video-preview":"max-video-preview:-1"},"canonical":"https:\/\/www.consorciresidus.org\/es\/que-es-la-tasa\/","og_locale":"es_ES","og_type":"article","og_title":"La tasa del Consorcio de Residuos","og_description":"La tasa del Consorcio de Residuos. Se paga en todos los municipios que forman parte del Consorcio, y sirve para financiar los servicios que presta el COR.","og_url":"https:\/\/www.consorciresidus.org\/es\/que-es-la-tasa\/","og_site_name":"Consorcio de Residuos V5 - COR","article_modified_time":"2017-06-27T08:25:43+00:00","og_image":[{"width":390,"height":191,"url":"https:\/\/www.consorciresidus.org\/wp-content\/uploads\/2016\/12\/logo-2.jpg","type":"image\/jpeg"}],"twitter_card":"summary_large_image","twitter_title":"La tasa del Consorcio de Residuos","twitter_description":"La tasa del Consorcio de Residuos. Se paga en todos los municipios que forman parte del Consorcio, y sirve para financiar los servicios que presta el COR.","twitter_image":"https:\/\/www.consorciresidus.org\/wp-content\/uploads\/2016\/12\/logo-2.jpg","twitter_misc":{"Tiempo de lectura":"11 minutos"},"schema":{"@context":"https:\/\/schema.org","@graph":[{"@type":"WebPage","@id":"https:\/\/www.consorciresidus.org\/es\/que-es-la-tasa\/","url":"https:\/\/www.consorciresidus.org\/es\/que-es-la-tasa\/","name":"\u00bfQu\u00e9 es la tasa? - Consorcio de Residuos V5 - COR","isPartOf":{"@id":"https:\/\/www.consorciresidus.org\/#website"},"datePublished":"2017-02-22T10:34:24+00:00","dateModified":"2017-06-27T08:25:43+00:00","description":"La tasa del Consorcio de Residuos. Se paga en todos los municipios que forman parte del Consorcio, y sirve para financiar los servicios que presta el COR.","inLanguage":"es","potentialAction":[{"@type":"ReadAction","target":["https:\/\/www.consorciresidus.org\/es\/que-es-la-tasa\/"]}]},{"@type":"WebSite","@id":"https:\/\/www.consorciresidus.org\/#website","url":"https:\/\/www.consorciresidus.org\/","name":"Consorcio de Residuos V5 - COR","description":"Consorcio para la gesti\u00f3n de residuos","potentialAction":[{"@type":"SearchAction","target":{"@type":"EntryPoint","urlTemplate":"https:\/\/www.consorciresidus.org\/?s={search_term_string}"},"query-input":{"@type":"PropertyValueSpecification","valueRequired":true,"valueName":"search_term_string"}}],"inLanguage":"es"}]}},"_links":{"self":[{"href":"https:\/\/www.consorciresidus.org\/es\/wp-json\/wp\/v2\/pages\/14720","targetHints":{"allow":["GET"]}}],"collection":[{"href":"https:\/\/www.consorciresidus.org\/es\/wp-json\/wp\/v2\/pages"}],"about":[{"href":"https:\/\/www.consorciresidus.org\/es\/wp-json\/wp\/v2\/types\/page"}],"author":[{"embeddable":true,"href":"https:\/\/www.consorciresidus.org\/es\/wp-json\/wp\/v2\/users\/1"}],"replies":[{"embeddable":true,"href":"https:\/\/www.consorciresidus.org\/es\/wp-json\/wp\/v2\/comments?post=14720"}],"version-history":[{"count":14,"href":"https:\/\/www.consorciresidus.org\/es\/wp-json\/wp\/v2\/pages\/14720\/revisions"}],"predecessor-version":[{"id":18262,"href":"https:\/\/www.consorciresidus.org\/es\/wp-json\/wp\/v2\/pages\/14720\/revisions\/18262"}],"wp:attachment":[{"href":"https:\/\/www.consorciresidus.org\/es\/wp-json\/wp\/v2\/media?parent=14720"}],"curies":[{"name":"wp","href":"https:\/\/api.w.org\/{rel}","templated":true}]}}