 



{"id":14735,"date":"2017-02-16T14:51:13","date_gmt":"2017-02-16T14:51:13","guid":{"rendered":"https:\/\/www.consorciresidus.org\/transparencia\/subvencions\/"},"modified":"2022-07-12T11:05:05","modified_gmt":"2022-07-12T11:05:05","slug":"subvenciones","status":"publish","type":"page","link":"https:\/\/www.consorciresidus.org\/es\/transparencia\/subvenciones\/","title":{"rendered":"Subvenciones"},"content":{"rendered":"[mk_page_section min_height=\u00bb0&#8243; js_vertical_centered=\u00bbtrue\u00bb padding_top=\u00bb50&#8243; sidebar=\u00bbsidebar-1&#8243;][vc_column][mk_font_icons icon=\u00bbmk-moon-tag-8&#8243; color=\u00bb#0079a1&#8243; size=\u00bbx-large\u00bb margin_horizental=\u00bb0&#8243; margin_vertical=\u00bb12&#8243; align=\u00bbcenter\u00bb][mk_ornamental_title font_family=\u00bbnone\u00bb font_size=\u00bb38&#8243; font_weight=\u00bb300&#8243; txt_transform=\u00bbnone\u00bb ornament_style=\u00bbnorman-single\u00bb ornament_color=\u00bb#c1c1c1&#8243; margin_top=\u00bb-15&#8243; margin_bottom=\u00bb5&#8243;]Subvenciones[\/mk_ornamental_title][vc_column_text align=\u00bbcenter\u00bb]<span style=\"color: #999999;\">Econ\u00f3mica y\u00a0presupuestaria<\/span>[\/vc_column_text][\/vc_column][\/mk_page_section][mk_page_section section_layout=\u00bbright\u00bb el_class=\u00bbborde-verde\u00bb sidebar=\u00bbsidebar-4&#8243;][vc_column][vc_row_inner][vc_column_inner][vc_column_text css=\u00bb.vc_custom_1518694448207{margin-bottom: 0px !important;}\u00bb]<div class=\"dataset-content\">   \r\n             \r\n       <h3 class=\"dataset-heading\">\r\n               <a href=\"https:\/\/www.consorciresidus.org\/es\/download\/Acuerdo-Comision-Gobierno_Convocatoria-subvnecion-prevencion-residuos_expdte-68_2023.pdf\" target=\"_blank\" title=\"Download Acuerdo Comisi\u00f3n Gobierno Convocatoria Subvneci\u00f3n Prevenci\u00f3n Residuos Expdte 68 2023\"><img decoding=\"async\" align=\"middle\" src=\"https:\/\/www.consorciresidus.org\/wp-content\/images\/fileicons\/pdf.png\" alt=\"Acuerdo Comisi\u00f3n Gobierno Convocatoria Subvneci\u00f3n Prevenci\u00f3n Residuos Expdte 68 2023\" \/><\/a>\r\n               <a class=\"titulo\" href=\"https:\/\/www.consorciresidus.org\/es\/download\/Acuerdo-Comision-Gobierno_Convocatoria-subvnecion-prevencion-residuos_expdte-68_2023.pdf\" title=\"Download Acuerdo Comisi\u00f3n Gobierno Convocatoria Subvneci\u00f3n Prevenci\u00f3n Residuos Expdte 68 2023\" target=\"_blank\" >Acuerdo Comisi\u00f3n Gobierno Convocatoria Subvneci\u00f3n Prevenci\u00f3n Residuos Expdte 68 2023<\/a>\r\n                <span class=\"recent-views\">17 octubre, 2023<\/span>\r\n             \r\n       <\/h3>\r\n\r\n       <div class=\"notes\">        \r\n                     <p class=\"dataset-organization\"><\/p>  \r\n                     <span class=\"peso\">7.2 MiB<\/span>\r\n       <\/div>\r\n      \r\n     \r\n<\/div>\r\n\r\n<div class=\"dataset-content\">   \r\n             \r\n       <h3 class=\"dataset-heading\">\r\n               <a href=\"https:\/\/www.consorciresidus.org\/es\/download\/Acuerdo-Comision-de-Gobierno_Convocatoria-subvencion-concienciacion_expdte-67_2023.pdf\" target=\"_blank\" title=\"Download Acuerdo Comisi\u00f3n De Gobierno Convocatoria Subvenci\u00f3n Concienciaci\u00f3n Expdte 67 2023\"><img decoding=\"async\" align=\"middle\" src=\"https:\/\/www.consorciresidus.org\/wp-content\/images\/fileicons\/pdf.png\" alt=\"Acuerdo Comisi\u00f3n De Gobierno Convocatoria Subvenci\u00f3n Concienciaci\u00f3n Expdte 67 2023\" \/><\/a>\r\n               <a class=\"titulo\" href=\"https:\/\/www.consorciresidus.org\/es\/download\/Acuerdo-Comision-de-Gobierno_Convocatoria-subvencion-concienciacion_expdte-67_2023.pdf\" title=\"Download Acuerdo Comisi\u00f3n De Gobierno Convocatoria Subvenci\u00f3n Concienciaci\u00f3n Expdte 67 2023\" target=\"_blank\" >Acuerdo Comisi\u00f3n De Gobierno Convocatoria Subvenci\u00f3n Concienciaci\u00f3n Expdte 67 2023<\/a>\r\n                <span class=\"recent-views\">17 octubre, 2023<\/span>\r\n             \r\n       <\/h3>\r\n\r\n       <div class=\"notes\">        \r\n                     <p class=\"dataset-organization\"><\/p>  \r\n                     <span class=\"peso\">11.1 MiB<\/span>\r\n       <\/div>\r\n      \r\n     \r\n<\/div>\r\n\r\n<div class=\"dataset-content\">   \r\n             \r\n       <h3 class=\"dataset-heading\">\r\n               <a href=\"https:\/\/www.consorciresidus.org\/es\/download\/Acuerdo-Comision-Gobierno_Convocatoria-subvencion-gestion-y-explotacion-isla-de-compostaje_expdte-66_2023.pdf\" target=\"_blank\" title=\"Download Acuerdo Comisi\u00f3n Gobierno Convocatoria Subvenci\u00f3n Gesti\u00f3n Y Explotaci\u00f3n Isla De Compostaje Expdte 66 2023\"><img decoding=\"async\" align=\"middle\" src=\"https:\/\/www.consorciresidus.org\/wp-content\/images\/fileicons\/pdf.png\" alt=\"Acuerdo Comisi\u00f3n Gobierno Convocatoria Subvenci\u00f3n Gesti\u00f3n Y Explotaci\u00f3n Isla De Compostaje Expdte 66 2023\" \/><\/a>\r\n               <a class=\"titulo\" href=\"https:\/\/www.consorciresidus.org\/es\/download\/Acuerdo-Comision-Gobierno_Convocatoria-subvencion-gestion-y-explotacion-isla-de-compostaje_expdte-66_2023.pdf\" title=\"Download Acuerdo Comisi\u00f3n Gobierno Convocatoria Subvenci\u00f3n Gesti\u00f3n Y Explotaci\u00f3n Isla De Compostaje Expdte 66 2023\" target=\"_blank\" >Acuerdo Comisi\u00f3n Gobierno Convocatoria Subvenci\u00f3n Gesti\u00f3n Y Explotaci\u00f3n Isla De Compostaje Expdte 66 2023<\/a>\r\n                <span class=\"recent-views\">17 octubre, 2023<\/span>\r\n             \r\n       <\/h3>\r\n\r\n       <div class=\"notes\">        \r\n                     <p class=\"dataset-organization\"><\/p>  \r\n                     <span class=\"peso\">7.4 MiB<\/span>\r\n       <\/div>\r\n      \r\n     \r\n<\/div>\r\n\r\n<div class=\"dataset-content\">   \r\n             \r\n       <h3 class=\"dataset-heading\">\r\n               <a href=\"https:\/\/www.consorciresidus.org\/es\/download\/Anuncio_concesion-subvenciones-prevencion_81_2022.pdf\" target=\"_blank\" title=\"Download Anuncio Concesi\u00f3n Subvenciones Prevenci\u00f3n 81 2022\"><img decoding=\"async\" align=\"middle\" src=\"https:\/\/www.consorciresidus.org\/wp-content\/images\/fileicons\/pdf.png\" alt=\"Anuncio Concesi\u00f3n Subvenciones Prevenci\u00f3n 81 2022\" \/><\/a>\r\n               <a class=\"titulo\" href=\"https:\/\/www.consorciresidus.org\/es\/download\/Anuncio_concesion-subvenciones-prevencion_81_2022.pdf\" title=\"Download Anuncio Concesi\u00f3n Subvenciones Prevenci\u00f3n 81 2022\" target=\"_blank\" >Anuncio Concesi\u00f3n Subvenciones Prevenci\u00f3n 81 2022<\/a>\r\n                <span class=\"recent-views\">5 octubre, 2022<\/span>\r\n             \r\n       <\/h3>\r\n\r\n       <div class=\"notes\">        \r\n                     <p class=\"dataset-organization\"><\/p>  \r\n                     <span class=\"peso\">0.4 MiB<\/span>\r\n       <\/div>\r\n      \r\n     \r\n<\/div>\r\n\r\n<div class=\"dataset-content\">   \r\n             \r\n       <h3 class=\"dataset-heading\">\r\n               <a href=\"https:\/\/www.consorciresidus.org\/es\/download\/Anuncio_concesion-subvenciones-concienciacion_80_2022.pdf\" target=\"_blank\" title=\"Download Anuncio Concesi\u00f3n Subvenciones Concienciaci\u00f3n 80 2022\"><img decoding=\"async\" align=\"middle\" src=\"https:\/\/www.consorciresidus.org\/wp-content\/images\/fileicons\/pdf.png\" alt=\"Anuncio Concesi\u00f3n Subvenciones Concienciaci\u00f3n 80 2022\" \/><\/a>\r\n               <a class=\"titulo\" href=\"https:\/\/www.consorciresidus.org\/es\/download\/Anuncio_concesion-subvenciones-concienciacion_80_2022.pdf\" title=\"Download Anuncio Concesi\u00f3n Subvenciones Concienciaci\u00f3n 80 2022\" target=\"_blank\" >Anuncio Concesi\u00f3n Subvenciones Concienciaci\u00f3n 80 2022<\/a>\r\n                <span class=\"recent-views\">5 octubre, 2022<\/span>\r\n             \r\n       <\/h3>\r\n\r\n       <div class=\"notes\">        \r\n                     <p class=\"dataset-organization\"><\/p>  \r\n                     <span class=\"peso\">0.4 MiB<\/span>\r\n       <\/div>\r\n      \r\n     \r\n<\/div>\r\n\r\n<div class=\"dataset-content\">   \r\n             \r\n       <h3 class=\"dataset-heading\">\r\n               <a href=\"https:\/\/www.consorciresidus.org\/es\/download\/economica_y_presupuestaria\/subvenciones\/Convocatoria-prevencio_bilingue_2022_amb-annexos2.pdf\" target=\"_blank\" title=\"Download Convocatoria prevenci\u00f3n biling\u00fce 2022 con anexos\"><img decoding=\"async\" align=\"middle\" src=\"https:\/\/www.consorciresidus.org\/wp-content\/images\/fileicons\/pdf.png\" alt=\"Convocatoria prevenci\u00f3n biling\u00fce 2022 con anexos\" \/><\/a>\r\n               <a class=\"titulo\" href=\"https:\/\/www.consorciresidus.org\/es\/download\/economica_y_presupuestaria\/subvenciones\/Convocatoria-prevencio_bilingue_2022_amb-annexos2.pdf\" title=\"Download Convocatoria prevenci\u00f3n biling\u00fce 2022 con anexos\" target=\"_blank\" >Convocatoria prevenci\u00f3n biling\u00fce 2022 con anexos<\/a>\r\n                <span class=\"recent-views\">11 julio, 2022<\/span>\r\n             \r\n       <\/h3>\r\n\r\n       <div class=\"notes\">        \r\n                     <p class=\"dataset-organization\"><\/p>  \r\n                     <span class=\"peso\">0.8 MiB<\/span>\r\n       <\/div>\r\n      \r\n     \r\n<\/div>\r\n\r\n<span aria-label=\"P\u00e1gina 1\" aria-current=\"page\" class=\"page-numbers current\">1<\/span>\n<a aria-label=\"P\u00e1gina 2\" class=\"page-numbers\" href=\"\/es\/wp-json\/wp\/v2\/pages\/14735?wpfb_list_page=2\">2<\/a>\n<a aria-label=\"P\u00e1gina 3\" class=\"page-numbers\" href=\"\/es\/wp-json\/wp\/v2\/pages\/14735?wpfb_list_page=3\">3<\/a>\n<span class=\"page-numbers dots\">&hellip;<\/span>\n<a aria-label=\"P\u00e1gina 6\" class=\"page-numbers\" href=\"\/es\/wp-json\/wp\/v2\/pages\/14735?wpfb_list_page=6\">6<\/a>\n<a class=\"next page-numbers\" href=\"\/es\/wp-json\/wp\/v2\/pages\/14735?wpfb_list_page=2\">Siguiente &raquo;<\/a>[\/vc_column_text][\/vc_column_inner][\/vc_row_inner][\/vc_column][\/mk_page_section]\n<div style=\"clear:both;\"><\/div>","protected":false},"excerpt":{"rendered":"<p>[mk_page_section min_height=\u00bb0&#8243; js_vertical_centered=\u00bbtrue\u00bb padding_top=\u00bb50&#8243; sidebar=\u00bbsidebar-1&#8243;][vc_column][mk_font_icons icon=\u00bbmk-moon-tag-8&#8243; color=\u00bb#0079a1&#8243; size=\u00bbx-large\u00bb margin_horizental=\u00bb0&#8243; margin_vertical=\u00bb12&#8243; align=\u00bbcenter\u00bb][mk_ornamental_title font_family=\u00bbnone\u00bb font_size=\u00bb38&#8243; font_weight=\u00bb300&#8243; txt_transform=\u00bbnone\u00bb ornament_style=\u00bbnorman-single\u00bb ornament_color=\u00bb#c1c1c1&#8243; margin_top=\u00bb-15&#8243; margin_bottom=\u00bb5&#8243;]Subvenciones[\/mk_ornamental_title][vc_column_text align=\u00bbcenter\u00bb]Econ\u00f3mica y\u00a0presupuestaria[\/vc_column_text][\/vc_column][\/mk_page_section][mk_page_section section_layout=\u00bbright\u00bb el_class=\u00bbborde-verde\u00bb sidebar=\u00bbsidebar-4&#8243;][vc_column][vc_row_inner][vc_column_inner][vc_column_text css=\u00bb.vc_custom_1518694448207{margin-bottom: 0px [&hellip;]<\/p>\n","protected":false},"author":1,"featured_media":0,"parent":14679,"menu_order":33,"comment_status":"closed","ping_status":"closed","template":"","meta":{"footnotes":""},"class_list":["post-14735","page","type-page","status-publish","hentry"],"yoast_head":"<!-- This site is optimized with the Yoast SEO plugin v26.0 - https:\/\/yoast.com\/wordpress\/plugins\/seo\/ -->\n<title>Subvenciones - Consorcio de Residuos V5 - COR<\/title>\n<meta name=\"robots\" content=\"noindex, follow\" \/>\n<meta property=\"og:locale\" content=\"es_ES\" \/>\n<meta property=\"og:type\" content=\"article\" \/>\n<meta property=\"og:title\" content=\"Subvenciones - Consorcio de Residuos V5 - COR\" \/>\n<meta property=\"og:description\" content=\"[mk_page_section min_height=\u00bb0&#8243; js_vertical_centered=\u00bbtrue\u00bb padding_top=\u00bb50&#8243; sidebar=\u00bbsidebar-1&#8243;][vc_column][mk_font_icons icon=\u00bbmk-moon-tag-8&#8243; color=\u00bb#0079a1&#8243; size=\u00bbx-large\u00bb margin_horizental=\u00bb0&#8243; margin_vertical=\u00bb12&#8243; align=\u00bbcenter\u00bb][mk_ornamental_title font_family=\u00bbnone\u00bb font_size=\u00bb38&#8243; font_weight=\u00bb300&#8243; txt_transform=\u00bbnone\u00bb ornament_style=\u00bbnorman-single\u00bb ornament_color=\u00bb#c1c1c1&#8243; margin_top=\u00bb-15&#8243; margin_bottom=\u00bb5&#8243;]Subvenciones[\/mk_ornamental_title][vc_column_text align=\u00bbcenter\u00bb]Econ\u00f3mica y\u00a0presupuestaria[\/vc_column_text][\/vc_column][\/mk_page_section][mk_page_section section_layout=\u00bbright\u00bb el_class=\u00bbborde-verde\u00bb sidebar=\u00bbsidebar-4&#8243;][vc_column][vc_row_inner][vc_column_inner][vc_column_text css=\u00bb.vc_custom_1518694448207{margin-bottom: 0px [&hellip;]\" \/>\n<meta property=\"og:url\" content=\"https:\/\/www.consorciresidus.org\/es\/transparencia\/subvenciones\/\" \/>\n<meta property=\"og:site_name\" content=\"Consorcio de Residuos V5 - COR\" \/>\n<meta property=\"article:modified_time\" content=\"2022-07-12T11:05:05+00:00\" \/>\n<meta name=\"twitter:card\" content=\"summary_large_image\" \/>\n<meta name=\"twitter:label1\" content=\"Tiempo de lectura\" \/>\n\t<meta name=\"twitter:data1\" content=\"1 minuto\" \/>\n<script type=\"application\/ld+json\" class=\"yoast-schema-graph\">{\"@context\":\"https:\/\/schema.org\",\"@graph\":[{\"@type\":\"WebPage\",\"@id\":\"https:\/\/www.consorciresidus.org\/es\/transparencia\/subvenciones\/\",\"url\":\"https:\/\/www.consorciresidus.org\/es\/transparencia\/subvenciones\/\",\"name\":\"Subvenciones - Consorcio de Residuos V5 - COR\",\"isPartOf\":{\"@id\":\"https:\/\/www.consorciresidus.org\/#website\"},\"datePublished\":\"2017-02-16T14:51:13+00:00\",\"dateModified\":\"2022-07-12T11:05:05+00:00\",\"breadcrumb\":{\"@id\":\"https:\/\/www.consorciresidus.org\/es\/transparencia\/subvenciones\/#breadcrumb\"},\"inLanguage\":\"es\",\"potentialAction\":[{\"@type\":\"ReadAction\",\"target\":[\"https:\/\/www.consorciresidus.org\/es\/transparencia\/subvenciones\/\"]}]},{\"@type\":\"BreadcrumbList\",\"@id\":\"https:\/\/www.consorciresidus.org\/es\/transparencia\/subvenciones\/#breadcrumb\",\"itemListElement\":[{\"@type\":\"ListItem\",\"position\":1,\"name\":\"Portal de transparencia y datos abiertos\",\"item\":\"https:\/\/www.consorciresidus.org\/es\/transparencia\/\"},{\"@type\":\"ListItem\",\"position\":2,\"name\":\"Subvenciones\"}]},{\"@type\":\"WebSite\",\"@id\":\"https:\/\/www.consorciresidus.org\/#website\",\"url\":\"https:\/\/www.consorciresidus.org\/\",\"name\":\"Consorcio de Residuos V5 - COR\",\"description\":\"Consorcio para la gesti\u00f3n de residuos\",\"potentialAction\":[{\"@type\":\"SearchAction\",\"target\":{\"@type\":\"EntryPoint\",\"urlTemplate\":\"https:\/\/www.consorciresidus.org\/?s={search_term_string}\"},\"query-input\":{\"@type\":\"PropertyValueSpecification\",\"valueRequired\":true,\"valueName\":\"search_term_string\"}}],\"inLanguage\":\"es\"}]}<\/script>\n<!-- \/ Yoast SEO plugin. -->","yoast_head_json":{"title":"Subvenciones - Consorcio de Residuos V5 - COR","robots":{"index":"noindex","follow":"follow"},"og_locale":"es_ES","og_type":"article","og_title":"Subvenciones - Consorcio de Residuos V5 - COR","og_description":"[mk_page_section min_height=\u00bb0&#8243; js_vertical_centered=\u00bbtrue\u00bb padding_top=\u00bb50&#8243; sidebar=\u00bbsidebar-1&#8243;][vc_column][mk_font_icons icon=\u00bbmk-moon-tag-8&#8243; color=\u00bb#0079a1&#8243; size=\u00bbx-large\u00bb margin_horizental=\u00bb0&#8243; margin_vertical=\u00bb12&#8243; align=\u00bbcenter\u00bb][mk_ornamental_title font_family=\u00bbnone\u00bb font_size=\u00bb38&#8243; font_weight=\u00bb300&#8243; txt_transform=\u00bbnone\u00bb ornament_style=\u00bbnorman-single\u00bb ornament_color=\u00bb#c1c1c1&#8243; margin_top=\u00bb-15&#8243; margin_bottom=\u00bb5&#8243;]Subvenciones[\/mk_ornamental_title][vc_column_text align=\u00bbcenter\u00bb]Econ\u00f3mica y\u00a0presupuestaria[\/vc_column_text][\/vc_column][\/mk_page_section][mk_page_section section_layout=\u00bbright\u00bb el_class=\u00bbborde-verde\u00bb sidebar=\u00bbsidebar-4&#8243;][vc_column][vc_row_inner][vc_column_inner][vc_column_text css=\u00bb.vc_custom_1518694448207{margin-bottom: 0px [&hellip;]","og_url":"https:\/\/www.consorciresidus.org\/es\/transparencia\/subvenciones\/","og_site_name":"Consorcio de Residuos V5 - COR","article_modified_time":"2022-07-12T11:05:05+00:00","twitter_card":"summary_large_image","twitter_misc":{"Tiempo de lectura":"1 minuto"},"schema":{"@context":"https:\/\/schema.org","@graph":[{"@type":"WebPage","@id":"https:\/\/www.consorciresidus.org\/es\/transparencia\/subvenciones\/","url":"https:\/\/www.consorciresidus.org\/es\/transparencia\/subvenciones\/","name":"Subvenciones - Consorcio de Residuos V5 - COR","isPartOf":{"@id":"https:\/\/www.consorciresidus.org\/#website"},"datePublished":"2017-02-16T14:51:13+00:00","dateModified":"2022-07-12T11:05:05+00:00","breadcrumb":{"@id":"https:\/\/www.consorciresidus.org\/es\/transparencia\/subvenciones\/#breadcrumb"},"inLanguage":"es","potentialAction":[{"@type":"ReadAction","target":["https:\/\/www.consorciresidus.org\/es\/transparencia\/subvenciones\/"]}]},{"@type":"BreadcrumbList","@id":"https:\/\/www.consorciresidus.org\/es\/transparencia\/subvenciones\/#breadcrumb","itemListElement":[{"@type":"ListItem","position":1,"name":"Portal de transparencia y datos abiertos","item":"https:\/\/www.consorciresidus.org\/es\/transparencia\/"},{"@type":"ListItem","position":2,"name":"Subvenciones"}]},{"@type":"WebSite","@id":"https:\/\/www.consorciresidus.org\/#website","url":"https:\/\/www.consorciresidus.org\/","name":"Consorcio de Residuos V5 - COR","description":"Consorcio para la gesti\u00f3n de residuos","potentialAction":[{"@type":"SearchAction","target":{"@type":"EntryPoint","urlTemplate":"https:\/\/www.consorciresidus.org\/?s={search_term_string}"},"query-input":{"@type":"PropertyValueSpecification","valueRequired":true,"valueName":"search_term_string"}}],"inLanguage":"es"}]}},"_links":{"self":[{"href":"https:\/\/www.consorciresidus.org\/es\/wp-json\/wp\/v2\/pages\/14735","targetHints":{"allow":["GET"]}}],"collection":[{"href":"https:\/\/www.consorciresidus.org\/es\/wp-json\/wp\/v2\/pages"}],"about":[{"href":"https:\/\/www.consorciresidus.org\/es\/wp-json\/wp\/v2\/types\/page"}],"author":[{"embeddable":true,"href":"https:\/\/www.consorciresidus.org\/es\/wp-json\/wp\/v2\/users\/1"}],"replies":[{"embeddable":true,"href":"https:\/\/www.consorciresidus.org\/es\/wp-json\/wp\/v2\/comments?post=14735"}],"version-history":[{"count":7,"href":"https:\/\/www.consorciresidus.org\/es\/wp-json\/wp\/v2\/pages\/14735\/revisions"}],"predecessor-version":[{"id":26346,"href":"https:\/\/www.consorciresidus.org\/es\/wp-json\/wp\/v2\/pages\/14735\/revisions\/26346"}],"up":[{"embeddable":true,"href":"https:\/\/www.consorciresidus.org\/es\/wp-json\/wp\/v2\/pages\/14679"}],"wp:attachment":[{"href":"https:\/\/www.consorciresidus.org\/es\/wp-json\/wp\/v2\/media?parent=14735"}],"curies":[{"name":"wp","href":"https:\/\/api.w.org\/{rel}","templated":true}]}}