 



{"id":14737,"date":"2017-02-16T12:04:51","date_gmt":"2017-02-16T12:04:51","guid":{"rendered":"https:\/\/www.consorciresidus.org\/transparencia\/contractes\/"},"modified":"2020-05-28T09:53:32","modified_gmt":"2020-05-28T09:53:32","slug":"contratos","status":"publish","type":"page","link":"https:\/\/www.consorciresidus.org\/es\/transparencia\/contratos\/","title":{"rendered":"Contratos"},"content":{"rendered":"[mk_page_section min_height=\u00bb0&#8243; js_vertical_centered=\u00bbtrue\u00bb padding_top=\u00bb50&#8243; sidebar=\u00bbsidebar-1&#8243;][vc_column][mk_font_icons icon=\u00bbmk-moon-pen\u00bb color=\u00bb#0079a1&#8243; size=\u00bbx-large\u00bb margin_horizental=\u00bb0&#8243; margin_vertical=\u00bb12&#8243; align=\u00bbcenter\u00bb][mk_ornamental_title font_family=\u00bbnone\u00bb font_size=\u00bb38&#8243; font_weight=\u00bb300&#8243; txt_transform=\u00bbnone\u00bb ornament_style=\u00bbnorman-single\u00bb ornament_color=\u00bb#c1c1c1&#8243; margin_top=\u00bb-15&#8243; margin_bottom=\u00bb5&#8243;]Contratos[\/mk_ornamental_title][vc_column_text align=\u00bbcenter\u00bb]<span style=\"color: #999999;\">Econ\u00f3mica y\u00a0presupuestaria<\/span>[\/vc_column_text][\/vc_column][\/mk_page_section][mk_page_section section_layout=\u00bbright\u00bb el_class=\u00bbborde-verde\u00bb sidebar=\u00bbsidebar-4&#8243;][vc_column][vc_row_inner][vc_column_inner][vc_custom_heading text=\u00bbPUBLICACIONES DE LICITACIONES\u00bb font_container=\u00bbtag:h5|text_align:center\u00bb use_theme_fonts=\u00bbyes\u00bb link=\u00bburl:https%3A%2F%2Fwww.consorciresidus.org%2Fes%2Fpublicaciones-licitaciones%2F|title:Publicaciones%20de%20licitaciones||\u00bb el_class=\u00bbcaixa\u00bb css=\u00bb.vc_custom_1590659601508{margin-bottom: 20px !important;padding-top: 10px !important;padding-right: 10px !important;padding-bottom: 10px !important;padding-left: 10px !important;background-color: #eaeaea !important;}\u00bb][\/vc_column_inner][\/vc_row_inner][vc_row_inner][vc_column_inner][vc_column_text]<div class=\"dataset-content\">   \r\n             \r\n       <h3 class=\"dataset-heading\">\r\n               <a href=\"https:\/\/www.consorciresidus.org\/es\/download\/economica_y_presupuestaria\/contratos\/RELACIO-DE-CONTRATES-MENORS-FINS-AL-31-DE-GENER-DE-2026.xlsx\" target=\"_blank\" title=\"Download RELACI\u00d3 DE CONTRATES MENORS FINS AL 31 DE GENER DE 2026\"><img decoding=\"async\" align=\"middle\" src=\"https:\/\/www.consorciresidus.org\/wp-includes\/images\/crystal\/spreadsheet.png\" alt=\"RELACI\u00d3 DE CONTRATES MENORS FINS AL 31 DE GENER DE 2026\" \/><\/a>\r\n               <a class=\"titulo\" href=\"https:\/\/www.consorciresidus.org\/es\/download\/economica_y_presupuestaria\/contratos\/RELACIO-DE-CONTRATES-MENORS-FINS-AL-31-DE-GENER-DE-2026.xlsx\" title=\"Download RELACI\u00d3 DE CONTRATES MENORS FINS AL 31 DE GENER DE 2026\" target=\"_blank\" >RELACI\u00d3 DE CONTRATES MENORS FINS AL 31 DE GENER DE 2026<\/a>\r\n                <span class=\"recent-views\">25 febrero, 2026<\/span>\r\n             \r\n       <\/h3>\r\n\r\n       <div class=\"notes\">        \r\n                     <p class=\"dataset-organization\"><\/p>  \r\n                     <span class=\"peso\">30 KiB<\/span>\r\n       <\/div>\r\n      \r\n     \r\n<\/div>\r\n\r\n<div class=\"dataset-content\">   \r\n             \r\n       <h3 class=\"dataset-heading\">\r\n               <a href=\"https:\/\/www.consorciresidus.org\/es\/download\/economica_y_presupuestaria\/contratos\/Anunci-en-BOP-no-57-25032021_estudiviabilitatserveirecollidaoli_2.pdf\" target=\"_blank\" title=\"Download Anuncio del Consorcio de Residuos Plan Zonal V5 sobre informaci\u00f3n p\u00fablica del nuevo estudio de viabilidad econ\u00f3mico-financiera\"><img decoding=\"async\" align=\"middle\" src=\"https:\/\/www.consorciresidus.org\/wp-content\/images\/fileicons\/pdf.png\" alt=\"Anuncio del Consorcio de Residuos Plan Zonal V5 sobre informaci\u00f3n p\u00fablica del nuevo estudio de viabilidad econ\u00f3mico-financiera\" \/><\/a>\r\n               <a class=\"titulo\" href=\"https:\/\/www.consorciresidus.org\/es\/download\/economica_y_presupuestaria\/contratos\/Anunci-en-BOP-no-57-25032021_estudiviabilitatserveirecollidaoli_2.pdf\" title=\"Download Anuncio del Consorcio de Residuos Plan Zonal V5 sobre informaci\u00f3n p\u00fablica del nuevo estudio de viabilidad econ\u00f3mico-financiera\" target=\"_blank\" >Anuncio del Consorcio de Residuos Plan Zonal V5 sobre informaci\u00f3n p\u00fablica del nuevo estudio de viabilidad econ\u00f3mico-financiera<\/a>\r\n                <span class=\"recent-views\">29 marzo, 2021<\/span>\r\n             \r\n       <\/h3>\r\n\r\n       <div class=\"notes\">        \r\n                     <p class=\"dataset-organization\"><\/p>  \r\n                     <span class=\"peso\">0.3 MiB<\/span>\r\n       <\/div>\r\n      \r\n     \r\n<\/div>\r\n\r\n<div class=\"dataset-content\">   \r\n             \r\n       <h3 class=\"dataset-heading\">\r\n               <a href=\"https:\/\/www.consorciresidus.org\/es\/download\/economica_y_presupuestaria\/contratos\/NUEVO-ESTUDIO-295-ESTUDIO-VIABILIDAD-RECOGIDA-ACEITES-feb-21.pdf\" target=\"_blank\" title=\"Download NUEVO ESTUDIO DE VIABILIDAD ECON\u00d3MICO-FINANCIERA\"><img decoding=\"async\" align=\"middle\" src=\"https:\/\/www.consorciresidus.org\/wp-content\/images\/fileicons\/pdf.png\" alt=\"NUEVO ESTUDIO DE VIABILIDAD ECON\u00d3MICO-FINANCIERA\" \/><\/a>\r\n               <a class=\"titulo\" href=\"https:\/\/www.consorciresidus.org\/es\/download\/economica_y_presupuestaria\/contratos\/NUEVO-ESTUDIO-295-ESTUDIO-VIABILIDAD-RECOGIDA-ACEITES-feb-21.pdf\" title=\"Download NUEVO ESTUDIO DE VIABILIDAD ECON\u00d3MICO-FINANCIERA\" target=\"_blank\" >NUEVO ESTUDIO DE VIABILIDAD ECON\u00d3MICO-FINANCIERA<\/a>\r\n                <span class=\"recent-views\">29 marzo, 2021<\/span>\r\n             \r\n       <\/h3>\r\n\r\n       <div class=\"notes\">        \r\n                     <p class=\"dataset-organization\"><\/p>  \r\n                     <span class=\"peso\">13.7 MiB<\/span>\r\n       <\/div>\r\n      \r\n     \r\n<\/div>\r\n\r\n<div class=\"dataset-content\">   \r\n             \r\n       <h3 class=\"dataset-heading\">\r\n               <a href=\"https:\/\/www.consorciresidus.org\/es\/download\/economica_y_presupuestaria\/contratos\/Anunci-en-BOP-no-57-25032021_modifiacciomesacontractacio_4.pdf\" target=\"_blank\" title=\"Download Anuncio del Consorcio para la Gesti\u00f3n de Residuos del Plan Zonal V5\"><img decoding=\"async\" align=\"middle\" src=\"https:\/\/www.consorciresidus.org\/wp-content\/images\/fileicons\/pdf.png\" alt=\"Anuncio del Consorcio para la Gesti\u00f3n de Residuos del Plan Zonal V5\" \/><\/a>\r\n               <a class=\"titulo\" href=\"https:\/\/www.consorciresidus.org\/es\/download\/economica_y_presupuestaria\/contratos\/Anunci-en-BOP-no-57-25032021_modifiacciomesacontractacio_4.pdf\" title=\"Download Anuncio del Consorcio para la Gesti\u00f3n de Residuos del Plan Zonal V5\" target=\"_blank\" >Anuncio del Consorcio para la Gesti\u00f3n de Residuos del Plan Zonal V5<\/a>\r\n                <span class=\"recent-views\">29 marzo, 2021<\/span>\r\n             \r\n       <\/h3>\r\n\r\n       <div class=\"notes\">        \r\n                     <p class=\"dataset-organization\"><\/p>  \r\n                     <span class=\"peso\">0.3 MiB<\/span>\r\n       <\/div>\r\n      \r\n     \r\n<\/div>\r\n\r\n<div class=\"dataset-content\">   \r\n             \r\n       <h3 class=\"dataset-heading\">\r\n               <a href=\"https:\/\/www.consorciresidus.org\/es\/download\/Anunci-del-COR-V5-al-BOP-sobre-composicio-de-la-mesa-de-contractacio-permanent_2.pdf\" target=\"_blank\" title=\"Download Anuncio del COR V5 al BOP sobre la composici\u00f3n de la mesa de contrataci\u00f3n permanente\"><img decoding=\"async\" align=\"middle\" src=\"https:\/\/www.consorciresidus.org\/wp-content\/images\/fileicons\/pdf.png\" alt=\"Anuncio del COR V5 al BOP sobre la composici\u00f3n de la mesa de contrataci\u00f3n permanente\" \/><\/a>\r\n               <a class=\"titulo\" href=\"https:\/\/www.consorciresidus.org\/es\/download\/Anunci-del-COR-V5-al-BOP-sobre-composicio-de-la-mesa-de-contractacio-permanent_2.pdf\" title=\"Download Anuncio del COR V5 al BOP sobre la composici\u00f3n de la mesa de contrataci\u00f3n permanente\" target=\"_blank\" >Anuncio del COR V5 al BOP sobre la composici\u00f3n de la mesa de contrataci\u00f3n permanente<\/a>\r\n                <span class=\"recent-views\">25 agosto, 2020<\/span>\r\n             \r\n       <\/h3>\r\n\r\n       <div class=\"notes\">        \r\n                     <p class=\"dataset-organization\"><\/p>  \r\n                     <span class=\"peso\">0.3 MiB<\/span>\r\n       <\/div>\r\n      \r\n     \r\n<\/div>\r\n\r\n<div class=\"dataset-content\">   \r\n             \r\n       <h3 class=\"dataset-heading\">\r\n               <a href=\"https:\/\/www.consorciresidus.org\/es\/download\/economica_y_presupuestaria\/contratos\/DESIGNACIO-MEMBRES-DELS-ORGANS-DE-CONTRACCIO-COR.-MESA-PERMANENT.pdf\" target=\"_blank\" title=\"Download DESIGNACI\u00d3N MIEMBROS DE LOS ORGANOS DE CONTRATACI\u00d3N COR. MESA PERMANENTE\"><img decoding=\"async\" align=\"middle\" src=\"https:\/\/www.consorciresidus.org\/wp-content\/images\/fileicons\/pdf.png\" alt=\"DESIGNACI\u00d3N MIEMBROS DE LOS ORGANOS DE CONTRATACI\u00d3N COR. MESA PERMANENTE\" \/><\/a>\r\n               <a class=\"titulo\" href=\"https:\/\/www.consorciresidus.org\/es\/download\/economica_y_presupuestaria\/contratos\/DESIGNACIO-MEMBRES-DELS-ORGANS-DE-CONTRACCIO-COR.-MESA-PERMANENT.pdf\" title=\"Download DESIGNACI\u00d3N MIEMBROS DE LOS ORGANOS DE CONTRATACI\u00d3N COR. MESA PERMANENTE\" target=\"_blank\" >DESIGNACI\u00d3N MIEMBROS DE LOS ORGANOS DE CONTRATACI\u00d3N COR. MESA PERMANENTE<\/a>\r\n                <span class=\"recent-views\">9 julio, 2020<\/span>\r\n             \r\n       <\/h3>\r\n\r\n       <div class=\"notes\">        \r\n                     <p class=\"dataset-organization\"><\/p>  \r\n                     <span class=\"peso\">0.5 MiB<\/span>\r\n       <\/div>\r\n      \r\n     \r\n<\/div>\r\n\r\n<span aria-label=\"P\u00e1gina 1\" aria-current=\"page\" class=\"page-numbers current\">1<\/span>\n<a aria-label=\"P\u00e1gina 2\" class=\"page-numbers\" href=\"\/es\/wp-json\/wp\/v2\/pages\/14737?wpfb_list_page=2\">2<\/a>\n<a aria-label=\"P\u00e1gina 3\" class=\"page-numbers\" href=\"\/es\/wp-json\/wp\/v2\/pages\/14737?wpfb_list_page=3\">3<\/a>\n<a aria-label=\"P\u00e1gina 4\" class=\"page-numbers\" href=\"\/es\/wp-json\/wp\/v2\/pages\/14737?wpfb_list_page=4\">4<\/a>\n<a class=\"next page-numbers\" href=\"\/es\/wp-json\/wp\/v2\/pages\/14737?wpfb_list_page=2\">Siguiente &raquo;<\/a>[\/vc_column_text][\/vc_column_inner][\/vc_row_inner][\/vc_column][\/mk_page_section]\n<div style=\"clear:both;\"><\/div>","protected":false},"excerpt":{"rendered":"<p>[mk_page_section min_height=\u00bb0&#8243; js_vertical_centered=\u00bbtrue\u00bb padding_top=\u00bb50&#8243; sidebar=\u00bbsidebar-1&#8243;][vc_column][mk_font_icons icon=\u00bbmk-moon-pen\u00bb color=\u00bb#0079a1&#8243; size=\u00bbx-large\u00bb margin_horizental=\u00bb0&#8243; margin_vertical=\u00bb12&#8243; align=\u00bbcenter\u00bb][mk_ornamental_title font_family=\u00bbnone\u00bb font_size=\u00bb38&#8243; font_weight=\u00bb300&#8243; txt_transform=\u00bbnone\u00bb ornament_style=\u00bbnorman-single\u00bb ornament_color=\u00bb#c1c1c1&#8243; margin_top=\u00bb-15&#8243; margin_bottom=\u00bb5&#8243;]Contratos[\/mk_ornamental_title][vc_column_text align=\u00bbcenter\u00bb]Econ\u00f3mica y\u00a0presupuestaria[\/vc_column_text][\/vc_column][\/mk_page_section][mk_page_section section_layout=\u00bbright\u00bb el_class=\u00bbborde-verde\u00bb sidebar=\u00bbsidebar-4&#8243;][vc_column][vc_row_inner][vc_column_inner][vc_custom_heading text=\u00bbPUBLICACIONES DE [&hellip;]<\/p>\n","protected":false},"author":1,"featured_media":0,"parent":14679,"menu_order":33,"comment_status":"closed","ping_status":"closed","template":"","meta":{"footnotes":""},"class_list":["post-14737","page","type-page","status-publish","hentry"],"yoast_head":"<!-- This site is optimized with the Yoast SEO plugin v26.0 - https:\/\/yoast.com\/wordpress\/plugins\/seo\/ -->\n<title>Contratos - Consorcio de Residuos V5 - COR<\/title>\n<meta name=\"robots\" content=\"index, follow, max-snippet:-1, max-image-preview:large, max-video-preview:-1\" \/>\n<link rel=\"canonical\" href=\"https:\/\/www.consorciresidus.org\/es\/transparencia\/contratos\/\" \/>\n<meta property=\"og:locale\" content=\"es_ES\" \/>\n<meta property=\"og:type\" content=\"article\" \/>\n<meta property=\"og:title\" content=\"Contratos - Consorcio de Residuos V5 - COR\" \/>\n<meta property=\"og:description\" content=\"[mk_page_section min_height=\u00bb0&#8243; js_vertical_centered=\u00bbtrue\u00bb padding_top=\u00bb50&#8243; sidebar=\u00bbsidebar-1&#8243;][vc_column][mk_font_icons icon=\u00bbmk-moon-pen\u00bb color=\u00bb#0079a1&#8243; size=\u00bbx-large\u00bb margin_horizental=\u00bb0&#8243; margin_vertical=\u00bb12&#8243; align=\u00bbcenter\u00bb][mk_ornamental_title font_family=\u00bbnone\u00bb font_size=\u00bb38&#8243; font_weight=\u00bb300&#8243; txt_transform=\u00bbnone\u00bb ornament_style=\u00bbnorman-single\u00bb ornament_color=\u00bb#c1c1c1&#8243; margin_top=\u00bb-15&#8243; margin_bottom=\u00bb5&#8243;]Contratos[\/mk_ornamental_title][vc_column_text align=\u00bbcenter\u00bb]Econ\u00f3mica y\u00a0presupuestaria[\/vc_column_text][\/vc_column][\/mk_page_section][mk_page_section section_layout=\u00bbright\u00bb el_class=\u00bbborde-verde\u00bb sidebar=\u00bbsidebar-4&#8243;][vc_column][vc_row_inner][vc_column_inner][vc_custom_heading text=\u00bbPUBLICACIONES DE [&hellip;]\" \/>\n<meta property=\"og:url\" content=\"https:\/\/www.consorciresidus.org\/es\/transparencia\/contratos\/\" \/>\n<meta property=\"og:site_name\" content=\"Consorcio de Residuos V5 - COR\" \/>\n<meta property=\"article:modified_time\" content=\"2020-05-28T09:53:32+00:00\" \/>\n<meta name=\"twitter:card\" content=\"summary_large_image\" \/>\n<meta name=\"twitter:label1\" content=\"Tiempo de lectura\" \/>\n\t<meta name=\"twitter:data1\" content=\"1 minuto\" \/>\n<script type=\"application\/ld+json\" class=\"yoast-schema-graph\">{\"@context\":\"https:\/\/schema.org\",\"@graph\":[{\"@type\":\"WebPage\",\"@id\":\"https:\/\/www.consorciresidus.org\/es\/transparencia\/contratos\/\",\"url\":\"https:\/\/www.consorciresidus.org\/es\/transparencia\/contratos\/\",\"name\":\"Contratos - Consorcio de Residuos V5 - COR\",\"isPartOf\":{\"@id\":\"https:\/\/www.consorciresidus.org\/#website\"},\"datePublished\":\"2017-02-16T12:04:51+00:00\",\"dateModified\":\"2020-05-28T09:53:32+00:00\",\"breadcrumb\":{\"@id\":\"https:\/\/www.consorciresidus.org\/es\/transparencia\/contratos\/#breadcrumb\"},\"inLanguage\":\"es\",\"potentialAction\":[{\"@type\":\"ReadAction\",\"target\":[\"https:\/\/www.consorciresidus.org\/es\/transparencia\/contratos\/\"]}]},{\"@type\":\"BreadcrumbList\",\"@id\":\"https:\/\/www.consorciresidus.org\/es\/transparencia\/contratos\/#breadcrumb\",\"itemListElement\":[{\"@type\":\"ListItem\",\"position\":1,\"name\":\"Portal de transparencia y datos abiertos\",\"item\":\"https:\/\/www.consorciresidus.org\/es\/transparencia\/\"},{\"@type\":\"ListItem\",\"position\":2,\"name\":\"Contratos\"}]},{\"@type\":\"WebSite\",\"@id\":\"https:\/\/www.consorciresidus.org\/#website\",\"url\":\"https:\/\/www.consorciresidus.org\/\",\"name\":\"Consorcio de Residuos V5 - COR\",\"description\":\"Consorcio para la gesti\u00f3n de residuos\",\"potentialAction\":[{\"@type\":\"SearchAction\",\"target\":{\"@type\":\"EntryPoint\",\"urlTemplate\":\"https:\/\/www.consorciresidus.org\/?s={search_term_string}\"},\"query-input\":{\"@type\":\"PropertyValueSpecification\",\"valueRequired\":true,\"valueName\":\"search_term_string\"}}],\"inLanguage\":\"es\"}]}<\/script>\n<!-- \/ Yoast SEO plugin. -->","yoast_head_json":{"title":"Contratos - Consorcio de Residuos V5 - COR","robots":{"index":"index","follow":"follow","max-snippet":"max-snippet:-1","max-image-preview":"max-image-preview:large","max-video-preview":"max-video-preview:-1"},"canonical":"https:\/\/www.consorciresidus.org\/es\/transparencia\/contratos\/","og_locale":"es_ES","og_type":"article","og_title":"Contratos - Consorcio de Residuos V5 - COR","og_description":"[mk_page_section min_height=\u00bb0&#8243; js_vertical_centered=\u00bbtrue\u00bb padding_top=\u00bb50&#8243; sidebar=\u00bbsidebar-1&#8243;][vc_column][mk_font_icons icon=\u00bbmk-moon-pen\u00bb color=\u00bb#0079a1&#8243; size=\u00bbx-large\u00bb margin_horizental=\u00bb0&#8243; margin_vertical=\u00bb12&#8243; align=\u00bbcenter\u00bb][mk_ornamental_title font_family=\u00bbnone\u00bb font_size=\u00bb38&#8243; font_weight=\u00bb300&#8243; txt_transform=\u00bbnone\u00bb ornament_style=\u00bbnorman-single\u00bb ornament_color=\u00bb#c1c1c1&#8243; margin_top=\u00bb-15&#8243; margin_bottom=\u00bb5&#8243;]Contratos[\/mk_ornamental_title][vc_column_text align=\u00bbcenter\u00bb]Econ\u00f3mica y\u00a0presupuestaria[\/vc_column_text][\/vc_column][\/mk_page_section][mk_page_section section_layout=\u00bbright\u00bb el_class=\u00bbborde-verde\u00bb sidebar=\u00bbsidebar-4&#8243;][vc_column][vc_row_inner][vc_column_inner][vc_custom_heading text=\u00bbPUBLICACIONES DE [&hellip;]","og_url":"https:\/\/www.consorciresidus.org\/es\/transparencia\/contratos\/","og_site_name":"Consorcio de Residuos V5 - COR","article_modified_time":"2020-05-28T09:53:32+00:00","twitter_card":"summary_large_image","twitter_misc":{"Tiempo de lectura":"1 minuto"},"schema":{"@context":"https:\/\/schema.org","@graph":[{"@type":"WebPage","@id":"https:\/\/www.consorciresidus.org\/es\/transparencia\/contratos\/","url":"https:\/\/www.consorciresidus.org\/es\/transparencia\/contratos\/","name":"Contratos - Consorcio de Residuos V5 - COR","isPartOf":{"@id":"https:\/\/www.consorciresidus.org\/#website"},"datePublished":"2017-02-16T12:04:51+00:00","dateModified":"2020-05-28T09:53:32+00:00","breadcrumb":{"@id":"https:\/\/www.consorciresidus.org\/es\/transparencia\/contratos\/#breadcrumb"},"inLanguage":"es","potentialAction":[{"@type":"ReadAction","target":["https:\/\/www.consorciresidus.org\/es\/transparencia\/contratos\/"]}]},{"@type":"BreadcrumbList","@id":"https:\/\/www.consorciresidus.org\/es\/transparencia\/contratos\/#breadcrumb","itemListElement":[{"@type":"ListItem","position":1,"name":"Portal de transparencia y datos abiertos","item":"https:\/\/www.consorciresidus.org\/es\/transparencia\/"},{"@type":"ListItem","position":2,"name":"Contratos"}]},{"@type":"WebSite","@id":"https:\/\/www.consorciresidus.org\/#website","url":"https:\/\/www.consorciresidus.org\/","name":"Consorcio de Residuos V5 - COR","description":"Consorcio para la gesti\u00f3n de residuos","potentialAction":[{"@type":"SearchAction","target":{"@type":"EntryPoint","urlTemplate":"https:\/\/www.consorciresidus.org\/?s={search_term_string}"},"query-input":{"@type":"PropertyValueSpecification","valueRequired":true,"valueName":"search_term_string"}}],"inLanguage":"es"}]}},"_links":{"self":[{"href":"https:\/\/www.consorciresidus.org\/es\/wp-json\/wp\/v2\/pages\/14737","targetHints":{"allow":["GET"]}}],"collection":[{"href":"https:\/\/www.consorciresidus.org\/es\/wp-json\/wp\/v2\/pages"}],"about":[{"href":"https:\/\/www.consorciresidus.org\/es\/wp-json\/wp\/v2\/types\/page"}],"author":[{"embeddable":true,"href":"https:\/\/www.consorciresidus.org\/es\/wp-json\/wp\/v2\/users\/1"}],"replies":[{"embeddable":true,"href":"https:\/\/www.consorciresidus.org\/es\/wp-json\/wp\/v2\/comments?post=14737"}],"version-history":[{"count":10,"href":"https:\/\/www.consorciresidus.org\/es\/wp-json\/wp\/v2\/pages\/14737\/revisions"}],"predecessor-version":[{"id":22597,"href":"https:\/\/www.consorciresidus.org\/es\/wp-json\/wp\/v2\/pages\/14737\/revisions\/22597"}],"up":[{"embeddable":true,"href":"https:\/\/www.consorciresidus.org\/es\/wp-json\/wp\/v2\/pages\/14679"}],"wp:attachment":[{"href":"https:\/\/www.consorciresidus.org\/es\/wp-json\/wp\/v2\/media?parent=14737"}],"curies":[{"name":"wp","href":"https:\/\/api.w.org\/{rel}","templated":true}]}}