 



{"id":14743,"date":"2017-02-16T10:56:31","date_gmt":"2017-02-16T10:56:31","guid":{"rendered":"https:\/\/www.consorciresidus.org\/transparencia\/tramits-administratius\/"},"modified":"2018-02-15T08:42:14","modified_gmt":"2018-02-15T08:42:14","slug":"tramites-administrativos","status":"publish","type":"page","link":"https:\/\/www.consorciresidus.org\/es\/transparencia\/tramites-administrativos\/","title":{"rendered":"Tr\u00e1mites administrativos"},"content":{"rendered":"[mk_page_section min_height=\u00bb0&#8243; js_vertical_centered=\u00bbtrue\u00bb padding_top=\u00bb50&#8243; sidebar=\u00bbsidebar-1&#8243;][vc_column][mk_font_icons icon=\u00bbmk-icon-print\u00bb color=\u00bb#0079a1&#8243; size=\u00bbx-large\u00bb margin_horizental=\u00bb0&#8243; margin_vertical=\u00bb12&#8243; align=\u00bbcenter\u00bb][mk_ornamental_title font_family=\u00bbnone\u00bb font_size=\u00bb38&#8243; font_weight=\u00bb300&#8243; txt_transform=\u00bbnone\u00bb ornament_style=\u00bbnorman-single\u00bb ornament_color=\u00bb#c1c1c1&#8243; margin_top=\u00bb-15&#8243; margin_bottom=\u00bb5&#8243;]Tr\u00e1mites administrativos[\/mk_ornamental_title][vc_column_text align=\u00bbcenter\u00bb]<span style=\"color: #999999;\">Institucional y\u00a0organizativa<\/span>[\/vc_column_text][\/vc_column][\/mk_page_section][mk_page_section section_layout=\u00bbright\u00bb el_class=\u00bbborde-verde\u00bb sidebar=\u00bbsidebar-4&#8243;][vc_column][vc_row_inner][vc_column_inner][vc_column_text]<div class=\"dataset-content\">   \r\n             \r\n       <h3 class=\"dataset-heading\">\r\n               <a href=\"https:\/\/www.consorciresidus.org\/es\/download\/institucional_y_organizativa\/tramites_administrativos\/13.-2-Modificacio-de-la-taxa.pdf\" target=\"_blank\" title=\"Download Modificaci\u00f3n de la tasa.\"><img decoding=\"async\" align=\"middle\" src=\"https:\/\/www.consorciresidus.org\/wp-content\/images\/fileicons\/pdf.png\" alt=\"Modificaci\u00f3n de la tasa.\" \/><\/a>\r\n               <a class=\"titulo\" href=\"https:\/\/www.consorciresidus.org\/es\/download\/institucional_y_organizativa\/tramites_administrativos\/13.-2-Modificacio-de-la-taxa.pdf\" title=\"Download Modificaci\u00f3n de la tasa.\" target=\"_blank\" >Modificaci\u00f3n de la tasa.<\/a>\r\n                <span class=\"recent-views\">11 mayo, 2017<\/span>\r\n             \r\n       <\/h3>\r\n\r\n       <div class=\"notes\">        \r\n                     <p class=\"dataset-organization\">Notificaci\u00f3n de obertura del plazo de informaci\u00f3n p\u00fablica, en relaci\u00f3n a la aprobaci\u00f3n de la modificaci\u00f3n de la ordenanza reguladora de la Tasa por Transferencia, Transporte, Valorizaci\u00f3n y Eliminaci\u00f3n de Residuos S\u00f3lidos Urbanos 2017.<\/p>  \r\n                     <span class=\"peso\">0.3 MiB<\/span>\r\n       <\/div>\r\n      \r\n     \r\n<\/div>\r\n\r\n<div class=\"dataset-content\">   \r\n             \r\n       <h3 class=\"dataset-heading\">\r\n               <a href=\"https:\/\/www.consorciresidus.org\/es\/download\/institucional_y_organizativa\/tramites_administrativos\/13.-Informacion-sobre-la-tasa-de-residuos-del-Consorcio.pdf\" target=\"_blank\" title=\"Download La tasa del Consorcio de Residuos.\"><img decoding=\"async\" align=\"middle\" src=\"https:\/\/www.consorciresidus.org\/wp-content\/images\/fileicons\/pdf.png\" alt=\"La tasa del Consorcio de Residuos.\" \/><\/a>\r\n               <a class=\"titulo\" href=\"https:\/\/www.consorciresidus.org\/es\/download\/institucional_y_organizativa\/tramites_administrativos\/13.-Informacion-sobre-la-tasa-de-residuos-del-Consorcio.pdf\" title=\"Download La tasa del Consorcio de Residuos.\" target=\"_blank\" >La tasa del Consorcio de Residuos.<\/a>\r\n                <span class=\"recent-views\">11 mayo, 2017<\/span>\r\n             \r\n       <\/h3>\r\n\r\n       <div class=\"notes\">        \r\n                     <p class=\"dataset-organization\">Informaci\u00f3n sobre el car\u00e1cter de la tasa, el c\u00e1lculo de la misma, formas de pago y plazos. <\/p>  \r\n                     <span class=\"peso\">47 KiB<\/span>\r\n       <\/div>\r\n      \r\n     \r\n<\/div>\r\n\r\n[\/vc_column_text][\/vc_column_inner][\/vc_row_inner][\/vc_column][\/mk_page_section]\n<div style=\"clear:both;\"><\/div>","protected":false},"excerpt":{"rendered":"<p>[mk_page_section min_height=\u00bb0&#8243; js_vertical_centered=\u00bbtrue\u00bb padding_top=\u00bb50&#8243; sidebar=\u00bbsidebar-1&#8243;][vc_column][mk_font_icons icon=\u00bbmk-icon-print\u00bb color=\u00bb#0079a1&#8243; size=\u00bbx-large\u00bb margin_horizental=\u00bb0&#8243; margin_vertical=\u00bb12&#8243; align=\u00bbcenter\u00bb][mk_ornamental_title font_family=\u00bbnone\u00bb font_size=\u00bb38&#8243; font_weight=\u00bb300&#8243; txt_transform=\u00bbnone\u00bb ornament_style=\u00bbnorman-single\u00bb ornament_color=\u00bb#c1c1c1&#8243; margin_top=\u00bb-15&#8243; margin_bottom=\u00bb5&#8243;]Tr\u00e1mites administrativos[\/mk_ornamental_title][vc_column_text align=\u00bbcenter\u00bb]Institucional y\u00a0organizativa[\/vc_column_text][\/vc_column][\/mk_page_section][mk_page_section section_layout=\u00bbright\u00bb el_class=\u00bbborde-verde\u00bb sidebar=\u00bbsidebar-4&#8243;][vc_column][vc_row_inner][vc_column_inner][vc_column_text][\/vc_column_text][\/vc_column_inner][\/vc_row_inner][\/vc_column][\/mk_page_section]<\/p>\n","protected":false},"author":1,"featured_media":0,"parent":14679,"menu_order":33,"comment_status":"closed","ping_status":"closed","template":"","meta":{"footnotes":""},"class_list":["post-14743","page","type-page","status-publish","hentry"],"yoast_head":"<!-- This site is optimized with the Yoast SEO plugin v26.0 - https:\/\/yoast.com\/wordpress\/plugins\/seo\/ -->\n<title>Tr\u00e1mites administrativos - Consorcio de Residuos V5 - COR<\/title>\n<meta name=\"robots\" content=\"index, follow, max-snippet:-1, max-image-preview:large, max-video-preview:-1\" \/>\n<link rel=\"canonical\" href=\"https:\/\/www.consorciresidus.org\/es\/transparencia\/tramites-administrativos\/\" \/>\n<meta property=\"og:locale\" content=\"es_ES\" \/>\n<meta property=\"og:type\" content=\"article\" \/>\n<meta property=\"og:title\" content=\"Tr\u00e1mites administrativos - Consorcio de Residuos V5 - COR\" \/>\n<meta property=\"og:description\" content=\"[mk_page_section min_height=\u00bb0&#8243; js_vertical_centered=\u00bbtrue\u00bb padding_top=\u00bb50&#8243; sidebar=\u00bbsidebar-1&#8243;][vc_column][mk_font_icons icon=\u00bbmk-icon-print\u00bb color=\u00bb#0079a1&#8243; size=\u00bbx-large\u00bb margin_horizental=\u00bb0&#8243; margin_vertical=\u00bb12&#8243; align=\u00bbcenter\u00bb][mk_ornamental_title font_family=\u00bbnone\u00bb font_size=\u00bb38&#8243; font_weight=\u00bb300&#8243; txt_transform=\u00bbnone\u00bb ornament_style=\u00bbnorman-single\u00bb ornament_color=\u00bb#c1c1c1&#8243; margin_top=\u00bb-15&#8243; margin_bottom=\u00bb5&#8243;]Tr\u00e1mites administrativos[\/mk_ornamental_title][vc_column_text align=\u00bbcenter\u00bb]Institucional y\u00a0organizativa[\/vc_column_text][\/vc_column][\/mk_page_section][mk_page_section section_layout=\u00bbright\u00bb el_class=\u00bbborde-verde\u00bb sidebar=\u00bbsidebar-4&#8243;][vc_column][vc_row_inner][vc_column_inner][vc_column_text][\/vc_column_text][\/vc_column_inner][\/vc_row_inner][\/vc_column][\/mk_page_section]\" \/>\n<meta property=\"og:url\" content=\"https:\/\/www.consorciresidus.org\/es\/transparencia\/tramites-administrativos\/\" \/>\n<meta property=\"og:site_name\" content=\"Consorcio de Residuos V5 - COR\" \/>\n<meta property=\"article:modified_time\" content=\"2018-02-15T08:42:14+00:00\" \/>\n<meta name=\"twitter:card\" content=\"summary_large_image\" \/>\n<meta name=\"twitter:label1\" content=\"Tiempo de lectura\" \/>\n\t<meta name=\"twitter:data1\" content=\"1 minuto\" \/>\n<script type=\"application\/ld+json\" class=\"yoast-schema-graph\">{\"@context\":\"https:\/\/schema.org\",\"@graph\":[{\"@type\":\"WebPage\",\"@id\":\"https:\/\/www.consorciresidus.org\/es\/transparencia\/tramites-administrativos\/\",\"url\":\"https:\/\/www.consorciresidus.org\/es\/transparencia\/tramites-administrativos\/\",\"name\":\"Tr\u00e1mites administrativos - Consorcio de Residuos V5 - COR\",\"isPartOf\":{\"@id\":\"https:\/\/www.consorciresidus.org\/#website\"},\"datePublished\":\"2017-02-16T10:56:31+00:00\",\"dateModified\":\"2018-02-15T08:42:14+00:00\",\"breadcrumb\":{\"@id\":\"https:\/\/www.consorciresidus.org\/es\/transparencia\/tramites-administrativos\/#breadcrumb\"},\"inLanguage\":\"es\",\"potentialAction\":[{\"@type\":\"ReadAction\",\"target\":[\"https:\/\/www.consorciresidus.org\/es\/transparencia\/tramites-administrativos\/\"]}]},{\"@type\":\"BreadcrumbList\",\"@id\":\"https:\/\/www.consorciresidus.org\/es\/transparencia\/tramites-administrativos\/#breadcrumb\",\"itemListElement\":[{\"@type\":\"ListItem\",\"position\":1,\"name\":\"Portal de transparencia y datos abiertos\",\"item\":\"https:\/\/www.consorciresidus.org\/es\/transparencia\/\"},{\"@type\":\"ListItem\",\"position\":2,\"name\":\"Tr\u00e1mites administrativos\"}]},{\"@type\":\"WebSite\",\"@id\":\"https:\/\/www.consorciresidus.org\/#website\",\"url\":\"https:\/\/www.consorciresidus.org\/\",\"name\":\"Consorcio de Residuos V5 - COR\",\"description\":\"Consorcio para la gesti\u00f3n de residuos\",\"potentialAction\":[{\"@type\":\"SearchAction\",\"target\":{\"@type\":\"EntryPoint\",\"urlTemplate\":\"https:\/\/www.consorciresidus.org\/?s={search_term_string}\"},\"query-input\":{\"@type\":\"PropertyValueSpecification\",\"valueRequired\":true,\"valueName\":\"search_term_string\"}}],\"inLanguage\":\"es\"}]}<\/script>\n<!-- \/ Yoast SEO plugin. -->","yoast_head_json":{"title":"Tr\u00e1mites administrativos - Consorcio de Residuos V5 - COR","robots":{"index":"index","follow":"follow","max-snippet":"max-snippet:-1","max-image-preview":"max-image-preview:large","max-video-preview":"max-video-preview:-1"},"canonical":"https:\/\/www.consorciresidus.org\/es\/transparencia\/tramites-administrativos\/","og_locale":"es_ES","og_type":"article","og_title":"Tr\u00e1mites administrativos - Consorcio de Residuos V5 - COR","og_description":"[mk_page_section min_height=\u00bb0&#8243; js_vertical_centered=\u00bbtrue\u00bb padding_top=\u00bb50&#8243; sidebar=\u00bbsidebar-1&#8243;][vc_column][mk_font_icons icon=\u00bbmk-icon-print\u00bb color=\u00bb#0079a1&#8243; size=\u00bbx-large\u00bb margin_horizental=\u00bb0&#8243; margin_vertical=\u00bb12&#8243; align=\u00bbcenter\u00bb][mk_ornamental_title font_family=\u00bbnone\u00bb font_size=\u00bb38&#8243; font_weight=\u00bb300&#8243; txt_transform=\u00bbnone\u00bb ornament_style=\u00bbnorman-single\u00bb ornament_color=\u00bb#c1c1c1&#8243; margin_top=\u00bb-15&#8243; margin_bottom=\u00bb5&#8243;]Tr\u00e1mites administrativos[\/mk_ornamental_title][vc_column_text align=\u00bbcenter\u00bb]Institucional y\u00a0organizativa[\/vc_column_text][\/vc_column][\/mk_page_section][mk_page_section section_layout=\u00bbright\u00bb el_class=\u00bbborde-verde\u00bb sidebar=\u00bbsidebar-4&#8243;][vc_column][vc_row_inner][vc_column_inner][vc_column_text][\/vc_column_text][\/vc_column_inner][\/vc_row_inner][\/vc_column][\/mk_page_section]","og_url":"https:\/\/www.consorciresidus.org\/es\/transparencia\/tramites-administrativos\/","og_site_name":"Consorcio de Residuos V5 - COR","article_modified_time":"2018-02-15T08:42:14+00:00","twitter_card":"summary_large_image","twitter_misc":{"Tiempo de lectura":"1 minuto"},"schema":{"@context":"https:\/\/schema.org","@graph":[{"@type":"WebPage","@id":"https:\/\/www.consorciresidus.org\/es\/transparencia\/tramites-administrativos\/","url":"https:\/\/www.consorciresidus.org\/es\/transparencia\/tramites-administrativos\/","name":"Tr\u00e1mites administrativos - Consorcio de Residuos V5 - COR","isPartOf":{"@id":"https:\/\/www.consorciresidus.org\/#website"},"datePublished":"2017-02-16T10:56:31+00:00","dateModified":"2018-02-15T08:42:14+00:00","breadcrumb":{"@id":"https:\/\/www.consorciresidus.org\/es\/transparencia\/tramites-administrativos\/#breadcrumb"},"inLanguage":"es","potentialAction":[{"@type":"ReadAction","target":["https:\/\/www.consorciresidus.org\/es\/transparencia\/tramites-administrativos\/"]}]},{"@type":"BreadcrumbList","@id":"https:\/\/www.consorciresidus.org\/es\/transparencia\/tramites-administrativos\/#breadcrumb","itemListElement":[{"@type":"ListItem","position":1,"name":"Portal de transparencia y datos abiertos","item":"https:\/\/www.consorciresidus.org\/es\/transparencia\/"},{"@type":"ListItem","position":2,"name":"Tr\u00e1mites administrativos"}]},{"@type":"WebSite","@id":"https:\/\/www.consorciresidus.org\/#website","url":"https:\/\/www.consorciresidus.org\/","name":"Consorcio de Residuos V5 - COR","description":"Consorcio para la gesti\u00f3n de residuos","potentialAction":[{"@type":"SearchAction","target":{"@type":"EntryPoint","urlTemplate":"https:\/\/www.consorciresidus.org\/?s={search_term_string}"},"query-input":{"@type":"PropertyValueSpecification","valueRequired":true,"valueName":"search_term_string"}}],"inLanguage":"es"}]}},"_links":{"self":[{"href":"https:\/\/www.consorciresidus.org\/es\/wp-json\/wp\/v2\/pages\/14743","targetHints":{"allow":["GET"]}}],"collection":[{"href":"https:\/\/www.consorciresidus.org\/es\/wp-json\/wp\/v2\/pages"}],"about":[{"href":"https:\/\/www.consorciresidus.org\/es\/wp-json\/wp\/v2\/types\/page"}],"author":[{"embeddable":true,"href":"https:\/\/www.consorciresidus.org\/es\/wp-json\/wp\/v2\/users\/1"}],"replies":[{"embeddable":true,"href":"https:\/\/www.consorciresidus.org\/es\/wp-json\/wp\/v2\/comments?post=14743"}],"version-history":[{"count":3,"href":"https:\/\/www.consorciresidus.org\/es\/wp-json\/wp\/v2\/pages\/14743\/revisions"}],"predecessor-version":[{"id":16605,"href":"https:\/\/www.consorciresidus.org\/es\/wp-json\/wp\/v2\/pages\/14743\/revisions\/16605"}],"up":[{"embeddable":true,"href":"https:\/\/www.consorciresidus.org\/es\/wp-json\/wp\/v2\/pages\/14679"}],"wp:attachment":[{"href":"https:\/\/www.consorciresidus.org\/es\/wp-json\/wp\/v2\/media?parent=14743"}],"curies":[{"name":"wp","href":"https:\/\/api.w.org\/{rel}","templated":true}]}}