 



{"id":14744,"date":"2017-02-16T10:41:55","date_gmt":"2017-02-16T10:41:55","guid":{"rendered":"https:\/\/www.consorciresidus.org\/transparencia\/planificacio-i-programes\/"},"modified":"2021-06-09T11:07:25","modified_gmt":"2021-06-09T11:07:25","slug":"planificacion-y-programas","status":"publish","type":"page","link":"https:\/\/www.consorciresidus.org\/es\/transparencia\/planificacion-y-programas\/","title":{"rendered":"Planificaci\u00f3n y programas"},"content":{"rendered":"[mk_page_section min_height=\u00bb0&#8243; js_vertical_centered=\u00bbtrue\u00bb padding_top=\u00bb50&#8243; sidebar=\u00bbsidebar-1&#8243;][vc_column][mk_font_icons icon=\u00bbmk-moon-stats-up\u00bb color=\u00bb#0079a1&#8243; size=\u00bbx-large\u00bb margin_horizental=\u00bb0&#8243; margin_vertical=\u00bb12&#8243; align=\u00bbcenter\u00bb][mk_ornamental_title font_family=\u00bbnone\u00bb font_size=\u00bb38&#8243; font_weight=\u00bb300&#8243; txt_transform=\u00bbnone\u00bb ornament_style=\u00bbnorman-single\u00bb ornament_color=\u00bb#c1c1c1&#8243; margin_top=\u00bb-15&#8243; margin_bottom=\u00bb5&#8243;]Planificaci\u00f3n y programas[\/mk_ornamental_title][vc_column_text align=\u00bbcenter\u00bb]<span style=\"color: #999999;\">Institucional y\u00a0organizativa<\/span>[\/vc_column_text][\/vc_column][\/mk_page_section][mk_page_section section_layout=\u00bbright\u00bb el_class=\u00bbborde-verde caixes\u00bb sidebar=\u00bbsidebar-4&#8243;][vc_column][vc_row_inner attached=\u00bbtrue\u00bb css=\u00bb.vc_custom_1623236520953{margin-bottom: 30px !important;border-top-width: 1px !important;border-right-width: 1px !important;border-bottom-width: 1px !important;border-left-width: 1px !important;padding-top: 0px !important;padding-right: 0px !important;padding-bottom: 0px !important;padding-left: 0px !important;border-left-color: #eaeaea !important;border-left-style: solid !important;border-right-color: #eaeaea !important;border-right-style: solid !important;border-top-color: #eaeaea !important;border-top-style: solid !important;border-bottom-color: #eaeaea !important;border-bottom-style: solid !important;}\u00bb][vc_column_inner][vc_custom_heading text=\u00bbPROYECTO DE GESTI\u00d3N\u00bb font_container=\u00bbtag:h5|text_align:left\u00bb use_theme_fonts=\u00bbyes\u00bb link=\u00bburl:https%3A%2F%2Fconsorciresidus.sedelectronica.es%2Ftransparency%2Fd3db2b75-8e3c-4c7b-9a88-4205802d22c0%2F||target:%20_blank|\u00bb el_class=\u00bbcaixa\u00bb css=\u00bb.vc_custom_1623236204781{padding-top: 10px !important;padding-right: 10px !important;padding-bottom: 10px !important;padding-left: 10px !important;background-color: #eaeaea !important;}\u00bb][\/vc_column_inner][\/vc_row_inner][vc_row_inner][vc_column_inner][vc_column_text]<div class=\"dataset-content\">   \r\n             \r\n       <h3 class=\"dataset-heading\">\r\n               <a href=\"https:\/\/www.consorciresidus.org\/es\/download\/institucional_y_organizativa\/planificacion_y_programas\/PG-AYORA-COFRENTES-Aprovacio-AG10062025.pdf\" target=\"_blank\" title=\"Download PG AYORA-COFRENTES (Aprovaci\u00f3 AG10062025)\"><img decoding=\"async\" align=\"middle\" src=\"https:\/\/www.consorciresidus.org\/wp-content\/images\/fileicons\/pdf.png\" alt=\"PG AYORA-COFRENTES (Aprovaci\u00f3 AG10062025)\" \/><\/a>\r\n               <a class=\"titulo\" href=\"https:\/\/www.consorciresidus.org\/es\/download\/institucional_y_organizativa\/planificacion_y_programas\/PG-AYORA-COFRENTES-Aprovacio-AG10062025.pdf\" title=\"Download PG AYORA-COFRENTES (Aprovaci\u00f3 AG10062025)\" target=\"_blank\" >PG AYORA-COFRENTES (Aprovaci\u00f3 AG10062025)<\/a>\r\n                <span class=\"recent-views\">27 junio, 2025<\/span>\r\n             \r\n       <\/h3>\r\n\r\n       <div class=\"notes\">        \r\n                     <p class=\"dataset-organization\"><\/p>  \r\n                     <span class=\"peso\">8.7 MiB<\/span>\r\n       <\/div>\r\n      \r\n     \r\n<\/div>\r\n\r\n<div class=\"dataset-content\">   \r\n             \r\n       <h3 class=\"dataset-heading\">\r\n               <a href=\"https:\/\/www.consorciresidus.org\/es\/download\/institucional_y_organizativa\/planificacion_y_programas\/Aprovacio-per-lAssemblea-GEneral-de-la-modificacio-PG-Vall-DAyora-Cofrentes_2.pdf\" target=\"_blank\" title=\"Download Aprobaci\u00f3n por la Asamblea General de la modificaci\u00f3n del PG Vall D\u2019Ayora-Cofrentes\"><img decoding=\"async\" align=\"middle\" src=\"https:\/\/www.consorciresidus.org\/wp-content\/images\/fileicons\/pdf.png\" alt=\"Aprobaci\u00f3n por la Asamblea General de la modificaci\u00f3n del PG Vall D\u2019Ayora-Cofrentes\" \/><\/a>\r\n               <a class=\"titulo\" href=\"https:\/\/www.consorciresidus.org\/es\/download\/institucional_y_organizativa\/planificacion_y_programas\/Aprovacio-per-lAssemblea-GEneral-de-la-modificacio-PG-Vall-DAyora-Cofrentes_2.pdf\" title=\"Download Aprobaci\u00f3n por la Asamblea General de la modificaci\u00f3n del PG Vall D\u2019Ayora-Cofrentes\" target=\"_blank\" >Aprobaci\u00f3n por la Asamblea General de la modificaci\u00f3n del PG Vall D\u2019Ayora-Cofrentes<\/a>\r\n                <span class=\"recent-views\">27 junio, 2025<\/span>\r\n             \r\n       <\/h3>\r\n\r\n       <div class=\"notes\">        \r\n                     <p class=\"dataset-organization\"><\/p>  \r\n                     <span class=\"peso\">0.5 MiB<\/span>\r\n       <\/div>\r\n      \r\n     \r\n<\/div>\r\n\r\n<div class=\"dataset-content\">   \r\n             \r\n       <h3 class=\"dataset-heading\">\r\n               <a href=\"https:\/\/www.consorciresidus.org\/es\/download\/APROVACIO-DEFINITIVA-DEL-PROJECTE-DE-GESTIOS-DE-BIORESIDUS-DE-LA-CANAL-DE-NAVARRES_3.pdf\" target=\"_blank\" title=\"Download APROBACI\u00d3N DEFINITIVA DEL PROYECTO DE GESTIOS DE BIORRESITUOS DE LA CANAL DE NAVARR\u00c9S\"><img decoding=\"async\" align=\"middle\" src=\"https:\/\/www.consorciresidus.org\/wp-content\/images\/fileicons\/pdf.png\" alt=\"APROBACI\u00d3N DEFINITIVA DEL PROYECTO DE GESTIOS DE BIORRESITUOS DE LA CANAL DE NAVARR\u00c9S\" \/><\/a>\r\n               <a class=\"titulo\" href=\"https:\/\/www.consorciresidus.org\/es\/download\/APROVACIO-DEFINITIVA-DEL-PROJECTE-DE-GESTIOS-DE-BIORESIDUS-DE-LA-CANAL-DE-NAVARRES_3.pdf\" title=\"Download APROBACI\u00d3N DEFINITIVA DEL PROYECTO DE GESTIOS DE BIORRESITUOS DE LA CANAL DE NAVARR\u00c9S\" target=\"_blank\" >APROBACI\u00d3N DEFINITIVA DEL PROYECTO DE GESTIOS DE BIORRESITUOS DE LA CANAL DE NAVARR\u00c9S<\/a>\r\n                <span class=\"recent-views\">23 junio, 2023<\/span>\r\n             \r\n       <\/h3>\r\n\r\n       <div class=\"notes\">        \r\n                     <p class=\"dataset-organization\"><\/p>  \r\n                     <span class=\"peso\">0.5 MiB<\/span>\r\n       <\/div>\r\n      \r\n     \r\n<\/div>\r\n\r\n<div class=\"dataset-content\">   \r\n             \r\n       <h3 class=\"dataset-heading\">\r\n               <a href=\"https:\/\/www.consorciresidus.org\/es\/download\/20230215_Certificado_CERTIFICADO-2023-0022-AG-APROVACIO-PROJECTE-GESTIO-BIORRESIDUS-CANAL-NAVARRES_3.pdf\" target=\"_blank\" title=\"Download Certificado CERTIFICADO 2023-0022 AG - APROBACI\u00d3N PROYECTO GESTI\u00d3N BIORRESIDUS CANAL NAVARR\u00c9S\"><img decoding=\"async\" align=\"middle\" src=\"https:\/\/www.consorciresidus.org\/wp-content\/images\/fileicons\/pdf.png\" alt=\"Certificado CERTIFICADO 2023-0022 AG - APROBACI\u00d3N PROYECTO GESTI\u00d3N BIORRESIDUS CANAL NAVARR\u00c9S\" \/><\/a>\r\n               <a class=\"titulo\" href=\"https:\/\/www.consorciresidus.org\/es\/download\/20230215_Certificado_CERTIFICADO-2023-0022-AG-APROVACIO-PROJECTE-GESTIO-BIORRESIDUS-CANAL-NAVARRES_3.pdf\" title=\"Download Certificado CERTIFICADO 2023-0022 AG - APROBACI\u00d3N PROYECTO GESTI\u00d3N BIORRESIDUS CANAL NAVARR\u00c9S\" target=\"_blank\" >Certificado CERTIFICADO 2023-0022 AG - APROBACI\u00d3N PROYECTO GESTI\u00d3N BIORRESIDUS CANAL NAVARR\u00c9S<\/a>\r\n                <span class=\"recent-views\">15 febrero, 2023<\/span>\r\n             \r\n       <\/h3>\r\n\r\n       <div class=\"notes\">        \r\n                     <p class=\"dataset-organization\"><\/p>  \r\n                     <span class=\"peso\">0.5 MiB<\/span>\r\n       <\/div>\r\n      \r\n     \r\n<\/div>\r\n\r\n<div class=\"dataset-content\">   \r\n             \r\n       <h3 class=\"dataset-heading\">\r\n               <a href=\"https:\/\/www.consorciresidus.org\/es\/download\/20230215_PROYECTO-GESTION-BIORRESIDUOS-LA-CANAL-DE-NAVARRES_3.pdf\" target=\"_blank\" title=\"Download PROYECTO GESTI\u00d3N BIORRESIDUOS LA CANAL DE NAVARR\u00c9S\"><img decoding=\"async\" align=\"middle\" src=\"https:\/\/www.consorciresidus.org\/wp-content\/images\/fileicons\/pdf.png\" alt=\"PROYECTO GESTI\u00d3N BIORRESIDUOS LA CANAL DE NAVARR\u00c9S\" \/><\/a>\r\n               <a class=\"titulo\" href=\"https:\/\/www.consorciresidus.org\/es\/download\/20230215_PROYECTO-GESTION-BIORRESIDUOS-LA-CANAL-DE-NAVARRES_3.pdf\" title=\"Download PROYECTO GESTI\u00d3N BIORRESIDUOS LA CANAL DE NAVARR\u00c9S\" target=\"_blank\" >PROYECTO GESTI\u00d3N BIORRESIDUOS LA CANAL DE NAVARR\u00c9S<\/a>\r\n                <span class=\"recent-views\">15 febrero, 2023<\/span>\r\n             \r\n       <\/h3>\r\n\r\n       <div class=\"notes\">        \r\n                     <p class=\"dataset-organization\"><\/p>  \r\n                     <span class=\"peso\">67.9 MiB<\/span>\r\n       <\/div>\r\n      \r\n     \r\n<\/div>\r\n\r\n<div class=\"dataset-content\">   \r\n             \r\n       <h3 class=\"dataset-heading\">\r\n               <a href=\"https:\/\/www.consorciresidus.org\/es\/download\/COR_EE_2.pdf\" target=\"_blank\" title=\"Download ESTRATEGIA DE ELIMINACI\u00d3N\"><img decoding=\"async\" align=\"middle\" src=\"https:\/\/www.consorciresidus.org\/wp-content\/images\/fileicons\/pdf.png\" alt=\"ESTRATEGIA DE ELIMINACI\u00d3N\" \/><\/a>\r\n               <a class=\"titulo\" href=\"https:\/\/www.consorciresidus.org\/es\/download\/COR_EE_2.pdf\" title=\"Download ESTRATEGIA DE ELIMINACI\u00d3N\" target=\"_blank\" >ESTRATEGIA DE ELIMINACI\u00d3N<\/a>\r\n                <span class=\"recent-views\">25 marzo, 2022<\/span>\r\n             \r\n       <\/h3>\r\n\r\n       <div class=\"notes\">        \r\n                     <p class=\"dataset-organization\"><\/p>  \r\n                     <span class=\"peso\">89.5 MiB<\/span>\r\n       <\/div>\r\n      \r\n     \r\n<\/div>\r\n\r\n<span aria-label=\"P\u00e1gina 1\" aria-current=\"page\" class=\"page-numbers current\">1<\/span>\n<a aria-label=\"P\u00e1gina 2\" class=\"page-numbers\" href=\"\/es\/wp-json\/wp\/v2\/pages\/14744?wpfb_list_page=2\">2<\/a>\n<a aria-label=\"P\u00e1gina 3\" class=\"page-numbers\" href=\"\/es\/wp-json\/wp\/v2\/pages\/14744?wpfb_list_page=3\">3<\/a>\n<a aria-label=\"P\u00e1gina 4\" class=\"page-numbers\" href=\"\/es\/wp-json\/wp\/v2\/pages\/14744?wpfb_list_page=4\">4<\/a>\n<a class=\"next page-numbers\" href=\"\/es\/wp-json\/wp\/v2\/pages\/14744?wpfb_list_page=2\">Siguiente &raquo;<\/a>[\/vc_column_text][\/vc_column_inner][\/vc_row_inner][\/vc_column][\/mk_page_section]\n<div style=\"clear:both;\"><\/div>","protected":false},"excerpt":{"rendered":"<p>[mk_page_section min_height=\u00bb0&#8243; js_vertical_centered=\u00bbtrue\u00bb padding_top=\u00bb50&#8243; sidebar=\u00bbsidebar-1&#8243;][vc_column][mk_font_icons icon=\u00bbmk-moon-stats-up\u00bb color=\u00bb#0079a1&#8243; size=\u00bbx-large\u00bb margin_horizental=\u00bb0&#8243; margin_vertical=\u00bb12&#8243; align=\u00bbcenter\u00bb][mk_ornamental_title font_family=\u00bbnone\u00bb font_size=\u00bb38&#8243; font_weight=\u00bb300&#8243; txt_transform=\u00bbnone\u00bb ornament_style=\u00bbnorman-single\u00bb ornament_color=\u00bb#c1c1c1&#8243; margin_top=\u00bb-15&#8243; margin_bottom=\u00bb5&#8243;]Planificaci\u00f3n y programas[\/mk_ornamental_title][vc_column_text align=\u00bbcenter\u00bb]Institucional y\u00a0organizativa[\/vc_column_text][\/vc_column][\/mk_page_section][mk_page_section section_layout=\u00bbright\u00bb el_class=\u00bbborde-verde caixes\u00bb [&hellip;]<\/p>\n","protected":false},"author":1,"featured_media":0,"parent":14679,"menu_order":33,"comment_status":"closed","ping_status":"closed","template":"","meta":{"footnotes":""},"class_list":["post-14744","page","type-page","status-publish","hentry"],"yoast_head":"<!-- This site is optimized with the Yoast SEO plugin v26.0 - https:\/\/yoast.com\/wordpress\/plugins\/seo\/ -->\n<title>Planificaci\u00f3n y programas - Consorcio de Residuos V5 - COR<\/title>\n<meta name=\"robots\" content=\"index, follow, max-snippet:-1, max-image-preview:large, max-video-preview:-1\" \/>\n<link rel=\"canonical\" href=\"https:\/\/www.consorciresidus.org\/es\/transparencia\/planificacion-y-programas\/\" \/>\n<meta property=\"og:locale\" content=\"es_ES\" \/>\n<meta property=\"og:type\" content=\"article\" \/>\n<meta property=\"og:title\" content=\"Planificaci\u00f3n y programas - Consorcio de Residuos V5 - COR\" \/>\n<meta property=\"og:description\" content=\"[mk_page_section min_height=\u00bb0&#8243; js_vertical_centered=\u00bbtrue\u00bb padding_top=\u00bb50&#8243; sidebar=\u00bbsidebar-1&#8243;][vc_column][mk_font_icons icon=\u00bbmk-moon-stats-up\u00bb color=\u00bb#0079a1&#8243; size=\u00bbx-large\u00bb margin_horizental=\u00bb0&#8243; margin_vertical=\u00bb12&#8243; align=\u00bbcenter\u00bb][mk_ornamental_title font_family=\u00bbnone\u00bb font_size=\u00bb38&#8243; font_weight=\u00bb300&#8243; txt_transform=\u00bbnone\u00bb ornament_style=\u00bbnorman-single\u00bb ornament_color=\u00bb#c1c1c1&#8243; margin_top=\u00bb-15&#8243; margin_bottom=\u00bb5&#8243;]Planificaci\u00f3n y programas[\/mk_ornamental_title][vc_column_text align=\u00bbcenter\u00bb]Institucional y\u00a0organizativa[\/vc_column_text][\/vc_column][\/mk_page_section][mk_page_section section_layout=\u00bbright\u00bb el_class=\u00bbborde-verde caixes\u00bb [&hellip;]\" \/>\n<meta property=\"og:url\" content=\"https:\/\/www.consorciresidus.org\/es\/transparencia\/planificacion-y-programas\/\" \/>\n<meta property=\"og:site_name\" content=\"Consorcio de Residuos V5 - COR\" \/>\n<meta property=\"article:modified_time\" content=\"2021-06-09T11:07:25+00:00\" \/>\n<meta name=\"twitter:card\" content=\"summary_large_image\" \/>\n<meta name=\"twitter:label1\" content=\"Tiempo de lectura\" \/>\n\t<meta name=\"twitter:data1\" content=\"1 minuto\" \/>\n<script type=\"application\/ld+json\" class=\"yoast-schema-graph\">{\"@context\":\"https:\/\/schema.org\",\"@graph\":[{\"@type\":\"WebPage\",\"@id\":\"https:\/\/www.consorciresidus.org\/es\/transparencia\/planificacion-y-programas\/\",\"url\":\"https:\/\/www.consorciresidus.org\/es\/transparencia\/planificacion-y-programas\/\",\"name\":\"Planificaci\u00f3n y programas - Consorcio de Residuos V5 - COR\",\"isPartOf\":{\"@id\":\"https:\/\/www.consorciresidus.org\/#website\"},\"datePublished\":\"2017-02-16T10:41:55+00:00\",\"dateModified\":\"2021-06-09T11:07:25+00:00\",\"breadcrumb\":{\"@id\":\"https:\/\/www.consorciresidus.org\/es\/transparencia\/planificacion-y-programas\/#breadcrumb\"},\"inLanguage\":\"es\",\"potentialAction\":[{\"@type\":\"ReadAction\",\"target\":[\"https:\/\/www.consorciresidus.org\/es\/transparencia\/planificacion-y-programas\/\"]}]},{\"@type\":\"BreadcrumbList\",\"@id\":\"https:\/\/www.consorciresidus.org\/es\/transparencia\/planificacion-y-programas\/#breadcrumb\",\"itemListElement\":[{\"@type\":\"ListItem\",\"position\":1,\"name\":\"Portal de transparencia y datos abiertos\",\"item\":\"https:\/\/www.consorciresidus.org\/es\/transparencia\/\"},{\"@type\":\"ListItem\",\"position\":2,\"name\":\"Planificaci\u00f3n y programas\"}]},{\"@type\":\"WebSite\",\"@id\":\"https:\/\/www.consorciresidus.org\/#website\",\"url\":\"https:\/\/www.consorciresidus.org\/\",\"name\":\"Consorcio de Residuos V5 - COR\",\"description\":\"Consorcio para la gesti\u00f3n de residuos\",\"potentialAction\":[{\"@type\":\"SearchAction\",\"target\":{\"@type\":\"EntryPoint\",\"urlTemplate\":\"https:\/\/www.consorciresidus.org\/?s={search_term_string}\"},\"query-input\":{\"@type\":\"PropertyValueSpecification\",\"valueRequired\":true,\"valueName\":\"search_term_string\"}}],\"inLanguage\":\"es\"}]}<\/script>\n<!-- \/ Yoast SEO plugin. -->","yoast_head_json":{"title":"Planificaci\u00f3n y programas - Consorcio de Residuos V5 - COR","robots":{"index":"index","follow":"follow","max-snippet":"max-snippet:-1","max-image-preview":"max-image-preview:large","max-video-preview":"max-video-preview:-1"},"canonical":"https:\/\/www.consorciresidus.org\/es\/transparencia\/planificacion-y-programas\/","og_locale":"es_ES","og_type":"article","og_title":"Planificaci\u00f3n y programas - Consorcio de Residuos V5 - COR","og_description":"[mk_page_section min_height=\u00bb0&#8243; js_vertical_centered=\u00bbtrue\u00bb padding_top=\u00bb50&#8243; sidebar=\u00bbsidebar-1&#8243;][vc_column][mk_font_icons icon=\u00bbmk-moon-stats-up\u00bb color=\u00bb#0079a1&#8243; size=\u00bbx-large\u00bb margin_horizental=\u00bb0&#8243; margin_vertical=\u00bb12&#8243; align=\u00bbcenter\u00bb][mk_ornamental_title font_family=\u00bbnone\u00bb font_size=\u00bb38&#8243; font_weight=\u00bb300&#8243; txt_transform=\u00bbnone\u00bb ornament_style=\u00bbnorman-single\u00bb ornament_color=\u00bb#c1c1c1&#8243; margin_top=\u00bb-15&#8243; margin_bottom=\u00bb5&#8243;]Planificaci\u00f3n y programas[\/mk_ornamental_title][vc_column_text align=\u00bbcenter\u00bb]Institucional y\u00a0organizativa[\/vc_column_text][\/vc_column][\/mk_page_section][mk_page_section section_layout=\u00bbright\u00bb el_class=\u00bbborde-verde caixes\u00bb [&hellip;]","og_url":"https:\/\/www.consorciresidus.org\/es\/transparencia\/planificacion-y-programas\/","og_site_name":"Consorcio de Residuos V5 - COR","article_modified_time":"2021-06-09T11:07:25+00:00","twitter_card":"summary_large_image","twitter_misc":{"Tiempo de lectura":"1 minuto"},"schema":{"@context":"https:\/\/schema.org","@graph":[{"@type":"WebPage","@id":"https:\/\/www.consorciresidus.org\/es\/transparencia\/planificacion-y-programas\/","url":"https:\/\/www.consorciresidus.org\/es\/transparencia\/planificacion-y-programas\/","name":"Planificaci\u00f3n y programas - Consorcio de Residuos V5 - COR","isPartOf":{"@id":"https:\/\/www.consorciresidus.org\/#website"},"datePublished":"2017-02-16T10:41:55+00:00","dateModified":"2021-06-09T11:07:25+00:00","breadcrumb":{"@id":"https:\/\/www.consorciresidus.org\/es\/transparencia\/planificacion-y-programas\/#breadcrumb"},"inLanguage":"es","potentialAction":[{"@type":"ReadAction","target":["https:\/\/www.consorciresidus.org\/es\/transparencia\/planificacion-y-programas\/"]}]},{"@type":"BreadcrumbList","@id":"https:\/\/www.consorciresidus.org\/es\/transparencia\/planificacion-y-programas\/#breadcrumb","itemListElement":[{"@type":"ListItem","position":1,"name":"Portal de transparencia y datos abiertos","item":"https:\/\/www.consorciresidus.org\/es\/transparencia\/"},{"@type":"ListItem","position":2,"name":"Planificaci\u00f3n y programas"}]},{"@type":"WebSite","@id":"https:\/\/www.consorciresidus.org\/#website","url":"https:\/\/www.consorciresidus.org\/","name":"Consorcio de Residuos V5 - COR","description":"Consorcio para la gesti\u00f3n de residuos","potentialAction":[{"@type":"SearchAction","target":{"@type":"EntryPoint","urlTemplate":"https:\/\/www.consorciresidus.org\/?s={search_term_string}"},"query-input":{"@type":"PropertyValueSpecification","valueRequired":true,"valueName":"search_term_string"}}],"inLanguage":"es"}]}},"_links":{"self":[{"href":"https:\/\/www.consorciresidus.org\/es\/wp-json\/wp\/v2\/pages\/14744","targetHints":{"allow":["GET"]}}],"collection":[{"href":"https:\/\/www.consorciresidus.org\/es\/wp-json\/wp\/v2\/pages"}],"about":[{"href":"https:\/\/www.consorciresidus.org\/es\/wp-json\/wp\/v2\/types\/page"}],"author":[{"embeddable":true,"href":"https:\/\/www.consorciresidus.org\/es\/wp-json\/wp\/v2\/users\/1"}],"replies":[{"embeddable":true,"href":"https:\/\/www.consorciresidus.org\/es\/wp-json\/wp\/v2\/comments?post=14744"}],"version-history":[{"count":6,"href":"https:\/\/www.consorciresidus.org\/es\/wp-json\/wp\/v2\/pages\/14744\/revisions"}],"predecessor-version":[{"id":24517,"href":"https:\/\/www.consorciresidus.org\/es\/wp-json\/wp\/v2\/pages\/14744\/revisions\/24517"}],"up":[{"embeddable":true,"href":"https:\/\/www.consorciresidus.org\/es\/wp-json\/wp\/v2\/pages\/14679"}],"wp:attachment":[{"href":"https:\/\/www.consorciresidus.org\/es\/wp-json\/wp\/v2\/media?parent=14744"}],"curies":[{"name":"wp","href":"https:\/\/api.w.org\/{rel}","templated":true}]}}