 



{"id":14746,"date":"2017-02-16T10:29:08","date_gmt":"2017-02-16T10:29:08","guid":{"rendered":"https:\/\/www.consorciresidus.org\/transparencia\/normativa-aplicable\/"},"modified":"2019-10-04T08:59:09","modified_gmt":"2019-10-04T08:59:09","slug":"normativa-aplicable","status":"publish","type":"page","link":"https:\/\/www.consorciresidus.org\/es\/transparencia\/normativa-aplicable\/","title":{"rendered":"Normativa aplicable"},"content":{"rendered":"[mk_page_section min_height=\u00bb0&#8243; js_vertical_centered=\u00bbtrue\u00bb padding_top=\u00bb50&#8243; sidebar=\u00bbsidebar-1&#8243;][vc_column][mk_font_icons icon=\u00bbmk-moon-books\u00bb color=\u00bb#0079a1&#8243; size=\u00bbx-large\u00bb margin_horizental=\u00bb0&#8243; margin_vertical=\u00bb12&#8243; align=\u00bbcenter\u00bb][mk_ornamental_title font_family=\u00bbnone\u00bb font_size=\u00bb38&#8243; font_weight=\u00bb300&#8243; txt_transform=\u00bbnone\u00bb ornament_style=\u00bbnorman-single\u00bb ornament_color=\u00bb#c1c1c1&#8243; margin_top=\u00bb-15&#8243; margin_bottom=\u00bb5&#8243;]Normativa aplicable[\/mk_ornamental_title][vc_column_text align=\u00bbcenter\u00bb]<span style=\"color: #999999;\">Institucional y\u00a0organizativa<\/span>[\/vc_column_text][\/vc_column][\/mk_page_section][mk_page_section section_layout=\u00bbright\u00bb el_class=\u00bbborde-verde\u00bb sidebar=\u00bbsidebar-4&#8243;][vc_column][vc_row_inner][vc_column_inner][vc_column_text css=\u00bb.vc_custom_1570179505065{margin-bottom: 0px !important;}\u00bb]<div class=\"dataset-content\">   \r\n             \r\n       <h3 class=\"dataset-heading\">\r\n               <a href=\"https:\/\/www.consorciresidus.org\/es\/download\/institucional_y_organizativa\/normativa_aplicable_-_esp\/DECRET-55_2019-DE-5-DABRIL.-PLA-INTEGRAN-DE-RESIDUS-COMUNITAT-VALENCIANA.pdf\" target=\"_blank\" title=\"Download Decreto 55\/2019 de 5 de abril - PLAN INTEGRAL DE RESIDUOS COMUNIDAD VALENCIANA\"><img decoding=\"async\" align=\"middle\" src=\"https:\/\/www.consorciresidus.org\/wp-content\/images\/fileicons\/pdf.png\" alt=\"Decreto 55\/2019 de 5 de abril - PLAN INTEGRAL DE RESIDUOS COMUNIDAD VALENCIANA\" \/><\/a>\r\n               <a class=\"titulo\" href=\"https:\/\/www.consorciresidus.org\/es\/download\/institucional_y_organizativa\/normativa_aplicable_-_esp\/DECRET-55_2019-DE-5-DABRIL.-PLA-INTEGRAN-DE-RESIDUS-COMUNITAT-VALENCIANA.pdf\" title=\"Download Decreto 55\/2019 de 5 de abril - PLAN INTEGRAL DE RESIDUOS COMUNIDAD VALENCIANA\" target=\"_blank\" >Decreto 55\/2019 de 5 de abril - PLAN INTEGRAL DE RESIDUOS COMUNIDAD VALENCIANA<\/a>\r\n                <span class=\"recent-views\">4 octubre, 2019<\/span>\r\n             \r\n       <\/h3>\r\n\r\n       <div class=\"notes\">        \r\n                     <p class=\"dataset-organization\">Objeto establecer las disposiciones de car\u00e1cter general y vinculantes necesarias para la ordenaci\u00f3n material y territorial de las actividades de gesti\u00f3n de residuos en la Comunitat Valenciana<br \/>\r\n<br \/>\r\nAsimismo, se establecen las disposiciones especiales sobre residuos espec\u00edficos que se consideren necesarias.<\/p>  \r\n                     <span class=\"peso\">5.0 MiB<\/span>\r\n       <\/div>\r\n      \r\n     \r\n<\/div>\r\n\r\n<div class=\"dataset-content\">   \r\n             \r\n       <h3 class=\"dataset-heading\">\r\n               <a href=\"https:\/\/www.consorciresidus.org\/es\/download\/institucional_y_organizativa\/normativa_aplicable_-_esp\/06.-Directiva-2008-98-CE-del-Parlament-Europeu-i-del-Consell-sobre-els-residus.pdf\" target=\"_blank\" title=\"Download Directiva 2008\/98\/CE del Parlamento Europeu y del Consejo sobre los residuos. \"><img decoding=\"async\" align=\"middle\" src=\"https:\/\/www.consorciresidus.org\/wp-content\/images\/fileicons\/pdf.png\" alt=\"Directiva 2008\/98\/CE del Parlamento Europeu y del Consejo sobre los residuos. \" \/><\/a>\r\n               <a class=\"titulo\" href=\"https:\/\/www.consorciresidus.org\/es\/download\/institucional_y_organizativa\/normativa_aplicable_-_esp\/06.-Directiva-2008-98-CE-del-Parlament-Europeu-i-del-Consell-sobre-els-residus.pdf\" title=\"Download Directiva 2008\/98\/CE del Parlamento Europeu y del Consejo sobre los residuos. \" target=\"_blank\" >Directiva 2008\/98\/CE del Parlamento Europeu y del Consejo sobre los residuos. <\/a>\r\n                <span class=\"recent-views\">11 mayo, 2017<\/span>\r\n             \r\n       <\/h3>\r\n\r\n       <div class=\"notes\">        \r\n                     <p class=\"dataset-organization\">Establece el marco legislativo de la manipulaci\u00f3n de residuos en la Uni\u00f3n Europea, y deroga determinadas directivas europeas.<\/p>  \r\n                     <span class=\"peso\">0.2 MiB<\/span>\r\n       <\/div>\r\n      \r\n     \r\n<\/div>\r\n\r\n<div class=\"dataset-content\">   \r\n             \r\n       <h3 class=\"dataset-heading\">\r\n               <a href=\"https:\/\/www.consorciresidus.org\/es\/download\/institucional_y_organizativa\/normativa_aplicable_-_esp\/05.-Lei-espanyola-22-2011-de-Residuos-y-Suelos-Contaminados.pdf\" target=\"_blank\" title=\"Download Ley 22\/2011, de 28 de julio, de residuos y suelos contaminados.\"><img decoding=\"async\" align=\"middle\" src=\"https:\/\/www.consorciresidus.org\/wp-content\/images\/fileicons\/pdf.png\" alt=\"Ley 22\/2011, de 28 de julio, de residuos y suelos contaminados.\" \/><\/a>\r\n               <a class=\"titulo\" href=\"https:\/\/www.consorciresidus.org\/es\/download\/institucional_y_organizativa\/normativa_aplicable_-_esp\/05.-Lei-espanyola-22-2011-de-Residuos-y-Suelos-Contaminados.pdf\" title=\"Download Ley 22\/2011, de 28 de julio, de residuos y suelos contaminados.\" target=\"_blank\" >Ley 22\/2011, de 28 de julio, de residuos y suelos contaminados.<\/a>\r\n                <span class=\"recent-views\">11 mayo, 2017<\/span>\r\n             \r\n       <\/h3>\r\n\r\n       <div class=\"notes\">        \r\n                     <p class=\"dataset-organization\">Regula la gesti\u00f3n de los residuos y el r\u00e9gimen jur\u00eddico de los suelos contaminados en el estado espa\u00f1ol.<\/p>  \r\n                     <span class=\"peso\">0.6 MiB<\/span>\r\n       <\/div>\r\n      \r\n     \r\n<\/div>\r\n\r\n<div class=\"dataset-content\">   \r\n             \r\n       <h3 class=\"dataset-heading\">\r\n               <a href=\"https:\/\/www.consorciresidus.org\/es\/download\/institucional_y_organizativa\/normativa_aplicable_-_esp\/04_02.-Ordre-de-29-doctubre-de-2004-per-la-qual-saprova-el-Pla-Zonal-de-Residus-de-les-Zones-X-XI-i-XII.pdf\" target=\"_blank\" title=\"Download Orden de 29 de octubre de 2004, del conseller de Terri- torio y Vivienda, por la que se aprueba el Plan Zonal de residuos de las Zonas X, XI, y XII. \"><img decoding=\"async\" align=\"middle\" src=\"https:\/\/www.consorciresidus.org\/wp-content\/images\/fileicons\/pdf.png\" alt=\"Orden de 29 de octubre de 2004, del conseller de Terri- torio y Vivienda, por la que se aprueba el Plan Zonal de residuos de las Zonas X, XI, y XII. \" \/><\/a>\r\n               <a class=\"titulo\" href=\"https:\/\/www.consorciresidus.org\/es\/download\/institucional_y_organizativa\/normativa_aplicable_-_esp\/04_02.-Ordre-de-29-doctubre-de-2004-per-la-qual-saprova-el-Pla-Zonal-de-Residus-de-les-Zones-X-XI-i-XII.pdf\" title=\"Download Orden de 29 de octubre de 2004, del conseller de Terri- torio y Vivienda, por la que se aprueba el Plan Zonal de residuos de las Zonas X, XI, y XII. \" target=\"_blank\" >Orden de 29 de octubre de 2004, del conseller de Terri- torio y Vivienda, por la que se aprueba el Plan Zonal de residuos de las Zonas X, XI, y XII. <\/a>\r\n                <span class=\"recent-views\">11 mayo, 2017<\/span>\r\n             \r\n       <\/h3>\r\n\r\n       <div class=\"notes\">        \r\n                     <p class=\"dataset-organization\">Instrumentos de desarrollo y mejora del Plan Integral de Residuos. Documento detallado que adapta las previsiones del Plan a las zonas que delimita.<\/p>  \r\n                     <span class=\"peso\">3.4 MiB<\/span>\r\n       <\/div>\r\n      \r\n     \r\n<\/div>\r\n\r\n<div class=\"dataset-content\">   \r\n             \r\n       <h3 class=\"dataset-heading\">\r\n               <a href=\"https:\/\/www.consorciresidus.org\/es\/download\/institucional_y_organizativa\/normativa_aplicable_-_esp\/04.-Decret-Llei-4-2016-pel-qual-s%25E2%2580%2599estableixen-mesures-urgents-per-a-garantir-la-gestio-de-residus-municipals.pdf\" target=\"_blank\" title=\"Download Decreto Ley  4\/2016,  de  10  de  junio,  del  Consell,  por   el  que  se  establecen  medidas  urgentes  para  garantizar  la   gesti\u00f3n de residuos municipales. \"><img decoding=\"async\" align=\"middle\" src=\"https:\/\/www.consorciresidus.org\/wp-content\/images\/fileicons\/pdf.png\" alt=\"Decreto Ley  4\/2016,  de  10  de  junio,  del  Consell,  por   el  que  se  establecen  medidas  urgentes  para  garantizar  la   gesti\u00f3n de residuos municipales. \" \/><\/a>\r\n               <a class=\"titulo\" href=\"https:\/\/www.consorciresidus.org\/es\/download\/institucional_y_organizativa\/normativa_aplicable_-_esp\/04.-Decret-Llei-4-2016-pel-qual-s%25E2%2580%2599estableixen-mesures-urgents-per-a-garantir-la-gestio-de-residus-municipals.pdf\" title=\"Download Decreto Ley  4\/2016,  de  10  de  junio,  del  Consell,  por   el  que  se  establecen  medidas  urgentes  para  garantizar  la   gesti\u00f3n de residuos municipales. \" target=\"_blank\" >Decreto Ley  4\/2016,  de  10  de  junio,  del  Consell,  por   el  que  se  establecen  medidas  urgentes  para  garantizar  la   gesti\u00f3n de residuos municipales. <\/a>\r\n                <span class=\"recent-views\">11 mayo, 2017<\/span>\r\n             \r\n       <\/h3>\r\n\r\n       <div class=\"notes\">        \r\n                     <p class=\"dataset-organization\">Tiene el objetivo de asegurar la prestaci\u00f3n en la Comunidad Valenciana de los servicios esenciales en materia de residuos municipales.<\/p>  \r\n                     <span class=\"peso\">0.2 MiB<\/span>\r\n       <\/div>\r\n      \r\n     \r\n<\/div>\r\n\r\n<div class=\"dataset-content\">   \r\n             \r\n       <h3 class=\"dataset-heading\">\r\n               <a href=\"https:\/\/www.consorciresidus.org\/es\/download\/institucional_y_organizativa\/normativa_aplicable_-_esp\/03.-Decret-81-2013.-Pla-Integral-de-Residus-de-la-Comunitat-Valenciana-PIRCV.pdf\" target=\"_blank\" title=\"Download Decreto 81\/2013, de 21 de junio, del Consell, de aprobaci\u00f3n  definitiva  del  Plan  Integral  de  Residuos  de  la  Comunitat Valenciana (PIRCV).\"><img decoding=\"async\" align=\"middle\" src=\"https:\/\/www.consorciresidus.org\/wp-content\/images\/fileicons\/pdf.png\" alt=\"Decreto 81\/2013, de 21 de junio, del Consell, de aprobaci\u00f3n  definitiva  del  Plan  Integral  de  Residuos  de  la  Comunitat Valenciana (PIRCV).\" \/><\/a>\r\n               <a class=\"titulo\" href=\"https:\/\/www.consorciresidus.org\/es\/download\/institucional_y_organizativa\/normativa_aplicable_-_esp\/03.-Decret-81-2013.-Pla-Integral-de-Residus-de-la-Comunitat-Valenciana-PIRCV.pdf\" title=\"Download Decreto 81\/2013, de 21 de junio, del Consell, de aprobaci\u00f3n  definitiva  del  Plan  Integral  de  Residuos  de  la  Comunitat Valenciana (PIRCV).\" target=\"_blank\" >Decreto 81\/2013, de 21 de junio, del Consell, de aprobaci\u00f3n  definitiva  del  Plan  Integral  de  Residuos  de  la  Comunitat Valenciana (PIRCV).<\/a>\r\n                <span class=\"recent-views\">11 mayo, 2017<\/span>\r\n             \r\n       <\/h3>\r\n\r\n       <div class=\"notes\">        \r\n                     <p class=\"dataset-organization\">Instrumento director y coordinador de todas las actuaciones que se realizan en la Comunidad<br \/>\r\nValenciana en materia de gesti\u00f3n de residuos.<\/p>  \r\n                     <span class=\"peso\">1.7 MiB<\/span>\r\n       <\/div>\r\n      \r\n     \r\n<\/div>\r\n\r\n<div class=\"dataset-content\">   \r\n             \r\n       <h3 class=\"dataset-heading\">\r\n               <a href=\"https:\/\/www.consorciresidus.org\/es\/download\/institucional_y_organizativa\/normativa_aplicable_-_esp\/02.-Llei-10-2000-de-Residus-de-la-Comunitat-Valenciana.pdf\" target=\"_blank\" title=\"Download Ley  10\/2000,  de  12  de  diciembre,  de  Residuos  de  la Comunidad Valenciana.\"><img decoding=\"async\" align=\"middle\" src=\"https:\/\/www.consorciresidus.org\/wp-content\/images\/fileicons\/pdf.png\" alt=\"Ley  10\/2000,  de  12  de  diciembre,  de  Residuos  de  la Comunidad Valenciana.\" \/><\/a>\r\n               <a class=\"titulo\" href=\"https:\/\/www.consorciresidus.org\/es\/download\/institucional_y_organizativa\/normativa_aplicable_-_esp\/02.-Llei-10-2000-de-Residus-de-la-Comunitat-Valenciana.pdf\" title=\"Download Ley  10\/2000,  de  12  de  diciembre,  de  Residuos  de  la Comunidad Valenciana.\" target=\"_blank\" >Ley  10\/2000,  de  12  de  diciembre,  de  Residuos  de  la Comunidad Valenciana.<\/a>\r\n                <span class=\"recent-views\">11 mayo, 2017<\/span>\r\n             \r\n       <\/h3>\r\n\r\n       <div class=\"notes\">        \r\n                     <p class=\"dataset-organization\">En el marco de las competencias de la Generalitat, establece el r\u00e9gimen jur\u00eddico de la producci\u00f3n y gesti\u00f3n de los residuos, as\u00ed como la regulaci\u00f3n de los suelos contaminados, con el fin de proteger la salud humana y el medio ambiente.<\/p>  \r\n                     <span class=\"peso\">0.3 MiB<\/span>\r\n       <\/div>\r\n      \r\n     \r\n<\/div>\r\n\r\n[\/vc_column_text][\/vc_column_inner][\/vc_row_inner][\/vc_column][\/mk_page_section]\n<div style=\"clear:both;\"><\/div>","protected":false},"excerpt":{"rendered":"<p>[mk_page_section min_height=\u00bb0&#8243; js_vertical_centered=\u00bbtrue\u00bb padding_top=\u00bb50&#8243; sidebar=\u00bbsidebar-1&#8243;][vc_column][mk_font_icons icon=\u00bbmk-moon-books\u00bb color=\u00bb#0079a1&#8243; size=\u00bbx-large\u00bb margin_horizental=\u00bb0&#8243; margin_vertical=\u00bb12&#8243; align=\u00bbcenter\u00bb][mk_ornamental_title font_family=\u00bbnone\u00bb font_size=\u00bb38&#8243; font_weight=\u00bb300&#8243; txt_transform=\u00bbnone\u00bb ornament_style=\u00bbnorman-single\u00bb ornament_color=\u00bb#c1c1c1&#8243; margin_top=\u00bb-15&#8243; margin_bottom=\u00bb5&#8243;]Normativa aplicable[\/mk_ornamental_title][vc_column_text align=\u00bbcenter\u00bb]Institucional y\u00a0organizativa[\/vc_column_text][\/vc_column][\/mk_page_section][mk_page_section section_layout=\u00bbright\u00bb el_class=\u00bbborde-verde\u00bb sidebar=\u00bbsidebar-4&#8243;][vc_column][vc_row_inner][vc_column_inner][vc_column_text css=\u00bb.vc_custom_1570179505065{margin-bottom: [&hellip;]<\/p>\n","protected":false},"author":1,"featured_media":0,"parent":14679,"menu_order":33,"comment_status":"closed","ping_status":"closed","template":"","meta":{"footnotes":""},"class_list":["post-14746","page","type-page","status-publish","hentry"],"yoast_head":"<!-- This site is optimized with the Yoast SEO plugin v26.0 - https:\/\/yoast.com\/wordpress\/plugins\/seo\/ -->\n<title>Normativa aplicable - Consorcio de Residuos V5 - COR<\/title>\n<meta name=\"robots\" content=\"noindex, follow\" \/>\n<meta property=\"og:locale\" content=\"es_ES\" \/>\n<meta property=\"og:type\" content=\"article\" \/>\n<meta property=\"og:title\" content=\"Normativa aplicable - Consorcio de Residuos V5 - COR\" \/>\n<meta property=\"og:description\" content=\"[mk_page_section min_height=\u00bb0&#8243; js_vertical_centered=\u00bbtrue\u00bb padding_top=\u00bb50&#8243; sidebar=\u00bbsidebar-1&#8243;][vc_column][mk_font_icons icon=\u00bbmk-moon-books\u00bb color=\u00bb#0079a1&#8243; size=\u00bbx-large\u00bb margin_horizental=\u00bb0&#8243; margin_vertical=\u00bb12&#8243; align=\u00bbcenter\u00bb][mk_ornamental_title font_family=\u00bbnone\u00bb font_size=\u00bb38&#8243; font_weight=\u00bb300&#8243; txt_transform=\u00bbnone\u00bb ornament_style=\u00bbnorman-single\u00bb ornament_color=\u00bb#c1c1c1&#8243; margin_top=\u00bb-15&#8243; margin_bottom=\u00bb5&#8243;]Normativa aplicable[\/mk_ornamental_title][vc_column_text align=\u00bbcenter\u00bb]Institucional y\u00a0organizativa[\/vc_column_text][\/vc_column][\/mk_page_section][mk_page_section section_layout=\u00bbright\u00bb el_class=\u00bbborde-verde\u00bb sidebar=\u00bbsidebar-4&#8243;][vc_column][vc_row_inner][vc_column_inner][vc_column_text css=\u00bb.vc_custom_1570179505065{margin-bottom: [&hellip;]\" \/>\n<meta property=\"og:url\" content=\"https:\/\/www.consorciresidus.org\/es\/transparencia\/normativa-aplicable\/\" \/>\n<meta property=\"og:site_name\" content=\"Consorcio de Residuos V5 - COR\" \/>\n<meta property=\"article:modified_time\" content=\"2019-10-04T08:59:09+00:00\" \/>\n<meta name=\"twitter:card\" content=\"summary_large_image\" \/>\n<meta name=\"twitter:label1\" content=\"Tiempo de lectura\" \/>\n\t<meta name=\"twitter:data1\" content=\"1 minuto\" \/>\n<script type=\"application\/ld+json\" class=\"yoast-schema-graph\">{\"@context\":\"https:\/\/schema.org\",\"@graph\":[{\"@type\":\"WebPage\",\"@id\":\"https:\/\/www.consorciresidus.org\/es\/transparencia\/normativa-aplicable\/\",\"url\":\"https:\/\/www.consorciresidus.org\/es\/transparencia\/normativa-aplicable\/\",\"name\":\"Normativa aplicable - Consorcio de Residuos V5 - COR\",\"isPartOf\":{\"@id\":\"https:\/\/www.consorciresidus.org\/#website\"},\"datePublished\":\"2017-02-16T10:29:08+00:00\",\"dateModified\":\"2019-10-04T08:59:09+00:00\",\"breadcrumb\":{\"@id\":\"https:\/\/www.consorciresidus.org\/es\/transparencia\/normativa-aplicable\/#breadcrumb\"},\"inLanguage\":\"es\",\"potentialAction\":[{\"@type\":\"ReadAction\",\"target\":[\"https:\/\/www.consorciresidus.org\/es\/transparencia\/normativa-aplicable\/\"]}]},{\"@type\":\"BreadcrumbList\",\"@id\":\"https:\/\/www.consorciresidus.org\/es\/transparencia\/normativa-aplicable\/#breadcrumb\",\"itemListElement\":[{\"@type\":\"ListItem\",\"position\":1,\"name\":\"Portal de transparencia y datos abiertos\",\"item\":\"https:\/\/www.consorciresidus.org\/es\/transparencia\/\"},{\"@type\":\"ListItem\",\"position\":2,\"name\":\"Normativa aplicable\"}]},{\"@type\":\"WebSite\",\"@id\":\"https:\/\/www.consorciresidus.org\/#website\",\"url\":\"https:\/\/www.consorciresidus.org\/\",\"name\":\"Consorcio de Residuos V5 - COR\",\"description\":\"Consorcio para la gesti\u00f3n de residuos\",\"potentialAction\":[{\"@type\":\"SearchAction\",\"target\":{\"@type\":\"EntryPoint\",\"urlTemplate\":\"https:\/\/www.consorciresidus.org\/?s={search_term_string}\"},\"query-input\":{\"@type\":\"PropertyValueSpecification\",\"valueRequired\":true,\"valueName\":\"search_term_string\"}}],\"inLanguage\":\"es\"}]}<\/script>\n<!-- \/ Yoast SEO plugin. -->","yoast_head_json":{"title":"Normativa aplicable - Consorcio de Residuos V5 - COR","robots":{"index":"noindex","follow":"follow"},"og_locale":"es_ES","og_type":"article","og_title":"Normativa aplicable - Consorcio de Residuos V5 - COR","og_description":"[mk_page_section min_height=\u00bb0&#8243; js_vertical_centered=\u00bbtrue\u00bb padding_top=\u00bb50&#8243; sidebar=\u00bbsidebar-1&#8243;][vc_column][mk_font_icons icon=\u00bbmk-moon-books\u00bb color=\u00bb#0079a1&#8243; size=\u00bbx-large\u00bb margin_horizental=\u00bb0&#8243; margin_vertical=\u00bb12&#8243; align=\u00bbcenter\u00bb][mk_ornamental_title font_family=\u00bbnone\u00bb font_size=\u00bb38&#8243; font_weight=\u00bb300&#8243; txt_transform=\u00bbnone\u00bb ornament_style=\u00bbnorman-single\u00bb ornament_color=\u00bb#c1c1c1&#8243; margin_top=\u00bb-15&#8243; margin_bottom=\u00bb5&#8243;]Normativa aplicable[\/mk_ornamental_title][vc_column_text align=\u00bbcenter\u00bb]Institucional y\u00a0organizativa[\/vc_column_text][\/vc_column][\/mk_page_section][mk_page_section section_layout=\u00bbright\u00bb el_class=\u00bbborde-verde\u00bb sidebar=\u00bbsidebar-4&#8243;][vc_column][vc_row_inner][vc_column_inner][vc_column_text css=\u00bb.vc_custom_1570179505065{margin-bottom: [&hellip;]","og_url":"https:\/\/www.consorciresidus.org\/es\/transparencia\/normativa-aplicable\/","og_site_name":"Consorcio de Residuos V5 - COR","article_modified_time":"2019-10-04T08:59:09+00:00","twitter_card":"summary_large_image","twitter_misc":{"Tiempo de lectura":"1 minuto"},"schema":{"@context":"https:\/\/schema.org","@graph":[{"@type":"WebPage","@id":"https:\/\/www.consorciresidus.org\/es\/transparencia\/normativa-aplicable\/","url":"https:\/\/www.consorciresidus.org\/es\/transparencia\/normativa-aplicable\/","name":"Normativa aplicable - Consorcio de Residuos V5 - COR","isPartOf":{"@id":"https:\/\/www.consorciresidus.org\/#website"},"datePublished":"2017-02-16T10:29:08+00:00","dateModified":"2019-10-04T08:59:09+00:00","breadcrumb":{"@id":"https:\/\/www.consorciresidus.org\/es\/transparencia\/normativa-aplicable\/#breadcrumb"},"inLanguage":"es","potentialAction":[{"@type":"ReadAction","target":["https:\/\/www.consorciresidus.org\/es\/transparencia\/normativa-aplicable\/"]}]},{"@type":"BreadcrumbList","@id":"https:\/\/www.consorciresidus.org\/es\/transparencia\/normativa-aplicable\/#breadcrumb","itemListElement":[{"@type":"ListItem","position":1,"name":"Portal de transparencia y datos abiertos","item":"https:\/\/www.consorciresidus.org\/es\/transparencia\/"},{"@type":"ListItem","position":2,"name":"Normativa aplicable"}]},{"@type":"WebSite","@id":"https:\/\/www.consorciresidus.org\/#website","url":"https:\/\/www.consorciresidus.org\/","name":"Consorcio de Residuos V5 - COR","description":"Consorcio para la gesti\u00f3n de residuos","potentialAction":[{"@type":"SearchAction","target":{"@type":"EntryPoint","urlTemplate":"https:\/\/www.consorciresidus.org\/?s={search_term_string}"},"query-input":{"@type":"PropertyValueSpecification","valueRequired":true,"valueName":"search_term_string"}}],"inLanguage":"es"}]}},"_links":{"self":[{"href":"https:\/\/www.consorciresidus.org\/es\/wp-json\/wp\/v2\/pages\/14746","targetHints":{"allow":["GET"]}}],"collection":[{"href":"https:\/\/www.consorciresidus.org\/es\/wp-json\/wp\/v2\/pages"}],"about":[{"href":"https:\/\/www.consorciresidus.org\/es\/wp-json\/wp\/v2\/types\/page"}],"author":[{"embeddable":true,"href":"https:\/\/www.consorciresidus.org\/es\/wp-json\/wp\/v2\/users\/1"}],"replies":[{"embeddable":true,"href":"https:\/\/www.consorciresidus.org\/es\/wp-json\/wp\/v2\/comments?post=14746"}],"version-history":[{"count":4,"href":"https:\/\/www.consorciresidus.org\/es\/wp-json\/wp\/v2\/pages\/14746\/revisions"}],"predecessor-version":[{"id":21569,"href":"https:\/\/www.consorciresidus.org\/es\/wp-json\/wp\/v2\/pages\/14746\/revisions\/21569"}],"up":[{"embeddable":true,"href":"https:\/\/www.consorciresidus.org\/es\/wp-json\/wp\/v2\/pages\/14679"}],"wp:attachment":[{"href":"https:\/\/www.consorciresidus.org\/es\/wp-json\/wp\/v2\/media?parent=14746"}],"curies":[{"name":"wp","href":"https:\/\/api.w.org\/{rel}","templated":true}]}}