 



{"id":14747,"date":"2017-02-16T00:30:11","date_gmt":"2017-02-16T00:30:11","guid":{"rendered":"https:\/\/www.consorciresidus.org\/transparencia\/sollicitud-dacces-a-informacio-publica\/"},"modified":"2017-06-23T10:44:34","modified_gmt":"2017-06-23T10:44:34","slug":"solicitud-de-acceso-a-la-informacion-publica","status":"publish","type":"page","link":"https:\/\/www.consorciresidus.org\/es\/transparencia\/solicitud-de-acceso-a-la-informacion-publica\/","title":{"rendered":"Solicitud de acceso a informaci\u00f3n p\u00fablica"},"content":{"rendered":"[mk_page_section min_height=\u00bb0&#8243; js_vertical_centered=\u00bbtrue\u00bb padding_top=\u00bb50&#8243; sidebar=\u00bbsidebar-1&#8243;][vc_column][mk_font_icons icon=\u00bbmk-moon-info\u00bb color=\u00bb#0079a1&#8243; size=\u00bbx-large\u00bb margin_horizental=\u00bb0&#8243; margin_vertical=\u00bb12&#8243; align=\u00bbcenter\u00bb][mk_ornamental_title font_family=\u00bbnone\u00bb font_size=\u00bb38&#8243; font_weight=\u00bb300&#8243; txt_transform=\u00bbnone\u00bb ornament_style=\u00bbnorman-single\u00bb ornament_color=\u00bb#c1c1c1&#8243; margin_top=\u00bb-15&#8243; margin_bottom=\u00bb5&#8243;]Solicitud de acceso a informaci\u00f3n p\u00fablica[\/mk_ornamental_title][vc_column_text align=\u00bbcenter\u00bb]<span style=\"color: #999999;\">Derecho de acceso a la informaci\u00f3n<\/span>[\/vc_column_text][\/vc_column][\/mk_page_section][mk_page_section el_class=\u00bbborde-verde\u00bb sidebar=\u00bbsidebar-4&#8243;][vc_column][vc_row_inner visibility=\u00bbhidden-sm\u00bb][vc_column_inner width=\u00bb1\/6&#8243;][\/vc_column_inner][vc_column_inner width=\u00bb2\/3&#8243;][vc_column_text]\n<div class=\"wpcf7 no-js\" id=\"wpcf7-f16569-o1\" lang=\"es-ES\" dir=\"ltr\" data-wpcf7-id=\"16569\">\n<div class=\"screen-reader-response\"><p role=\"status\" aria-live=\"polite\" aria-atomic=\"true\"><\/p> <ul><\/ul><\/div>\n<form action=\"\/es\/wp-json\/wp\/v2\/pages\/14747#wpcf7-f16569-o1\" method=\"post\" class=\"wpcf7-form init\" aria-label=\"Formulario de contacto\" novalidate=\"novalidate\" data-status=\"init\">\n<fieldset class=\"hidden-fields-container\"><input type=\"hidden\" name=\"_wpcf7\" value=\"16569\" \/><input type=\"hidden\" name=\"_wpcf7_version\" value=\"6.1.1\" \/><input type=\"hidden\" name=\"_wpcf7_locale\" value=\"es_ES\" \/><input type=\"hidden\" name=\"_wpcf7_unit_tag\" value=\"wpcf7-f16569-o1\" \/><input type=\"hidden\" name=\"_wpcf7_container_post\" value=\"0\" \/><input type=\"hidden\" name=\"_wpcf7_posted_data_hash\" value=\"\" \/><input type=\"hidden\" name=\"_wpcf7_recaptcha_response\" value=\"\" \/>\n<\/fieldset>\n<div id=\"responsive-form\" class=\"clearfix\">\n\t<div class=\"form-row\">\n\t\t<div class=\"completa\">\n\t\t\t<p>Solicitante <em style=\"font-size:12px; color:#e21d1d;\"> (Obligatorio)<\/em><span class=\"wpcf7-form-control-wrap\" data-name=\"nombre\"><input size=\"40\" maxlength=\"400\" class=\"wpcf7-form-control wpcf7-text wpcf7-validates-as-required\" aria-required=\"true\" aria-invalid=\"false\" value=\"\" type=\"text\" name=\"nombre\" \/><\/span>\n\t\t\t<\/p>\n\t\t<\/div>\n\t\t<div class=\"completa\">\n\t\t\t<p>DNI\/NIE <em style=\"font-size:12px; color:#e21d1d;\"> (Obligatorio)<\/em><span class=\"wpcf7-form-control-wrap\" data-name=\"dni-592\"><input size=\"40\" maxlength=\"400\" class=\"wpcf7-form-control wpcf7-text wpcf7-validates-as-required\" aria-required=\"true\" aria-invalid=\"false\" value=\"\" type=\"text\" name=\"dni-592\" \/><\/span>\n\t\t\t<\/p>\n\t\t<\/div>\n\t\t<div class=\"completa\">\n\t\t\t<p>Informaci\u00f3n precisa a la que quiere tener acceso <em style=\"font-size:12px; color:#e21d1d;\"> (Obligatorio)<\/em><span class=\"wpcf7-form-control-wrap\" data-name=\"asumpte-502\"><textarea cols=\"40\" rows=\"10\" maxlength=\"2000\" class=\"wpcf7-form-control wpcf7-textarea wpcf7-validates-as-required\" aria-required=\"true\" aria-invalid=\"false\" name=\"asumpte-502\"><\/textarea><\/span>\n\t\t\t<\/p>\n\t\t<\/div>\n\t\t<div class=\"completa\">\n\t\t\t<p>Motivos de la solicitud <em style=\"font-size:12px; color:#e21d1d;\"> (Obligatorio)<\/em><span class=\"wpcf7-form-control-wrap\" data-name=\"motius-279\"><textarea cols=\"40\" rows=\"10\" maxlength=\"2000\" class=\"wpcf7-form-control wpcf7-textarea wpcf7-validates-as-required\" aria-required=\"true\" aria-invalid=\"false\" name=\"motius-279\"><\/textarea><\/span>\n\t\t\t<\/p>\n\t\t<\/div>\n\t\t<div class=\"completa\">\n\t\t\t<p>Correo electr\u00f3nico de contacto (postal, si prefiere esta v\u00eda de comunicaci\u00f3n) <em style=\"font-size:12px; color:#e21d1d;\"> (Obligatorio)<\/em><span class=\"wpcf7-form-control-wrap\" data-name=\"email-546\"><input size=\"40\" maxlength=\"400\" class=\"wpcf7-form-control wpcf7-email wpcf7-validates-as-required wpcf7-text wpcf7-validates-as-email\" aria-required=\"true\" aria-invalid=\"false\" value=\"\" type=\"email\" name=\"email-546\" \/><\/span>\n\t\t\t<\/p>\n\t\t<\/div>\n\t<\/div>\n<\/div>\n<div id=\"responsive-form\" class=\"clearfix\">\n<hr style=\"border: medium dotted; color: #a2a2a2;\" \/>\n\t<div class=\"form-row\">\n\t\t<div class=\"column-full\">\n\t\t\t<p class=\"privacidad\"><span class=\"wpcf7-form-control-wrap\" data-name=\"acceptance-235\"><span class=\"wpcf7-form-control wpcf7-acceptance\"><span class=\"wpcf7-list-item\"><input type=\"checkbox\" name=\"acceptance-235\" value=\"1\" aria-invalid=\"false\" \/><\/span><\/span><\/span> Acepto la <a href=\"http:\/\/www.turismecastelloderugat.com\/politica-de-privacitat\/\" target=\"blank\" rel=\"nofollow\">pol\u00edtica de privacidad<\/a> de este sitio web. <em style=\"font-size:12px; color:#e21d1d;\">(Obligatori)<\/em>\n\t\t\t<\/p>\n\t\t\t<p style=\"font-size:10px; color:#777777;\"><em> Este sitio est\u00e1 protegido por reCAPTCHA y se aplican la <a href=\"https:\/\/www.google.com\/intl\/es\/policies\/privacy\/\" target=\"blank\" rel=\"nofollow\">Pol\u00edtica de privacidad<\/a> de Google y los <a href=\"https:\/\/www.google.com\/intl\/es\/policies\/terms\/\" target=\"blank\" rel=\"nofollow\">T\u00e9rminos de servicio<\/a>.<\/em>\n\t\t\t<\/p>\n\t\t<span class=\"wpcf7-form-control-wrap recaptcha\" data-name=\"recaptcha\"><span data-sitekey=\"6LdxhSMcAAAAADWwp4gct-VKH7twyIIzVhyskGRU\" class=\"wpcf7-form-control wpcf7-recaptcha g-recaptcha\"><\/span>\r\n<noscript>\r\n\t<div class=\"grecaptcha-noscript\">\r\n\t\t<iframe loading=\"lazy\" src=\"https:\/\/www.google.com\/recaptcha\/api\/fallback?k=6LdxhSMcAAAAADWwp4gct-VKH7twyIIzVhyskGRU\" frameborder=\"0\" scrolling=\"no\" width=\"310\" height=\"430\">\r\n\t\t<\/iframe>\r\n\t\t<textarea name=\"g-recaptcha-response\" rows=\"3\" cols=\"40\" placeholder=\"Aqu\u00ed la respuesta de reCAPTCHA\">\r\n\t\t<\/textarea>\r\n\t<\/div>\r\n<\/noscript>\r\n<\/span>\n\t\t<\/div>\n\t<\/div>\n\t<div class=\"form-row\">\n\t\t<div class=\"column-full\" style=\"text-align:center;padding-top:40px;\">\n\t\t\t<p><input class=\"wpcf7-form-control wpcf7-submit has-spinner\" type=\"submit\" value=\"Enviar\" \/>\n\t\t\t<\/p>\n\t\t<\/div>\n\t<\/div>\n<\/div><!--end responsive-form--><input type='hidden' class='wpcf7-pum' value='{\"closepopup\":false,\"closedelay\":0,\"openpopup\":false,\"openpopup_id\":0}' \/><div class=\"wpcf7-response-output\" aria-hidden=\"true\"><\/div>\n<\/form>\n<\/div>\n[\/vc_column_text][\/vc_column_inner][vc_column_inner width=\u00bb1\/6&#8243;][\/vc_column_inner][\/vc_row_inner][vc_row_inner][vc_column_inner offset=\u00bbvc_hidden-lg vc_hidden-md vc_hidden-sm\u00bb][vc_column_text]\n<div class=\"wpcf7 no-js\" id=\"wpcf7-f11356-o2\" lang=\"es-ES\" dir=\"ltr\" data-wpcf7-id=\"11356\">\n<div class=\"screen-reader-response\"><p role=\"status\" aria-live=\"polite\" aria-atomic=\"true\"><\/p> <ul><\/ul><\/div>\n<form action=\"\/es\/wp-json\/wp\/v2\/pages\/14747#wpcf7-f11356-o2\" method=\"post\" class=\"wpcf7-form init\" aria-label=\"Formulario de contacto\" novalidate=\"novalidate\" data-status=\"init\">\n<fieldset class=\"hidden-fields-container\"><input type=\"hidden\" name=\"_wpcf7\" value=\"11356\" \/><input type=\"hidden\" name=\"_wpcf7_version\" value=\"6.1.1\" \/><input type=\"hidden\" name=\"_wpcf7_locale\" value=\"es_ES\" \/><input type=\"hidden\" name=\"_wpcf7_unit_tag\" value=\"wpcf7-f11356-o2\" \/><input type=\"hidden\" name=\"_wpcf7_container_post\" value=\"0\" \/><input type=\"hidden\" name=\"_wpcf7_posted_data_hash\" value=\"\" \/><input type=\"hidden\" name=\"_wpcf7_recaptcha_response\" value=\"\" \/>\n<\/fieldset>\n<div id=\"responsive-form\" class=\"clearfix\">\n\t<div class=\"form-row\">\n\t\t<div class=\"completa\">\n\t\t\t<p>Sol\u00b7licitant <em style=\"font-size:12px; color:#e21d1d;\"> (Obligatori)<\/em><span class=\"wpcf7-form-control-wrap\" data-name=\"nombre\"><input size=\"40\" maxlength=\"400\" class=\"wpcf7-form-control wpcf7-text wpcf7-validates-as-required\" aria-required=\"true\" aria-invalid=\"false\" value=\"\" type=\"text\" name=\"nombre\" \/><\/span>\n\t\t\t<\/p>\n\t\t<\/div>\n\t\t<div class=\"completa\">\n\t\t\t<p>DNI\/NIE <em style=\"font-size:12px; color:#e21d1d;\"> (Obligatori)<\/em><span class=\"wpcf7-form-control-wrap\" data-name=\"dni-592\"><input size=\"40\" maxlength=\"400\" class=\"wpcf7-form-control wpcf7-text wpcf7-validates-as-required\" aria-required=\"true\" aria-invalid=\"false\" value=\"\" type=\"text\" name=\"dni-592\" \/><\/span>\n\t\t\t<\/p>\n\t\t<\/div>\n\t\t<div class=\"completa\">\n\t\t\t<p>Informaci\u00f3 precisa a qu\u00e8 vol tindre acc\u00e9s <em style=\"font-size:12px; color:#e21d1d;\"> (Obligatori)<\/em><span class=\"wpcf7-form-control-wrap\" data-name=\"asumpte-502\"><textarea cols=\"40\" rows=\"10\" maxlength=\"2000\" class=\"wpcf7-form-control wpcf7-textarea wpcf7-validates-as-required\" aria-required=\"true\" aria-invalid=\"false\" name=\"asumpte-502\"><\/textarea><\/span>\n\t\t\t<\/p>\n\t\t<\/div>\n\t\t<div class=\"completa\">\n\t\t\t<p>Motius de la sol\u2219licitud <em style=\"font-size:12px; color:#e21d1d;\"> (Obligatori)<\/em><span class=\"wpcf7-form-control-wrap\" data-name=\"motius-279\"><textarea cols=\"40\" rows=\"10\" maxlength=\"2000\" class=\"wpcf7-form-control wpcf7-textarea wpcf7-validates-as-required\" aria-required=\"true\" aria-invalid=\"false\" name=\"motius-279\"><\/textarea><\/span>\n\t\t\t<\/p>\n\t\t<\/div>\n\t\t<div class=\"completa\">\n\t\t\t<p>Adre\u00e7a electr\u00f2nica de contacte (postal, si prefereix aquesta via de comunicaci\u00f3) <em style=\"font-size:12px; color:#e21d1d;\"> (Obligatori)<\/em><span class=\"wpcf7-form-control-wrap\" data-name=\"email-546\"><input size=\"40\" maxlength=\"400\" class=\"wpcf7-form-control wpcf7-email wpcf7-validates-as-required wpcf7-text wpcf7-validates-as-email\" aria-required=\"true\" aria-invalid=\"false\" value=\"\" type=\"email\" name=\"email-546\" \/><\/span>\n\t\t\t<\/p>\n\t\t<\/div>\n\t<\/div>\n<\/div>\n<div id=\"responsive-form\" class=\"clearfix\">\n<hr style=\"border: medium dotted; color: #a2a2a2;\" \/>\n\t<div class=\"form-row\">\n\t\t<div class=\"column-full\">\n\t\t\t<p class=\"privacidad\"><span class=\"wpcf7-form-control-wrap\" data-name=\"acceptance-235\"><span class=\"wpcf7-form-control wpcf7-acceptance\"><span class=\"wpcf7-list-item\"><input type=\"checkbox\" name=\"acceptance-235\" value=\"1\" aria-invalid=\"false\" \/><\/span><\/span><\/span> Accepte la <a href=\"http:\/\/www.turismecastelloderugat.com\/politica-de-privacitat\/\" target=\"blank\" rel=\"nofollow\">pol\u00edtica de privacitat<\/a> d'aquest lloc web. <em style=\"font-size:12px; color:#e21d1d;\">(Obligatori)<\/em>\n\t\t\t<\/p>\n\t\t\t<p style=\"font-size:10px; color:#777777;\"><em> Aquest lloc est\u00e0 protegit per reCAPTCHA i s\u2019apliquen les <a href=\"https:\/\/policies.google.com\/terms?hl=ca\" target=\"blank\" rel=\"nofollow\">condicions del servei<\/a> i la <a href=\"https:\/\/policies.google.com\/privacy?hl=ca\" target=\"blank\" rel=\"nofollow\">pol\u00edtica de privacitat<\/a> de Google<\/em>\n\t\t\t<\/p>\n\t\t<span class=\"wpcf7-form-control-wrap recaptcha\" data-name=\"recaptcha\"><span data-sitekey=\"6LdxhSMcAAAAADWwp4gct-VKH7twyIIzVhyskGRU\" class=\"wpcf7-form-control wpcf7-recaptcha g-recaptcha\"><\/span>\r\n<noscript>\r\n\t<div class=\"grecaptcha-noscript\">\r\n\t\t<iframe loading=\"lazy\" src=\"https:\/\/www.google.com\/recaptcha\/api\/fallback?k=6LdxhSMcAAAAADWwp4gct-VKH7twyIIzVhyskGRU\" frameborder=\"0\" scrolling=\"no\" width=\"310\" height=\"430\">\r\n\t\t<\/iframe>\r\n\t\t<textarea name=\"g-recaptcha-response\" rows=\"3\" cols=\"40\" placeholder=\"Aqu\u00ed la respuesta de reCAPTCHA\">\r\n\t\t<\/textarea>\r\n\t<\/div>\r\n<\/noscript>\r\n<\/span>\n\t\t<\/div>\n\t<\/div>\n\t<div class=\"form-row\">\n\t\t<div class=\"column-full\" style=\"text-align:center;padding-top:40px;\">\n\t\t\t<p><input class=\"wpcf7-form-control wpcf7-submit has-spinner\" type=\"submit\" value=\"Enviar\" \/>\n\t\t\t<\/p>\n\t\t<\/div>\n\t<\/div>\n<\/div><!--end responsive-form--><input type='hidden' class='wpcf7-pum' value='{\"closepopup\":false,\"closedelay\":0,\"openpopup\":false,\"openpopup_id\":0}' \/><div class=\"wpcf7-response-output\" aria-hidden=\"true\"><\/div>\n<\/form>\n<\/div>\n[\/vc_column_text][\/vc_column_inner][\/vc_row_inner][vc_row_inner css=\u00bb.vc_custom_1487207617526{padding-bottom: 50px !important;}\u00bb][vc_column_inner][vc_column_text]\n<p style=\"text-align: justify;\">La solicitud de acceso a informaci\u00f3n p\u00fablica podr\u00e1 ser denegada, de manera total o parcial, por cualquiera de los motivos expresados en el Cap\u00edtulo III de la <a href=\"https:\/\/www.boe.es\/boe\/dias\/2013\/12\/10\/pdfs\/BOE-A-2013-12887.pdf\">Ley 19\/2013, de 9 de diciembre, de Transparencia, Acceso a la Informaci\u00f3n P\u00fablica y buen Gobierno<\/a>. En este caso, se har\u00eda mediante resoluci\u00f3n razonada. En todo caso, el mencionado Cap\u00edtulo III de la Ley re\u00fane la totalidad de las condiciones que rigen la gesti\u00f3n de las solicitudes de acceso a informaci\u00f3n p\u00fablica por parte del Consorcio de Residuos.<\/p>\n[\/vc_column_text][\/vc_column_inner][\/vc_row_inner][\/vc_column][\/mk_page_section]\n<div style=\"clear:both;\"><\/div>","protected":false},"excerpt":{"rendered":"<p>[mk_page_section min_height=\u00bb0&#8243; js_vertical_centered=\u00bbtrue\u00bb padding_top=\u00bb50&#8243; sidebar=\u00bbsidebar-1&#8243;][vc_column][mk_font_icons icon=\u00bbmk-moon-info\u00bb color=\u00bb#0079a1&#8243; size=\u00bbx-large\u00bb margin_horizental=\u00bb0&#8243; margin_vertical=\u00bb12&#8243; align=\u00bbcenter\u00bb][mk_ornamental_title font_family=\u00bbnone\u00bb font_size=\u00bb38&#8243; font_weight=\u00bb300&#8243; txt_transform=\u00bbnone\u00bb ornament_style=\u00bbnorman-single\u00bb ornament_color=\u00bb#c1c1c1&#8243; margin_top=\u00bb-15&#8243; margin_bottom=\u00bb5&#8243;]Solicitud de acceso a informaci\u00f3n p\u00fablica[\/mk_ornamental_title][vc_column_text align=\u00bbcenter\u00bb]Derecho de [&hellip;]<\/p>\n","protected":false},"author":1,"featured_media":0,"parent":14679,"menu_order":33,"comment_status":"closed","ping_status":"closed","template":"","meta":{"footnotes":""},"class_list":["post-14747","page","type-page","status-publish","hentry"],"yoast_head":"<!-- This site is optimized with the Yoast SEO plugin v26.0 - https:\/\/yoast.com\/wordpress\/plugins\/seo\/ -->\n<title>Solicitud de acceso a informaci\u00f3n p\u00fablica - Consorcio de Residuos V5 - COR<\/title>\n<meta name=\"robots\" content=\"index, follow, max-snippet:-1, max-image-preview:large, max-video-preview:-1\" \/>\n<link rel=\"canonical\" href=\"https:\/\/www.consorciresidus.org\/es\/transparencia\/solicitud-de-acceso-a-la-informacion-publica\/\" \/>\n<meta property=\"og:locale\" content=\"es_ES\" \/>\n<meta property=\"og:type\" content=\"article\" \/>\n<meta property=\"og:title\" content=\"Solicitud de acceso a informaci\u00f3n p\u00fablica - Consorcio de Residuos V5 - COR\" \/>\n<meta property=\"og:description\" content=\"[mk_page_section min_height=\u00bb0&#8243; js_vertical_centered=\u00bbtrue\u00bb padding_top=\u00bb50&#8243; sidebar=\u00bbsidebar-1&#8243;][vc_column][mk_font_icons icon=\u00bbmk-moon-info\u00bb color=\u00bb#0079a1&#8243; size=\u00bbx-large\u00bb margin_horizental=\u00bb0&#8243; margin_vertical=\u00bb12&#8243; align=\u00bbcenter\u00bb][mk_ornamental_title font_family=\u00bbnone\u00bb font_size=\u00bb38&#8243; font_weight=\u00bb300&#8243; txt_transform=\u00bbnone\u00bb ornament_style=\u00bbnorman-single\u00bb ornament_color=\u00bb#c1c1c1&#8243; margin_top=\u00bb-15&#8243; margin_bottom=\u00bb5&#8243;]Solicitud de acceso a informaci\u00f3n p\u00fablica[\/mk_ornamental_title][vc_column_text align=\u00bbcenter\u00bb]Derecho de [&hellip;]\" \/>\n<meta property=\"og:url\" content=\"https:\/\/www.consorciresidus.org\/es\/transparencia\/solicitud-de-acceso-a-la-informacion-publica\/\" \/>\n<meta property=\"og:site_name\" content=\"Consorcio de Residuos V5 - COR\" \/>\n<meta property=\"article:modified_time\" content=\"2017-06-23T10:44:34+00:00\" \/>\n<meta name=\"twitter:card\" content=\"summary_large_image\" \/>\n<meta name=\"twitter:label1\" content=\"Tiempo de lectura\" \/>\n\t<meta name=\"twitter:data1\" content=\"1 minuto\" \/>\n<script type=\"application\/ld+json\" class=\"yoast-schema-graph\">{\"@context\":\"https:\/\/schema.org\",\"@graph\":[{\"@type\":\"WebPage\",\"@id\":\"https:\/\/www.consorciresidus.org\/es\/transparencia\/solicitud-de-acceso-a-la-informacion-publica\/\",\"url\":\"https:\/\/www.consorciresidus.org\/es\/transparencia\/solicitud-de-acceso-a-la-informacion-publica\/\",\"name\":\"Solicitud de acceso a informaci\u00f3n p\u00fablica - Consorcio de Residuos V5 - COR\",\"isPartOf\":{\"@id\":\"https:\/\/www.consorciresidus.org\/#website\"},\"datePublished\":\"2017-02-16T00:30:11+00:00\",\"dateModified\":\"2017-06-23T10:44:34+00:00\",\"breadcrumb\":{\"@id\":\"https:\/\/www.consorciresidus.org\/es\/transparencia\/solicitud-de-acceso-a-la-informacion-publica\/#breadcrumb\"},\"inLanguage\":\"es\",\"potentialAction\":[{\"@type\":\"ReadAction\",\"target\":[\"https:\/\/www.consorciresidus.org\/es\/transparencia\/solicitud-de-acceso-a-la-informacion-publica\/\"]}]},{\"@type\":\"BreadcrumbList\",\"@id\":\"https:\/\/www.consorciresidus.org\/es\/transparencia\/solicitud-de-acceso-a-la-informacion-publica\/#breadcrumb\",\"itemListElement\":[{\"@type\":\"ListItem\",\"position\":1,\"name\":\"Portal de transparencia y datos abiertos\",\"item\":\"https:\/\/www.consorciresidus.org\/es\/transparencia\/\"},{\"@type\":\"ListItem\",\"position\":2,\"name\":\"Solicitud de acceso a informaci\u00f3n p\u00fablica\"}]},{\"@type\":\"WebSite\",\"@id\":\"https:\/\/www.consorciresidus.org\/#website\",\"url\":\"https:\/\/www.consorciresidus.org\/\",\"name\":\"Consorcio de Residuos V5 - COR\",\"description\":\"Consorcio para la gesti\u00f3n de residuos\",\"potentialAction\":[{\"@type\":\"SearchAction\",\"target\":{\"@type\":\"EntryPoint\",\"urlTemplate\":\"https:\/\/www.consorciresidus.org\/?s={search_term_string}\"},\"query-input\":{\"@type\":\"PropertyValueSpecification\",\"valueRequired\":true,\"valueName\":\"search_term_string\"}}],\"inLanguage\":\"es\"}]}<\/script>\n<!-- \/ Yoast SEO plugin. -->","yoast_head_json":{"title":"Solicitud de acceso a informaci\u00f3n p\u00fablica - Consorcio de Residuos V5 - COR","robots":{"index":"index","follow":"follow","max-snippet":"max-snippet:-1","max-image-preview":"max-image-preview:large","max-video-preview":"max-video-preview:-1"},"canonical":"https:\/\/www.consorciresidus.org\/es\/transparencia\/solicitud-de-acceso-a-la-informacion-publica\/","og_locale":"es_ES","og_type":"article","og_title":"Solicitud de acceso a informaci\u00f3n p\u00fablica - Consorcio de Residuos V5 - COR","og_description":"[mk_page_section min_height=\u00bb0&#8243; js_vertical_centered=\u00bbtrue\u00bb padding_top=\u00bb50&#8243; sidebar=\u00bbsidebar-1&#8243;][vc_column][mk_font_icons icon=\u00bbmk-moon-info\u00bb color=\u00bb#0079a1&#8243; size=\u00bbx-large\u00bb margin_horizental=\u00bb0&#8243; margin_vertical=\u00bb12&#8243; align=\u00bbcenter\u00bb][mk_ornamental_title font_family=\u00bbnone\u00bb font_size=\u00bb38&#8243; font_weight=\u00bb300&#8243; txt_transform=\u00bbnone\u00bb ornament_style=\u00bbnorman-single\u00bb ornament_color=\u00bb#c1c1c1&#8243; margin_top=\u00bb-15&#8243; margin_bottom=\u00bb5&#8243;]Solicitud de acceso a informaci\u00f3n p\u00fablica[\/mk_ornamental_title][vc_column_text align=\u00bbcenter\u00bb]Derecho de [&hellip;]","og_url":"https:\/\/www.consorciresidus.org\/es\/transparencia\/solicitud-de-acceso-a-la-informacion-publica\/","og_site_name":"Consorcio de Residuos V5 - COR","article_modified_time":"2017-06-23T10:44:34+00:00","twitter_card":"summary_large_image","twitter_misc":{"Tiempo de lectura":"1 minuto"},"schema":{"@context":"https:\/\/schema.org","@graph":[{"@type":"WebPage","@id":"https:\/\/www.consorciresidus.org\/es\/transparencia\/solicitud-de-acceso-a-la-informacion-publica\/","url":"https:\/\/www.consorciresidus.org\/es\/transparencia\/solicitud-de-acceso-a-la-informacion-publica\/","name":"Solicitud de acceso a informaci\u00f3n p\u00fablica - Consorcio de Residuos V5 - COR","isPartOf":{"@id":"https:\/\/www.consorciresidus.org\/#website"},"datePublished":"2017-02-16T00:30:11+00:00","dateModified":"2017-06-23T10:44:34+00:00","breadcrumb":{"@id":"https:\/\/www.consorciresidus.org\/es\/transparencia\/solicitud-de-acceso-a-la-informacion-publica\/#breadcrumb"},"inLanguage":"es","potentialAction":[{"@type":"ReadAction","target":["https:\/\/www.consorciresidus.org\/es\/transparencia\/solicitud-de-acceso-a-la-informacion-publica\/"]}]},{"@type":"BreadcrumbList","@id":"https:\/\/www.consorciresidus.org\/es\/transparencia\/solicitud-de-acceso-a-la-informacion-publica\/#breadcrumb","itemListElement":[{"@type":"ListItem","position":1,"name":"Portal de transparencia y datos abiertos","item":"https:\/\/www.consorciresidus.org\/es\/transparencia\/"},{"@type":"ListItem","position":2,"name":"Solicitud de acceso a informaci\u00f3n p\u00fablica"}]},{"@type":"WebSite","@id":"https:\/\/www.consorciresidus.org\/#website","url":"https:\/\/www.consorciresidus.org\/","name":"Consorcio de Residuos V5 - COR","description":"Consorcio para la gesti\u00f3n de residuos","potentialAction":[{"@type":"SearchAction","target":{"@type":"EntryPoint","urlTemplate":"https:\/\/www.consorciresidus.org\/?s={search_term_string}"},"query-input":{"@type":"PropertyValueSpecification","valueRequired":true,"valueName":"search_term_string"}}],"inLanguage":"es"}]}},"_links":{"self":[{"href":"https:\/\/www.consorciresidus.org\/es\/wp-json\/wp\/v2\/pages\/14747","targetHints":{"allow":["GET"]}}],"collection":[{"href":"https:\/\/www.consorciresidus.org\/es\/wp-json\/wp\/v2\/pages"}],"about":[{"href":"https:\/\/www.consorciresidus.org\/es\/wp-json\/wp\/v2\/types\/page"}],"author":[{"embeddable":true,"href":"https:\/\/www.consorciresidus.org\/es\/wp-json\/wp\/v2\/users\/1"}],"replies":[{"embeddable":true,"href":"https:\/\/www.consorciresidus.org\/es\/wp-json\/wp\/v2\/comments?post=14747"}],"version-history":[{"count":8,"href":"https:\/\/www.consorciresidus.org\/es\/wp-json\/wp\/v2\/pages\/14747\/revisions"}],"predecessor-version":[{"id":18283,"href":"https:\/\/www.consorciresidus.org\/es\/wp-json\/wp\/v2\/pages\/14747\/revisions\/18283"}],"up":[{"embeddable":true,"href":"https:\/\/www.consorciresidus.org\/es\/wp-json\/wp\/v2\/pages\/14679"}],"wp:attachment":[{"href":"https:\/\/www.consorciresidus.org\/es\/wp-json\/wp\/v2\/media?parent=14747"}],"curies":[{"name":"wp","href":"https:\/\/api.w.org\/{rel}","templated":true}]}}