 



{"id":17283,"date":"2017-05-29T08:20:21","date_gmt":"2017-05-29T08:20:21","guid":{"rendered":"https:\/\/www.consorciresidus.org\/comissio-gestora\/"},"modified":"2025-08-07T16:44:12","modified_gmt":"2025-08-07T16:44:12","slug":"comision-de-gobierno","status":"publish","type":"page","link":"https:\/\/www.consorciresidus.org\/es\/comision-de-gobierno\/","title":{"rendered":"Comisi\u00f3n de Gobierno"},"content":{"rendered":"[mk_page_section bg_image_portrait=\u00bbhttps:\/\/www.consorciresidus.org\/wp-content\/uploads\/2017\/03\/16.png\u00bb min_height=\u00bb0&#8243; js_vertical_centered=\u00bbtrue\u00bb padding_top=\u00bb50&#8243; padding_bottom=\u00bb60&#8243; el_class=\u00bbintro\u00bb sidebar=\u00bbsidebar-1&#8243;][vc_column][vc_single_image image=\u00bb17250&#8243; img_size=\u00bbfull\u00bb alignment=\u00bbcenter\u00bb][mk_ornamental_title tag_name=\u00bbh3&#8243; font_family=\u00bbRaleway\u00bb font_type=\u00bbgoogle\u00bb font_size=\u00bb35&#8243; font_weight=\u00bb400&#8243; txt_transform=\u00bbnone\u00bb ornament_style=\u00bbnorman-single\u00bb ornament_color=\u00bb#c4c4c4&#8243; margin_top=\u00bb30&#8243;]Comisi\u00f3n de gobierno[\/mk_ornamental_title][vc_column_text]La Comisi\u00f3n de Gobierno, \u00f3rgano colegiado del Consorcio, est\u00e1 formada por el Presidente del COR, cuatro Vicepresidentes, dos representantes de la Generalitat Valenciana, un representante de la Diputaci\u00f3n de Val\u00e8ncia, y ocho representantes de los municipios consorciados elegidos por la Asamblea General de entre sus miembros, excluyendo a los Vicepresidentes. Dirige el gobierno y la administraci\u00f3n del COR, cumpliendo con las atribuciones que le confiere el art\u00edculo 10 de los Estatutos del Consorcio.[\/vc_column_text][vc_empty_space height=\u00bb50px\u00bb][mk_ornamental_title tag_name=\u00bbh5&#8243; font_family=\u00bbRaleway\u00bb font_type=\u00bbgoogle\u00bb font_size=\u00bb35&#8243; font_weight=\u00bb400&#8243; txt_transform=\u00bbnone\u00bb ornament_style=\u00bbnorman-single\u00bb ornament_color=\u00bb#c4c4c4&#8243; margin_top=\u00bb30&#8243;]Presidente[\/mk_ornamental_title][mk_employees style=\u00bbboxed\u00bb column=\u00bb1&#8243; orderby=\u00bbnone\u00bb el_class=\u00bbgestors\u00bb employees=\u00bb26811, 26813&#8243;][mk_ornamental_title tag_name=\u00bbh5&#8243; font_family=\u00bbRaleway\u00bb font_type=\u00bbgoogle\u00bb font_size=\u00bb35&#8243; font_weight=\u00bb400&#8243; txt_transform=\u00bbnone\u00bb ornament_style=\u00bbnorman-single\u00bb ornament_color=\u00bb#c4c4c4&#8243; margin_top=\u00bb30&#8243;]Vicepresidentes[\/mk_ornamental_title][mk_employees style=\u00bbboxed\u00bb order=\u00bbASC\u00bb orderby=\u00bbpost__in\u00bb el_class=\u00bbgestors\u00bb employees=\u00bb26786, 26788, 26792, 26794, 21789, 21792, 27802, 27800&#8243; categories=\u00bbpresidentes-es\u00bb][mk_ornamental_title tag_name=\u00bbh5&#8243; font_family=\u00bbRaleway\u00bb font_type=\u00bbgoogle\u00bb font_size=\u00bb35&#8243; font_weight=\u00bb400&#8243; txt_transform=\u00bbnone\u00bb ornament_style=\u00bbnorman-single\u00bb ornament_color=\u00bb#c4c4c4&#8243; margin_top=\u00bb30&#8243;]Vocales[\/mk_ornamental_title][mk_employees style=\u00bbboxed\u00bb order=\u00bbASC\u00bb orderby=\u00bbpost__in\u00bb el_class=\u00bbgestors\u00bb employees=\u00bb26800, 26802, 26805, 26807, 26811, 26813, 21800, 21815, 26818, 26820, 25576, 25578, 26824, 26826, 26828, 26830&#8243;][mk_ornamental_title tag_name=\u00bbh5&#8243; font_family=\u00bbRaleway\u00bb font_type=\u00bbgoogle\u00bb font_size=\u00bb35&#8243; font_weight=\u00bb400&#8243; txt_transform=\u00bbnone\u00bb ornament_style=\u00bbnorman-single\u00bb ornament_color=\u00bb#c4c4c4&#8243; margin_top=\u00bb30&#8243;]Diputaci\u00f3n de Valencia[\/mk_ornamental_title][mk_employees style=\u00bbboxed\u00bb orderby=\u00bbnone\u00bb el_class=\u00bbgestors\u00bb employees=\u00bb26843, 26845&#8243;][mk_ornamental_title tag_name=\u00bbh5&#8243; font_family=\u00bbRaleway\u00bb font_type=\u00bbgoogle\u00bb font_size=\u00bb35&#8243; font_weight=\u00bb400&#8243; txt_transform=\u00bbnone\u00bb ornament_style=\u00bbnorman-single\u00bb ornament_color=\u00bb#c4c4c4&#8243; margin_top=\u00bb30&#8243;]Generalitat Valenciana[\/mk_ornamental_title][mk_employees style=\u00bbboxed\u00bb order=\u00bbASC\u00bb orderby=\u00bbpost__in\u00bb el_class=\u00bbgestors\u00bb employees=\u00bb26850, 26852, 21801, 21816&#8243;][\/vc_column][\/mk_page_section]\n<div style=\"clear:both;\"><\/div>","protected":false},"excerpt":{"rendered":"<p>La Comisi\u00f3n de Gobierno, \u00f3rgano colegiado del Consorcio, dirige el gobierno y la administraci\u00f3n cumpliendo con las atribuciones que le confiere el art\u00edculo 10 de los Estatutos del COR.<\/p>\n","protected":false},"author":1,"featured_media":0,"parent":0,"menu_order":0,"comment_status":"closed","ping_status":"closed","template":"","meta":{"footnotes":""},"class_list":["post-17283","page","type-page","status-publish","hentry"],"yoast_head":"<!-- This site is optimized with the Yoast SEO plugin v26.0 - https:\/\/yoast.com\/wordpress\/plugins\/seo\/ -->\n<title>Comisi\u00f3n de Gobierno - Consorcio de Residuos V5 - COR<\/title>\n<meta name=\"description\" content=\"La Comisi\u00f3n de Gobierno dirige el gobierno y la administraci\u00f3n cumpliendo con las atribuciones que le confiere el art\u00edculo 10 de los Estatutos del COR.\" \/>\n<meta name=\"robots\" content=\"index, follow, max-snippet:-1, max-image-preview:large, max-video-preview:-1\" \/>\n<link rel=\"canonical\" href=\"https:\/\/www.consorciresidus.org\/es\/comision-de-gobierno\/\" \/>\n<meta property=\"og:locale\" content=\"es_ES\" \/>\n<meta property=\"og:type\" content=\"article\" \/>\n<meta property=\"og:title\" content=\"Comisi\u00f3n de Gobierno\" \/>\n<meta property=\"og:description\" content=\"La Comisi\u00f3n de Gobierno dirige el gobierno y la administraci\u00f3n cumpliendo con las atribuciones que le confiere el art\u00edculo 10 de los Estatutos del COR.\" \/>\n<meta property=\"og:url\" content=\"https:\/\/www.consorciresidus.org\/es\/comision-de-gobierno\/\" \/>\n<meta property=\"og:site_name\" content=\"Consorcio de Residuos V5 - COR\" \/>\n<meta property=\"article:modified_time\" content=\"2025-08-07T16:44:12+00:00\" \/>\n<meta property=\"og:image\" content=\"https:\/\/www.consorciresidus.org\/wp-content\/uploads\/2018\/02\/comissio-govern.jpg\" \/>\n\t<meta property=\"og:image:width\" content=\"1200\" \/>\n\t<meta property=\"og:image:height\" content=\"900\" \/>\n\t<meta property=\"og:image:type\" content=\"image\/jpeg\" \/>\n<meta name=\"twitter:card\" content=\"summary_large_image\" \/>\n<meta name=\"twitter:title\" content=\"Comisi\u00f3n de Gobierno\" \/>\n<meta name=\"twitter:description\" content=\"La Comisi\u00f3n de Gobierno dirige el gobierno y la administraci\u00f3n cumpliendo con las atribuciones que le confiere el art\u00edculo 10 de los Estatutos del COR.\" \/>\n<meta name=\"twitter:image\" content=\"https:\/\/www.consorciresidus.org\/wp-content\/uploads\/2018\/02\/comissio-govern.jpg\" \/>\n<meta name=\"twitter:label1\" content=\"Tiempo de lectura\" \/>\n\t<meta name=\"twitter:data1\" content=\"2 minutos\" \/>\n<script type=\"application\/ld+json\" class=\"yoast-schema-graph\">{\"@context\":\"https:\/\/schema.org\",\"@graph\":[{\"@type\":\"WebPage\",\"@id\":\"https:\/\/www.consorciresidus.org\/es\/comision-de-gobierno\/\",\"url\":\"https:\/\/www.consorciresidus.org\/es\/comision-de-gobierno\/\",\"name\":\"Comisi\u00f3n de Gobierno - Consorcio de Residuos V5 - COR\",\"isPartOf\":{\"@id\":\"https:\/\/www.consorciresidus.org\/#website\"},\"datePublished\":\"2017-05-29T08:20:21+00:00\",\"dateModified\":\"2025-08-07T16:44:12+00:00\",\"description\":\"La Comisi\u00f3n de Gobierno dirige el gobierno y la administraci\u00f3n cumpliendo con las atribuciones que le confiere el art\u00edculo 10 de los Estatutos del COR.\",\"inLanguage\":\"es\",\"potentialAction\":[{\"@type\":\"ReadAction\",\"target\":[\"https:\/\/www.consorciresidus.org\/es\/comision-de-gobierno\/\"]}]},{\"@type\":\"WebSite\",\"@id\":\"https:\/\/www.consorciresidus.org\/#website\",\"url\":\"https:\/\/www.consorciresidus.org\/\",\"name\":\"Consorcio de Residuos V5 - COR\",\"description\":\"Consorcio para la gesti\u00f3n de residuos\",\"potentialAction\":[{\"@type\":\"SearchAction\",\"target\":{\"@type\":\"EntryPoint\",\"urlTemplate\":\"https:\/\/www.consorciresidus.org\/?s={search_term_string}\"},\"query-input\":{\"@type\":\"PropertyValueSpecification\",\"valueRequired\":true,\"valueName\":\"search_term_string\"}}],\"inLanguage\":\"es\"}]}<\/script>\n<!-- \/ Yoast SEO plugin. -->","yoast_head_json":{"title":"Comisi\u00f3n de Gobierno - Consorcio de Residuos V5 - COR","description":"La Comisi\u00f3n de Gobierno dirige el gobierno y la administraci\u00f3n cumpliendo con las atribuciones que le confiere el art\u00edculo 10 de los Estatutos del COR.","robots":{"index":"index","follow":"follow","max-snippet":"max-snippet:-1","max-image-preview":"max-image-preview:large","max-video-preview":"max-video-preview:-1"},"canonical":"https:\/\/www.consorciresidus.org\/es\/comision-de-gobierno\/","og_locale":"es_ES","og_type":"article","og_title":"Comisi\u00f3n de Gobierno","og_description":"La Comisi\u00f3n de Gobierno dirige el gobierno y la administraci\u00f3n cumpliendo con las atribuciones que le confiere el art\u00edculo 10 de los Estatutos del COR.","og_url":"https:\/\/www.consorciresidus.org\/es\/comision-de-gobierno\/","og_site_name":"Consorcio de Residuos V5 - COR","article_modified_time":"2025-08-07T16:44:12+00:00","og_image":[{"width":1200,"height":900,"url":"https:\/\/www.consorciresidus.org\/wp-content\/uploads\/2018\/02\/comissio-govern.jpg","type":"image\/jpeg"}],"twitter_card":"summary_large_image","twitter_title":"Comisi\u00f3n de Gobierno","twitter_description":"La Comisi\u00f3n de Gobierno dirige el gobierno y la administraci\u00f3n cumpliendo con las atribuciones que le confiere el art\u00edculo 10 de los Estatutos del COR.","twitter_image":"https:\/\/www.consorciresidus.org\/wp-content\/uploads\/2018\/02\/comissio-govern.jpg","twitter_misc":{"Tiempo de lectura":"2 minutos"},"schema":{"@context":"https:\/\/schema.org","@graph":[{"@type":"WebPage","@id":"https:\/\/www.consorciresidus.org\/es\/comision-de-gobierno\/","url":"https:\/\/www.consorciresidus.org\/es\/comision-de-gobierno\/","name":"Comisi\u00f3n de Gobierno - Consorcio de Residuos V5 - COR","isPartOf":{"@id":"https:\/\/www.consorciresidus.org\/#website"},"datePublished":"2017-05-29T08:20:21+00:00","dateModified":"2025-08-07T16:44:12+00:00","description":"La Comisi\u00f3n de Gobierno dirige el gobierno y la administraci\u00f3n cumpliendo con las atribuciones que le confiere el art\u00edculo 10 de los Estatutos del COR.","inLanguage":"es","potentialAction":[{"@type":"ReadAction","target":["https:\/\/www.consorciresidus.org\/es\/comision-de-gobierno\/"]}]},{"@type":"WebSite","@id":"https:\/\/www.consorciresidus.org\/#website","url":"https:\/\/www.consorciresidus.org\/","name":"Consorcio de Residuos V5 - COR","description":"Consorcio para la gesti\u00f3n de residuos","potentialAction":[{"@type":"SearchAction","target":{"@type":"EntryPoint","urlTemplate":"https:\/\/www.consorciresidus.org\/?s={search_term_string}"},"query-input":{"@type":"PropertyValueSpecification","valueRequired":true,"valueName":"search_term_string"}}],"inLanguage":"es"}]}},"_links":{"self":[{"href":"https:\/\/www.consorciresidus.org\/es\/wp-json\/wp\/v2\/pages\/17283","targetHints":{"allow":["GET"]}}],"collection":[{"href":"https:\/\/www.consorciresidus.org\/es\/wp-json\/wp\/v2\/pages"}],"about":[{"href":"https:\/\/www.consorciresidus.org\/es\/wp-json\/wp\/v2\/types\/page"}],"author":[{"embeddable":true,"href":"https:\/\/www.consorciresidus.org\/es\/wp-json\/wp\/v2\/users\/1"}],"replies":[{"embeddable":true,"href":"https:\/\/www.consorciresidus.org\/es\/wp-json\/wp\/v2\/comments?post=17283"}],"version-history":[{"count":68,"href":"https:\/\/www.consorciresidus.org\/es\/wp-json\/wp\/v2\/pages\/17283\/revisions"}],"predecessor-version":[{"id":27809,"href":"https:\/\/www.consorciresidus.org\/es\/wp-json\/wp\/v2\/pages\/17283\/revisions\/27809"}],"wp:attachment":[{"href":"https:\/\/www.consorciresidus.org\/es\/wp-json\/wp\/v2\/media?parent=17283"}],"curies":[{"name":"wp","href":"https:\/\/api.w.org\/{rel}","templated":true}]}}