 



{"id":19088,"date":"2018-02-13T01:40:41","date_gmt":"2018-02-13T01:40:41","guid":{"rendered":"https:\/\/www.consorciresidus.org\/transparencia\/memorias-e-informes\/informes-tecnicos\/informes-tecnicos-ecoparques\/projectes-reforma-decoparcs\/"},"modified":"2018-02-15T14:41:52","modified_gmt":"2018-02-15T14:41:52","slug":"proyectos-reforma-ecoparques","status":"publish","type":"page","link":"https:\/\/www.consorciresidus.org\/es\/transparencia\/memorias-e-informes\/informes-tecnicos\/informes-tecnicos-ecoparques\/proyectos-reforma-ecoparques\/","title":{"rendered":"Proyectos de reforma de ecoparques"},"content":{"rendered":"[mk_page_section min_height=\u00bb0&#8243; js_vertical_centered=\u00bbtrue\u00bb padding_top=\u00bb50&#8243; sidebar=\u00bbsidebar-1&#8243;][vc_column][mk_font_icons icon=\u00bbmk-icon-file-text-o\u00bb color=\u00bb#0079a1&#8243; size=\u00bbx-large\u00bb margin_horizental=\u00bb0&#8243; margin_vertical=\u00bb12&#8243; align=\u00bbcenter\u00bb][mk_ornamental_title font_family=\u00bbnone\u00bb font_size=\u00bb38&#8243; font_weight=\u00bb300&#8243; txt_transform=\u00bbnone\u00bb ornament_style=\u00bbnorman-single\u00bb ornament_color=\u00bb#c1c1c1&#8243; margin_top=\u00bb-15&#8243; margin_bottom=\u00bb5&#8243;]Proyectos de reforma de ecoparques[\/mk_ornamental_title][vc_column_text align=\u00bbcenter\u00bb css=\u00bb.vc_custom_1518551431246{margin-bottom: 0px !important;}\u00bb]<span style=\"color: #999999;\">Jur\u00eddicas y documentales<\/span>[\/vc_column_text][\/vc_column][\/mk_page_section][mk_page_section section_layout=\u00bbright\u00bb el_class=\u00bbborde-verde\u00bb sidebar=\u00bbsidebar-4&#8243;][vc_column][vc_row_inner][vc_column_inner][vc_column_text css=\u00bb.vc_custom_1518705699708{margin-bottom: 0px !important;}\u00bb]<div class=\"dataset-content\">   \r\n             \r\n       <h3 class=\"dataset-heading\">\r\n               <a href=\"https:\/\/www.consorciresidus.org\/es\/download\/juridica_y_documental\/memorias_e_informes\/informes_tecnicos\/informes_ecoparques\/proyectos_ecoparques\/150-195a-informe-REFORMA-XERACO.pdf\" target=\"_blank\" title=\"Download Informe t\u00e9cnico tramitaci\u00f3n del proyecto de reforma del ecoparque de Xeraco\"><img decoding=\"async\" align=\"middle\" src=\"https:\/\/www.consorciresidus.org\/wp-content\/images\/fileicons\/pdf.png\" alt=\"Informe t\u00e9cnico tramitaci\u00f3n del proyecto de reforma del ecoparque de Xeraco\" \/><\/a>\r\n               <a class=\"titulo\" href=\"https:\/\/www.consorciresidus.org\/es\/download\/juridica_y_documental\/memorias_e_informes\/informes_tecnicos\/informes_ecoparques\/proyectos_ecoparques\/150-195a-informe-REFORMA-XERACO.pdf\" title=\"Download Informe t\u00e9cnico tramitaci\u00f3n del proyecto de reforma del ecoparque de Xeraco\" target=\"_blank\" >Informe t\u00e9cnico tramitaci\u00f3n del proyecto de reforma del ecoparque de Xeraco<\/a>\r\n                <span class=\"recent-views\">25 abril, 2018<\/span>\r\n             \r\n       <\/h3>\r\n\r\n       <div class=\"notes\">        \r\n                     <p class=\"dataset-organization\">Informe t\u00e9cnico favorable a la tramitaci\u00f3n del proyecto de obras de mejora y acondicionamiento del ecoparque de Xeraco (Safor).<\/p>  \r\n                     <span class=\"peso\">0.2 MiB<\/span>\r\n       <\/div>\r\n      \r\n     \r\n<\/div>\r\n\r\n<div class=\"dataset-content\">   \r\n             \r\n       <h3 class=\"dataset-heading\">\r\n               <a href=\"https:\/\/www.consorciresidus.org\/es\/download\/juridica_y_documental\/memorias_e_informes\/informes_tecnicos\/informes_ecoparques\/proyectos_ecoparques\/150-247-informe-REFORMA-QUATRETONDA.pdf\" target=\"_blank\" title=\"Download Informe t\u00e9cnico tramitaci\u00f3n del proyecto de reforma del ecoparque de Quatretonda\"><img decoding=\"async\" align=\"middle\" src=\"https:\/\/www.consorciresidus.org\/wp-content\/images\/fileicons\/pdf.png\" alt=\"Informe t\u00e9cnico tramitaci\u00f3n del proyecto de reforma del ecoparque de Quatretonda\" \/><\/a>\r\n               <a class=\"titulo\" href=\"https:\/\/www.consorciresidus.org\/es\/download\/juridica_y_documental\/memorias_e_informes\/informes_tecnicos\/informes_ecoparques\/proyectos_ecoparques\/150-247-informe-REFORMA-QUATRETONDA.pdf\" title=\"Download Informe t\u00e9cnico tramitaci\u00f3n del proyecto de reforma del ecoparque de Quatretonda\" target=\"_blank\" >Informe t\u00e9cnico tramitaci\u00f3n del proyecto de reforma del ecoparque de Quatretonda<\/a>\r\n                <span class=\"recent-views\">25 abril, 2018<\/span>\r\n             \r\n       <\/h3>\r\n\r\n       <div class=\"notes\">        \r\n                     <p class=\"dataset-organization\">Informe t\u00e9cnico favorable a la tramitaci\u00f3n del proyecto de obras de mejora y acondicionamiento del ecoparque de Quatretonda (Vall d\u2019Albaida).<\/p>  \r\n                     <span class=\"peso\">0.2 MiB<\/span>\r\n       <\/div>\r\n      \r\n     \r\n<\/div>\r\n\r\n<div class=\"dataset-content\">   \r\n             \r\n       <h3 class=\"dataset-heading\">\r\n               <a href=\"https:\/\/www.consorciresidus.org\/es\/download\/juridica_y_documental\/memorias_e_informes\/informes_tecnicos\/informes_ecoparques\/proyectos_ecoparques\/150-235-Informe-Proyecto-Ecoparque-Albaida.pdf\" target=\"_blank\" title=\"Download Informe t\u00e9cnico construcci\u00f3n del ecoparque de Albaida\"><img decoding=\"async\" align=\"middle\" src=\"https:\/\/www.consorciresidus.org\/wp-content\/images\/fileicons\/pdf.png\" alt=\"Informe t\u00e9cnico construcci\u00f3n del ecoparque de Albaida\" \/><\/a>\r\n               <a class=\"titulo\" href=\"https:\/\/www.consorciresidus.org\/es\/download\/juridica_y_documental\/memorias_e_informes\/informes_tecnicos\/informes_ecoparques\/proyectos_ecoparques\/150-235-Informe-Proyecto-Ecoparque-Albaida.pdf\" title=\"Download Informe t\u00e9cnico construcci\u00f3n del ecoparque de Albaida\" target=\"_blank\" >Informe t\u00e9cnico construcci\u00f3n del ecoparque de Albaida<\/a>\r\n                <span class=\"recent-views\">20 marzo, 2018<\/span>\r\n             \r\n       <\/h3>\r\n\r\n       <div class=\"notes\">        \r\n                     <p class=\"dataset-organization\">Informe t\u00e9cnico que valora y enmienda el proyecto de construcci\u00f3n de un nuevo ecoparque fijo en Albaida.<\/p>  \r\n                     <span class=\"peso\">0.5 MiB<\/span>\r\n       <\/div>\r\n      \r\n     \r\n<\/div>\r\n\r\n<div class=\"dataset-content\">   \r\n             \r\n       <h3 class=\"dataset-heading\">\r\n               <a href=\"https:\/\/www.consorciresidus.org\/es\/download\/juridica_y_documental\/memorias_e_informes\/informes_tecnicos\/informes_ecoparques\/proyectos_ecoparques\/150-224-Informe-REFORMA-ONTINYENT.pdf\" target=\"_blank\" title=\"Download Informe t\u00e9cnico reforma ecoparque de Ontinyent\"><img decoding=\"async\" align=\"middle\" src=\"https:\/\/www.consorciresidus.org\/wp-content\/images\/fileicons\/pdf.png\" alt=\"Informe t\u00e9cnico reforma ecoparque de Ontinyent\" \/><\/a>\r\n               <a class=\"titulo\" href=\"https:\/\/www.consorciresidus.org\/es\/download\/juridica_y_documental\/memorias_e_informes\/informes_tecnicos\/informes_ecoparques\/proyectos_ecoparques\/150-224-Informe-REFORMA-ONTINYENT.pdf\" title=\"Download Informe t\u00e9cnico reforma ecoparque de Ontinyent\" target=\"_blank\" >Informe t\u00e9cnico reforma ecoparque de Ontinyent<\/a>\r\n                <span class=\"recent-views\">20 marzo, 2018<\/span>\r\n             \r\n       <\/h3>\r\n\r\n       <div class=\"notes\">        \r\n                     <p class=\"dataset-organization\">Informe t\u00e9cnico relativo al proyecto de obras de mejora y acondicionamiento del ecoparque de Ontinyent (Vall d\u2019Albaida).<\/p>  \r\n                     <span class=\"peso\">0.2 MiB<\/span>\r\n       <\/div>\r\n      \r\n     \r\n<\/div>\r\n\r\n<div class=\"dataset-content\">   \r\n             \r\n       <h3 class=\"dataset-heading\">\r\n               <a href=\"https:\/\/www.consorciresidus.org\/es\/download\/juridica_y_documental\/memorias_e_informes\/informes_tecnicos\/informes_ecoparques\/proyectos_ecoparques\/150-204a-informe-REFORMA-ECO-GANDIA.pdf\" target=\"_blank\" title=\"Download Informe t\u00e9cnico tramitaci\u00f3n del proyecto de reforma del ecoparque de Gand\u00eda\"><img decoding=\"async\" align=\"middle\" src=\"https:\/\/www.consorciresidus.org\/wp-content\/images\/fileicons\/pdf.png\" alt=\"Informe t\u00e9cnico tramitaci\u00f3n del proyecto de reforma del ecoparque de Gand\u00eda\" \/><\/a>\r\n               <a class=\"titulo\" href=\"https:\/\/www.consorciresidus.org\/es\/download\/juridica_y_documental\/memorias_e_informes\/informes_tecnicos\/informes_ecoparques\/proyectos_ecoparques\/150-204a-informe-REFORMA-ECO-GANDIA.pdf\" title=\"Download Informe t\u00e9cnico tramitaci\u00f3n del proyecto de reforma del ecoparque de Gand\u00eda\" target=\"_blank\" >Informe t\u00e9cnico tramitaci\u00f3n del proyecto de reforma del ecoparque de Gand\u00eda<\/a>\r\n                <span class=\"recent-views\">5 diciembre, 2017<\/span>\r\n             \r\n       <\/h3>\r\n\r\n       <div class=\"notes\">        \r\n                     <p class=\"dataset-organization\">Informe t\u00e9cnico favorable a la tramitaci\u00f3n del proyecto de obras de mejora y acondicionamiento del ecoparque de Gand\u00eda (Safor).<\/p>  \r\n                     <span class=\"peso\">0.2 MiB<\/span>\r\n       <\/div>\r\n      \r\n     \r\n<\/div>\r\n\r\n<div class=\"dataset-content\">   \r\n             \r\n       <h3 class=\"dataset-heading\">\r\n               <a href=\"https:\/\/www.consorciresidus.org\/es\/download\/juridica_y_documental\/memorias_e_informes\/informes_tecnicos\/informes_ecoparques\/proyectos_ecoparques\/150-198a-informe-REFORMA-OLIVA.pdf\" target=\"_blank\" title=\"Download Informe t\u00e9cnico reforma ecoparque de Oliva\"><img decoding=\"async\" align=\"middle\" src=\"https:\/\/www.consorciresidus.org\/wp-content\/images\/fileicons\/pdf.png\" alt=\"Informe t\u00e9cnico reforma ecoparque de Oliva\" \/><\/a>\r\n               <a class=\"titulo\" href=\"https:\/\/www.consorciresidus.org\/es\/download\/juridica_y_documental\/memorias_e_informes\/informes_tecnicos\/informes_ecoparques\/proyectos_ecoparques\/150-198a-informe-REFORMA-OLIVA.pdf\" title=\"Download Informe t\u00e9cnico reforma ecoparque de Oliva\" target=\"_blank\" >Informe t\u00e9cnico reforma ecoparque de Oliva<\/a>\r\n                <span class=\"recent-views\">7 noviembre, 2017<\/span>\r\n             \r\n       <\/h3>\r\n\r\n       <div class=\"notes\">        \r\n                     <p class=\"dataset-organization\">Informe t\u00e9cnico relativo al proyecto de obres de mejora y acondicionamiento del ecoparque de Oliva (La Safor).<\/p>  \r\n                     <span class=\"peso\">0.2 MiB<\/span>\r\n       <\/div>\r\n      \r\n     \r\n<\/div>\r\n\r\n<span aria-label=\"P\u00e1gina 1\" aria-current=\"page\" class=\"page-numbers current\">1<\/span>\n<a aria-label=\"P\u00e1gina 2\" class=\"page-numbers\" href=\"\/es\/wp-json\/wp\/v2\/pages\/19088?wpfb_list_page=2\">2<\/a>\n<a aria-label=\"P\u00e1gina 3\" class=\"page-numbers\" href=\"\/es\/wp-json\/wp\/v2\/pages\/19088?wpfb_list_page=3\">3<\/a>\n<a class=\"next page-numbers\" href=\"\/es\/wp-json\/wp\/v2\/pages\/19088?wpfb_list_page=2\">Siguiente &raquo;<\/a>[\/vc_column_text][\/vc_column_inner][\/vc_row_inner][\/vc_column][\/mk_page_section]\n<div style=\"clear:both;\"><\/div>","protected":false},"excerpt":{"rendered":"<p>[mk_page_section min_height=\u00bb0&#8243; js_vertical_centered=\u00bbtrue\u00bb padding_top=\u00bb50&#8243; sidebar=\u00bbsidebar-1&#8243;][vc_column][mk_font_icons icon=\u00bbmk-icon-file-text-o\u00bb color=\u00bb#0079a1&#8243; size=\u00bbx-large\u00bb margin_horizental=\u00bb0&#8243; margin_vertical=\u00bb12&#8243; align=\u00bbcenter\u00bb][mk_ornamental_title font_family=\u00bbnone\u00bb font_size=\u00bb38&#8243; font_weight=\u00bb300&#8243; txt_transform=\u00bbnone\u00bb ornament_style=\u00bbnorman-single\u00bb ornament_color=\u00bb#c1c1c1&#8243; margin_top=\u00bb-15&#8243; margin_bottom=\u00bb5&#8243;]Proyectos de reforma de ecoparques[\/mk_ornamental_title][vc_column_text align=\u00bbcenter\u00bb css=\u00bb.vc_custom_1518551431246{margin-bottom: 0px [&hellip;]<\/p>\n","protected":false},"author":1,"featured_media":0,"parent":19078,"menu_order":0,"comment_status":"closed","ping_status":"closed","template":"","meta":{"footnotes":""},"class_list":["post-19088","page","type-page","status-publish","hentry"],"yoast_head":"<!-- This site is optimized with the Yoast SEO plugin v26.0 - https:\/\/yoast.com\/wordpress\/plugins\/seo\/ -->\n<title>Proyectos de reforma de ecoparques - Consorcio de Residuos V5 - COR<\/title>\n<meta name=\"robots\" content=\"noindex, follow\" \/>\n<meta property=\"og:locale\" content=\"es_ES\" \/>\n<meta property=\"og:type\" content=\"article\" \/>\n<meta property=\"og:title\" content=\"Proyectos de reforma de ecoparques - Consorcio de Residuos V5 - COR\" \/>\n<meta property=\"og:description\" content=\"[mk_page_section min_height=\u00bb0&#8243; js_vertical_centered=\u00bbtrue\u00bb padding_top=\u00bb50&#8243; sidebar=\u00bbsidebar-1&#8243;][vc_column][mk_font_icons icon=\u00bbmk-icon-file-text-o\u00bb color=\u00bb#0079a1&#8243; size=\u00bbx-large\u00bb margin_horizental=\u00bb0&#8243; margin_vertical=\u00bb12&#8243; align=\u00bbcenter\u00bb][mk_ornamental_title font_family=\u00bbnone\u00bb font_size=\u00bb38&#8243; font_weight=\u00bb300&#8243; txt_transform=\u00bbnone\u00bb ornament_style=\u00bbnorman-single\u00bb ornament_color=\u00bb#c1c1c1&#8243; margin_top=\u00bb-15&#8243; margin_bottom=\u00bb5&#8243;]Proyectos de reforma de ecoparques[\/mk_ornamental_title][vc_column_text align=\u00bbcenter\u00bb css=\u00bb.vc_custom_1518551431246{margin-bottom: 0px [&hellip;]\" \/>\n<meta property=\"og:url\" content=\"https:\/\/www.consorciresidus.org\/es\/transparencia\/memorias-e-informes\/informes-tecnicos\/informes-tecnicos-ecoparques\/proyectos-reforma-ecoparques\/\" \/>\n<meta property=\"og:site_name\" content=\"Consorcio de Residuos V5 - COR\" \/>\n<meta property=\"article:modified_time\" content=\"2018-02-15T14:41:52+00:00\" \/>\n<meta name=\"twitter:card\" content=\"summary_large_image\" \/>\n<meta name=\"twitter:label1\" content=\"Tiempo de lectura\" \/>\n\t<meta name=\"twitter:data1\" content=\"1 minuto\" \/>\n<script type=\"application\/ld+json\" class=\"yoast-schema-graph\">{\"@context\":\"https:\/\/schema.org\",\"@graph\":[{\"@type\":\"WebPage\",\"@id\":\"https:\/\/www.consorciresidus.org\/es\/transparencia\/memorias-e-informes\/informes-tecnicos\/informes-tecnicos-ecoparques\/proyectos-reforma-ecoparques\/\",\"url\":\"https:\/\/www.consorciresidus.org\/es\/transparencia\/memorias-e-informes\/informes-tecnicos\/informes-tecnicos-ecoparques\/proyectos-reforma-ecoparques\/\",\"name\":\"Proyectos de reforma de ecoparques - Consorcio de Residuos V5 - COR\",\"isPartOf\":{\"@id\":\"https:\/\/www.consorciresidus.org\/#website\"},\"datePublished\":\"2018-02-13T01:40:41+00:00\",\"dateModified\":\"2018-02-15T14:41:52+00:00\",\"breadcrumb\":{\"@id\":\"https:\/\/www.consorciresidus.org\/es\/transparencia\/memorias-e-informes\/informes-tecnicos\/informes-tecnicos-ecoparques\/proyectos-reforma-ecoparques\/#breadcrumb\"},\"inLanguage\":\"es\",\"potentialAction\":[{\"@type\":\"ReadAction\",\"target\":[\"https:\/\/www.consorciresidus.org\/es\/transparencia\/memorias-e-informes\/informes-tecnicos\/informes-tecnicos-ecoparques\/proyectos-reforma-ecoparques\/\"]}]},{\"@type\":\"BreadcrumbList\",\"@id\":\"https:\/\/www.consorciresidus.org\/es\/transparencia\/memorias-e-informes\/informes-tecnicos\/informes-tecnicos-ecoparques\/proyectos-reforma-ecoparques\/#breadcrumb\",\"itemListElement\":[{\"@type\":\"ListItem\",\"position\":1,\"name\":\"Portal de transparencia y datos abiertos\",\"item\":\"https:\/\/www.consorciresidus.org\/es\/transparencia\/\"},{\"@type\":\"ListItem\",\"position\":2,\"name\":\"Memorias e informes\",\"item\":\"https:\/\/www.consorciresidus.org\/es\/transparencia\/memorias-e-informes\/\"},{\"@type\":\"ListItem\",\"position\":3,\"name\":\"Informes t\u00e9cnicos\",\"item\":\"https:\/\/www.consorciresidus.org\/es\/transparencia\/memorias-e-informes\/informes-tecnicos\/\"},{\"@type\":\"ListItem\",\"position\":4,\"name\":\"Informes t\u00e9cnicos de ecoparques\",\"item\":\"https:\/\/www.consorciresidus.org\/es\/transparencia\/memorias-e-informes\/informes-tecnicos\/informes-tecnicos-ecoparques\/\"},{\"@type\":\"ListItem\",\"position\":5,\"name\":\"Proyectos de reforma de ecoparques\"}]},{\"@type\":\"WebSite\",\"@id\":\"https:\/\/www.consorciresidus.org\/#website\",\"url\":\"https:\/\/www.consorciresidus.org\/\",\"name\":\"Consorcio de Residuos V5 - COR\",\"description\":\"Consorcio para la gesti\u00f3n de residuos\",\"potentialAction\":[{\"@type\":\"SearchAction\",\"target\":{\"@type\":\"EntryPoint\",\"urlTemplate\":\"https:\/\/www.consorciresidus.org\/?s={search_term_string}\"},\"query-input\":{\"@type\":\"PropertyValueSpecification\",\"valueRequired\":true,\"valueName\":\"search_term_string\"}}],\"inLanguage\":\"es\"}]}<\/script>\n<!-- \/ Yoast SEO plugin. -->","yoast_head_json":{"title":"Proyectos de reforma de ecoparques - Consorcio de Residuos V5 - COR","robots":{"index":"noindex","follow":"follow"},"og_locale":"es_ES","og_type":"article","og_title":"Proyectos de reforma de ecoparques - Consorcio de Residuos V5 - COR","og_description":"[mk_page_section min_height=\u00bb0&#8243; js_vertical_centered=\u00bbtrue\u00bb padding_top=\u00bb50&#8243; sidebar=\u00bbsidebar-1&#8243;][vc_column][mk_font_icons icon=\u00bbmk-icon-file-text-o\u00bb color=\u00bb#0079a1&#8243; size=\u00bbx-large\u00bb margin_horizental=\u00bb0&#8243; margin_vertical=\u00bb12&#8243; align=\u00bbcenter\u00bb][mk_ornamental_title font_family=\u00bbnone\u00bb font_size=\u00bb38&#8243; font_weight=\u00bb300&#8243; txt_transform=\u00bbnone\u00bb ornament_style=\u00bbnorman-single\u00bb ornament_color=\u00bb#c1c1c1&#8243; margin_top=\u00bb-15&#8243; margin_bottom=\u00bb5&#8243;]Proyectos de reforma de ecoparques[\/mk_ornamental_title][vc_column_text align=\u00bbcenter\u00bb css=\u00bb.vc_custom_1518551431246{margin-bottom: 0px [&hellip;]","og_url":"https:\/\/www.consorciresidus.org\/es\/transparencia\/memorias-e-informes\/informes-tecnicos\/informes-tecnicos-ecoparques\/proyectos-reforma-ecoparques\/","og_site_name":"Consorcio de Residuos V5 - COR","article_modified_time":"2018-02-15T14:41:52+00:00","twitter_card":"summary_large_image","twitter_misc":{"Tiempo de lectura":"1 minuto"},"schema":{"@context":"https:\/\/schema.org","@graph":[{"@type":"WebPage","@id":"https:\/\/www.consorciresidus.org\/es\/transparencia\/memorias-e-informes\/informes-tecnicos\/informes-tecnicos-ecoparques\/proyectos-reforma-ecoparques\/","url":"https:\/\/www.consorciresidus.org\/es\/transparencia\/memorias-e-informes\/informes-tecnicos\/informes-tecnicos-ecoparques\/proyectos-reforma-ecoparques\/","name":"Proyectos de reforma de ecoparques - Consorcio de Residuos V5 - COR","isPartOf":{"@id":"https:\/\/www.consorciresidus.org\/#website"},"datePublished":"2018-02-13T01:40:41+00:00","dateModified":"2018-02-15T14:41:52+00:00","breadcrumb":{"@id":"https:\/\/www.consorciresidus.org\/es\/transparencia\/memorias-e-informes\/informes-tecnicos\/informes-tecnicos-ecoparques\/proyectos-reforma-ecoparques\/#breadcrumb"},"inLanguage":"es","potentialAction":[{"@type":"ReadAction","target":["https:\/\/www.consorciresidus.org\/es\/transparencia\/memorias-e-informes\/informes-tecnicos\/informes-tecnicos-ecoparques\/proyectos-reforma-ecoparques\/"]}]},{"@type":"BreadcrumbList","@id":"https:\/\/www.consorciresidus.org\/es\/transparencia\/memorias-e-informes\/informes-tecnicos\/informes-tecnicos-ecoparques\/proyectos-reforma-ecoparques\/#breadcrumb","itemListElement":[{"@type":"ListItem","position":1,"name":"Portal de transparencia y datos abiertos","item":"https:\/\/www.consorciresidus.org\/es\/transparencia\/"},{"@type":"ListItem","position":2,"name":"Memorias e informes","item":"https:\/\/www.consorciresidus.org\/es\/transparencia\/memorias-e-informes\/"},{"@type":"ListItem","position":3,"name":"Informes t\u00e9cnicos","item":"https:\/\/www.consorciresidus.org\/es\/transparencia\/memorias-e-informes\/informes-tecnicos\/"},{"@type":"ListItem","position":4,"name":"Informes t\u00e9cnicos de ecoparques","item":"https:\/\/www.consorciresidus.org\/es\/transparencia\/memorias-e-informes\/informes-tecnicos\/informes-tecnicos-ecoparques\/"},{"@type":"ListItem","position":5,"name":"Proyectos de reforma de ecoparques"}]},{"@type":"WebSite","@id":"https:\/\/www.consorciresidus.org\/#website","url":"https:\/\/www.consorciresidus.org\/","name":"Consorcio de Residuos V5 - COR","description":"Consorcio para la gesti\u00f3n de residuos","potentialAction":[{"@type":"SearchAction","target":{"@type":"EntryPoint","urlTemplate":"https:\/\/www.consorciresidus.org\/?s={search_term_string}"},"query-input":{"@type":"PropertyValueSpecification","valueRequired":true,"valueName":"search_term_string"}}],"inLanguage":"es"}]}},"_links":{"self":[{"href":"https:\/\/www.consorciresidus.org\/es\/wp-json\/wp\/v2\/pages\/19088","targetHints":{"allow":["GET"]}}],"collection":[{"href":"https:\/\/www.consorciresidus.org\/es\/wp-json\/wp\/v2\/pages"}],"about":[{"href":"https:\/\/www.consorciresidus.org\/es\/wp-json\/wp\/v2\/types\/page"}],"author":[{"embeddable":true,"href":"https:\/\/www.consorciresidus.org\/es\/wp-json\/wp\/v2\/users\/1"}],"replies":[{"embeddable":true,"href":"https:\/\/www.consorciresidus.org\/es\/wp-json\/wp\/v2\/comments?post=19088"}],"version-history":[{"count":3,"href":"https:\/\/www.consorciresidus.org\/es\/wp-json\/wp\/v2\/pages\/19088\/revisions"}],"predecessor-version":[{"id":19242,"href":"https:\/\/www.consorciresidus.org\/es\/wp-json\/wp\/v2\/pages\/19088\/revisions\/19242"}],"up":[{"embeddable":true,"href":"https:\/\/www.consorciresidus.org\/es\/wp-json\/wp\/v2\/pages\/19078"}],"wp:attachment":[{"href":"https:\/\/www.consorciresidus.org\/es\/wp-json\/wp\/v2\/media?parent=19088"}],"curies":[{"name":"wp","href":"https:\/\/api.w.org\/{rel}","templated":true}]}}