 



{"id":19091,"date":"2018-02-13T01:36:26","date_gmt":"2018-02-13T01:36:26","guid":{"rendered":"https:\/\/www.consorciresidus.org\/transparencia\/memorias-e-informes\/informes-tecnicos\/informes-tecnicos-residuos\/gestio-de-residus\/"},"modified":"2018-02-15T14:35:55","modified_gmt":"2018-02-15T14:35:55","slug":"gestion-de-residuos","status":"publish","type":"page","link":"https:\/\/www.consorciresidus.org\/es\/transparencia\/memorias-e-informes\/informes-tecnicos\/informes-tecnicos-residuos\/gestion-de-residuos\/","title":{"rendered":"Gesti\u00f3n de residuos"},"content":{"rendered":"[mk_page_section min_height=\u00bb0&#8243; js_vertical_centered=\u00bbtrue\u00bb padding_top=\u00bb50&#8243; sidebar=\u00bbsidebar-1&#8243;][vc_column][mk_font_icons icon=\u00bbmk-icon-file-text-o\u00bb color=\u00bb#0079a1&#8243; size=\u00bbx-large\u00bb margin_horizental=\u00bb0&#8243; margin_vertical=\u00bb12&#8243; align=\u00bbcenter\u00bb][mk_ornamental_title font_family=\u00bbnone\u00bb font_size=\u00bb38&#8243; font_weight=\u00bb300&#8243; txt_transform=\u00bbnone\u00bb ornament_style=\u00bbnorman-single\u00bb ornament_color=\u00bb#c1c1c1&#8243; margin_top=\u00bb-15&#8243; margin_bottom=\u00bb5&#8243;]Gesti\u00f3n de residuos[\/mk_ornamental_title][vc_column_text align=\u00bbcenter\u00bb css=\u00bb.vc_custom_1518551616054{margin-bottom: 0px !important;}\u00bb]<span style=\"color: #999999;\">Jur\u00eddicas y documentales<\/span>[\/vc_column_text][\/vc_column][\/mk_page_section][mk_page_section section_layout=\u00bbright\u00bb el_class=\u00bbborde-verde\u00bb sidebar=\u00bbsidebar-4&#8243;][vc_column][vc_row_inner][vc_column_inner][vc_column_text css=\u00bb.vc_custom_1518705343413{margin-bottom: 0px !important;}\u00bb]<div class=\"dataset-content\">   \r\n             \r\n       <h3 class=\"dataset-heading\">\r\n               <a href=\"https:\/\/www.consorciresidus.org\/es\/download\/juridica_y_documental\/memorias_e_informes\/informes_tecnicos\/informes_residuos\/gestion_de_residuos\/INFORME-FINAL-COMPLETO-2o-CARACTERIZACION-RSU.pdf\" target=\"_blank\" title=\"Download Informe caracterizaci\u00f3n de residuos 2018 (II)\"><img decoding=\"async\" align=\"middle\" src=\"https:\/\/www.consorciresidus.org\/wp-content\/images\/fileicons\/pdf.png\" alt=\"Informe caracterizaci\u00f3n de residuos 2018 (II)\" \/><\/a>\r\n               <a class=\"titulo\" href=\"https:\/\/www.consorciresidus.org\/es\/download\/juridica_y_documental\/memorias_e_informes\/informes_tecnicos\/informes_residuos\/gestion_de_residuos\/INFORME-FINAL-COMPLETO-2o-CARACTERIZACION-RSU.pdf\" title=\"Download Informe caracterizaci\u00f3n de residuos 2018 (II)\" target=\"_blank\" >Informe caracterizaci\u00f3n de residuos 2018 (II)<\/a>\r\n                <span class=\"recent-views\">30 mayo, 2018<\/span>\r\n             \r\n       <\/h3>\r\n\r\n       <div class=\"notes\">        \r\n                     <p class=\"dataset-organization\">Informe t\u00e9cnico final relativo a la caracterizaci\u00f3n de los residuos de las cinco comarcas del COR, con la composici\u00f3n porcentual de los mismos.<\/p>  \r\n                     <span class=\"peso\">10.5 MiB<\/span>\r\n       <\/div>\r\n      \r\n     \r\n<\/div>\r\n\r\n<div class=\"dataset-content\">   \r\n             \r\n       <h3 class=\"dataset-heading\">\r\n               <a href=\"https:\/\/www.consorciresidus.org\/es\/download\/juridica_y_documental\/memorias_e_informes\/informes_tecnicos\/informes_residuos\/gestion_de_residuos\/INFORME-CARACTERITZACIO-RESIDUS-2018.pdf\" target=\"_blank\" title=\"Download Informe caracterizaci\u00f3n de residuos 2018\"><img decoding=\"async\" align=\"middle\" src=\"https:\/\/www.consorciresidus.org\/wp-content\/images\/fileicons\/pdf.png\" alt=\"Informe caracterizaci\u00f3n de residuos 2018\" \/><\/a>\r\n               <a class=\"titulo\" href=\"https:\/\/www.consorciresidus.org\/es\/download\/juridica_y_documental\/memorias_e_informes\/informes_tecnicos\/informes_residuos\/gestion_de_residuos\/INFORME-CARACTERITZACIO-RESIDUS-2018.pdf\" title=\"Download Informe caracterizaci\u00f3n de residuos 2018\" target=\"_blank\" >Informe caracterizaci\u00f3n de residuos 2018<\/a>\r\n                <span class=\"recent-views\">7 mayo, 2018<\/span>\r\n             \r\n       <\/h3>\r\n\r\n       <div class=\"notes\">        \r\n                     <p class=\"dataset-organization\">Informe t\u00e9cnico relativo a la caracterizaci\u00f3n de los residuos de las cinco comarcas del COR, con la composici\u00f3n porcentual de los mismos.<\/p>  \r\n                     <span class=\"peso\">13.1 MiB<\/span>\r\n       <\/div>\r\n      \r\n     \r\n<\/div>\r\n\r\n<div class=\"dataset-content\">   \r\n             \r\n       <h3 class=\"dataset-heading\">\r\n               <a href=\"https:\/\/www.consorciresidus.org\/es\/download\/juridica_y_documental\/memorias_e_informes\/informes_tecnicos\/informes_residuos\/gestion_de_residuos\/150-225-exceso-km-RECISA.pdf\" target=\"_blank\" title=\"Download Informe t\u00e9cnico perjuicio econ\u00f3mico causado a la Vall d\u2019Albaida por el exceso de quilometraje en el transporte de residuos\"><img decoding=\"async\" align=\"middle\" src=\"https:\/\/www.consorciresidus.org\/wp-content\/images\/fileicons\/pdf.png\" alt=\"Informe t\u00e9cnico perjuicio econ\u00f3mico causado a la Vall d\u2019Albaida por el exceso de quilometraje en el transporte de residuos\" \/><\/a>\r\n               <a class=\"titulo\" href=\"https:\/\/www.consorciresidus.org\/es\/download\/juridica_y_documental\/memorias_e_informes\/informes_tecnicos\/informes_residuos\/gestion_de_residuos\/150-225-exceso-km-RECISA.pdf\" title=\"Download Informe t\u00e9cnico perjuicio econ\u00f3mico causado a la Vall d\u2019Albaida por el exceso de quilometraje en el transporte de residuos\" target=\"_blank\" >Informe t\u00e9cnico perjuicio econ\u00f3mico causado a la Vall d\u2019Albaida por el exceso de quilometraje en el transporte de residuos<\/a>\r\n                <span class=\"recent-views\">7 noviembre, 2017<\/span>\r\n             \r\n       <\/h3>\r\n\r\n       <div class=\"notes\">        \r\n                     <p class=\"dataset-organization\">Informe t\u00e9cnico relativo al perjuicio econ\u00f3mico causado a la Mancomunidad de Municipios de la Vall d\u2019Albaida por el exceso de quilometraje en concepto de transporte de residuos a la estaci\u00f3n de transferencia de R\u00f2tova.<\/p>  \r\n                     <span class=\"peso\">0.7 MiB<\/span>\r\n       <\/div>\r\n      \r\n     \r\n<\/div>\r\n\r\n<div class=\"dataset-content\">   \r\n             \r\n       <h3 class=\"dataset-heading\">\r\n               <a href=\"https:\/\/www.consorciresidus.org\/es\/download\/juridica_y_documental\/memorias_e_informes\/informes_tecnicos\/informes_residuos\/gestion_de_residuos\/150-202-audiencia-BUFALI.pdf\" target=\"_blank\" title=\"Download Informe t\u00e9cnico sobre la estaci\u00f3n de transferencia de residuos de Bufali.\"><img decoding=\"async\" align=\"middle\" src=\"https:\/\/www.consorciresidus.org\/wp-content\/images\/fileicons\/pdf.png\" alt=\"Informe t\u00e9cnico sobre la estaci\u00f3n de transferencia de residuos de Bufali.\" \/><\/a>\r\n               <a class=\"titulo\" href=\"https:\/\/www.consorciresidus.org\/es\/download\/juridica_y_documental\/memorias_e_informes\/informes_tecnicos\/informes_residuos\/gestion_de_residuos\/150-202-audiencia-BUFALI.pdf\" title=\"Download Informe t\u00e9cnico sobre la estaci\u00f3n de transferencia de residuos de Bufali.\" target=\"_blank\" >Informe t\u00e9cnico sobre la estaci\u00f3n de transferencia de residuos de Bufali.<\/a>\r\n                <span class=\"recent-views\">13 junio, 2017<\/span>\r\n             \r\n       <\/h3>\r\n\r\n       <div class=\"notes\">        \r\n                     <p class=\"dataset-organization\">Informe t\u00e9cnico sobre el borrador de propuesta de resoluci\u00f3n relativa a la solicitud de autorizaci\u00f3n de una estaci\u00f3n de transferencia de residuos dom\u00e9sticos ubicada en el t\u00e9rmino municipal de Bufali (Vall d\u2019Albaida).<\/p>  \r\n                     <span class=\"peso\">0.3 MiB<\/span>\r\n       <\/div>\r\n      \r\n     \r\n<\/div>\r\n\r\n<div class=\"dataset-content\">   \r\n             \r\n       <h3 class=\"dataset-heading\">\r\n               <a href=\"https:\/\/www.consorciresidus.org\/es\/download\/juridica_y_documental\/memorias_e_informes\/informes_tecnicos\/informes_residuos\/gestion_de_residuos\/150-201-Informe-convenio-EMTRE-JUN2017.pdf\" target=\"_blank\" title=\"Download Informe t\u00e9cnico en relaci\u00f3n al convenio de colaboraci\u00f3n con el EMTRE.\"><img decoding=\"async\" align=\"middle\" src=\"https:\/\/www.consorciresidus.org\/wp-content\/images\/fileicons\/pdf.png\" alt=\"Informe t\u00e9cnico en relaci\u00f3n al convenio de colaboraci\u00f3n con el EMTRE.\" \/><\/a>\r\n               <a class=\"titulo\" href=\"https:\/\/www.consorciresidus.org\/es\/download\/juridica_y_documental\/memorias_e_informes\/informes_tecnicos\/informes_residuos\/gestion_de_residuos\/150-201-Informe-convenio-EMTRE-JUN2017.pdf\" title=\"Download Informe t\u00e9cnico en relaci\u00f3n al convenio de colaboraci\u00f3n con el EMTRE.\" target=\"_blank\" >Informe t\u00e9cnico en relaci\u00f3n al convenio de colaboraci\u00f3n con el EMTRE.<\/a>\r\n                <span class=\"recent-views\">13 junio, 2017<\/span>\r\n             \r\n       <\/h3>\r\n\r\n       <div class=\"notes\">        \r\n                     <p class=\"dataset-organization\">Informe t\u00e9cnico en relaci\u00f3n al convenio de colaboraci\u00f3n entre el Consorcio de Residuos y el EMTRE (Entidad Metropolitana para el Tratamiento de Residuos), sobre el tratamiento y eliminaci\u00f3n de residuos urbanos procedentes del COR en sus instalaciones.<\/p>  \r\n                     <span class=\"peso\">0.5 MiB<\/span>\r\n       <\/div>\r\n      \r\n     \r\n<\/div>\r\n\r\n<div class=\"dataset-content\">   \r\n             \r\n       <h3 class=\"dataset-heading\">\r\n               <a href=\"https:\/\/www.consorciresidus.org\/es\/download\/juridica_y_documental\/memorias_e_informes\/informes_tecnicos\/informes_residuos\/gestion_de_residuos\/Informe-Tecnico-Sanitarios-Tipo-II-Gandia.pdf\" target=\"_blank\" title=\"Download Informe t\u00e9cnico sobre la entrada de residuos sanitarios en la planta de tratamiento.\"><img decoding=\"async\" align=\"middle\" src=\"https:\/\/www.consorciresidus.org\/wp-content\/images\/fileicons\/pdf.png\" alt=\"Informe t\u00e9cnico sobre la entrada de residuos sanitarios en la planta de tratamiento.\" \/><\/a>\r\n               <a class=\"titulo\" href=\"https:\/\/www.consorciresidus.org\/es\/download\/juridica_y_documental\/memorias_e_informes\/informes_tecnicos\/informes_residuos\/gestion_de_residuos\/Informe-Tecnico-Sanitarios-Tipo-II-Gandia.pdf\" title=\"Download Informe t\u00e9cnico sobre la entrada de residuos sanitarios en la planta de tratamiento.\" target=\"_blank\" >Informe t\u00e9cnico sobre la entrada de residuos sanitarios en la planta de tratamiento.<\/a>\r\n                <span class=\"recent-views\">11 mayo, 2017<\/span>\r\n             \r\n       <\/h3>\r\n\r\n       <div class=\"notes\">        \r\n                     <p class=\"dataset-organization\">Informe t\u00e9cnico en relaci\u00f3n a la entrada de residuos sanitarios del grupo I y II en la planta de tratamiento de residuos ubicada en Gand\u00eda.<\/p>  \r\n                     <span class=\"peso\">0.2 MiB<\/span>\r\n       <\/div>\r\n      \r\n     \r\n<\/div>\r\n\r\n<span aria-label=\"P\u00e1gina 1\" aria-current=\"page\" class=\"page-numbers current\">1<\/span>\n<a aria-label=\"P\u00e1gina 2\" class=\"page-numbers\" href=\"\/es\/wp-json\/wp\/v2\/pages\/19091?wpfb_list_page=2\">2<\/a>\n<a class=\"next page-numbers\" href=\"\/es\/wp-json\/wp\/v2\/pages\/19091?wpfb_list_page=2\">Siguiente &raquo;<\/a>[\/vc_column_text][\/vc_column_inner][\/vc_row_inner][\/vc_column][\/mk_page_section]\n<div style=\"clear:both;\"><\/div>","protected":false},"excerpt":{"rendered":"<p>[mk_page_section min_height=\u00bb0&#8243; js_vertical_centered=\u00bbtrue\u00bb padding_top=\u00bb50&#8243; sidebar=\u00bbsidebar-1&#8243;][vc_column][mk_font_icons icon=\u00bbmk-icon-file-text-o\u00bb color=\u00bb#0079a1&#8243; size=\u00bbx-large\u00bb margin_horizental=\u00bb0&#8243; margin_vertical=\u00bb12&#8243; align=\u00bbcenter\u00bb][mk_ornamental_title font_family=\u00bbnone\u00bb font_size=\u00bb38&#8243; font_weight=\u00bb300&#8243; txt_transform=\u00bbnone\u00bb ornament_style=\u00bbnorman-single\u00bb ornament_color=\u00bb#c1c1c1&#8243; margin_top=\u00bb-15&#8243; margin_bottom=\u00bb5&#8243;]Gesti\u00f3n de residuos[\/mk_ornamental_title][vc_column_text align=\u00bbcenter\u00bb css=\u00bb.vc_custom_1518551616054{margin-bottom: 0px !important;}\u00bb]Jur\u00eddicas y [&hellip;]<\/p>\n","protected":false},"author":1,"featured_media":0,"parent":19075,"menu_order":0,"comment_status":"closed","ping_status":"closed","template":"","meta":{"footnotes":""},"class_list":["post-19091","page","type-page","status-publish","hentry"],"yoast_head":"<!-- This site is optimized with the Yoast SEO plugin v26.0 - https:\/\/yoast.com\/wordpress\/plugins\/seo\/ -->\n<title>Gesti\u00f3n de residuos - Consorcio de Residuos V5 - COR<\/title>\n<meta name=\"robots\" content=\"noindex, follow\" \/>\n<meta property=\"og:locale\" content=\"es_ES\" \/>\n<meta property=\"og:type\" content=\"article\" \/>\n<meta property=\"og:title\" content=\"Gesti\u00f3n de residuos - Consorcio de Residuos V5 - COR\" \/>\n<meta property=\"og:description\" content=\"[mk_page_section min_height=\u00bb0&#8243; js_vertical_centered=\u00bbtrue\u00bb padding_top=\u00bb50&#8243; sidebar=\u00bbsidebar-1&#8243;][vc_column][mk_font_icons icon=\u00bbmk-icon-file-text-o\u00bb color=\u00bb#0079a1&#8243; size=\u00bbx-large\u00bb margin_horizental=\u00bb0&#8243; margin_vertical=\u00bb12&#8243; align=\u00bbcenter\u00bb][mk_ornamental_title font_family=\u00bbnone\u00bb font_size=\u00bb38&#8243; font_weight=\u00bb300&#8243; txt_transform=\u00bbnone\u00bb ornament_style=\u00bbnorman-single\u00bb ornament_color=\u00bb#c1c1c1&#8243; margin_top=\u00bb-15&#8243; margin_bottom=\u00bb5&#8243;]Gesti\u00f3n de residuos[\/mk_ornamental_title][vc_column_text align=\u00bbcenter\u00bb css=\u00bb.vc_custom_1518551616054{margin-bottom: 0px !important;}\u00bb]Jur\u00eddicas y [&hellip;]\" \/>\n<meta property=\"og:url\" content=\"https:\/\/www.consorciresidus.org\/es\/transparencia\/memorias-e-informes\/informes-tecnicos\/informes-tecnicos-residuos\/gestion-de-residuos\/\" \/>\n<meta property=\"og:site_name\" content=\"Consorcio de Residuos V5 - COR\" \/>\n<meta property=\"article:modified_time\" content=\"2018-02-15T14:35:55+00:00\" \/>\n<meta name=\"twitter:card\" content=\"summary_large_image\" \/>\n<meta name=\"twitter:label1\" content=\"Tiempo de lectura\" \/>\n\t<meta name=\"twitter:data1\" content=\"1 minuto\" \/>\n<script type=\"application\/ld+json\" class=\"yoast-schema-graph\">{\"@context\":\"https:\/\/schema.org\",\"@graph\":[{\"@type\":\"WebPage\",\"@id\":\"https:\/\/www.consorciresidus.org\/es\/transparencia\/memorias-e-informes\/informes-tecnicos\/informes-tecnicos-residuos\/gestion-de-residuos\/\",\"url\":\"https:\/\/www.consorciresidus.org\/es\/transparencia\/memorias-e-informes\/informes-tecnicos\/informes-tecnicos-residuos\/gestion-de-residuos\/\",\"name\":\"Gesti\u00f3n de residuos - Consorcio de Residuos V5 - COR\",\"isPartOf\":{\"@id\":\"https:\/\/www.consorciresidus.org\/#website\"},\"datePublished\":\"2018-02-13T01:36:26+00:00\",\"dateModified\":\"2018-02-15T14:35:55+00:00\",\"breadcrumb\":{\"@id\":\"https:\/\/www.consorciresidus.org\/es\/transparencia\/memorias-e-informes\/informes-tecnicos\/informes-tecnicos-residuos\/gestion-de-residuos\/#breadcrumb\"},\"inLanguage\":\"es\",\"potentialAction\":[{\"@type\":\"ReadAction\",\"target\":[\"https:\/\/www.consorciresidus.org\/es\/transparencia\/memorias-e-informes\/informes-tecnicos\/informes-tecnicos-residuos\/gestion-de-residuos\/\"]}]},{\"@type\":\"BreadcrumbList\",\"@id\":\"https:\/\/www.consorciresidus.org\/es\/transparencia\/memorias-e-informes\/informes-tecnicos\/informes-tecnicos-residuos\/gestion-de-residuos\/#breadcrumb\",\"itemListElement\":[{\"@type\":\"ListItem\",\"position\":1,\"name\":\"Portal de transparencia y datos abiertos\",\"item\":\"https:\/\/www.consorciresidus.org\/es\/transparencia\/\"},{\"@type\":\"ListItem\",\"position\":2,\"name\":\"Memorias e informes\",\"item\":\"https:\/\/www.consorciresidus.org\/es\/transparencia\/memorias-e-informes\/\"},{\"@type\":\"ListItem\",\"position\":3,\"name\":\"Informes t\u00e9cnicos\",\"item\":\"https:\/\/www.consorciresidus.org\/es\/transparencia\/memorias-e-informes\/informes-tecnicos\/\"},{\"@type\":\"ListItem\",\"position\":4,\"name\":\"Informes t\u00e9cnicos de residuos\",\"item\":\"https:\/\/www.consorciresidus.org\/es\/transparencia\/memorias-e-informes\/informes-tecnicos\/informes-tecnicos-residuos\/\"},{\"@type\":\"ListItem\",\"position\":5,\"name\":\"Gesti\u00f3n de residuos\"}]},{\"@type\":\"WebSite\",\"@id\":\"https:\/\/www.consorciresidus.org\/#website\",\"url\":\"https:\/\/www.consorciresidus.org\/\",\"name\":\"Consorcio de Residuos V5 - COR\",\"description\":\"Consorcio para la gesti\u00f3n de residuos\",\"potentialAction\":[{\"@type\":\"SearchAction\",\"target\":{\"@type\":\"EntryPoint\",\"urlTemplate\":\"https:\/\/www.consorciresidus.org\/?s={search_term_string}\"},\"query-input\":{\"@type\":\"PropertyValueSpecification\",\"valueRequired\":true,\"valueName\":\"search_term_string\"}}],\"inLanguage\":\"es\"}]}<\/script>\n<!-- \/ Yoast SEO plugin. -->","yoast_head_json":{"title":"Gesti\u00f3n de residuos - Consorcio de Residuos V5 - COR","robots":{"index":"noindex","follow":"follow"},"og_locale":"es_ES","og_type":"article","og_title":"Gesti\u00f3n de residuos - Consorcio de Residuos V5 - COR","og_description":"[mk_page_section min_height=\u00bb0&#8243; js_vertical_centered=\u00bbtrue\u00bb padding_top=\u00bb50&#8243; sidebar=\u00bbsidebar-1&#8243;][vc_column][mk_font_icons icon=\u00bbmk-icon-file-text-o\u00bb color=\u00bb#0079a1&#8243; size=\u00bbx-large\u00bb margin_horizental=\u00bb0&#8243; margin_vertical=\u00bb12&#8243; align=\u00bbcenter\u00bb][mk_ornamental_title font_family=\u00bbnone\u00bb font_size=\u00bb38&#8243; font_weight=\u00bb300&#8243; txt_transform=\u00bbnone\u00bb ornament_style=\u00bbnorman-single\u00bb ornament_color=\u00bb#c1c1c1&#8243; margin_top=\u00bb-15&#8243; margin_bottom=\u00bb5&#8243;]Gesti\u00f3n de residuos[\/mk_ornamental_title][vc_column_text align=\u00bbcenter\u00bb css=\u00bb.vc_custom_1518551616054{margin-bottom: 0px !important;}\u00bb]Jur\u00eddicas y [&hellip;]","og_url":"https:\/\/www.consorciresidus.org\/es\/transparencia\/memorias-e-informes\/informes-tecnicos\/informes-tecnicos-residuos\/gestion-de-residuos\/","og_site_name":"Consorcio de Residuos V5 - COR","article_modified_time":"2018-02-15T14:35:55+00:00","twitter_card":"summary_large_image","twitter_misc":{"Tiempo de lectura":"1 minuto"},"schema":{"@context":"https:\/\/schema.org","@graph":[{"@type":"WebPage","@id":"https:\/\/www.consorciresidus.org\/es\/transparencia\/memorias-e-informes\/informes-tecnicos\/informes-tecnicos-residuos\/gestion-de-residuos\/","url":"https:\/\/www.consorciresidus.org\/es\/transparencia\/memorias-e-informes\/informes-tecnicos\/informes-tecnicos-residuos\/gestion-de-residuos\/","name":"Gesti\u00f3n de residuos - Consorcio de Residuos V5 - COR","isPartOf":{"@id":"https:\/\/www.consorciresidus.org\/#website"},"datePublished":"2018-02-13T01:36:26+00:00","dateModified":"2018-02-15T14:35:55+00:00","breadcrumb":{"@id":"https:\/\/www.consorciresidus.org\/es\/transparencia\/memorias-e-informes\/informes-tecnicos\/informes-tecnicos-residuos\/gestion-de-residuos\/#breadcrumb"},"inLanguage":"es","potentialAction":[{"@type":"ReadAction","target":["https:\/\/www.consorciresidus.org\/es\/transparencia\/memorias-e-informes\/informes-tecnicos\/informes-tecnicos-residuos\/gestion-de-residuos\/"]}]},{"@type":"BreadcrumbList","@id":"https:\/\/www.consorciresidus.org\/es\/transparencia\/memorias-e-informes\/informes-tecnicos\/informes-tecnicos-residuos\/gestion-de-residuos\/#breadcrumb","itemListElement":[{"@type":"ListItem","position":1,"name":"Portal de transparencia y datos abiertos","item":"https:\/\/www.consorciresidus.org\/es\/transparencia\/"},{"@type":"ListItem","position":2,"name":"Memorias e informes","item":"https:\/\/www.consorciresidus.org\/es\/transparencia\/memorias-e-informes\/"},{"@type":"ListItem","position":3,"name":"Informes t\u00e9cnicos","item":"https:\/\/www.consorciresidus.org\/es\/transparencia\/memorias-e-informes\/informes-tecnicos\/"},{"@type":"ListItem","position":4,"name":"Informes t\u00e9cnicos de residuos","item":"https:\/\/www.consorciresidus.org\/es\/transparencia\/memorias-e-informes\/informes-tecnicos\/informes-tecnicos-residuos\/"},{"@type":"ListItem","position":5,"name":"Gesti\u00f3n de residuos"}]},{"@type":"WebSite","@id":"https:\/\/www.consorciresidus.org\/#website","url":"https:\/\/www.consorciresidus.org\/","name":"Consorcio de Residuos V5 - COR","description":"Consorcio para la gesti\u00f3n de residuos","potentialAction":[{"@type":"SearchAction","target":{"@type":"EntryPoint","urlTemplate":"https:\/\/www.consorciresidus.org\/?s={search_term_string}"},"query-input":{"@type":"PropertyValueSpecification","valueRequired":true,"valueName":"search_term_string"}}],"inLanguage":"es"}]}},"_links":{"self":[{"href":"https:\/\/www.consorciresidus.org\/es\/wp-json\/wp\/v2\/pages\/19091","targetHints":{"allow":["GET"]}}],"collection":[{"href":"https:\/\/www.consorciresidus.org\/es\/wp-json\/wp\/v2\/pages"}],"about":[{"href":"https:\/\/www.consorciresidus.org\/es\/wp-json\/wp\/v2\/types\/page"}],"author":[{"embeddable":true,"href":"https:\/\/www.consorciresidus.org\/es\/wp-json\/wp\/v2\/users\/1"}],"replies":[{"embeddable":true,"href":"https:\/\/www.consorciresidus.org\/es\/wp-json\/wp\/v2\/comments?post=19091"}],"version-history":[{"count":3,"href":"https:\/\/www.consorciresidus.org\/es\/wp-json\/wp\/v2\/pages\/19091\/revisions"}],"predecessor-version":[{"id":19238,"href":"https:\/\/www.consorciresidus.org\/es\/wp-json\/wp\/v2\/pages\/19091\/revisions\/19238"}],"up":[{"embeddable":true,"href":"https:\/\/www.consorciresidus.org\/es\/wp-json\/wp\/v2\/pages\/19075"}],"wp:attachment":[{"href":"https:\/\/www.consorciresidus.org\/es\/wp-json\/wp\/v2\/media?parent=19091"}],"curies":[{"name":"wp","href":"https:\/\/api.w.org\/{rel}","templated":true}]}}