 



{"id":19734,"date":"2018-04-20T11:10:49","date_gmt":"2018-04-20T11:10:49","guid":{"rendered":"https:\/\/www.consorciresidus.org\/?page_id=19734"},"modified":"2026-02-27T16:49:31","modified_gmt":"2026-02-27T16:49:31","slug":"tabla-de-equivalencias","status":"publish","type":"page","link":"https:\/\/www.consorciresidus.org\/es\/tabla-de-equivalencias\/","title":{"rendered":"Tabla de equivalencias"},"content":{"rendered":"[mk_page_section min_height=\u00bb0&#8243; js_vertical_centered=\u00bbtrue\u00bb padding_top=\u00bb50&#8243; padding_bottom=\u00bb30&#8243; sidebar=\u00bbsidebar-1&#8243;][vc_column][vc_single_image image=\u00bb12175&#8243; img_size=\u00bbfull\u00bb alignment=\u00bbcenter\u00bb][mk_ornamental_title tag_name=\u00bbh3&#8243; font_family=\u00bbRaleway\u00bb font_type=\u00bbgoogle\u00bb font_size=\u00bb35&#8243; font_weight=\u00bb400&#8243; txt_transform=\u00bbnone\u00bb ornament_style=\u00bbnorman-single\u00bb ornament_color=\u00bb#c4c4c4&#8243; margin_top=\u00bb30&#8243;]Tabla de equivalencias[\/mk_ornamental_title][vc_column_text css=\u00bb.vc_custom_1541673520517{margin-bottom: 0px !important;}\u00bb]Ofrecemos el documento con la tabla de equivalencias en el sistema de puntos de <em>Mi cuenta ambiental<\/em>,. El programa registrar\u00e1 la tipolog\u00eda y cuant\u00eda de los residuos aportados por los usuarios, que mediante los puntos podr\u00e1n repercutir posteriormente en una reducci\u00f3n en el pago de la tasa del COR.[\/vc_column_text][vc_column_text css=\u00bb.vc_custom_1772210942187{margin-bottom: 0px !important;}\u00bb]\n<table id=\"tablepress-10\" class=\"tablepress tablepress-id-10\">\n<thead>\n<tr class=\"row-1\">\n\t<th class=\"column-1\"><strong>Residuo<\/strong><\/th><th class=\"column-2\"><strong>LER<\/strong><\/th><th class=\"column-3\"><strong>LER<br \/>\r\nRAEE<\/strong><\/th><th class=\"column-4\"><strong>Unidad<\/strong><\/th><th class=\"column-5\"><strong>Puntos<br \/>\npor<br \/>\nunidad<\/strong><\/th>\n<\/tr>\n<\/thead>\n<tbody class=\"row-striping row-hover\">\n<tr class=\"row-2\">\n\t<td class=\"column-1\"><strong>Aceite de autom\u00f3viles<\/strong><\/td><td class=\"column-2\">20 01 26*<\/td><td class=\"column-3\">-<\/td><td class=\"column-4\">litros<\/td><td class=\"column-5\">150<\/td>\n<\/tr>\n<tr class=\"row-3\">\n\t<td class=\"column-1\"><strong>Aceite y grasas comestibles<\/strong> <\/td><td class=\"column-2\">20 01 25<\/td><td class=\"column-3\">-<\/td><td class=\"column-4\">litros<\/td><td class=\"column-5\">100<\/td>\n<\/tr>\n<tr class=\"row-4\">\n\t<td class=\"column-1\"><strong>Pintura, tintas, pegatinas y resinas que no<br \/>\ncontiene sustancias peligrosas<\/strong><\/td><td class=\"column-2\">20 01 28<\/td><td class=\"column-3\"><\/td><td class=\"column-4\"><\/td><td class=\"column-5\">100<\/td>\n<\/tr>\n<tr class=\"row-5\">\n\t<td class=\"column-1\"><strong>Detergentes que no contienen sustancias<br \/>\npeligrosas<\/strong><\/td><td class=\"column-2\">20 01 30<\/td><td class=\"column-3\"><\/td><td class=\"column-4\"><\/td><td class=\"column-5\">100<\/td>\n<\/tr>\n<tr class=\"row-6\">\n\t<td class=\"column-1\"><strong>Aerosoles<\/strong><\/td><td class=\"column-2\">15 01 11*<\/td><td class=\"column-3\">-<\/td><td class=\"column-4\">unidad<\/td><td class=\"column-5\">80<\/td>\n<\/tr>\n<tr class=\"row-7\">\n\t<td class=\"column-1\"><strong>Bater\u00edas Bater\u00edas y acumuladores distintos de<br \/>\nlos especificados en el c\u00f3digo 20 01 33<\/strong><\/td><td class=\"column-2\">20 01 34<\/td><td class=\"column-3\">-<\/td><td class=\"column-4\">unidad<\/td><td class=\"column-5\">80<\/td>\n<\/tr>\n<tr class=\"row-8\">\n\t<td class=\"column-1\"><strong>Bater\u00edas y acumuladores especificados en los<br \/>\nc\u00f3digos 16 06 01, 16 06 02 \u00f3 16 06 03 y<br \/>\nbater\u00edas y acumuladores sin clasificar que<br \/>\ncontienen esas bater\u00edas<\/strong><\/td><td class=\"column-2\">20 01 33*<\/td><td class=\"column-3\"><\/td><td class=\"column-4\"><\/td><td class=\"column-5\"><\/td>\n<\/tr>\n<tr class=\"row-9\">\n\t<td class=\"column-1\"><strong>C\u00e1psulas de caf\u00e9<\/strong><\/td><td class=\"column-2\">-<\/td><td class=\"column-3\">-<\/td><td class=\"column-4\">kg<\/td><td class=\"column-5\">1<\/td>\n<\/tr>\n<tr class=\"row-10\">\n\t<td class=\"column-1\"><strong>Colchones<\/strong><\/td><td class=\"column-2\">20 03 07<\/td><td class=\"column-3\">-<\/td><td class=\"column-4\">unidad<\/td><td class=\"column-5\">10<\/td>\n<\/tr>\n<tr class=\"row-11\">\n\t<td class=\"column-1\"><strong>Envases no peligrosos<\/strong><\/td><td class=\"column-2\">15 01 05<\/td><td class=\"column-3\">-<\/td><td class=\"column-4\">kg<\/td><td class=\"column-5\">5<\/td>\n<\/tr>\n<tr class=\"row-12\">\n\t<td class=\"column-1\"><strong>Envases peligrosos met\u00e1licos<\/strong><\/td><td class=\"column-2\">15 01 10*<\/td><td class=\"column-3\">-<\/td><td class=\"column-4\">unidad<\/td><td class=\"column-5\">40<\/td>\n<\/tr>\n<tr class=\"row-13\">\n\t<td class=\"column-1\"><strong>Envases peligrosos pl\u00e1sticos<\/strong><\/td><td class=\"column-2\">15 01 10*<\/td><td class=\"column-3\">-<\/td><td class=\"column-4\">unidad<\/td><td class=\"column-5\">40<\/td>\n<\/tr>\n<tr class=\"row-14\">\n\t<td class=\"column-1\"><strong>Escombros<\/strong><\/td><td class=\"column-2\">17 01 07<\/td><td class=\"column-3\">-<\/td><td class=\"column-4\">kg<\/td><td class=\"column-5\">0,2<\/td>\n<\/tr>\n<tr class=\"row-15\">\n\t<td class=\"column-1\"><strong>Residuos mezclados de la construcci\u00f3n y<br \/>\ndemolici\u00f3n<\/strong><\/td><td class=\"column-2\">17 09 04<\/td><td class=\"column-3\"><\/td><td class=\"column-4\"><\/td><td class=\"column-5\">0,1<\/td>\n<\/tr>\n<tr class=\"row-16\">\n\t<td class=\"column-1\"><strong>Otros residuos de construcci\u00f3n y demolici\u00f3n (incluyendo los residuos mezclados) que<br \/>\ncontiene sustancias peligrosas<\/strong><\/td><td class=\"column-2\">17 09 03*<\/td><td class=\"column-3\"><\/td><td class=\"column-4\">kg<\/td><td class=\"column-5\">1<\/td>\n<\/tr>\n<tr class=\"row-17\">\n\t<td class=\"column-1\"><strong>Absorbentes, materiales de filtraci\u00f3n, trapos de<br \/>\nlimpieza y ropa protectora contaminados por<br \/>\nsustancias peligrosas<\/strong><\/td><td class=\"column-2\">15 02 02*<\/td><td class=\"column-3\">-<\/td><td class=\"column-4\">unidad<\/td><td class=\"column-5\">40<\/td>\n<\/tr>\n<tr class=\"row-18\">\n\t<td class=\"column-1\"><strong>Filtros de aceite<\/strong><\/td><td class=\"column-2\">16 01 07*<\/td><td class=\"column-3\">-<\/td><td class=\"column-4\">unidad<\/td><td class=\"column-5\">80<\/td>\n<\/tr>\n<tr class=\"row-19\">\n\t<td class=\"column-1\"><strong>Madera<\/strong><\/td><td class=\"column-2\">20 01 38<\/td><td class=\"column-3\">-<\/td><td class=\"column-4\">kg<\/td><td class=\"column-5\">0,2<\/td>\n<\/tr>\n<tr class=\"row-20\">\n\t<td class=\"column-1\"><strong>Madera que contiene sustancias peligrosas<\/strong><\/td><td class=\"column-2\">20 01 37*<\/td><td class=\"column-3\"><\/td><td class=\"column-4\">kg<\/td><td class=\"column-5\">1<\/td>\n<\/tr>\n<tr class=\"row-21\">\n\t<td class=\"column-1\"><strong>Metales<\/strong><\/td><td class=\"column-2\">20 01 40<\/td><td class=\"column-3\">-<\/td><td class=\"column-4\">kg<\/td><td class=\"column-5\">70<\/td>\n<\/tr>\n<tr class=\"row-22\">\n\t<td class=\"column-1\"><strong>Neum\u00e1ticos<\/strong><\/td><td class=\"column-2\">16 01 03<\/td><td class=\"column-3\">-<\/td><td class=\"column-4\">unidad<\/td><td class=\"column-5\">2<\/td>\n<\/tr>\n<tr class=\"row-23\">\n\t<td class=\"column-1\"><strong>Papel y cart\u00f3n<\/strong><\/td><td class=\"column-2\">20 01 01<\/td><td class=\"column-3\">-<\/td><td class=\"column-4\">kg<\/td><td class=\"column-5\">0,5<\/td>\n<\/tr>\n<tr class=\"row-24\">\n\t<td class=\"column-1\"><strong>Pilas<\/strong><\/td><td class=\"column-2\">16 06 05*<\/td><td class=\"column-3\">-<\/td><td class=\"column-4\">unidad<\/td><td class=\"column-5\">1<\/td>\n<\/tr>\n<tr class=\"row-25\">\n\t<td class=\"column-1\"><strong>Plaguicidas<\/strong><\/td><td class=\"column-2\">20 01 19*<\/td><td class=\"column-3\">-<\/td><td class=\"column-4\">unidad<\/td><td class=\"column-5\">10<\/td>\n<\/tr>\n<tr class=\"row-26\">\n\t<td class=\"column-1\"><strong>Pl\u00e1sticos<\/strong><\/td><td class=\"column-2\">20 01 39<\/td><td class=\"column-3\">-<\/td><td class=\"column-4\">kg<\/td><td class=\"column-5\">0,5<\/td>\n<\/tr>\n<tr class=\"row-27\">\n\t<td class=\"column-1\"><strong>Pl\u00e1stico film<\/strong><\/td><td class=\"column-2\"><\/td><td class=\"column-3\"><\/td><td class=\"column-4\">kg<\/td><td class=\"column-5\">0,5<\/td>\n<\/tr>\n<tr class=\"row-28\">\n\t<td class=\"column-1\"><strong>PET<\/strong><\/td><td class=\"column-2\"><\/td><td class=\"column-3\"><\/td><td class=\"column-4\">kg<\/td><td class=\"column-5\">0,5<\/td>\n<\/tr>\n<tr class=\"row-29\">\n\t<td class=\"column-1\"><strong>PEAD<\/strong><\/td><td class=\"column-2\"><\/td><td class=\"column-3\"><\/td><td class=\"column-4\">kg<\/td><td class=\"column-5\">0,5<\/td>\n<\/tr>\n<tr class=\"row-30\">\n\t<td class=\"column-1\"><strong>PVC<\/strong><\/td><td class=\"column-2\"><\/td><td class=\"column-3\"><\/td><td class=\"column-4\">kg<\/td><td class=\"column-5\">0,5<\/td>\n<\/tr>\n<tr class=\"row-31\">\n\t<td class=\"column-1\"><strong>Poda<\/strong><\/td><td class=\"column-2\">20 02 01<\/td><td class=\"column-3\">-<\/td><td class=\"column-4\">kg<\/td><td class=\"column-5\">1<\/td>\n<\/tr>\n<tr class=\"row-32\">\n\t<td class=\"column-1\"><strong>Tierra, piedras<\/strong><\/td><td class=\"column-2\">20 02 02<\/td><td class=\"column-3\"><\/td><td class=\"column-4\">kg<\/td><td class=\"column-5\">1<\/td>\n<\/tr>\n<tr class=\"row-33\">\n\t<td class=\"column-1\"><strong>Radiograf\u00edas<\/strong><\/td><td class=\"column-2\">09 01 07*<\/td><td class=\"column-3\">-<\/td><td class=\"column-4\">unidad<\/td><td class=\"column-5\">5<\/td>\n<\/tr>\n<tr class=\"row-34\">\n\t<td class=\"column-1\"><strong>Restos de pinturas, tintes, barnices<\/strong><\/td><td class=\"column-2\">20 01 27*<\/td><td class=\"column-3\">-<\/td><td class=\"column-4\">unidad<\/td><td class=\"column-5\">10<\/td>\n<\/tr>\n<tr class=\"row-35\">\n\t<td class=\"column-1\"><strong>Detergentes que contiene sustancias<br \/>\npeligrosas<\/strong><\/td><td class=\"column-2\">20 01 29*<\/td><td class=\"column-3\"><\/td><td class=\"column-4\">litros<\/td><td class=\"column-5\">10<\/td>\n<\/tr>\n<tr class=\"row-36\">\n\t<td class=\"column-1\"><strong>Residuos de fibras textiles procesadas<\/strong><\/td><td class=\"column-2\">04 02 22<\/td><td class=\"column-3\">-<\/td><td class=\"column-4\">kg<\/td><td class=\"column-5\">5<\/td>\n<\/tr>\n<tr class=\"row-37\">\n\t<td class=\"column-1\"><strong>Ropa<\/strong><\/td><td class=\"column-2\">20 01 10<\/td><td class=\"column-3\"><\/td><td class=\"column-4\">kg<\/td><td class=\"column-5\">2<\/td>\n<\/tr>\n<tr class=\"row-38\">\n\t<td class=\"column-1\"><strong>Tejidos<\/strong><\/td><td class=\"column-2\">20 01 11<\/td><td class=\"column-3\"><\/td><td class=\"column-4\">kg<\/td><td class=\"column-5\">2<\/td>\n<\/tr>\n<tr class=\"row-39\">\n\t<td class=\"column-1\"><strong>T\u00f3ner<\/strong><\/td><td class=\"column-2\">08 03 17*<\/td><td class=\"column-3\">-<\/td><td class=\"column-4\">unidad<\/td><td class=\"column-5\">10<\/td>\n<\/tr>\n<tr class=\"row-40\">\n\t<td class=\"column-1\"><strong>Vidrio<\/strong><\/td><td class=\"column-2\">15 01 07<\/td><td class=\"column-3\">-<\/td><td class=\"column-4\">kg<\/td><td class=\"column-5\">0,5<\/td>\n<\/tr>\n<tr class=\"row-41\">\n\t<td class=\"column-1\"><strong>Envases de vidrio<\/strong><\/td><td class=\"column-2\">20 01 02<\/td><td class=\"column-3\"><\/td><td class=\"column-4\"><\/td><td class=\"column-5\">0,5<\/td>\n<\/tr>\n<tr class=\"row-42\">\n\t<td class=\"column-1\"><strong>Voluminosos<\/strong><\/td><td class=\"column-2\">20 03 07<\/td><td class=\"column-3\">-<\/td><td class=\"column-4\">unidad<\/td><td class=\"column-5\">0,2<\/td>\n<\/tr>\n<tr class=\"row-43\">\n\t<td class=\"column-1\"><strong>Envases de disolventes<\/strong><\/td><td class=\"column-2\">20 01 13*<\/td><td class=\"column-3\"><\/td><td class=\"column-4\">unidad<\/td><td class=\"column-5\">5<\/td>\n<\/tr>\n<tr class=\"row-44\">\n\t<td class=\"column-1\"><strong>Envases de \u00e1cidos<\/strong><\/td><td class=\"column-2\">20 01 14*<\/td><td class=\"column-3\"><\/td><td class=\"column-4\">unidad<\/td><td class=\"column-5\">5<\/td>\n<\/tr>\n<tr class=\"row-45\">\n\t<td class=\"column-1\"><strong>Envases de \u00e1lcalis<\/strong><\/td><td class=\"column-2\">20 01 15*<\/td><td class=\"column-3\"><\/td><td class=\"column-4\">unidad<\/td><td class=\"column-5\">5<\/td>\n<\/tr>\n<tr class=\"row-46\">\n\t<td class=\"column-1\"><strong>Envases de productos fitoqu\u00edmicos<\/strong><\/td><td class=\"column-2\">20 01 17*<\/td><td class=\"column-3\"><\/td><td class=\"column-4\">unidad<\/td><td class=\"column-5\">5<\/td>\n<\/tr>\n<tr class=\"row-47\">\n\t<td class=\"column-1\"><strong>FR11 Frigorificos, neveras, congeladores y<br \/>\notros refrigeradores<\/strong><\/td><td class=\"column-2\">20 01 23*<\/td><td class=\"column-3\">11*<\/td><td class=\"column-4\">unidad<\/td><td class=\"column-5\">100<\/td>\n<\/tr>\n<tr class=\"row-48\">\n\t<td class=\"column-1\"><strong>FR12 Aparatos aire acondicionado<\/strong><\/td><td class=\"column-2\">20 01 23*<\/td><td class=\"column-3\">12*<\/td><td class=\"column-4\">unidad<\/td><td class=\"column-5\">70<\/td>\n<\/tr>\n<tr class=\"row-49\">\n\t<td class=\"column-1\"><strong>FR13 Radiadores y aparatos t\u00e9rmicos con<br \/>\naceite<\/strong><\/td><td class=\"column-2\">20 01 35*<\/td><td class=\"column-3\">13*<\/td><td class=\"column-4\">unidad<\/td><td class=\"column-5\">70<\/td>\n<\/tr>\n<tr class=\"row-50\">\n\t<td class=\"column-1\"><strong>FR21 Monitores, TV y pantallas CRT<\/strong><\/td><td class=\"column-2\">20 01 35*<\/td><td class=\"column-3\">21*<\/td><td class=\"column-4\">unidad<\/td><td class=\"column-5\">70<\/td>\n<\/tr>\n<tr class=\"row-51\">\n\t<td class=\"column-1\"><strong>FR22 Monitores, TV y pantallas (no CRT, no<br \/>\nLED)<\/strong><\/td><td class=\"column-2\">20 01 35*<\/td><td class=\"column-3\">22*<\/td><td class=\"column-4\">unidad<\/td><td class=\"column-5\">70<\/td>\n<\/tr>\n<tr class=\"row-52\">\n\t<td class=\"column-1\"><strong>FR23 Monitores y pantallas LED<\/strong><\/td><td class=\"column-2\">20 01 36<\/td><td class=\"column-3\">23<\/td><td class=\"column-4\">unidad<\/td><td class=\"column-5\">70<\/td>\n<\/tr>\n<tr class=\"row-53\">\n\t<td class=\"column-1\"><strong>FR31 Tubos y bombillas fluorescentes<\/strong><\/td><td class=\"column-2\">20 01 21*<\/td><td class=\"column-3\">31*<\/td><td class=\"column-4\">unidad<\/td><td class=\"column-5\">70<\/td>\n<\/tr>\n<tr class=\"row-54\">\n\t<td class=\"column-1\"><strong>FR32 L\u00e1mparas y bombillas LED<\/strong><\/td><td class=\"column-2\">20 01 36<\/td><td class=\"column-3\">32<\/td><td class=\"column-4\">unidad<\/td><td class=\"column-5\">70<\/td>\n<\/tr>\n<tr class=\"row-55\">\n\t<td class=\"column-1\"><strong>FR41 Grandes aparatos con componentes<br \/>\npeligrosos<\/strong><\/td><td class=\"column-2\">20 01 35*<\/td><td class=\"column-3\">41*<\/td><td class=\"column-4\">unidad<\/td><td class=\"column-5\">70<\/td>\n<\/tr>\n<tr class=\"row-56\">\n\t<td class=\"column-1\"><strong>FR42 Grandes electrodom\u00e9sticos no fr\u00edo<\/strong><\/td><td class=\"column-2\">20 01 36<\/td><td class=\"column-3\">42<\/td><td class=\"column-4\">unidad<\/td><td class=\"column-5\">70<\/td>\n<\/tr>\n<tr class=\"row-57\">\n\t<td class=\"column-1\"><strong>FR51 Peque\u00f1os aparatos con componentes<br \/>\npeligrosos y pilas incorporadas <50cm<\/strong><\/td><td class=\"column-2\">20 01 35*<\/td><td class=\"column-3\">51*<\/td><td class=\"column-4\">unidad<\/td><td class=\"column-5\">70<\/td>\n<\/tr>\n<tr class=\"row-58\">\n\t<td class=\"column-1\"><strong>FR52 Resto de peque\u00f1os aparatos<br \/>\nelectrodom\u00e9sticos sin bater\u00edas<\/strong><\/td><td class=\"column-2\">20 01 36<\/td><td class=\"column-3\">52<\/td><td class=\"column-4\">unidad<\/td><td class=\"column-5\">70<\/td>\n<\/tr>\n<tr class=\"row-59\">\n\t<td class=\"column-1\"><strong>FR61 Peque\u00f1os aparatos de inform\u00e1tica y<br \/>\ntelecomunicaciones con componentes peligrosos<\/strong><\/td><td class=\"column-2\">20 01 35*<\/td><td class=\"column-3\">61*<\/td><td class=\"column-4\">unidad<\/td><td class=\"column-5\">70<\/td>\n<\/tr>\n<tr class=\"row-60\">\n\t<td class=\"column-1\"><strong>Participaci\u00f3n en campa\u00f1as<\/strong><\/td><td class=\"column-2\">-<\/td><td class=\"column-3\">-<\/td><td class=\"column-4\">unidad<\/td><td class=\"column-5\">45<\/td>\n<\/tr>\n<tr class=\"row-61\">\n\t<td class=\"column-1\"><strong>Visita a Ecoparque como actitud responsable<br \/>\nmedioambiental<\/strong><\/td><td class=\"column-2\">-<\/td><td class=\"column-3\">-<\/td><td class=\"column-4\">unidad<\/td><td class=\"column-5\">25<\/td>\n<\/tr>\n<\/tbody>\n<\/table>\n<!-- #tablepress-10 from cache -->[\/vc_column_text][vc_column_text css=\u00bb.vc_custom_1772210962667{margin-bottom: 0px !important;}\u00bb]Con objeto de evitar el pesaje sistem\u00e1tico de todos los residuos aportados y agilizar las entradas, el Consorcio podr\u00e1 establecer las equivalencias oportunas en kg de aquellos residuos que, por su volumen, caracter\u00edsticas, homogeneidad, etc. considere, en base a pesajes estad\u00edsticos que se actualizar\u00e1n peri\u00f3dicamente.[\/vc_column_text][\/vc_column][\/mk_page_section]\n<div style=\"clear:both;\"><\/div>","protected":false},"excerpt":{"rendered":"<p>Serveis del COR. El Consorci es fa c\u00e0rrec de la transfer\u00e8ncia, transport, valoritzaci\u00f3 i eliminaci\u00f3 de residus s\u00f2lids urbans, i gesti\u00f3 d\u2019ecoparcs.<\/p>\n","protected":false},"author":2,"featured_media":0,"parent":0,"menu_order":0,"comment_status":"closed","ping_status":"closed","template":"","meta":{"footnotes":""},"class_list":["post-19734","page","type-page","status-publish","hentry"],"yoast_head":"<!-- This site is optimized with the Yoast SEO plugin v26.0 - https:\/\/yoast.com\/wordpress\/plugins\/seo\/ -->\n<title>Tabla de equivalencias - Consorcio de Residuos V5 - COR<\/title>\n<meta name=\"description\" content=\"Serveis del COR. El Consorci es fa c\u00e0rrec de la transfer\u00e8ncia, transport, valoritzaci\u00f3 i eliminaci\u00f3 de residus s\u00f2lids urbans, i gesti\u00f3 d\u2019ecoparcs.\" \/>\n<meta name=\"robots\" content=\"index, follow, max-snippet:-1, max-image-preview:large, max-video-preview:-1\" \/>\n<link rel=\"canonical\" href=\"https:\/\/www.consorciresidus.org\/es\/tabla-de-equivalencias\/\" \/>\n<meta property=\"og:locale\" content=\"es_ES\" \/>\n<meta property=\"og:type\" content=\"article\" \/>\n<meta property=\"og:title\" content=\"Serveis del COR\" \/>\n<meta property=\"og:description\" content=\"Serveis del COR. El Consorci es fa c\u00e0rrec de la transfer\u00e8ncia, transport, valoritzaci\u00f3 i eliminaci\u00f3 de residus s\u00f2lids urbans, i gesti\u00f3 d\u2019ecoparcs.\" \/>\n<meta property=\"og:url\" content=\"https:\/\/www.consorciresidus.org\/es\/tabla-de-equivalencias\/\" \/>\n<meta property=\"og:site_name\" content=\"Consorcio de Residuos V5 - COR\" \/>\n<meta property=\"article:modified_time\" content=\"2026-02-27T16:49:31+00:00\" \/>\n<meta property=\"og:image\" content=\"https:\/\/www.consorciresidus.org\/wp-content\/uploads\/2016\/12\/logo-2.jpg\" \/>\n\t<meta property=\"og:image:width\" content=\"390\" \/>\n\t<meta property=\"og:image:height\" content=\"191\" \/>\n\t<meta property=\"og:image:type\" content=\"image\/jpeg\" \/>\n<meta name=\"twitter:card\" content=\"summary_large_image\" \/>\n<meta name=\"twitter:title\" content=\"Serveis del COR\" \/>\n<meta name=\"twitter:description\" content=\"Serveis del COR. El Consorci es fa c\u00e0rrec de la transfer\u00e8ncia, transport, valoritzaci\u00f3 i eliminaci\u00f3 de residus s\u00f2lids urbans, i gesti\u00f3 d\u2019ecoparcs.\" \/>\n<meta name=\"twitter:image\" content=\"https:\/\/www.consorciresidus.org\/wp-content\/uploads\/2016\/12\/logo-2.jpg\" \/>\n<meta name=\"twitter:label1\" content=\"Tiempo de lectura\" \/>\n\t<meta name=\"twitter:data1\" content=\"1 minuto\" \/>\n<script type=\"application\/ld+json\" class=\"yoast-schema-graph\">{\"@context\":\"https:\/\/schema.org\",\"@graph\":[{\"@type\":\"WebPage\",\"@id\":\"https:\/\/www.consorciresidus.org\/es\/tabla-de-equivalencias\/\",\"url\":\"https:\/\/www.consorciresidus.org\/es\/tabla-de-equivalencias\/\",\"name\":\"Tabla de equivalencias - Consorcio de Residuos V5 - COR\",\"isPartOf\":{\"@id\":\"https:\/\/www.consorciresidus.org\/#website\"},\"datePublished\":\"2018-04-20T11:10:49+00:00\",\"dateModified\":\"2026-02-27T16:49:31+00:00\",\"description\":\"Serveis del COR. El Consorci es fa c\u00e0rrec de la transfer\u00e8ncia, transport, valoritzaci\u00f3 i eliminaci\u00f3 de residus s\u00f2lids urbans, i gesti\u00f3 d\u2019ecoparcs.\",\"inLanguage\":\"es\",\"potentialAction\":[{\"@type\":\"ReadAction\",\"target\":[\"https:\/\/www.consorciresidus.org\/es\/tabla-de-equivalencias\/\"]}]},{\"@type\":\"WebSite\",\"@id\":\"https:\/\/www.consorciresidus.org\/#website\",\"url\":\"https:\/\/www.consorciresidus.org\/\",\"name\":\"Consorcio de Residuos V5 - COR\",\"description\":\"Consorcio para la gesti\u00f3n de residuos\",\"potentialAction\":[{\"@type\":\"SearchAction\",\"target\":{\"@type\":\"EntryPoint\",\"urlTemplate\":\"https:\/\/www.consorciresidus.org\/?s={search_term_string}\"},\"query-input\":{\"@type\":\"PropertyValueSpecification\",\"valueRequired\":true,\"valueName\":\"search_term_string\"}}],\"inLanguage\":\"es\"}]}<\/script>\n<!-- \/ Yoast SEO plugin. -->","yoast_head_json":{"title":"Tabla de equivalencias - Consorcio de Residuos V5 - COR","description":"Serveis del COR. El Consorci es fa c\u00e0rrec de la transfer\u00e8ncia, transport, valoritzaci\u00f3 i eliminaci\u00f3 de residus s\u00f2lids urbans, i gesti\u00f3 d\u2019ecoparcs.","robots":{"index":"index","follow":"follow","max-snippet":"max-snippet:-1","max-image-preview":"max-image-preview:large","max-video-preview":"max-video-preview:-1"},"canonical":"https:\/\/www.consorciresidus.org\/es\/tabla-de-equivalencias\/","og_locale":"es_ES","og_type":"article","og_title":"Serveis del COR","og_description":"Serveis del COR. El Consorci es fa c\u00e0rrec de la transfer\u00e8ncia, transport, valoritzaci\u00f3 i eliminaci\u00f3 de residus s\u00f2lids urbans, i gesti\u00f3 d\u2019ecoparcs.","og_url":"https:\/\/www.consorciresidus.org\/es\/tabla-de-equivalencias\/","og_site_name":"Consorcio de Residuos V5 - COR","article_modified_time":"2026-02-27T16:49:31+00:00","og_image":[{"width":390,"height":191,"url":"https:\/\/www.consorciresidus.org\/wp-content\/uploads\/2016\/12\/logo-2.jpg","type":"image\/jpeg"}],"twitter_card":"summary_large_image","twitter_title":"Serveis del COR","twitter_description":"Serveis del COR. El Consorci es fa c\u00e0rrec de la transfer\u00e8ncia, transport, valoritzaci\u00f3 i eliminaci\u00f3 de residus s\u00f2lids urbans, i gesti\u00f3 d\u2019ecoparcs.","twitter_image":"https:\/\/www.consorciresidus.org\/wp-content\/uploads\/2016\/12\/logo-2.jpg","twitter_misc":{"Tiempo de lectura":"1 minuto"},"schema":{"@context":"https:\/\/schema.org","@graph":[{"@type":"WebPage","@id":"https:\/\/www.consorciresidus.org\/es\/tabla-de-equivalencias\/","url":"https:\/\/www.consorciresidus.org\/es\/tabla-de-equivalencias\/","name":"Tabla de equivalencias - Consorcio de Residuos V5 - COR","isPartOf":{"@id":"https:\/\/www.consorciresidus.org\/#website"},"datePublished":"2018-04-20T11:10:49+00:00","dateModified":"2026-02-27T16:49:31+00:00","description":"Serveis del COR. El Consorci es fa c\u00e0rrec de la transfer\u00e8ncia, transport, valoritzaci\u00f3 i eliminaci\u00f3 de residus s\u00f2lids urbans, i gesti\u00f3 d\u2019ecoparcs.","inLanguage":"es","potentialAction":[{"@type":"ReadAction","target":["https:\/\/www.consorciresidus.org\/es\/tabla-de-equivalencias\/"]}]},{"@type":"WebSite","@id":"https:\/\/www.consorciresidus.org\/#website","url":"https:\/\/www.consorciresidus.org\/","name":"Consorcio de Residuos V5 - COR","description":"Consorcio para la gesti\u00f3n de residuos","potentialAction":[{"@type":"SearchAction","target":{"@type":"EntryPoint","urlTemplate":"https:\/\/www.consorciresidus.org\/?s={search_term_string}"},"query-input":{"@type":"PropertyValueSpecification","valueRequired":true,"valueName":"search_term_string"}}],"inLanguage":"es"}]}},"_links":{"self":[{"href":"https:\/\/www.consorciresidus.org\/es\/wp-json\/wp\/v2\/pages\/19734","targetHints":{"allow":["GET"]}}],"collection":[{"href":"https:\/\/www.consorciresidus.org\/es\/wp-json\/wp\/v2\/pages"}],"about":[{"href":"https:\/\/www.consorciresidus.org\/es\/wp-json\/wp\/v2\/types\/page"}],"author":[{"embeddable":true,"href":"https:\/\/www.consorciresidus.org\/es\/wp-json\/wp\/v2\/users\/2"}],"replies":[{"embeddable":true,"href":"https:\/\/www.consorciresidus.org\/es\/wp-json\/wp\/v2\/comments?post=19734"}],"version-history":[{"count":6,"href":"https:\/\/www.consorciresidus.org\/es\/wp-json\/wp\/v2\/pages\/19734\/revisions"}],"predecessor-version":[{"id":28313,"href":"https:\/\/www.consorciresidus.org\/es\/wp-json\/wp\/v2\/pages\/19734\/revisions\/28313"}],"wp:attachment":[{"href":"https:\/\/www.consorciresidus.org\/es\/wp-json\/wp\/v2\/media?parent=19734"}],"curies":[{"name":"wp","href":"https:\/\/api.w.org\/{rel}","templated":true}]}}