 



{"id":22359,"date":"2020-03-25T08:45:37","date_gmt":"2020-03-25T08:45:37","guid":{"rendered":"https:\/\/www.consorciresidus.org\/?page_id=22359"},"modified":"2020-03-25T09:43:49","modified_gmt":"2020-03-25T09:43:49","slug":"covid-19","status":"publish","type":"page","link":"https:\/\/www.consorciresidus.org\/es\/covid-19\/","title":{"rendered":"COVID-19"},"content":{"rendered":"[mk_page_section js_vertical_centered=\u00bbtrue\u00bb padding_top=\u00bb50&#8243; sidebar=\u00bbsidebar-1&#8243;][vc_column][mk_ornamental_title font_family=\u00bbnone\u00bb font_size=\u00bb38&#8243; font_weight=\u00bb300&#8243; txt_transform=\u00bbnone\u00bb ornament_style=\u00bbnorman-single\u00bb ornament_color=\u00bb#c1c1c1&#8243; margin_top=\u00bb-15&#8243; margin_bottom=\u00bb5&#8243;]COVID-19[\/mk_ornamental_title][vc_column_text css=\u00bb.vc_custom_1585126311383{margin-bottom: 0px !important;}\u00bb]\n<p style=\"text-align: center;\"><span style=\"color: #999999;\">Informaci\u00f3n del COR en tiempo del COVID-19<\/span><\/p>\n[\/vc_column_text][\/vc_column][\/mk_page_section][mk_page_section section_layout=\u00bbright\u00bb el_class=\u00bbborde-verde\u00bb sidebar=\u00bbsidebar-4&#8243;][vc_column][vc_row_inner][vc_column_inner][vc_custom_heading text=\u00bbLEGISLACI\u00d3N, MEDIDAS E INFORMES\u00bb font_container=\u00bbtag:h5|text_align:center\u00bb use_theme_fonts=\u00bbyes\u00bb el_class=\u00bbcaixa\u00bb css=\u00bb.vc_custom_1585129418356{margin-bottom: 30px !important;padding-top: 10px !important;padding-right: 10px !important;padding-bottom: 10px !important;padding-left: 10px !important;background-color: #eaeaea !important;}\u00bb link=\u00bburl:https%3A%2F%2Fwww.consorciresidus.org%2Fes%2Fcovid-19%2Flegislacion-medidas-e-informes%2F|||\u00bb][\/vc_column_inner][\/vc_row_inner][vc_row_inner][vc_column_inner][vc_column_text css=\u00bb.vc_custom_1585127538968{margin-bottom: 0px !important;}\u00bb]<div class=\"dataset-content\">   \r\n             \r\n       <h3 class=\"dataset-heading\">\r\n               <a href=\"https:\/\/www.consorciresidus.org\/es\/download\/covid-19\/Resolucion-Alzamiento-de-la-suspension-procesos-selectivos.pdf\" target=\"_blank\" title=\"Download Resoluci\u00f3n - Alzamiento de la Suspensi\u00f3n Procesos Selectivos\"><img decoding=\"async\" align=\"middle\" src=\"https:\/\/www.consorciresidus.org\/wp-content\/images\/fileicons\/pdf.png\" alt=\"Resoluci\u00f3n - Alzamiento de la Suspensi\u00f3n Procesos Selectivos\" \/><\/a>\r\n               <a class=\"titulo\" href=\"https:\/\/www.consorciresidus.org\/es\/download\/covid-19\/Resolucion-Alzamiento-de-la-suspension-procesos-selectivos.pdf\" title=\"Download Resoluci\u00f3n - Alzamiento de la Suspensi\u00f3n Procesos Selectivos\" target=\"_blank\" >Resoluci\u00f3n - Alzamiento de la Suspensi\u00f3n Procesos Selectivos<\/a>\r\n                <span class=\"recent-views\">27 mayo, 2020<\/span>\r\n             \r\n       <\/h3>\r\n\r\n       <div class=\"notes\">        \r\n                     <p class=\"dataset-organization\"><\/p>  \r\n                     <span class=\"peso\">1.3 MiB<\/span>\r\n       <\/div>\r\n      \r\n     \r\n<\/div>\r\n\r\n<div class=\"dataset-content\">   \r\n             \r\n       <h3 class=\"dataset-heading\">\r\n               <a href=\"https:\/\/www.consorciresidus.org\/es\/download\/20200512_Resolucion_RESOLUCION-2020-0052-Resolucio-alcant-la-suspencio-de-les-sessions-de-la-CG-durant-lestat-dalarma-exp.-40-2020_2.pdf\" target=\"_blank\" title=\"Download Alzamiento de la suspensi\u00f3n de las sesiones de la comisi\u00f3n de gobierno durante de la declaraci\u00f3n del estado de alarma\"><img decoding=\"async\" align=\"middle\" src=\"https:\/\/www.consorciresidus.org\/wp-content\/images\/fileicons\/pdf.png\" alt=\"Alzamiento de la suspensi\u00f3n de las sesiones de la comisi\u00f3n de gobierno durante de la declaraci\u00f3n del estado de alarma\" \/><\/a>\r\n               <a class=\"titulo\" href=\"https:\/\/www.consorciresidus.org\/es\/download\/20200512_Resolucion_RESOLUCION-2020-0052-Resolucio-alcant-la-suspencio-de-les-sessions-de-la-CG-durant-lestat-dalarma-exp.-40-2020_2.pdf\" title=\"Download Alzamiento de la suspensi\u00f3n de las sesiones de la comisi\u00f3n de gobierno durante de la declaraci\u00f3n del estado de alarma\" target=\"_blank\" >Alzamiento de la suspensi\u00f3n de las sesiones de la comisi\u00f3n de gobierno durante de la declaraci\u00f3n del estado de alarma<\/a>\r\n                <span class=\"recent-views\">26 mayo, 2020<\/span>\r\n             \r\n       <\/h3>\r\n\r\n       <div class=\"notes\">        \r\n                     <p class=\"dataset-organization\"><\/p>  \r\n                     <span class=\"peso\">1.3 MiB<\/span>\r\n       <\/div>\r\n      \r\n     \r\n<\/div>\r\n\r\n<div class=\"dataset-content\">   \r\n             \r\n       <h3 class=\"dataset-heading\">\r\n               <a href=\"https:\/\/www.consorciresidus.org\/es\/download\/20200512_Resolucion_RESOLUCION-2020-0052-Resolucio-alcant-la-suspencio-de-les-sessions-de-la-CG-durant-lestat-dalarma-exp.-40-2020.pdf\" target=\"_blank\" title=\"Download Al\u00e7ament de la suspensi\u00f3 de las sessions de la comissi\u00f3 de govern durant de la declaraci\u00f3 de l\u2019estat d\u2019alarma\"><img decoding=\"async\" align=\"middle\" src=\"https:\/\/www.consorciresidus.org\/wp-content\/images\/fileicons\/pdf.png\" alt=\"Al\u00e7ament de la suspensi\u00f3 de las sessions de la comissi\u00f3 de govern durant de la declaraci\u00f3 de l\u2019estat d\u2019alarma\" \/><\/a>\r\n               <a class=\"titulo\" href=\"https:\/\/www.consorciresidus.org\/es\/download\/20200512_Resolucion_RESOLUCION-2020-0052-Resolucio-alcant-la-suspencio-de-les-sessions-de-la-CG-durant-lestat-dalarma-exp.-40-2020.pdf\" title=\"Download Al\u00e7ament de la suspensi\u00f3 de las sessions de la comissi\u00f3 de govern durant de la declaraci\u00f3 de l\u2019estat d\u2019alarma\" target=\"_blank\" >Al\u00e7ament de la suspensi\u00f3 de las sessions de la comissi\u00f3 de govern durant de la declaraci\u00f3 de l\u2019estat d\u2019alarma<\/a>\r\n                <span class=\"recent-views\">26 mayo, 2020<\/span>\r\n             \r\n       <\/h3>\r\n\r\n       <div class=\"notes\">        \r\n                     <p class=\"dataset-organization\"><\/p>  \r\n                     <span class=\"peso\">1.3 MiB<\/span>\r\n       <\/div>\r\n      \r\n     \r\n<\/div>\r\n\r\n<div class=\"dataset-content\">   \r\n             \r\n       <h3 class=\"dataset-heading\">\r\n               <a href=\"https:\/\/www.consorciresidus.org\/es\/download\/covid-19\/PROTOCOLO-COMUNICACIONES_CENTROS_NO-SANITARIOS_REFUNDIDO-07042020-LOGO-CONSELLERIA.pdf\" target=\"_blank\" title=\"Download PROTOCOLO COMUNICACIONES CENTROS NO SANITARIOS REFUNDIDO 07042020 LOGO CONSELLERIA\"><img decoding=\"async\" align=\"middle\" src=\"https:\/\/www.consorciresidus.org\/wp-content\/images\/fileicons\/pdf.png\" alt=\"PROTOCOLO COMUNICACIONES CENTROS NO SANITARIOS REFUNDIDO 07042020 LOGO CONSELLERIA\" \/><\/a>\r\n               <a class=\"titulo\" href=\"https:\/\/www.consorciresidus.org\/es\/download\/covid-19\/PROTOCOLO-COMUNICACIONES_CENTROS_NO-SANITARIOS_REFUNDIDO-07042020-LOGO-CONSELLERIA.pdf\" title=\"Download PROTOCOLO COMUNICACIONES CENTROS NO SANITARIOS REFUNDIDO 07042020 LOGO CONSELLERIA\" target=\"_blank\" >PROTOCOLO COMUNICACIONES CENTROS NO SANITARIOS REFUNDIDO 07042020 LOGO CONSELLERIA<\/a>\r\n                <span class=\"recent-views\">8 abril, 2020<\/span>\r\n             \r\n       <\/h3>\r\n\r\n       <div class=\"notes\">        \r\n                     <p class=\"dataset-organization\"><\/p>  \r\n                     <span class=\"peso\">0.1 MiB<\/span>\r\n       <\/div>\r\n      \r\n     \r\n<\/div>\r\n\r\n<div class=\"dataset-content\">   \r\n             \r\n       <h3 class=\"dataset-heading\">\r\n               <a href=\"https:\/\/www.consorciresidus.org\/es\/download\/covid-19\/COMUNICACION-PROTOCOLO-3a-VERSION-GVA-GESTION-RESIDUOS-EN-RESIDENCIAS-Y-HOSPITALES.pdf\" target=\"_blank\" title=\"Download COMUNICACION PROTOCOLO -3\u00aa VERSION GVA GESTION RESIDUOS EN RESIDENCIAS Y HOSPITALES\"><img decoding=\"async\" align=\"middle\" src=\"https:\/\/www.consorciresidus.org\/wp-content\/images\/fileicons\/pdf.png\" alt=\"COMUNICACION PROTOCOLO -3\u00aa VERSION GVA GESTION RESIDUOS EN RESIDENCIAS Y HOSPITALES\" \/><\/a>\r\n               <a class=\"titulo\" href=\"https:\/\/www.consorciresidus.org\/es\/download\/covid-19\/COMUNICACION-PROTOCOLO-3a-VERSION-GVA-GESTION-RESIDUOS-EN-RESIDENCIAS-Y-HOSPITALES.pdf\" title=\"Download COMUNICACION PROTOCOLO -3\u00aa VERSION GVA GESTION RESIDUOS EN RESIDENCIAS Y HOSPITALES\" target=\"_blank\" >COMUNICACION PROTOCOLO -3\u00aa VERSION GVA GESTION RESIDUOS EN RESIDENCIAS Y HOSPITALES<\/a>\r\n                <span class=\"recent-views\">8 abril, 2020<\/span>\r\n             \r\n       <\/h3>\r\n\r\n       <div class=\"notes\">        \r\n                     <p class=\"dataset-organization\"><\/p>  \r\n                     <span class=\"peso\">0.4 MiB<\/span>\r\n       <\/div>\r\n      \r\n     \r\n<\/div>\r\n\r\n<div class=\"dataset-content\">   \r\n             \r\n       <h3 class=\"dataset-heading\">\r\n               <a href=\"https:\/\/www.consorciresidus.org\/es\/download\/covid-19\/20200326-Uns-altres-REVISION-PROCEDIMIENTO-FRACCION-RESTO-CENTROS-CON-CASOS-COVID-19-DEF-firmado-25-03-2020.pdf\" target=\"_blank\" title=\"Download 20200326 Uns Altres REVISION PROCEDIMIENTO FRACCI\u00d3N RESTO CENTROS CON CASOS COVID-19 DEF Firmado 25 03 2020\"><img decoding=\"async\" align=\"middle\" src=\"https:\/\/www.consorciresidus.org\/wp-content\/images\/fileicons\/pdf.png\" alt=\"20200326 Uns Altres REVISION PROCEDIMIENTO FRACCI\u00d3N RESTO CENTROS CON CASOS COVID-19 DEF Firmado 25 03 2020\" \/><\/a>\r\n               <a class=\"titulo\" href=\"https:\/\/www.consorciresidus.org\/es\/download\/covid-19\/20200326-Uns-altres-REVISION-PROCEDIMIENTO-FRACCION-RESTO-CENTROS-CON-CASOS-COVID-19-DEF-firmado-25-03-2020.pdf\" title=\"Download 20200326 Uns Altres REVISION PROCEDIMIENTO FRACCI\u00d3N RESTO CENTROS CON CASOS COVID-19 DEF Firmado 25 03 2020\" target=\"_blank\" >20200326 Uns Altres REVISION PROCEDIMIENTO FRACCI\u00d3N RESTO CENTROS CON CASOS COVID-19 DEF Firmado 25 03 2020<\/a>\r\n                <span class=\"recent-views\">26 marzo, 2020<\/span>\r\n             \r\n       <\/h3>\r\n\r\n       <div class=\"notes\">        \r\n                     <p class=\"dataset-organization\"><\/p>  \r\n                     <span class=\"peso\">0.2 MiB<\/span>\r\n       <\/div>\r\n      \r\n     \r\n<\/div>\r\n\r\n<span aria-label=\"P\u00e1gina 1\" aria-current=\"page\" class=\"page-numbers current\">1<\/span>\n<a aria-label=\"P\u00e1gina 2\" class=\"page-numbers\" href=\"\/es\/wp-json\/wp\/v2\/pages\/22359?wpfb_list_page=2\">2<\/a>\n<a aria-label=\"P\u00e1gina 3\" class=\"page-numbers\" href=\"\/es\/wp-json\/wp\/v2\/pages\/22359?wpfb_list_page=3\">3<\/a>\n<a class=\"next page-numbers\" href=\"\/es\/wp-json\/wp\/v2\/pages\/22359?wpfb_list_page=2\">Siguiente &raquo;<\/a>[\/vc_column_text][\/vc_column_inner][\/vc_row_inner][\/vc_column][\/mk_page_section]\n<div style=\"clear:both;\"><\/div>","protected":false},"excerpt":{"rendered":"<p>[mk_page_section js_vertical_centered=\u00bbtrue\u00bb padding_top=\u00bb50&#8243; sidebar=\u00bbsidebar-1&#8243;][vc_column][mk_ornamental_title font_family=\u00bbnone\u00bb font_size=\u00bb38&#8243; font_weight=\u00bb300&#8243; txt_transform=\u00bbnone\u00bb ornament_style=\u00bbnorman-single\u00bb ornament_color=\u00bb#c1c1c1&#8243; margin_top=\u00bb-15&#8243; margin_bottom=\u00bb5&#8243;]COVID-19[\/mk_ornamental_title][vc_column_text css=\u00bb.vc_custom_1585126311383{margin-bottom: 0px !important;}\u00bb] Informaci\u00f3n del COR en tiempo del COVID-19 [\/vc_column_text][\/vc_column][\/mk_page_section][mk_page_section section_layout=\u00bbright\u00bb el_class=\u00bbborde-verde\u00bb sidebar=\u00bbsidebar-4&#8243;][vc_column][vc_row_inner][vc_column_inner][vc_custom_heading [&hellip;]<\/p>\n","protected":false},"author":4,"featured_media":0,"parent":0,"menu_order":0,"comment_status":"closed","ping_status":"closed","template":"","meta":{"footnotes":""},"class_list":["post-22359","page","type-page","status-publish","hentry"],"yoast_head":"<!-- This site is optimized with the Yoast SEO plugin v26.0 - https:\/\/yoast.com\/wordpress\/plugins\/seo\/ -->\n<title>COVID-19 - Consorcio de Residuos V5 - COR<\/title>\n<meta name=\"robots\" content=\"index, follow, max-snippet:-1, max-image-preview:large, max-video-preview:-1\" \/>\n<link rel=\"canonical\" href=\"https:\/\/www.consorciresidus.org\/es\/covid-19\/\" \/>\n<meta property=\"og:locale\" content=\"es_ES\" \/>\n<meta property=\"og:type\" content=\"article\" \/>\n<meta property=\"og:title\" content=\"COVID-19 - Consorcio de Residuos V5 - COR\" \/>\n<meta property=\"og:description\" content=\"[mk_page_section js_vertical_centered=\u00bbtrue\u00bb padding_top=\u00bb50&#8243; sidebar=\u00bbsidebar-1&#8243;][vc_column][mk_ornamental_title font_family=\u00bbnone\u00bb font_size=\u00bb38&#8243; font_weight=\u00bb300&#8243; txt_transform=\u00bbnone\u00bb ornament_style=\u00bbnorman-single\u00bb ornament_color=\u00bb#c1c1c1&#8243; margin_top=\u00bb-15&#8243; margin_bottom=\u00bb5&#8243;]COVID-19[\/mk_ornamental_title][vc_column_text css=\u00bb.vc_custom_1585126311383{margin-bottom: 0px !important;}\u00bb] Informaci\u00f3n del COR en tiempo del COVID-19 [\/vc_column_text][\/vc_column][\/mk_page_section][mk_page_section section_layout=\u00bbright\u00bb el_class=\u00bbborde-verde\u00bb sidebar=\u00bbsidebar-4&#8243;][vc_column][vc_row_inner][vc_column_inner][vc_custom_heading [&hellip;]\" \/>\n<meta property=\"og:url\" content=\"https:\/\/www.consorciresidus.org\/es\/covid-19\/\" \/>\n<meta property=\"og:site_name\" content=\"Consorcio de Residuos V5 - COR\" \/>\n<meta property=\"article:modified_time\" content=\"2020-03-25T09:43:49+00:00\" \/>\n<meta name=\"twitter:card\" content=\"summary_large_image\" \/>\n<meta name=\"twitter:label1\" content=\"Tiempo de lectura\" \/>\n\t<meta name=\"twitter:data1\" content=\"1 minuto\" \/>\n<script type=\"application\/ld+json\" class=\"yoast-schema-graph\">{\"@context\":\"https:\/\/schema.org\",\"@graph\":[{\"@type\":\"WebPage\",\"@id\":\"https:\/\/www.consorciresidus.org\/es\/covid-19\/\",\"url\":\"https:\/\/www.consorciresidus.org\/es\/covid-19\/\",\"name\":\"COVID-19 - Consorcio de Residuos V5 - COR\",\"isPartOf\":{\"@id\":\"https:\/\/www.consorciresidus.org\/#website\"},\"datePublished\":\"2020-03-25T08:45:37+00:00\",\"dateModified\":\"2020-03-25T09:43:49+00:00\",\"inLanguage\":\"es\",\"potentialAction\":[{\"@type\":\"ReadAction\",\"target\":[\"https:\/\/www.consorciresidus.org\/es\/covid-19\/\"]}]},{\"@type\":\"WebSite\",\"@id\":\"https:\/\/www.consorciresidus.org\/#website\",\"url\":\"https:\/\/www.consorciresidus.org\/\",\"name\":\"Consorcio de Residuos V5 - COR\",\"description\":\"Consorcio para la gesti\u00f3n de residuos\",\"potentialAction\":[{\"@type\":\"SearchAction\",\"target\":{\"@type\":\"EntryPoint\",\"urlTemplate\":\"https:\/\/www.consorciresidus.org\/?s={search_term_string}\"},\"query-input\":{\"@type\":\"PropertyValueSpecification\",\"valueRequired\":true,\"valueName\":\"search_term_string\"}}],\"inLanguage\":\"es\"}]}<\/script>\n<!-- \/ Yoast SEO plugin. -->","yoast_head_json":{"title":"COVID-19 - Consorcio de Residuos V5 - COR","robots":{"index":"index","follow":"follow","max-snippet":"max-snippet:-1","max-image-preview":"max-image-preview:large","max-video-preview":"max-video-preview:-1"},"canonical":"https:\/\/www.consorciresidus.org\/es\/covid-19\/","og_locale":"es_ES","og_type":"article","og_title":"COVID-19 - Consorcio de Residuos V5 - COR","og_description":"[mk_page_section js_vertical_centered=\u00bbtrue\u00bb padding_top=\u00bb50&#8243; sidebar=\u00bbsidebar-1&#8243;][vc_column][mk_ornamental_title font_family=\u00bbnone\u00bb font_size=\u00bb38&#8243; font_weight=\u00bb300&#8243; txt_transform=\u00bbnone\u00bb ornament_style=\u00bbnorman-single\u00bb ornament_color=\u00bb#c1c1c1&#8243; margin_top=\u00bb-15&#8243; margin_bottom=\u00bb5&#8243;]COVID-19[\/mk_ornamental_title][vc_column_text css=\u00bb.vc_custom_1585126311383{margin-bottom: 0px !important;}\u00bb] Informaci\u00f3n del COR en tiempo del COVID-19 [\/vc_column_text][\/vc_column][\/mk_page_section][mk_page_section section_layout=\u00bbright\u00bb el_class=\u00bbborde-verde\u00bb sidebar=\u00bbsidebar-4&#8243;][vc_column][vc_row_inner][vc_column_inner][vc_custom_heading [&hellip;]","og_url":"https:\/\/www.consorciresidus.org\/es\/covid-19\/","og_site_name":"Consorcio de Residuos V5 - COR","article_modified_time":"2020-03-25T09:43:49+00:00","twitter_card":"summary_large_image","twitter_misc":{"Tiempo de lectura":"1 minuto"},"schema":{"@context":"https:\/\/schema.org","@graph":[{"@type":"WebPage","@id":"https:\/\/www.consorciresidus.org\/es\/covid-19\/","url":"https:\/\/www.consorciresidus.org\/es\/covid-19\/","name":"COVID-19 - Consorcio de Residuos V5 - COR","isPartOf":{"@id":"https:\/\/www.consorciresidus.org\/#website"},"datePublished":"2020-03-25T08:45:37+00:00","dateModified":"2020-03-25T09:43:49+00:00","inLanguage":"es","potentialAction":[{"@type":"ReadAction","target":["https:\/\/www.consorciresidus.org\/es\/covid-19\/"]}]},{"@type":"WebSite","@id":"https:\/\/www.consorciresidus.org\/#website","url":"https:\/\/www.consorciresidus.org\/","name":"Consorcio de Residuos V5 - COR","description":"Consorcio para la gesti\u00f3n de residuos","potentialAction":[{"@type":"SearchAction","target":{"@type":"EntryPoint","urlTemplate":"https:\/\/www.consorciresidus.org\/?s={search_term_string}"},"query-input":{"@type":"PropertyValueSpecification","valueRequired":true,"valueName":"search_term_string"}}],"inLanguage":"es"}]}},"_links":{"self":[{"href":"https:\/\/www.consorciresidus.org\/es\/wp-json\/wp\/v2\/pages\/22359","targetHints":{"allow":["GET"]}}],"collection":[{"href":"https:\/\/www.consorciresidus.org\/es\/wp-json\/wp\/v2\/pages"}],"about":[{"href":"https:\/\/www.consorciresidus.org\/es\/wp-json\/wp\/v2\/types\/page"}],"author":[{"embeddable":true,"href":"https:\/\/www.consorciresidus.org\/es\/wp-json\/wp\/v2\/users\/4"}],"replies":[{"embeddable":true,"href":"https:\/\/www.consorciresidus.org\/es\/wp-json\/wp\/v2\/comments?post=22359"}],"version-history":[{"count":11,"href":"https:\/\/www.consorciresidus.org\/es\/wp-json\/wp\/v2\/pages\/22359\/revisions"}],"predecessor-version":[{"id":22390,"href":"https:\/\/www.consorciresidus.org\/es\/wp-json\/wp\/v2\/pages\/22359\/revisions\/22390"}],"wp:attachment":[{"href":"https:\/\/www.consorciresidus.org\/es\/wp-json\/wp\/v2\/media?parent=22359"}],"curies":[{"name":"wp","href":"https:\/\/api.w.org\/{rel}","templated":true}]}}