 



{"id":22533,"date":"2020-05-18T13:34:36","date_gmt":"2020-05-18T13:34:36","guid":{"rendered":"https:\/\/www.consorciresidus.org\/contractes-adjudicats\/"},"modified":"2020-10-19T08:05:06","modified_gmt":"2020-10-19T08:05:06","slug":"publicaciones-licitaciones","status":"publish","type":"page","link":"https:\/\/www.consorciresidus.org\/es\/publicaciones-licitaciones\/","title":{"rendered":"Publicaciones de licitaciones"},"content":{"rendered":"[mk_page_section min_height=\u00bb0&#8243; js_vertical_centered=\u00bbtrue\u00bb padding_top=\u00bb50&#8243; sidebar=\u00bbsidebar-1&#8243;][vc_column][mk_ornamental_title font_family=\u00bbnone\u00bb font_size=\u00bb38&#8243; font_weight=\u00bb300&#8243; txt_transform=\u00bbnone\u00bb ornament_style=\u00bbnorman-single\u00bb ornament_color=\u00bb#c1c1c1&#8243; margin_top=\u00bb-15&#8243; margin_bottom=\u00bb5&#8243;]Publicaciones de licitaciones[\/mk_ornamental_title][vc_column_text align=\u00bbcenter\u00bb css=\u00bb.vc_custom_1589809497656{margin-bottom: 0px !important;}\u00bb]<span style=\"color: #999999;\">Econ\u00f3mica y presupuestaria<\/span>[\/vc_column_text][\/vc_column][\/mk_page_section][mk_page_section section_layout=\u00bbright\u00bb el_class=\u00bbborde-verde\u00bb sidebar=\u00bbsidebar-4&#8243;][vc_column][vc_row_inner][vc_column_inner][vc_column_text css=\u00bb.vc_custom_1603094698259{margin-bottom: 0px !important;}\u00bb]<div class=\"dataset-content\">   \r\n             \r\n       <h3 class=\"dataset-heading\">\r\n               <a href=\"https:\/\/www.consorciresidus.org\/es\/download\/1.-Anuncio-publicacion-licitacion-C.-servcios-de-mantenimiento-de-vehiculos-exp.-99-2021_2.pdf\" target=\"_blank\" title=\"Download Servicio de revisi\u00f3n, mantenimiento, reparaci\u00f3n y limpieza de la flota de veh\u00edculos y maquinaria del Consorcio\"><img decoding=\"async\" align=\"middle\" src=\"https:\/\/www.consorciresidus.org\/wp-content\/images\/fileicons\/pdf.png\" alt=\"Servicio de revisi\u00f3n, mantenimiento, reparaci\u00f3n y limpieza de la flota de veh\u00edculos y maquinaria del Consorcio\" \/><\/a>\r\n               <a class=\"titulo\" href=\"https:\/\/www.consorciresidus.org\/es\/download\/1.-Anuncio-publicacion-licitacion-C.-servcios-de-mantenimiento-de-vehiculos-exp.-99-2021_2.pdf\" title=\"Download Servicio de revisi\u00f3n, mantenimiento, reparaci\u00f3n y limpieza de la flota de veh\u00edculos y maquinaria del Consorcio\" target=\"_blank\" >Servicio de revisi\u00f3n, mantenimiento, reparaci\u00f3n y limpieza de la flota de veh\u00edculos y maquinaria del Consorcio<\/a>\r\n                <span class=\"recent-views\">8 junio, 2021<\/span>\r\n             \r\n       <\/h3>\r\n\r\n       <div class=\"notes\">        \r\n                     <p class=\"dataset-organization\"><\/p>  \r\n                     <span class=\"peso\">90 KiB<\/span>\r\n       <\/div>\r\n      \r\n     \r\n<\/div>\r\n\r\n<div class=\"dataset-content\">   \r\n             \r\n       <h3 class=\"dataset-heading\">\r\n               <a href=\"https:\/\/www.consorciresidus.org\/es\/download\/economica_y_presupuestaria\/contratos\/publicaciones_de_licitaciones\/Licitacion-Contrato-de-concesion-de-servicios-de-recogida-y-tratamiento-de-aceite_2.pdf\" target=\"_blank\" title=\"Download Licitaci\u00f3n Contrato De Concesi\u00f3n De Servicios De Recogida Y Tratamiento De Aceite\"><img decoding=\"async\" align=\"middle\" src=\"https:\/\/www.consorciresidus.org\/wp-content\/images\/fileicons\/pdf.png\" alt=\"Licitaci\u00f3n Contrato De Concesi\u00f3n De Servicios De Recogida Y Tratamiento De Aceite\" \/><\/a>\r\n               <a class=\"titulo\" href=\"https:\/\/www.consorciresidus.org\/es\/download\/economica_y_presupuestaria\/contratos\/publicaciones_de_licitaciones\/Licitacion-Contrato-de-concesion-de-servicios-de-recogida-y-tratamiento-de-aceite_2.pdf\" title=\"Download Licitaci\u00f3n Contrato De Concesi\u00f3n De Servicios De Recogida Y Tratamiento De Aceite\" target=\"_blank\" >Licitaci\u00f3n Contrato De Concesi\u00f3n De Servicios De Recogida Y Tratamiento De Aceite<\/a>\r\n                <span class=\"recent-views\">26 mayo, 2021<\/span>\r\n             \r\n       <\/h3>\r\n\r\n       <div class=\"notes\">        \r\n                     <p class=\"dataset-organization\"><\/p>  \r\n                     <span class=\"peso\">90 KiB<\/span>\r\n       <\/div>\r\n      \r\n     \r\n<\/div>\r\n\r\n<div class=\"dataset-content\">   \r\n             \r\n       <h3 class=\"dataset-heading\">\r\n               <a href=\"https:\/\/www.consorciresidus.org\/es\/download\/economica_y_presupuestaria\/contratos\/publicaciones_de_licitaciones\/Anuncio-publicacion-licitacion-de-obra-de-illa-de-compostatge-de-Albaida.pdf\" target=\"_blank\" title=\"Download Anuncio Publicaci\u00f3n Licitaci\u00f3n De Obra De Illa De Compostatge De Albaida\"><img decoding=\"async\" align=\"middle\" src=\"https:\/\/www.consorciresidus.org\/wp-content\/images\/fileicons\/pdf.png\" alt=\"Anuncio Publicaci\u00f3n Licitaci\u00f3n De Obra De Illa De Compostatge De Albaida\" \/><\/a>\r\n               <a class=\"titulo\" href=\"https:\/\/www.consorciresidus.org\/es\/download\/economica_y_presupuestaria\/contratos\/publicaciones_de_licitaciones\/Anuncio-publicacion-licitacion-de-obra-de-illa-de-compostatge-de-Albaida.pdf\" title=\"Download Anuncio Publicaci\u00f3n Licitaci\u00f3n De Obra De Illa De Compostatge De Albaida\" target=\"_blank\" >Anuncio Publicaci\u00f3n Licitaci\u00f3n De Obra De Illa De Compostatge De Albaida<\/a>\r\n                <span class=\"recent-views\">15 abril, 2021<\/span>\r\n             \r\n       <\/h3>\r\n\r\n       <div class=\"notes\">        \r\n                     <p class=\"dataset-organization\"><\/p>  \r\n                     <span class=\"peso\">87 KiB<\/span>\r\n       <\/div>\r\n      \r\n     \r\n<\/div>\r\n\r\n<div class=\"dataset-content\">   \r\n             \r\n       <h3 class=\"dataset-heading\">\r\n               <a href=\"https:\/\/www.consorciresidus.org\/es\/download\/economica_y_presupuestaria\/contratos\/publicaciones_de_licitaciones\/Anuncio-publicacion-licitacion-contrato-de-obra-de-illa-de-compostage-de-Salem_2.pdf\" target=\"_blank\" title=\"Download Anuncio publicaci\u00f3n licitaci\u00f3n contrato de obra de illa de compostage de Salem\"><img decoding=\"async\" align=\"middle\" src=\"https:\/\/www.consorciresidus.org\/wp-content\/images\/fileicons\/pdf.png\" alt=\"Anuncio publicaci\u00f3n licitaci\u00f3n contrato de obra de illa de compostage de Salem\" \/><\/a>\r\n               <a class=\"titulo\" href=\"https:\/\/www.consorciresidus.org\/es\/download\/economica_y_presupuestaria\/contratos\/publicaciones_de_licitaciones\/Anuncio-publicacion-licitacion-contrato-de-obra-de-illa-de-compostage-de-Salem_2.pdf\" title=\"Download Anuncio publicaci\u00f3n licitaci\u00f3n contrato de obra de illa de compostage de Salem\" target=\"_blank\" >Anuncio publicaci\u00f3n licitaci\u00f3n contrato de obra de illa de compostage de Salem<\/a>\r\n                <span class=\"recent-views\">15 abril, 2021<\/span>\r\n             \r\n       <\/h3>\r\n\r\n       <div class=\"notes\">        \r\n                     <p class=\"dataset-organization\"><\/p>  \r\n                     <span class=\"peso\">87 KiB<\/span>\r\n       <\/div>\r\n      \r\n     \r\n<\/div>\r\n\r\n<div class=\"dataset-content\">   \r\n             \r\n       <h3 class=\"dataset-heading\">\r\n               <a href=\"https:\/\/www.consorciresidus.org\/es\/download\/economica_y_presupuestaria\/contratos\/publicaciones_de_licitaciones\/1.-ANUNCIO-PUBLICACION-OBRA-ILLA-DE-COMPOSTATGE-DE-CANALS-15042021_2.pdf\" target=\"_blank\" title=\"Download ANUNCIO PUBLICACI\u00d3N OBRA ILLA DE COMPOSTATGE DE CANALS\"><img decoding=\"async\" align=\"middle\" src=\"https:\/\/www.consorciresidus.org\/wp-content\/images\/fileicons\/pdf.png\" alt=\"ANUNCIO PUBLICACI\u00d3N OBRA ILLA DE COMPOSTATGE DE CANALS\" \/><\/a>\r\n               <a class=\"titulo\" href=\"https:\/\/www.consorciresidus.org\/es\/download\/economica_y_presupuestaria\/contratos\/publicaciones_de_licitaciones\/1.-ANUNCIO-PUBLICACION-OBRA-ILLA-DE-COMPOSTATGE-DE-CANALS-15042021_2.pdf\" title=\"Download ANUNCIO PUBLICACI\u00d3N OBRA ILLA DE COMPOSTATGE DE CANALS\" target=\"_blank\" >ANUNCIO PUBLICACI\u00d3N OBRA ILLA DE COMPOSTATGE DE CANALS<\/a>\r\n                <span class=\"recent-views\">15 abril, 2021<\/span>\r\n             \r\n       <\/h3>\r\n\r\n       <div class=\"notes\">        \r\n                     <p class=\"dataset-organization\"><\/p>  \r\n                     <span class=\"peso\">87 KiB<\/span>\r\n       <\/div>\r\n      \r\n     \r\n<\/div>\r\n\r\n<div class=\"dataset-content\">   \r\n             \r\n       <h3 class=\"dataset-heading\">\r\n               <a href=\"https:\/\/www.consorciresidus.org\/es\/download\/economica_y_presupuestaria\/contratos\/publicaciones_de_licitaciones\/ANUNCIO-PUBLICACION-LICITACION-CONTRATO-DE-ASISTENCIA-JURIDICA-Y-REPRESENTACION_2.pdf\" target=\"_blank\" title=\"Download Anuncio publicaci\u00f3n licitaci\u00f3n contrato de asistencia jur\u00eddica y representaci\u00f3n\"><img decoding=\"async\" align=\"middle\" src=\"https:\/\/www.consorciresidus.org\/wp-content\/images\/fileicons\/pdf.png\" alt=\"Anuncio publicaci\u00f3n licitaci\u00f3n contrato de asistencia jur\u00eddica y representaci\u00f3n\" \/><\/a>\r\n               <a class=\"titulo\" href=\"https:\/\/www.consorciresidus.org\/es\/download\/economica_y_presupuestaria\/contratos\/publicaciones_de_licitaciones\/ANUNCIO-PUBLICACION-LICITACION-CONTRATO-DE-ASISTENCIA-JURIDICA-Y-REPRESENTACION_2.pdf\" title=\"Download Anuncio publicaci\u00f3n licitaci\u00f3n contrato de asistencia jur\u00eddica y representaci\u00f3n\" target=\"_blank\" >Anuncio publicaci\u00f3n licitaci\u00f3n contrato de asistencia jur\u00eddica y representaci\u00f3n<\/a>\r\n                <span class=\"recent-views\">15 abril, 2021<\/span>\r\n             \r\n       <\/h3>\r\n\r\n       <div class=\"notes\">        \r\n                     <p class=\"dataset-organization\"><\/p>  \r\n                     <span class=\"peso\">90 KiB<\/span>\r\n       <\/div>\r\n      \r\n     \r\n<\/div>\r\n\r\n<span aria-label=\"P\u00e1gina 1\" aria-current=\"page\" class=\"page-numbers current\">1<\/span>\n<a aria-label=\"P\u00e1gina 2\" class=\"page-numbers\" href=\"\/es\/wp-json\/wp\/v2\/pages\/22533?wpfb_list_page=2\">2<\/a>\n<a class=\"next page-numbers\" href=\"\/es\/wp-json\/wp\/v2\/pages\/22533?wpfb_list_page=2\">Siguiente &raquo;<\/a>[\/vc_column_text][\/vc_column_inner][\/vc_row_inner][\/vc_column][\/mk_page_section]\n<div style=\"clear:both;\"><\/div>","protected":false},"excerpt":{"rendered":"<p>[mk_page_section min_height=\u00bb0&#8243; js_vertical_centered=\u00bbtrue\u00bb padding_top=\u00bb50&#8243; sidebar=\u00bbsidebar-1&#8243;][vc_column][mk_ornamental_title font_family=\u00bbnone\u00bb font_size=\u00bb38&#8243; font_weight=\u00bb300&#8243; txt_transform=\u00bbnone\u00bb ornament_style=\u00bbnorman-single\u00bb ornament_color=\u00bb#c1c1c1&#8243; margin_top=\u00bb-15&#8243; margin_bottom=\u00bb5&#8243;]Publicaciones de licitaciones[\/mk_ornamental_title][vc_column_text align=\u00bbcenter\u00bb css=\u00bb.vc_custom_1589809497656{margin-bottom: 0px !important;}\u00bb]Econ\u00f3mica y presupuestaria[\/vc_column_text][\/vc_column][\/mk_page_section][mk_page_section section_layout=\u00bbright\u00bb el_class=\u00bbborde-verde\u00bb sidebar=\u00bbsidebar-4&#8243;][vc_column][vc_row_inner][vc_column_inner][vc_column_text css=\u00bb.vc_custom_1603094698259{margin-bottom: 0px [&hellip;]<\/p>\n","protected":false},"author":4,"featured_media":0,"parent":0,"menu_order":0,"comment_status":"closed","ping_status":"closed","template":"","meta":{"footnotes":""},"class_list":["post-22533","page","type-page","status-publish","hentry"],"yoast_head":"<!-- This site is optimized with the Yoast SEO plugin v26.0 - https:\/\/yoast.com\/wordpress\/plugins\/seo\/ -->\n<title>Publicaciones de licitaciones - Consorcio de Residuos V5 - COR<\/title>\n<meta name=\"robots\" content=\"index, follow, max-snippet:-1, max-image-preview:large, max-video-preview:-1\" \/>\n<link rel=\"canonical\" href=\"https:\/\/www.consorciresidus.org\/es\/publicaciones-licitaciones\/\" \/>\n<meta property=\"og:locale\" content=\"es_ES\" \/>\n<meta property=\"og:type\" content=\"article\" \/>\n<meta property=\"og:title\" content=\"Publicaciones de licitaciones - Consorcio de Residuos V5 - COR\" \/>\n<meta property=\"og:description\" content=\"[mk_page_section min_height=\u00bb0&#8243; js_vertical_centered=\u00bbtrue\u00bb padding_top=\u00bb50&#8243; sidebar=\u00bbsidebar-1&#8243;][vc_column][mk_ornamental_title font_family=\u00bbnone\u00bb font_size=\u00bb38&#8243; font_weight=\u00bb300&#8243; txt_transform=\u00bbnone\u00bb ornament_style=\u00bbnorman-single\u00bb ornament_color=\u00bb#c1c1c1&#8243; margin_top=\u00bb-15&#8243; margin_bottom=\u00bb5&#8243;]Publicaciones de licitaciones[\/mk_ornamental_title][vc_column_text align=\u00bbcenter\u00bb css=\u00bb.vc_custom_1589809497656{margin-bottom: 0px !important;}\u00bb]Econ\u00f3mica y presupuestaria[\/vc_column_text][\/vc_column][\/mk_page_section][mk_page_section section_layout=\u00bbright\u00bb el_class=\u00bbborde-verde\u00bb sidebar=\u00bbsidebar-4&#8243;][vc_column][vc_row_inner][vc_column_inner][vc_column_text css=\u00bb.vc_custom_1603094698259{margin-bottom: 0px [&hellip;]\" \/>\n<meta property=\"og:url\" content=\"https:\/\/www.consorciresidus.org\/es\/publicaciones-licitaciones\/\" \/>\n<meta property=\"og:site_name\" content=\"Consorcio de Residuos V5 - COR\" \/>\n<meta property=\"article:modified_time\" content=\"2020-10-19T08:05:06+00:00\" \/>\n<meta name=\"twitter:card\" content=\"summary_large_image\" \/>\n<meta name=\"twitter:label1\" content=\"Tiempo de lectura\" \/>\n\t<meta name=\"twitter:data1\" content=\"1 minuto\" \/>\n<script type=\"application\/ld+json\" class=\"yoast-schema-graph\">{\"@context\":\"https:\/\/schema.org\",\"@graph\":[{\"@type\":\"WebPage\",\"@id\":\"https:\/\/www.consorciresidus.org\/es\/publicaciones-licitaciones\/\",\"url\":\"https:\/\/www.consorciresidus.org\/es\/publicaciones-licitaciones\/\",\"name\":\"Publicaciones de licitaciones - Consorcio de Residuos V5 - COR\",\"isPartOf\":{\"@id\":\"https:\/\/www.consorciresidus.org\/#website\"},\"datePublished\":\"2020-05-18T13:34:36+00:00\",\"dateModified\":\"2020-10-19T08:05:06+00:00\",\"inLanguage\":\"es\",\"potentialAction\":[{\"@type\":\"ReadAction\",\"target\":[\"https:\/\/www.consorciresidus.org\/es\/publicaciones-licitaciones\/\"]}]},{\"@type\":\"WebSite\",\"@id\":\"https:\/\/www.consorciresidus.org\/#website\",\"url\":\"https:\/\/www.consorciresidus.org\/\",\"name\":\"Consorcio de Residuos V5 - COR\",\"description\":\"Consorcio para la gesti\u00f3n de residuos\",\"potentialAction\":[{\"@type\":\"SearchAction\",\"target\":{\"@type\":\"EntryPoint\",\"urlTemplate\":\"https:\/\/www.consorciresidus.org\/?s={search_term_string}\"},\"query-input\":{\"@type\":\"PropertyValueSpecification\",\"valueRequired\":true,\"valueName\":\"search_term_string\"}}],\"inLanguage\":\"es\"}]}<\/script>\n<!-- \/ Yoast SEO plugin. -->","yoast_head_json":{"title":"Publicaciones de licitaciones - Consorcio de Residuos V5 - COR","robots":{"index":"index","follow":"follow","max-snippet":"max-snippet:-1","max-image-preview":"max-image-preview:large","max-video-preview":"max-video-preview:-1"},"canonical":"https:\/\/www.consorciresidus.org\/es\/publicaciones-licitaciones\/","og_locale":"es_ES","og_type":"article","og_title":"Publicaciones de licitaciones - Consorcio de Residuos V5 - COR","og_description":"[mk_page_section min_height=\u00bb0&#8243; js_vertical_centered=\u00bbtrue\u00bb padding_top=\u00bb50&#8243; sidebar=\u00bbsidebar-1&#8243;][vc_column][mk_ornamental_title font_family=\u00bbnone\u00bb font_size=\u00bb38&#8243; font_weight=\u00bb300&#8243; txt_transform=\u00bbnone\u00bb ornament_style=\u00bbnorman-single\u00bb ornament_color=\u00bb#c1c1c1&#8243; margin_top=\u00bb-15&#8243; margin_bottom=\u00bb5&#8243;]Publicaciones de licitaciones[\/mk_ornamental_title][vc_column_text align=\u00bbcenter\u00bb css=\u00bb.vc_custom_1589809497656{margin-bottom: 0px !important;}\u00bb]Econ\u00f3mica y presupuestaria[\/vc_column_text][\/vc_column][\/mk_page_section][mk_page_section section_layout=\u00bbright\u00bb el_class=\u00bbborde-verde\u00bb sidebar=\u00bbsidebar-4&#8243;][vc_column][vc_row_inner][vc_column_inner][vc_column_text css=\u00bb.vc_custom_1603094698259{margin-bottom: 0px [&hellip;]","og_url":"https:\/\/www.consorciresidus.org\/es\/publicaciones-licitaciones\/","og_site_name":"Consorcio de Residuos V5 - COR","article_modified_time":"2020-10-19T08:05:06+00:00","twitter_card":"summary_large_image","twitter_misc":{"Tiempo de lectura":"1 minuto"},"schema":{"@context":"https:\/\/schema.org","@graph":[{"@type":"WebPage","@id":"https:\/\/www.consorciresidus.org\/es\/publicaciones-licitaciones\/","url":"https:\/\/www.consorciresidus.org\/es\/publicaciones-licitaciones\/","name":"Publicaciones de licitaciones - Consorcio de Residuos V5 - COR","isPartOf":{"@id":"https:\/\/www.consorciresidus.org\/#website"},"datePublished":"2020-05-18T13:34:36+00:00","dateModified":"2020-10-19T08:05:06+00:00","inLanguage":"es","potentialAction":[{"@type":"ReadAction","target":["https:\/\/www.consorciresidus.org\/es\/publicaciones-licitaciones\/"]}]},{"@type":"WebSite","@id":"https:\/\/www.consorciresidus.org\/#website","url":"https:\/\/www.consorciresidus.org\/","name":"Consorcio de Residuos V5 - COR","description":"Consorcio para la gesti\u00f3n de residuos","potentialAction":[{"@type":"SearchAction","target":{"@type":"EntryPoint","urlTemplate":"https:\/\/www.consorciresidus.org\/?s={search_term_string}"},"query-input":{"@type":"PropertyValueSpecification","valueRequired":true,"valueName":"search_term_string"}}],"inLanguage":"es"}]}},"_links":{"self":[{"href":"https:\/\/www.consorciresidus.org\/es\/wp-json\/wp\/v2\/pages\/22533","targetHints":{"allow":["GET"]}}],"collection":[{"href":"https:\/\/www.consorciresidus.org\/es\/wp-json\/wp\/v2\/pages"}],"about":[{"href":"https:\/\/www.consorciresidus.org\/es\/wp-json\/wp\/v2\/types\/page"}],"author":[{"embeddable":true,"href":"https:\/\/www.consorciresidus.org\/es\/wp-json\/wp\/v2\/users\/4"}],"replies":[{"embeddable":true,"href":"https:\/\/www.consorciresidus.org\/es\/wp-json\/wp\/v2\/comments?post=22533"}],"version-history":[{"count":7,"href":"https:\/\/www.consorciresidus.org\/es\/wp-json\/wp\/v2\/pages\/22533\/revisions"}],"predecessor-version":[{"id":23274,"href":"https:\/\/www.consorciresidus.org\/es\/wp-json\/wp\/v2\/pages\/22533\/revisions\/23274"}],"wp:attachment":[{"href":"https:\/\/www.consorciresidus.org\/es\/wp-json\/wp\/v2\/media?parent=22533"}],"curies":[{"name":"wp","href":"https:\/\/api.w.org\/{rel}","templated":true}]}}