 



{"id":27848,"date":"2025-09-24T06:28:08","date_gmt":"2025-09-24T06:28:08","guid":{"rendered":"https:\/\/www.consorciresidus.org\/?page_id=27848"},"modified":"2025-09-24T06:28:08","modified_gmt":"2025-09-24T06:28:08","slug":"subvenciones-2025","status":"publish","type":"page","link":"https:\/\/www.consorciresidus.org\/es\/subvenciones-2025\/","title":{"rendered":"Subvenciones 2025"},"content":{"rendered":"[mk_page_section min_height=\u00bb0&#8243; js_vertical_centered=\u00bbtrue\u00bb padding_top=\u00bb50&#8243; sidebar=\u00bbsidebar-1&#8243;][vc_column][mk_font_icons icon=\u00bbmk-moon-tag-8&#8243; color=\u00bb#0079a1&#8243; size=\u00bbx-large\u00bb margin_horizental=\u00bb0&#8243; margin_vertical=\u00bb12&#8243; align=\u00bbcenter\u00bb][mk_ornamental_title font_family=\u00bbnone\u00bb font_size=\u00bb38&#8243; font_weight=\u00bb300&#8243; txt_transform=\u00bbnone\u00bb ornament_style=\u00bbnorman-single\u00bb ornament_color=\u00bb#c1c1c1&#8243; margin_top=\u00bb-15&#8243; margin_bottom=\u00bb5&#8243;]Subvenciones 2025[\/mk_ornamental_title][vc_column_text align=\u00bbcenter\u00bb]Econ\u00f2mica i pressupost\u00e0ria[\/vc_column_text][\/vc_column][\/mk_page_section][mk_page_section section_layout=\u00bbright\u00bb el_class=\u00bbborde-verde\u00bb sidebar=\u00bbsidebar-4&#8243;][vc_column][vc_row_inner][vc_column_inner][\/vc_column_inner][\/vc_row_inner][vc_row_inner][vc_column_inner][vc_column_text css=\u00bb.vc_custom_1758695279191{margin-bottom: 0px !important;}\u00bb]<div class=\"dataset-content\">   \r\n             \r\n       <h3 class=\"dataset-heading\">\r\n               <a href=\"https:\/\/www.consorciresidus.org\/es\/download\/economica_y_presupuestaria\/Subvenciones2025\/PUBLICACIO-BOP-VALENCIA-No191-6_10_2025_subv-conscienciacio-prevencio.pdf\" target=\"_blank\" title=\"Download PUBLICACI\u00d3N BOP VALENCIA N\u00ba191 Subv Conscienciaci\u00f3n-prevenci\u00f3n\"><img decoding=\"async\" align=\"middle\" src=\"https:\/\/www.consorciresidus.org\/wp-content\/images\/fileicons\/pdf.png\" alt=\"PUBLICACI\u00d3N BOP VALENCIA N\u00ba191 Subv Conscienciaci\u00f3n-prevenci\u00f3n\" \/><\/a>\r\n               <a class=\"titulo\" href=\"https:\/\/www.consorciresidus.org\/es\/download\/economica_y_presupuestaria\/Subvenciones2025\/PUBLICACIO-BOP-VALENCIA-No191-6_10_2025_subv-conscienciacio-prevencio.pdf\" title=\"Download PUBLICACI\u00d3N BOP VALENCIA N\u00ba191 Subv Conscienciaci\u00f3n-prevenci\u00f3n\" target=\"_blank\" >PUBLICACI\u00d3N BOP VALENCIA N\u00ba191 Subv Conscienciaci\u00f3n-prevenci\u00f3n<\/a>\r\n                <span class=\"recent-views\">10 octubre, 2025<\/span>\r\n             \r\n       <\/h3>\r\n\r\n       <div class=\"notes\">        \r\n                     <p class=\"dataset-organization\"><\/p>  \r\n                     <span class=\"peso\">0.1 MiB<\/span>\r\n       <\/div>\r\n      \r\n     \r\n<\/div>\r\n\r\n<div class=\"dataset-content\">   \r\n             \r\n       <h3 class=\"dataset-heading\">\r\n               <a href=\"https:\/\/www.consorciresidus.org\/es\/download\/economica_y_presupuestaria\/Subvenciones2025\/PUBLICACIO-BOP-VALENCIA-NUM.191-6_10_2025_subv.-illes-de-compostatge.pdf\" target=\"_blank\" title=\"Download PUBLICACI\u00d3N BOP VALENCIA N\u00daM.191 Subv Islas De Compostaje\"><img decoding=\"async\" align=\"middle\" src=\"https:\/\/www.consorciresidus.org\/wp-content\/images\/fileicons\/pdf.png\" alt=\"PUBLICACI\u00d3N BOP VALENCIA N\u00daM.191 Subv Islas De Compostaje\" \/><\/a>\r\n               <a class=\"titulo\" href=\"https:\/\/www.consorciresidus.org\/es\/download\/economica_y_presupuestaria\/Subvenciones2025\/PUBLICACIO-BOP-VALENCIA-NUM.191-6_10_2025_subv.-illes-de-compostatge.pdf\" title=\"Download PUBLICACI\u00d3N BOP VALENCIA N\u00daM.191 Subv Islas De Compostaje\" target=\"_blank\" >PUBLICACI\u00d3N BOP VALENCIA N\u00daM.191 Subv Islas De Compostaje<\/a>\r\n                <span class=\"recent-views\">10 octubre, 2025<\/span>\r\n             \r\n       <\/h3>\r\n\r\n       <div class=\"notes\">        \r\n                     <p class=\"dataset-organization\"><\/p>  \r\n                     <span class=\"peso\">0.1 MiB<\/span>\r\n       <\/div>\r\n      \r\n     \r\n<\/div>\r\n\r\n<div class=\"dataset-content\">   \r\n             \r\n       <h3 class=\"dataset-heading\">\r\n               <a href=\"https:\/\/www.consorciresidus.org\/es\/download\/economica_y_presupuestaria\/Subvenciones2025\/6.Bases-Convocatoria-foment-conscienciacio-i-prevencio-de-residus_2.pdf\" target=\"_blank\" title=\"Download 6 Bases Convocatoria Fomento Concienciaci\u00f3n y Prevenci\u00f3n de Residuos\"><img decoding=\"async\" align=\"middle\" src=\"https:\/\/www.consorciresidus.org\/wp-content\/images\/fileicons\/pdf.png\" alt=\"6 Bases Convocatoria Fomento Concienciaci\u00f3n y Prevenci\u00f3n de Residuos\" \/><\/a>\r\n               <a class=\"titulo\" href=\"https:\/\/www.consorciresidus.org\/es\/download\/economica_y_presupuestaria\/Subvenciones2025\/6.Bases-Convocatoria-foment-conscienciacio-i-prevencio-de-residus_2.pdf\" title=\"Download 6 Bases Convocatoria Fomento Concienciaci\u00f3n y Prevenci\u00f3n de Residuos\" target=\"_blank\" >6 Bases Convocatoria Fomento Concienciaci\u00f3n y Prevenci\u00f3n de Residuos<\/a>\r\n                <span class=\"recent-views\">24 septiembre, 2025<\/span>\r\n             \r\n       <\/h3>\r\n\r\n       <div class=\"notes\">        \r\n                     <p class=\"dataset-organization\"><\/p>  \r\n                     <span class=\"peso\">0.3 MiB<\/span>\r\n       <\/div>\r\n      \r\n     \r\n<\/div>\r\n\r\n<div class=\"dataset-content\">   \r\n             \r\n       <h3 class=\"dataset-heading\">\r\n               <a href=\"https:\/\/www.consorciresidus.org\/es\/download\/economica_y_presupuestaria\/Subvenciones2025\/5.REsolucio-subvencio-prevencio-i-conscienciacio-de-residus.pdf\" target=\"_blank\" title=\"Download 5 Resoluci\u00f3n Subvenci\u00f3n Prevenci\u00f3n Y Concienciaci\u00f3n de Residuos\"><img decoding=\"async\" align=\"middle\" src=\"https:\/\/www.consorciresidus.org\/wp-content\/images\/fileicons\/pdf.png\" alt=\"5 Resoluci\u00f3n Subvenci\u00f3n Prevenci\u00f3n Y Concienciaci\u00f3n de Residuos\" \/><\/a>\r\n               <a class=\"titulo\" href=\"https:\/\/www.consorciresidus.org\/es\/download\/economica_y_presupuestaria\/Subvenciones2025\/5.REsolucio-subvencio-prevencio-i-conscienciacio-de-residus.pdf\" title=\"Download 5 Resoluci\u00f3n Subvenci\u00f3n Prevenci\u00f3n Y Concienciaci\u00f3n de Residuos\" target=\"_blank\" >5 Resoluci\u00f3n Subvenci\u00f3n Prevenci\u00f3n Y Concienciaci\u00f3n de Residuos<\/a>\r\n                <span class=\"recent-views\">24 septiembre, 2025<\/span>\r\n             \r\n       <\/h3>\r\n\r\n       <div class=\"notes\">        \r\n                     <p class=\"dataset-organization\"><\/p>  \r\n                     <span class=\"peso\">0.7 MiB<\/span>\r\n       <\/div>\r\n      \r\n     \r\n<\/div>\r\n\r\n<div class=\"dataset-content\">   \r\n             \r\n       <h3 class=\"dataset-heading\">\r\n               <a href=\"https:\/\/www.consorciresidus.org\/es\/download\/economica_y_presupuestaria\/Subvenciones2025\/4.Bases-convocatoria-subvencios-illes-de-compostatge.pdf\" target=\"_blank\" title=\"Download 4 Bases Convocatoria Subvenciones Islas De Compostaje\"><img decoding=\"async\" align=\"middle\" src=\"https:\/\/www.consorciresidus.org\/wp-content\/images\/fileicons\/pdf.png\" alt=\"4 Bases Convocatoria Subvenciones Islas De Compostaje\" \/><\/a>\r\n               <a class=\"titulo\" href=\"https:\/\/www.consorciresidus.org\/es\/download\/economica_y_presupuestaria\/Subvenciones2025\/4.Bases-convocatoria-subvencios-illes-de-compostatge.pdf\" title=\"Download 4 Bases Convocatoria Subvenciones Islas De Compostaje\" target=\"_blank\" >4 Bases Convocatoria Subvenciones Islas De Compostaje<\/a>\r\n                <span class=\"recent-views\">24 septiembre, 2025<\/span>\r\n             \r\n       <\/h3>\r\n\r\n       <div class=\"notes\">        \r\n                     <p class=\"dataset-organization\"><\/p>  \r\n                     <span class=\"peso\">0.4 MiB<\/span>\r\n       <\/div>\r\n      \r\n     \r\n<\/div>\r\n\r\n<div class=\"dataset-content\">   \r\n             \r\n       <h3 class=\"dataset-heading\">\r\n               <a href=\"https:\/\/www.consorciresidus.org\/es\/download\/economica_y_presupuestaria\/Subvenciones2025\/3-Resolucio-Convocatoria-illes-de-compostatge.pdf\" target=\"_blank\" title=\"Download 3 Resoluci\u00f3n Convocatoria Islas De Compostaje\"><img decoding=\"async\" align=\"middle\" src=\"https:\/\/www.consorciresidus.org\/wp-content\/images\/fileicons\/pdf.png\" alt=\"3 Resoluci\u00f3n Convocatoria Islas De Compostaje\" \/><\/a>\r\n               <a class=\"titulo\" href=\"https:\/\/www.consorciresidus.org\/es\/download\/economica_y_presupuestaria\/Subvenciones2025\/3-Resolucio-Convocatoria-illes-de-compostatge.pdf\" title=\"Download 3 Resoluci\u00f3n Convocatoria Islas De Compostaje\" target=\"_blank\" >3 Resoluci\u00f3n Convocatoria Islas De Compostaje<\/a>\r\n                <span class=\"recent-views\">24 septiembre, 2025<\/span>\r\n             \r\n       <\/h3>\r\n\r\n       <div class=\"notes\">        \r\n                     <p class=\"dataset-organization\"><\/p>  \r\n                     <span class=\"peso\">0.7 MiB<\/span>\r\n       <\/div>\r\n      \r\n     \r\n<\/div>\r\n\r\n<span aria-label=\"P\u00e1gina 1\" aria-current=\"page\" class=\"page-numbers current\">1<\/span>\n<a aria-label=\"P\u00e1gina 2\" class=\"page-numbers\" href=\"\/es\/wp-json\/wp\/v2\/pages\/27848?wpfb_list_page=2\">2<\/a>\n<a class=\"next page-numbers\" href=\"\/es\/wp-json\/wp\/v2\/pages\/27848?wpfb_list_page=2\">Siguiente &raquo;<\/a>[\/vc_column_text][\/vc_column_inner][\/vc_row_inner][\/vc_column][\/mk_page_section]\n<div style=\"clear:both;\"><\/div>","protected":false},"excerpt":{"rendered":"<p>[mk_page_section min_height=\u00bb0&#8243; js_vertical_centered=\u00bbtrue\u00bb padding_top=\u00bb50&#8243; sidebar=\u00bbsidebar-1&#8243;][vc_column][mk_font_icons icon=\u00bbmk-moon-tag-8&#8243; color=\u00bb#0079a1&#8243; size=\u00bbx-large\u00bb margin_horizental=\u00bb0&#8243; margin_vertical=\u00bb12&#8243; align=\u00bbcenter\u00bb][mk_ornamental_title font_family=\u00bbnone\u00bb font_size=\u00bb38&#8243; font_weight=\u00bb300&#8243; txt_transform=\u00bbnone\u00bb ornament_style=\u00bbnorman-single\u00bb ornament_color=\u00bb#c1c1c1&#8243; margin_top=\u00bb-15&#8243; margin_bottom=\u00bb5&#8243;]Subvenciones 2025[\/mk_ornamental_title][vc_column_text align=\u00bbcenter\u00bb]Econ\u00f2mica i pressupost\u00e0ria[\/vc_column_text][\/vc_column][\/mk_page_section][mk_page_section section_layout=\u00bbright\u00bb el_class=\u00bbborde-verde\u00bb sidebar=\u00bbsidebar-4&#8243;][vc_column][vc_row_inner][vc_column_inner][\/vc_column_inner][\/vc_row_inner][vc_row_inner][vc_column_inner][vc_column_text [&hellip;]<\/p>\n","protected":false},"author":5,"featured_media":0,"parent":0,"menu_order":0,"comment_status":"closed","ping_status":"closed","template":"","meta":{"footnotes":""},"class_list":["post-27848","page","type-page","status-publish","hentry"],"yoast_head":"<!-- This site is optimized with the Yoast SEO plugin v26.0 - https:\/\/yoast.com\/wordpress\/plugins\/seo\/ -->\n<title>Subvenciones 2025 - Consorcio de Residuos V5 - COR<\/title>\n<meta name=\"robots\" content=\"index, follow, max-snippet:-1, max-image-preview:large, max-video-preview:-1\" \/>\n<link rel=\"canonical\" href=\"https:\/\/www.consorciresidus.org\/es\/subvenciones-2025\/\" \/>\n<meta property=\"og:locale\" content=\"es_ES\" \/>\n<meta property=\"og:type\" content=\"article\" \/>\n<meta property=\"og:title\" content=\"Subvenciones 2025 - Consorcio de Residuos V5 - COR\" \/>\n<meta property=\"og:description\" content=\"[mk_page_section min_height=\u00bb0&#8243; js_vertical_centered=\u00bbtrue\u00bb padding_top=\u00bb50&#8243; sidebar=\u00bbsidebar-1&#8243;][vc_column][mk_font_icons icon=\u00bbmk-moon-tag-8&#8243; color=\u00bb#0079a1&#8243; size=\u00bbx-large\u00bb margin_horizental=\u00bb0&#8243; margin_vertical=\u00bb12&#8243; align=\u00bbcenter\u00bb][mk_ornamental_title font_family=\u00bbnone\u00bb font_size=\u00bb38&#8243; font_weight=\u00bb300&#8243; txt_transform=\u00bbnone\u00bb ornament_style=\u00bbnorman-single\u00bb ornament_color=\u00bb#c1c1c1&#8243; margin_top=\u00bb-15&#8243; margin_bottom=\u00bb5&#8243;]Subvenciones 2025[\/mk_ornamental_title][vc_column_text align=\u00bbcenter\u00bb]Econ\u00f2mica i pressupost\u00e0ria[\/vc_column_text][\/vc_column][\/mk_page_section][mk_page_section section_layout=\u00bbright\u00bb el_class=\u00bbborde-verde\u00bb sidebar=\u00bbsidebar-4&#8243;][vc_column][vc_row_inner][vc_column_inner][\/vc_column_inner][\/vc_row_inner][vc_row_inner][vc_column_inner][vc_column_text [&hellip;]\" \/>\n<meta property=\"og:url\" content=\"https:\/\/www.consorciresidus.org\/es\/subvenciones-2025\/\" \/>\n<meta property=\"og:site_name\" content=\"Consorcio de Residuos V5 - COR\" \/>\n<meta name=\"twitter:card\" content=\"summary_large_image\" \/>\n<meta name=\"twitter:label1\" content=\"Tiempo de lectura\" \/>\n\t<meta name=\"twitter:data1\" content=\"1 minuto\" \/>\n<script type=\"application\/ld+json\" class=\"yoast-schema-graph\">{\"@context\":\"https:\/\/schema.org\",\"@graph\":[{\"@type\":\"WebPage\",\"@id\":\"https:\/\/www.consorciresidus.org\/es\/subvenciones-2025\/\",\"url\":\"https:\/\/www.consorciresidus.org\/es\/subvenciones-2025\/\",\"name\":\"Subvenciones 2025 - Consorcio de Residuos V5 - COR\",\"isPartOf\":{\"@id\":\"https:\/\/www.consorciresidus.org\/#website\"},\"datePublished\":\"2025-09-24T06:28:08+00:00\",\"inLanguage\":\"es\",\"potentialAction\":[{\"@type\":\"ReadAction\",\"target\":[\"https:\/\/www.consorciresidus.org\/es\/subvenciones-2025\/\"]}]},{\"@type\":\"WebSite\",\"@id\":\"https:\/\/www.consorciresidus.org\/#website\",\"url\":\"https:\/\/www.consorciresidus.org\/\",\"name\":\"Consorcio de Residuos V5 - COR\",\"description\":\"Consorcio para la gesti\u00f3n de residuos\",\"potentialAction\":[{\"@type\":\"SearchAction\",\"target\":{\"@type\":\"EntryPoint\",\"urlTemplate\":\"https:\/\/www.consorciresidus.org\/?s={search_term_string}\"},\"query-input\":{\"@type\":\"PropertyValueSpecification\",\"valueRequired\":true,\"valueName\":\"search_term_string\"}}],\"inLanguage\":\"es\"}]}<\/script>\n<!-- \/ Yoast SEO plugin. -->","yoast_head_json":{"title":"Subvenciones 2025 - Consorcio de Residuos V5 - COR","robots":{"index":"index","follow":"follow","max-snippet":"max-snippet:-1","max-image-preview":"max-image-preview:large","max-video-preview":"max-video-preview:-1"},"canonical":"https:\/\/www.consorciresidus.org\/es\/subvenciones-2025\/","og_locale":"es_ES","og_type":"article","og_title":"Subvenciones 2025 - Consorcio de Residuos V5 - COR","og_description":"[mk_page_section min_height=\u00bb0&#8243; js_vertical_centered=\u00bbtrue\u00bb padding_top=\u00bb50&#8243; sidebar=\u00bbsidebar-1&#8243;][vc_column][mk_font_icons icon=\u00bbmk-moon-tag-8&#8243; color=\u00bb#0079a1&#8243; size=\u00bbx-large\u00bb margin_horizental=\u00bb0&#8243; margin_vertical=\u00bb12&#8243; align=\u00bbcenter\u00bb][mk_ornamental_title font_family=\u00bbnone\u00bb font_size=\u00bb38&#8243; font_weight=\u00bb300&#8243; txt_transform=\u00bbnone\u00bb ornament_style=\u00bbnorman-single\u00bb ornament_color=\u00bb#c1c1c1&#8243; margin_top=\u00bb-15&#8243; margin_bottom=\u00bb5&#8243;]Subvenciones 2025[\/mk_ornamental_title][vc_column_text align=\u00bbcenter\u00bb]Econ\u00f2mica i pressupost\u00e0ria[\/vc_column_text][\/vc_column][\/mk_page_section][mk_page_section section_layout=\u00bbright\u00bb el_class=\u00bbborde-verde\u00bb sidebar=\u00bbsidebar-4&#8243;][vc_column][vc_row_inner][vc_column_inner][\/vc_column_inner][\/vc_row_inner][vc_row_inner][vc_column_inner][vc_column_text [&hellip;]","og_url":"https:\/\/www.consorciresidus.org\/es\/subvenciones-2025\/","og_site_name":"Consorcio de Residuos V5 - COR","twitter_card":"summary_large_image","twitter_misc":{"Tiempo de lectura":"1 minuto"},"schema":{"@context":"https:\/\/schema.org","@graph":[{"@type":"WebPage","@id":"https:\/\/www.consorciresidus.org\/es\/subvenciones-2025\/","url":"https:\/\/www.consorciresidus.org\/es\/subvenciones-2025\/","name":"Subvenciones 2025 - Consorcio de Residuos V5 - COR","isPartOf":{"@id":"https:\/\/www.consorciresidus.org\/#website"},"datePublished":"2025-09-24T06:28:08+00:00","inLanguage":"es","potentialAction":[{"@type":"ReadAction","target":["https:\/\/www.consorciresidus.org\/es\/subvenciones-2025\/"]}]},{"@type":"WebSite","@id":"https:\/\/www.consorciresidus.org\/#website","url":"https:\/\/www.consorciresidus.org\/","name":"Consorcio de Residuos V5 - COR","description":"Consorcio para la gesti\u00f3n de residuos","potentialAction":[{"@type":"SearchAction","target":{"@type":"EntryPoint","urlTemplate":"https:\/\/www.consorciresidus.org\/?s={search_term_string}"},"query-input":{"@type":"PropertyValueSpecification","valueRequired":true,"valueName":"search_term_string"}}],"inLanguage":"es"}]}},"_links":{"self":[{"href":"https:\/\/www.consorciresidus.org\/es\/wp-json\/wp\/v2\/pages\/27848","targetHints":{"allow":["GET"]}}],"collection":[{"href":"https:\/\/www.consorciresidus.org\/es\/wp-json\/wp\/v2\/pages"}],"about":[{"href":"https:\/\/www.consorciresidus.org\/es\/wp-json\/wp\/v2\/types\/page"}],"author":[{"embeddable":true,"href":"https:\/\/www.consorciresidus.org\/es\/wp-json\/wp\/v2\/users\/5"}],"replies":[{"embeddable":true,"href":"https:\/\/www.consorciresidus.org\/es\/wp-json\/wp\/v2\/comments?post=27848"}],"version-history":[{"count":1,"href":"https:\/\/www.consorciresidus.org\/es\/wp-json\/wp\/v2\/pages\/27848\/revisions"}],"predecessor-version":[{"id":27849,"href":"https:\/\/www.consorciresidus.org\/es\/wp-json\/wp\/v2\/pages\/27848\/revisions\/27849"}],"wp:attachment":[{"href":"https:\/\/www.consorciresidus.org\/es\/wp-json\/wp\/v2\/media?parent=27848"}],"curies":[{"name":"wp","href":"https:\/\/api.w.org\/{rel}","templated":true}]}}