 



{"id":16476,"date":"2017-04-27T16:10:58","date_gmt":"2017-04-27T16:10:58","guid":{"rendered":"https:\/\/www.consorciresidus.org\/es\/residuo-donde-vas\/caja-de-zapatos-copiar-copiar\/"},"modified":"2020-04-13T23:33:59","modified_gmt":"2020-04-13T23:33:59","slug":"caja-de-cereales","status":"publish","type":"product","link":"https:\/\/www.consorciresidus.org\/es\/producto\/caja-de-cereales\/","title":{"rendered":"Caja de cereales"},"content":{"rendered":"<div style=\"clear:both;\"><\/div>","protected":false},"excerpt":{"rendered":"<p>&nbsp;<\/p>\n<div align=\"left\">\n<table border=\"0\" width=\"auto\" cellspacing=\"0\" cellpadding=\"0\">\n<tbody>\n<tr style=\"float: left;\">\n<td><a href=\"https:\/\/www.consorciresidus.org\/es\/residuo-a-tu-lugar\/contenedor-azul\/\"><img loading=\"lazy\" decoding=\"async\" src=\"http:\/\/www.consorciresidus.org\/wp-content\/uploads\/2017\/02\/blau.png\" width=\"70\" height=\"70\" \/><\/a><\/td>\n<td><img loading=\"lazy\" decoding=\"async\" src=\"http:\/\/www.consorciresidus.org\/wp-content\/uploads\/2017\/03\/verd-g.png\" width=\"70\" height=\"70\" \/><\/td>\n<td><img loading=\"lazy\" decoding=\"async\" src=\"http:\/\/www.consorciresidus.org\/wp-content\/uploads\/2017\/03\/groc-g.png\" width=\"70\" height=\"70\" \/><\/td>\n<td><img loading=\"lazy\" decoding=\"async\" src=\"http:\/\/www.consorciresidus.org\/wp-content\/uploads\/2017\/03\/no-seleccionada-g.png\" width=\"70\" height=\"70\" \/><\/td>\n<td><img loading=\"lazy\" decoding=\"async\" src=\"http:\/\/www.consorciresidus.org\/wp-content\/uploads\/2017\/03\/ecoparc-g.png\" width=\"70\" height=\"70\" \/><\/td>\n<td><img loading=\"lazy\" decoding=\"async\" src=\"http:\/\/www.consorciresidus.org\/wp-content\/uploads\/2017\/03\/farmacia-g.png\" width=\"70\" height=\"70\" \/><\/td>\n<\/tr>\n<\/tbody>\n<\/table>\n<p>&nbsp;<\/p>\n<\/div>\n<div class=\"caixa\">\n<h5 class=\"cinco\">\u00bfD\u00d3NDE VA?<\/h5>\n<p>Al contenedor azul lanzamos folios, papeles, cartas y sobres, diarios y revistas, cajas de cart\u00f3n, como cajas de huevos, de cereales, de galletas, de zapatos, etc., tiques de la compra, cupones, facturas, etc.<\/p>\n<h5 class=\"cinco\">\u00bfQU\u00c9 PROCESO SIGUE?<\/h5>\n<p>En la planta de triaje se hace la selecci\u00f3n seg\u00fan tipos de material y se embala para transportar a las plantas de reciclaje. Aqu\u00ed se hace un proceso de desfibrado y limpieza de tintas, pigmentos y colas. Se a\u00f1aden fibras nuevas. La pasta se separa del agua y se prensa.<\/p>\n<h5 class=\"cinco\">\u00bfEN QU\u00c9 SE TRANSFORMA?<\/h5>\n<p>Paquetes de folios, envases de cart\u00f3n, revistas y diarios, papel de embalar, cajas de cart\u00f3n.<\/p>\n<\/div>\n","protected":false},"featured_media":16412,"template":"","meta":[],"product_brand":[],"product_cat":[82],"product_tag":[],"class_list":{"0":"post-16476","1":"product","2":"type-product","3":"status-publish","4":"has-post-thumbnail","6":"product_cat-azul","8":"first","9":"instock","10":"shipping-taxable","11":"product-type-simple"},"yoast_head":"<!-- This site is optimized with the Yoast SEO plugin v26.0 - https:\/\/yoast.com\/wordpress\/plugins\/seo\/ -->\n<title>Caja de cereales - Consorcio de Residuos V5 - COR<\/title>\n<meta name=\"robots\" content=\"index, follow, max-snippet:-1, max-image-preview:large, max-video-preview:-1\" \/>\n<link rel=\"canonical\" href=\"https:\/\/www.consorciresidus.org\/es\/producto\/caja-de-cereales\/\" \/>\n<meta property=\"og:locale\" content=\"es_ES\" \/>\n<meta property=\"og:type\" content=\"article\" \/>\n<meta property=\"og:title\" content=\"Caja de cereales - Consorcio de Residuos V5 - COR\" \/>\n<meta property=\"og:description\" content=\"&nbsp;              &nbsp;    \u00bfD\u00d3NDE VA? Al contenedor azul lanzamos folios, papeles, cartas y sobres, diarios y revistas, cajas de cart\u00f3n, como cajas de huevos, de cereales, de galletas, de zapatos, etc., tiques de la compra, cupones, facturas, etc. \u00bfQU\u00c9 PROCESO SIGUE? En la planta de triaje se hace la selecci\u00f3n seg\u00fan tipos de material y se embala para transportar a las plantas de reciclaje. Aqu\u00ed se hace un proceso de desfibrado y limpieza de tintas, pigmentos y colas. Se a\u00f1aden fibras nuevas. La pasta se separa del agua y se prensa. \u00bfEN QU\u00c9 SE TRANSFORMA? Paquetes de folios, envases de cart\u00f3n, revistas y diarios, papel de embalar, cajas de cart\u00f3n.\" \/>\n<meta property=\"og:url\" content=\"https:\/\/www.consorciresidus.org\/es\/producto\/caja-de-cereales\/\" \/>\n<meta property=\"og:site_name\" content=\"Consorcio de Residuos V5 - COR\" \/>\n<meta property=\"article:modified_time\" content=\"2020-04-13T23:33:59+00:00\" \/>\n<meta property=\"og:image\" content=\"https:\/\/www.consorciresidus.org\/wp-content\/uploads\/2017\/04\/caixa-cereals.jpg\" \/>\n\t<meta property=\"og:image:width\" content=\"1000\" \/>\n\t<meta property=\"og:image:height\" content=\"450\" \/>\n\t<meta property=\"og:image:type\" content=\"image\/jpeg\" \/>\n<meta name=\"twitter:card\" content=\"summary_large_image\" \/>\n<script type=\"application\/ld+json\" class=\"yoast-schema-graph\">{\"@context\":\"https:\/\/schema.org\",\"@graph\":[{\"@type\":\"WebPage\",\"@id\":\"https:\/\/www.consorciresidus.org\/es\/producto\/caja-de-cereales\/\",\"url\":\"https:\/\/www.consorciresidus.org\/es\/producto\/caja-de-cereales\/\",\"name\":\"Caja de cereales - Consorcio de Residuos V5 - COR\",\"isPartOf\":{\"@id\":\"https:\/\/www.consorciresidus.org\/#website\"},\"primaryImageOfPage\":{\"@id\":\"https:\/\/www.consorciresidus.org\/es\/producto\/caja-de-cereales\/#primaryimage\"},\"image\":{\"@id\":\"https:\/\/www.consorciresidus.org\/es\/producto\/caja-de-cereales\/#primaryimage\"},\"thumbnailUrl\":\"https:\/\/www.consorciresidus.org\/wp-content\/uploads\/2017\/04\/caixa-cereals.jpg\",\"datePublished\":\"2017-04-27T16:10:58+00:00\",\"dateModified\":\"2020-04-13T23:33:59+00:00\",\"breadcrumb\":{\"@id\":\"https:\/\/www.consorciresidus.org\/es\/producto\/caja-de-cereales\/#breadcrumb\"},\"inLanguage\":\"es\",\"potentialAction\":[{\"@type\":\"ReadAction\",\"target\":[\"https:\/\/www.consorciresidus.org\/es\/producto\/caja-de-cereales\/\"]}]},{\"@type\":\"ImageObject\",\"inLanguage\":\"es\",\"@id\":\"https:\/\/www.consorciresidus.org\/es\/producto\/caja-de-cereales\/#primaryimage\",\"url\":\"https:\/\/www.consorciresidus.org\/wp-content\/uploads\/2017\/04\/caixa-cereals.jpg\",\"contentUrl\":\"https:\/\/www.consorciresidus.org\/wp-content\/uploads\/2017\/04\/caixa-cereals.jpg\",\"width\":1000,\"height\":450},{\"@type\":\"BreadcrumbList\",\"@id\":\"https:\/\/www.consorciresidus.org\/es\/producto\/caja-de-cereales\/#breadcrumb\",\"itemListElement\":[{\"@type\":\"ListItem\",\"position\":1,\"name\":\"Productes\",\"item\":\"https:\/\/www.consorciresidus.org\/shop\/\"},{\"@type\":\"ListItem\",\"position\":2,\"name\":\"Caja de cereales\"}]},{\"@type\":\"WebSite\",\"@id\":\"https:\/\/www.consorciresidus.org\/#website\",\"url\":\"https:\/\/www.consorciresidus.org\/\",\"name\":\"Consorcio de Residuos V5 - COR\",\"description\":\"Consorcio para la gesti\u00f3n de residuos\",\"potentialAction\":[{\"@type\":\"SearchAction\",\"target\":{\"@type\":\"EntryPoint\",\"urlTemplate\":\"https:\/\/www.consorciresidus.org\/?s={search_term_string}\"},\"query-input\":{\"@type\":\"PropertyValueSpecification\",\"valueRequired\":true,\"valueName\":\"search_term_string\"}}],\"inLanguage\":\"es\"}]}<\/script>\n<!-- \/ Yoast SEO plugin. -->","yoast_head_json":{"title":"Caja de cereales - Consorcio de Residuos V5 - COR","robots":{"index":"index","follow":"follow","max-snippet":"max-snippet:-1","max-image-preview":"max-image-preview:large","max-video-preview":"max-video-preview:-1"},"canonical":"https:\/\/www.consorciresidus.org\/es\/producto\/caja-de-cereales\/","og_locale":"es_ES","og_type":"article","og_title":"Caja de cereales - Consorcio de Residuos V5 - COR","og_description":"&nbsp;              &nbsp;    \u00bfD\u00d3NDE VA? Al contenedor azul lanzamos folios, papeles, cartas y sobres, diarios y revistas, cajas de cart\u00f3n, como cajas de huevos, de cereales, de galletas, de zapatos, etc., tiques de la compra, cupones, facturas, etc. \u00bfQU\u00c9 PROCESO SIGUE? En la planta de triaje se hace la selecci\u00f3n seg\u00fan tipos de material y se embala para transportar a las plantas de reciclaje. Aqu\u00ed se hace un proceso de desfibrado y limpieza de tintas, pigmentos y colas. Se a\u00f1aden fibras nuevas. La pasta se separa del agua y se prensa. \u00bfEN QU\u00c9 SE TRANSFORMA? Paquetes de folios, envases de cart\u00f3n, revistas y diarios, papel de embalar, cajas de cart\u00f3n.","og_url":"https:\/\/www.consorciresidus.org\/es\/producto\/caja-de-cereales\/","og_site_name":"Consorcio de Residuos V5 - COR","article_modified_time":"2020-04-13T23:33:59+00:00","og_image":[{"width":1000,"height":450,"url":"https:\/\/www.consorciresidus.org\/wp-content\/uploads\/2017\/04\/caixa-cereals.jpg","type":"image\/jpeg"}],"twitter_card":"summary_large_image","schema":{"@context":"https:\/\/schema.org","@graph":[{"@type":"WebPage","@id":"https:\/\/www.consorciresidus.org\/es\/producto\/caja-de-cereales\/","url":"https:\/\/www.consorciresidus.org\/es\/producto\/caja-de-cereales\/","name":"Caja de cereales - Consorcio de Residuos V5 - COR","isPartOf":{"@id":"https:\/\/www.consorciresidus.org\/#website"},"primaryImageOfPage":{"@id":"https:\/\/www.consorciresidus.org\/es\/producto\/caja-de-cereales\/#primaryimage"},"image":{"@id":"https:\/\/www.consorciresidus.org\/es\/producto\/caja-de-cereales\/#primaryimage"},"thumbnailUrl":"https:\/\/www.consorciresidus.org\/wp-content\/uploads\/2017\/04\/caixa-cereals.jpg","datePublished":"2017-04-27T16:10:58+00:00","dateModified":"2020-04-13T23:33:59+00:00","breadcrumb":{"@id":"https:\/\/www.consorciresidus.org\/es\/producto\/caja-de-cereales\/#breadcrumb"},"inLanguage":"es","potentialAction":[{"@type":"ReadAction","target":["https:\/\/www.consorciresidus.org\/es\/producto\/caja-de-cereales\/"]}]},{"@type":"ImageObject","inLanguage":"es","@id":"https:\/\/www.consorciresidus.org\/es\/producto\/caja-de-cereales\/#primaryimage","url":"https:\/\/www.consorciresidus.org\/wp-content\/uploads\/2017\/04\/caixa-cereals.jpg","contentUrl":"https:\/\/www.consorciresidus.org\/wp-content\/uploads\/2017\/04\/caixa-cereals.jpg","width":1000,"height":450},{"@type":"BreadcrumbList","@id":"https:\/\/www.consorciresidus.org\/es\/producto\/caja-de-cereales\/#breadcrumb","itemListElement":[{"@type":"ListItem","position":1,"name":"Productes","item":"https:\/\/www.consorciresidus.org\/shop\/"},{"@type":"ListItem","position":2,"name":"Caja de cereales"}]},{"@type":"WebSite","@id":"https:\/\/www.consorciresidus.org\/#website","url":"https:\/\/www.consorciresidus.org\/","name":"Consorcio de Residuos V5 - COR","description":"Consorcio para la gesti\u00f3n de residuos","potentialAction":[{"@type":"SearchAction","target":{"@type":"EntryPoint","urlTemplate":"https:\/\/www.consorciresidus.org\/?s={search_term_string}"},"query-input":{"@type":"PropertyValueSpecification","valueRequired":true,"valueName":"search_term_string"}}],"inLanguage":"es"}]}},"_links":{"self":[{"href":"https:\/\/www.consorciresidus.org\/es\/wp-json\/wp\/v2\/product\/16476","targetHints":{"allow":["GET"]}}],"collection":[{"href":"https:\/\/www.consorciresidus.org\/es\/wp-json\/wp\/v2\/product"}],"about":[{"href":"https:\/\/www.consorciresidus.org\/es\/wp-json\/wp\/v2\/types\/product"}],"wp:featuredmedia":[{"embeddable":true,"href":"https:\/\/www.consorciresidus.org\/es\/wp-json\/wp\/v2\/media\/16412"}],"wp:attachment":[{"href":"https:\/\/www.consorciresidus.org\/es\/wp-json\/wp\/v2\/media?parent=16476"}],"wp:term":[{"taxonomy":"product_brand","embeddable":true,"href":"https:\/\/www.consorciresidus.org\/es\/wp-json\/wp\/v2\/product_brand?post=16476"},{"taxonomy":"product_cat","embeddable":true,"href":"https:\/\/www.consorciresidus.org\/es\/wp-json\/wp\/v2\/product_cat?post=16476"},{"taxonomy":"product_tag","embeddable":true,"href":"https:\/\/www.consorciresidus.org\/es\/wp-json\/wp\/v2\/product_tag?post=16476"}],"curies":[{"name":"wp","href":"https:\/\/api.w.org\/{rel}","templated":true}]}}