 



{"id":16510,"date":"2017-04-27T15:54:05","date_gmt":"2017-04-27T15:54:05","guid":{"rendered":"https:\/\/www.consorciresidus.org\/residus-on-vas\/bombilla-de-bajo-consumo\/"},"modified":"2023-04-26T22:17:44","modified_gmt":"2023-04-26T22:17:44","slug":"bombilla-de-bajo-consumo","status":"publish","type":"product","link":"https:\/\/www.consorciresidus.org\/es\/producto\/bombilla-de-bajo-consumo\/","title":{"rendered":"Bombilla de bajo consumo"},"content":{"rendered":"<div style=\"clear:both;\"><\/div>","protected":false},"excerpt":{"rendered":"<div align=\"left\">\n<p>&nbsp;<\/p>\n<table border=\"0\" width=\"auto\" cellspacing=\"0\" cellpadding=\"0\">\n<tbody>\n<tr style=\"float: left;\">\n<td><img loading=\"lazy\" decoding=\"async\" src=\"http:\/\/www.consorciresidus.org\/wp-content\/uploads\/2017\/03\/blau-g.png\" width=\"70\" height=\"70\" \/><\/td>\n<td><img loading=\"lazy\" decoding=\"async\" src=\"http:\/\/www.consorciresidus.org\/wp-content\/uploads\/2017\/03\/verd-g.png\" width=\"70\" height=\"70\" \/><\/td>\n<td><img loading=\"lazy\" decoding=\"async\" src=\"http:\/\/www.consorciresidus.org\/wp-content\/uploads\/2017\/03\/groc-g.png\" width=\"70\" height=\"70\" \/><\/td>\n<td><img loading=\"lazy\" decoding=\"async\" src=\"http:\/\/www.consorciresidus.org\/wp-content\/uploads\/2017\/03\/no-seleccionada-g.png\" width=\"70\" height=\"70\" \/><\/td>\n<td><a href=\"https:\/\/www.consorciresidus.org\/es\/residuo-a-tu-lugar\/ecoparque\/\"><img loading=\"lazy\" decoding=\"async\" src=\"http:\/\/www.consorciresidus.org\/wp-content\/uploads\/2017\/02\/ecoparc-1.png\" width=\"70\" height=\"70\" \/><\/a><\/td>\n<td><img loading=\"lazy\" decoding=\"async\" src=\"http:\/\/www.consorciresidus.org\/wp-content\/uploads\/2017\/03\/farmacia-g.png\" width=\"70\" height=\"70\" \/><\/td>\n<\/tr>\n<\/tbody>\n<\/table>\n<p>&nbsp;<\/p>\n<\/div>\n<div class=\"caixa\">\n<h5 class=\"cinco\">\u00bfD\u00d3NDE VA?<\/h5>\n<p>Depositamos las bombillas de bajo consumo en el ecoparque m\u00e1s cercano o ecom\u00f3vil.<\/p>\n<h5 class=\"cinco\">\u00bfQU\u00c9 PROCESO SIGUE?<\/h5>\n<p>En la planta de tratamiento se separan los materiales valorizables (vidrio y metales) de los elementos peligrosos o no recuperables. Se trata el cristal triturado libre de mercurio, el polvo de fluorescente para su posterior vertido. El aluminio triturado se reintroduce en el ciclo de producci\u00f3n.<\/p>\n<h5 class=\"cinco\">\u00bfEN QU\u00c9 SE TRANSFORMA?<\/h5>\n<p>Con el mercurio se hacen pilas, bombillas, term\u00f3metros. Con el aluminio, elementos para la automoci\u00f3n, cierres.<\/p>\n<\/div>\n","protected":false},"featured_media":16410,"template":"","meta":[],"product_brand":[],"product_cat":[85],"product_tag":[],"class_list":{"0":"post-16510","1":"product","2":"type-product","3":"status-publish","4":"has-post-thumbnail","6":"product_cat-ecoparque","8":"first","9":"instock","10":"shipping-taxable","11":"product-type-simple"},"yoast_head":"<!-- This site is optimized with the Yoast SEO plugin v26.0 - https:\/\/yoast.com\/wordpress\/plugins\/seo\/ -->\n<title>Bombilla de bajo consumo - Consorcio de Residuos V5 - COR<\/title>\n<meta name=\"robots\" content=\"index, follow, max-snippet:-1, max-image-preview:large, max-video-preview:-1\" \/>\n<link rel=\"canonical\" href=\"https:\/\/www.consorciresidus.org\/es\/producto\/bombilla-de-bajo-consumo\/\" \/>\n<meta property=\"og:locale\" content=\"es_ES\" \/>\n<meta property=\"og:type\" content=\"article\" \/>\n<meta property=\"og:title\" content=\"Bombilla de bajo consumo - Consorcio de Residuos V5 - COR\" \/>\n<meta property=\"og:description\" content=\"&nbsp;             &nbsp;   \u00bfD\u00d3NDE VA? Depositamos las bombillas de bajo consumo en el ecoparque m\u00e1s cercano o ecom\u00f3vil. \u00bfQU\u00c9 PROCESO SIGUE? En la planta de tratamiento se separan los materiales valorizables (vidrio y metales) de los elementos peligrosos o no recuperables. Se trata el cristal triturado libre de mercurio, el polvo de fluorescente para su posterior vertido. El aluminio triturado se reintroduce en el ciclo de producci\u00f3n. \u00bfEN QU\u00c9 SE TRANSFORMA? Con el mercurio se hacen pilas, bombillas, term\u00f3metros. Con el aluminio, elementos para la automoci\u00f3n, cierres.\" \/>\n<meta property=\"og:url\" content=\"https:\/\/www.consorciresidus.org\/es\/producto\/bombilla-de-bajo-consumo\/\" \/>\n<meta property=\"og:site_name\" content=\"Consorcio de Residuos V5 - COR\" \/>\n<meta property=\"article:modified_time\" content=\"2023-04-26T22:17:44+00:00\" \/>\n<meta property=\"og:image\" content=\"https:\/\/www.consorciresidus.org\/wp-content\/uploads\/2017\/04\/bombeta-baix.jpg\" \/>\n\t<meta property=\"og:image:width\" content=\"1000\" \/>\n\t<meta property=\"og:image:height\" content=\"450\" \/>\n\t<meta property=\"og:image:type\" content=\"image\/jpeg\" \/>\n<meta name=\"twitter:card\" content=\"summary_large_image\" \/>\n<script type=\"application\/ld+json\" class=\"yoast-schema-graph\">{\"@context\":\"https:\/\/schema.org\",\"@graph\":[{\"@type\":\"WebPage\",\"@id\":\"https:\/\/www.consorciresidus.org\/es\/producto\/bombilla-de-bajo-consumo\/\",\"url\":\"https:\/\/www.consorciresidus.org\/es\/producto\/bombilla-de-bajo-consumo\/\",\"name\":\"Bombilla de bajo consumo - Consorcio de Residuos V5 - COR\",\"isPartOf\":{\"@id\":\"https:\/\/www.consorciresidus.org\/#website\"},\"primaryImageOfPage\":{\"@id\":\"https:\/\/www.consorciresidus.org\/es\/producto\/bombilla-de-bajo-consumo\/#primaryimage\"},\"image\":{\"@id\":\"https:\/\/www.consorciresidus.org\/es\/producto\/bombilla-de-bajo-consumo\/#primaryimage\"},\"thumbnailUrl\":\"https:\/\/www.consorciresidus.org\/wp-content\/uploads\/2017\/04\/bombeta-baix.jpg\",\"datePublished\":\"2017-04-27T15:54:05+00:00\",\"dateModified\":\"2023-04-26T22:17:44+00:00\",\"breadcrumb\":{\"@id\":\"https:\/\/www.consorciresidus.org\/es\/producto\/bombilla-de-bajo-consumo\/#breadcrumb\"},\"inLanguage\":\"es\",\"potentialAction\":[{\"@type\":\"ReadAction\",\"target\":[\"https:\/\/www.consorciresidus.org\/es\/producto\/bombilla-de-bajo-consumo\/\"]}]},{\"@type\":\"ImageObject\",\"inLanguage\":\"es\",\"@id\":\"https:\/\/www.consorciresidus.org\/es\/producto\/bombilla-de-bajo-consumo\/#primaryimage\",\"url\":\"https:\/\/www.consorciresidus.org\/wp-content\/uploads\/2017\/04\/bombeta-baix.jpg\",\"contentUrl\":\"https:\/\/www.consorciresidus.org\/wp-content\/uploads\/2017\/04\/bombeta-baix.jpg\",\"width\":1000,\"height\":450},{\"@type\":\"BreadcrumbList\",\"@id\":\"https:\/\/www.consorciresidus.org\/es\/producto\/bombilla-de-bajo-consumo\/#breadcrumb\",\"itemListElement\":[{\"@type\":\"ListItem\",\"position\":1,\"name\":\"Productes\",\"item\":\"https:\/\/www.consorciresidus.org\/shop\/\"},{\"@type\":\"ListItem\",\"position\":2,\"name\":\"Bombilla de bajo consumo\"}]},{\"@type\":\"WebSite\",\"@id\":\"https:\/\/www.consorciresidus.org\/#website\",\"url\":\"https:\/\/www.consorciresidus.org\/\",\"name\":\"Consorcio de Residuos V5 - COR\",\"description\":\"Consorcio para la gesti\u00f3n de residuos\",\"potentialAction\":[{\"@type\":\"SearchAction\",\"target\":{\"@type\":\"EntryPoint\",\"urlTemplate\":\"https:\/\/www.consorciresidus.org\/?s={search_term_string}\"},\"query-input\":{\"@type\":\"PropertyValueSpecification\",\"valueRequired\":true,\"valueName\":\"search_term_string\"}}],\"inLanguage\":\"es\"}]}<\/script>\n<!-- \/ Yoast SEO plugin. -->","yoast_head_json":{"title":"Bombilla de bajo consumo - Consorcio de Residuos V5 - COR","robots":{"index":"index","follow":"follow","max-snippet":"max-snippet:-1","max-image-preview":"max-image-preview:large","max-video-preview":"max-video-preview:-1"},"canonical":"https:\/\/www.consorciresidus.org\/es\/producto\/bombilla-de-bajo-consumo\/","og_locale":"es_ES","og_type":"article","og_title":"Bombilla de bajo consumo - Consorcio de Residuos V5 - COR","og_description":"&nbsp;             &nbsp;   \u00bfD\u00d3NDE VA? Depositamos las bombillas de bajo consumo en el ecoparque m\u00e1s cercano o ecom\u00f3vil. \u00bfQU\u00c9 PROCESO SIGUE? En la planta de tratamiento se separan los materiales valorizables (vidrio y metales) de los elementos peligrosos o no recuperables. Se trata el cristal triturado libre de mercurio, el polvo de fluorescente para su posterior vertido. El aluminio triturado se reintroduce en el ciclo de producci\u00f3n. \u00bfEN QU\u00c9 SE TRANSFORMA? Con el mercurio se hacen pilas, bombillas, term\u00f3metros. Con el aluminio, elementos para la automoci\u00f3n, cierres.","og_url":"https:\/\/www.consorciresidus.org\/es\/producto\/bombilla-de-bajo-consumo\/","og_site_name":"Consorcio de Residuos V5 - COR","article_modified_time":"2023-04-26T22:17:44+00:00","og_image":[{"width":1000,"height":450,"url":"https:\/\/www.consorciresidus.org\/wp-content\/uploads\/2017\/04\/bombeta-baix.jpg","type":"image\/jpeg"}],"twitter_card":"summary_large_image","schema":{"@context":"https:\/\/schema.org","@graph":[{"@type":"WebPage","@id":"https:\/\/www.consorciresidus.org\/es\/producto\/bombilla-de-bajo-consumo\/","url":"https:\/\/www.consorciresidus.org\/es\/producto\/bombilla-de-bajo-consumo\/","name":"Bombilla de bajo consumo - Consorcio de Residuos V5 - COR","isPartOf":{"@id":"https:\/\/www.consorciresidus.org\/#website"},"primaryImageOfPage":{"@id":"https:\/\/www.consorciresidus.org\/es\/producto\/bombilla-de-bajo-consumo\/#primaryimage"},"image":{"@id":"https:\/\/www.consorciresidus.org\/es\/producto\/bombilla-de-bajo-consumo\/#primaryimage"},"thumbnailUrl":"https:\/\/www.consorciresidus.org\/wp-content\/uploads\/2017\/04\/bombeta-baix.jpg","datePublished":"2017-04-27T15:54:05+00:00","dateModified":"2023-04-26T22:17:44+00:00","breadcrumb":{"@id":"https:\/\/www.consorciresidus.org\/es\/producto\/bombilla-de-bajo-consumo\/#breadcrumb"},"inLanguage":"es","potentialAction":[{"@type":"ReadAction","target":["https:\/\/www.consorciresidus.org\/es\/producto\/bombilla-de-bajo-consumo\/"]}]},{"@type":"ImageObject","inLanguage":"es","@id":"https:\/\/www.consorciresidus.org\/es\/producto\/bombilla-de-bajo-consumo\/#primaryimage","url":"https:\/\/www.consorciresidus.org\/wp-content\/uploads\/2017\/04\/bombeta-baix.jpg","contentUrl":"https:\/\/www.consorciresidus.org\/wp-content\/uploads\/2017\/04\/bombeta-baix.jpg","width":1000,"height":450},{"@type":"BreadcrumbList","@id":"https:\/\/www.consorciresidus.org\/es\/producto\/bombilla-de-bajo-consumo\/#breadcrumb","itemListElement":[{"@type":"ListItem","position":1,"name":"Productes","item":"https:\/\/www.consorciresidus.org\/shop\/"},{"@type":"ListItem","position":2,"name":"Bombilla de bajo consumo"}]},{"@type":"WebSite","@id":"https:\/\/www.consorciresidus.org\/#website","url":"https:\/\/www.consorciresidus.org\/","name":"Consorcio de Residuos V5 - COR","description":"Consorcio para la gesti\u00f3n de residuos","potentialAction":[{"@type":"SearchAction","target":{"@type":"EntryPoint","urlTemplate":"https:\/\/www.consorciresidus.org\/?s={search_term_string}"},"query-input":{"@type":"PropertyValueSpecification","valueRequired":true,"valueName":"search_term_string"}}],"inLanguage":"es"}]}},"_links":{"self":[{"href":"https:\/\/www.consorciresidus.org\/es\/wp-json\/wp\/v2\/product\/16510","targetHints":{"allow":["GET"]}}],"collection":[{"href":"https:\/\/www.consorciresidus.org\/es\/wp-json\/wp\/v2\/product"}],"about":[{"href":"https:\/\/www.consorciresidus.org\/es\/wp-json\/wp\/v2\/types\/product"}],"wp:featuredmedia":[{"embeddable":true,"href":"https:\/\/www.consorciresidus.org\/es\/wp-json\/wp\/v2\/media\/16410"}],"wp:attachment":[{"href":"https:\/\/www.consorciresidus.org\/es\/wp-json\/wp\/v2\/media?parent=16510"}],"wp:term":[{"taxonomy":"product_brand","embeddable":true,"href":"https:\/\/www.consorciresidus.org\/es\/wp-json\/wp\/v2\/product_brand?post=16510"},{"taxonomy":"product_cat","embeddable":true,"href":"https:\/\/www.consorciresidus.org\/es\/wp-json\/wp\/v2\/product_cat?post=16510"},{"taxonomy":"product_tag","embeddable":true,"href":"https:\/\/www.consorciresidus.org\/es\/wp-json\/wp\/v2\/product_tag?post=16510"}],"curies":[{"name":"wp","href":"https:\/\/api.w.org\/{rel}","templated":true}]}}