 



{"id":16537,"date":"2017-01-03T00:09:20","date_gmt":"2017-01-03T00:09:20","guid":{"rendered":"https:\/\/www.consorciresidus.org\/residus-on-vas\/tapones-metalicos\/"},"modified":"2017-05-10T09:18:22","modified_gmt":"2017-05-10T09:18:22","slug":"tapones-metalicos","status":"publish","type":"product","link":"https:\/\/www.consorciresidus.org\/es\/producto\/tapones-metalicos\/","title":{"rendered":"Tapones met\u00e1licos"},"content":{"rendered":"<div style=\"clear:both;\"><\/div>","protected":false},"excerpt":{"rendered":"<div align=\"left\">\n<p>&nbsp;<\/p>\n<table border=\"0\" width=\"auto\" cellspacing=\"0\" cellpadding=\"0\">\n<tbody>\n<tr style=\"float: left;\">\n<td><img loading=\"lazy\" decoding=\"async\" src=\"http:\/\/www.consorciresidus.org\/wp-content\/uploads\/2017\/03\/blau-g.png\" width=\"70\" height=\"70\" \/><\/td>\n<td><img loading=\"lazy\" decoding=\"async\" src=\"http:\/\/www.consorciresidus.org\/wp-content\/uploads\/2017\/03\/verd-g.png\" width=\"70\" height=\"70\" \/><\/td>\n<td><a href=\"https:\/\/www.consorciresidus.org\/es\/residuo-a-tu-lugar\/contenedor-amarillo\/\"><img loading=\"lazy\" decoding=\"async\" src=\"http:\/\/www.consorciresidus.org\/wp-content\/uploads\/2017\/02\/groc.png\" width=\"70\" height=\"70\" \/><\/a><\/td>\n<td><img loading=\"lazy\" decoding=\"async\" src=\"http:\/\/www.consorciresidus.org\/wp-content\/uploads\/2017\/03\/no-seleccionada-g.png\" width=\"70\" height=\"70\" \/><\/td>\n<td><img loading=\"lazy\" decoding=\"async\" src=\"http:\/\/www.consorciresidus.org\/wp-content\/uploads\/2017\/03\/ecoparc-g.png\" width=\"70\" height=\"70\" \/><\/td>\n<td><img loading=\"lazy\" decoding=\"async\" src=\"http:\/\/www.consorciresidus.org\/wp-content\/uploads\/2017\/03\/farmacia-g.png\" width=\"70\" height=\"70\" \/><\/td>\n<\/tr>\n<\/tbody>\n<\/table>\n<p>&nbsp;<\/p>\n<\/div>\n<div class=\"caixa\">\n<h5 class=\"cinco\">\u00bfD\u00d3NDE VA?<\/h5>\n<p>Al contenedor amarillo lanzamos envases ligeros de pl\u00e1stico, latas de conserva y de bebidas, briks, aerosoles, tapas met\u00e1licas, bandejas de porexpan, bandejas de aluminio, bandejas de PET.<\/p>\n<h5 class=\"cinco\">\u00bfQU\u00c9 PROCESO SIGUE?<\/h5>\n<p>En la planta de triaje, los envases se separan por materiales: tipos de pl\u00e1sticos, aluminio, f\u00e9rricos, madera y briks. Cada material ser\u00e1 embalado y preparado para transportar a la correspondiente planta de reciclaje. Aqu\u00ed el pl\u00e1stico se separa seg\u00fan tipolog\u00edas y densidades. Se lava y se funde para hacer materia prima en forma de gr\u00e1nulos que se introducen en el ciclo productivo.<\/p>\n<h5 class=\"cinco\">\u00bfEN QU\u00c9 SE TRANSFORMA?<\/h5>\n<p>Envases, fibras textiles para camisetas deportivas, bol\u00edgrafos, piezas de automoci\u00f3n, tubos.<\/p>\n<\/div>\n","protected":false},"featured_media":13302,"template":"","meta":[],"product_brand":[],"product_cat":[83],"product_tag":[],"class_list":{"0":"post-16537","1":"product","2":"type-product","3":"status-publish","4":"has-post-thumbnail","6":"product_cat-amarillo","8":"first","9":"instock","10":"shipping-taxable","11":"product-type-simple"},"yoast_head":"<!-- This site is optimized with the Yoast SEO plugin v26.0 - https:\/\/yoast.com\/wordpress\/plugins\/seo\/ -->\n<title>Tapones met\u00e1licos - Consorcio de Residuos V5 - COR<\/title>\n<meta name=\"robots\" content=\"index, follow, max-snippet:-1, max-image-preview:large, max-video-preview:-1\" \/>\n<link rel=\"canonical\" href=\"https:\/\/www.consorciresidus.org\/es\/producto\/tapones-metalicos\/\" \/>\n<meta property=\"og:locale\" content=\"es_ES\" \/>\n<meta property=\"og:type\" content=\"article\" \/>\n<meta property=\"og:title\" content=\"Tapones met\u00e1licos - Consorcio de Residuos V5 - COR\" \/>\n<meta property=\"og:description\" content=\"&nbsp;             &nbsp;   \u00bfD\u00d3NDE VA? Al contenedor amarillo lanzamos envases ligeros de pl\u00e1stico, latas de conserva y de bebidas, briks, aerosoles, tapas met\u00e1licas, bandejas de porexpan, bandejas de aluminio, bandejas de PET. \u00bfQU\u00c9 PROCESO SIGUE? En la planta de triaje, los envases se separan por materiales: tipos de pl\u00e1sticos, aluminio, f\u00e9rricos, madera y briks. Cada material ser\u00e1 embalado y preparado para transportar a la correspondiente planta de reciclaje. Aqu\u00ed el pl\u00e1stico se separa seg\u00fan tipolog\u00edas y densidades. Se lava y se funde para hacer materia prima en forma de gr\u00e1nulos que se introducen en el ciclo productivo. \u00bfEN QU\u00c9 SE TRANSFORMA? Envases, fibras textiles para camisetas deportivas, bol\u00edgrafos, piezas de automoci\u00f3n, tubos.\" \/>\n<meta property=\"og:url\" content=\"https:\/\/www.consorciresidus.org\/es\/producto\/tapones-metalicos\/\" \/>\n<meta property=\"og:site_name\" content=\"Consorcio de Residuos V5 - COR\" \/>\n<meta property=\"article:modified_time\" content=\"2017-05-10T09:18:22+00:00\" \/>\n<meta property=\"og:image\" content=\"https:\/\/www.consorciresidus.org\/wp-content\/uploads\/2017\/01\/taps.jpg\" \/>\n\t<meta property=\"og:image:width\" content=\"1000\" \/>\n\t<meta property=\"og:image:height\" content=\"450\" \/>\n\t<meta property=\"og:image:type\" content=\"image\/jpeg\" \/>\n<meta name=\"twitter:card\" content=\"summary_large_image\" \/>\n<script type=\"application\/ld+json\" class=\"yoast-schema-graph\">{\"@context\":\"https:\/\/schema.org\",\"@graph\":[{\"@type\":\"WebPage\",\"@id\":\"https:\/\/www.consorciresidus.org\/es\/producto\/tapones-metalicos\/\",\"url\":\"https:\/\/www.consorciresidus.org\/es\/producto\/tapones-metalicos\/\",\"name\":\"Tapones met\u00e1licos - Consorcio de Residuos V5 - COR\",\"isPartOf\":{\"@id\":\"https:\/\/www.consorciresidus.org\/#website\"},\"primaryImageOfPage\":{\"@id\":\"https:\/\/www.consorciresidus.org\/es\/producto\/tapones-metalicos\/#primaryimage\"},\"image\":{\"@id\":\"https:\/\/www.consorciresidus.org\/es\/producto\/tapones-metalicos\/#primaryimage\"},\"thumbnailUrl\":\"https:\/\/www.consorciresidus.org\/wp-content\/uploads\/2017\/01\/taps.jpg\",\"datePublished\":\"2017-01-03T00:09:20+00:00\",\"dateModified\":\"2017-05-10T09:18:22+00:00\",\"breadcrumb\":{\"@id\":\"https:\/\/www.consorciresidus.org\/es\/producto\/tapones-metalicos\/#breadcrumb\"},\"inLanguage\":\"es\",\"potentialAction\":[{\"@type\":\"ReadAction\",\"target\":[\"https:\/\/www.consorciresidus.org\/es\/producto\/tapones-metalicos\/\"]}]},{\"@type\":\"ImageObject\",\"inLanguage\":\"es\",\"@id\":\"https:\/\/www.consorciresidus.org\/es\/producto\/tapones-metalicos\/#primaryimage\",\"url\":\"https:\/\/www.consorciresidus.org\/wp-content\/uploads\/2017\/01\/taps.jpg\",\"contentUrl\":\"https:\/\/www.consorciresidus.org\/wp-content\/uploads\/2017\/01\/taps.jpg\",\"width\":1000,\"height\":450},{\"@type\":\"BreadcrumbList\",\"@id\":\"https:\/\/www.consorciresidus.org\/es\/producto\/tapones-metalicos\/#breadcrumb\",\"itemListElement\":[{\"@type\":\"ListItem\",\"position\":1,\"name\":\"Productes\",\"item\":\"https:\/\/www.consorciresidus.org\/shop\/\"},{\"@type\":\"ListItem\",\"position\":2,\"name\":\"Tapones met\u00e1licos\"}]},{\"@type\":\"WebSite\",\"@id\":\"https:\/\/www.consorciresidus.org\/#website\",\"url\":\"https:\/\/www.consorciresidus.org\/\",\"name\":\"Consorcio de Residuos V5 - COR\",\"description\":\"Consorcio para la gesti\u00f3n de residuos\",\"potentialAction\":[{\"@type\":\"SearchAction\",\"target\":{\"@type\":\"EntryPoint\",\"urlTemplate\":\"https:\/\/www.consorciresidus.org\/?s={search_term_string}\"},\"query-input\":{\"@type\":\"PropertyValueSpecification\",\"valueRequired\":true,\"valueName\":\"search_term_string\"}}],\"inLanguage\":\"es\"}]}<\/script>\n<!-- \/ Yoast SEO plugin. -->","yoast_head_json":{"title":"Tapones met\u00e1licos - Consorcio de Residuos V5 - COR","robots":{"index":"index","follow":"follow","max-snippet":"max-snippet:-1","max-image-preview":"max-image-preview:large","max-video-preview":"max-video-preview:-1"},"canonical":"https:\/\/www.consorciresidus.org\/es\/producto\/tapones-metalicos\/","og_locale":"es_ES","og_type":"article","og_title":"Tapones met\u00e1licos - Consorcio de Residuos V5 - COR","og_description":"&nbsp;             &nbsp;   \u00bfD\u00d3NDE VA? Al contenedor amarillo lanzamos envases ligeros de pl\u00e1stico, latas de conserva y de bebidas, briks, aerosoles, tapas met\u00e1licas, bandejas de porexpan, bandejas de aluminio, bandejas de PET. \u00bfQU\u00c9 PROCESO SIGUE? En la planta de triaje, los envases se separan por materiales: tipos de pl\u00e1sticos, aluminio, f\u00e9rricos, madera y briks. Cada material ser\u00e1 embalado y preparado para transportar a la correspondiente planta de reciclaje. Aqu\u00ed el pl\u00e1stico se separa seg\u00fan tipolog\u00edas y densidades. Se lava y se funde para hacer materia prima en forma de gr\u00e1nulos que se introducen en el ciclo productivo. \u00bfEN QU\u00c9 SE TRANSFORMA? Envases, fibras textiles para camisetas deportivas, bol\u00edgrafos, piezas de automoci\u00f3n, tubos.","og_url":"https:\/\/www.consorciresidus.org\/es\/producto\/tapones-metalicos\/","og_site_name":"Consorcio de Residuos V5 - COR","article_modified_time":"2017-05-10T09:18:22+00:00","og_image":[{"width":1000,"height":450,"url":"https:\/\/www.consorciresidus.org\/wp-content\/uploads\/2017\/01\/taps.jpg","type":"image\/jpeg"}],"twitter_card":"summary_large_image","schema":{"@context":"https:\/\/schema.org","@graph":[{"@type":"WebPage","@id":"https:\/\/www.consorciresidus.org\/es\/producto\/tapones-metalicos\/","url":"https:\/\/www.consorciresidus.org\/es\/producto\/tapones-metalicos\/","name":"Tapones met\u00e1licos - Consorcio de Residuos V5 - COR","isPartOf":{"@id":"https:\/\/www.consorciresidus.org\/#website"},"primaryImageOfPage":{"@id":"https:\/\/www.consorciresidus.org\/es\/producto\/tapones-metalicos\/#primaryimage"},"image":{"@id":"https:\/\/www.consorciresidus.org\/es\/producto\/tapones-metalicos\/#primaryimage"},"thumbnailUrl":"https:\/\/www.consorciresidus.org\/wp-content\/uploads\/2017\/01\/taps.jpg","datePublished":"2017-01-03T00:09:20+00:00","dateModified":"2017-05-10T09:18:22+00:00","breadcrumb":{"@id":"https:\/\/www.consorciresidus.org\/es\/producto\/tapones-metalicos\/#breadcrumb"},"inLanguage":"es","potentialAction":[{"@type":"ReadAction","target":["https:\/\/www.consorciresidus.org\/es\/producto\/tapones-metalicos\/"]}]},{"@type":"ImageObject","inLanguage":"es","@id":"https:\/\/www.consorciresidus.org\/es\/producto\/tapones-metalicos\/#primaryimage","url":"https:\/\/www.consorciresidus.org\/wp-content\/uploads\/2017\/01\/taps.jpg","contentUrl":"https:\/\/www.consorciresidus.org\/wp-content\/uploads\/2017\/01\/taps.jpg","width":1000,"height":450},{"@type":"BreadcrumbList","@id":"https:\/\/www.consorciresidus.org\/es\/producto\/tapones-metalicos\/#breadcrumb","itemListElement":[{"@type":"ListItem","position":1,"name":"Productes","item":"https:\/\/www.consorciresidus.org\/shop\/"},{"@type":"ListItem","position":2,"name":"Tapones met\u00e1licos"}]},{"@type":"WebSite","@id":"https:\/\/www.consorciresidus.org\/#website","url":"https:\/\/www.consorciresidus.org\/","name":"Consorcio de Residuos V5 - COR","description":"Consorcio para la gesti\u00f3n de residuos","potentialAction":[{"@type":"SearchAction","target":{"@type":"EntryPoint","urlTemplate":"https:\/\/www.consorciresidus.org\/?s={search_term_string}"},"query-input":{"@type":"PropertyValueSpecification","valueRequired":true,"valueName":"search_term_string"}}],"inLanguage":"es"}]}},"_links":{"self":[{"href":"https:\/\/www.consorciresidus.org\/es\/wp-json\/wp\/v2\/product\/16537","targetHints":{"allow":["GET"]}}],"collection":[{"href":"https:\/\/www.consorciresidus.org\/es\/wp-json\/wp\/v2\/product"}],"about":[{"href":"https:\/\/www.consorciresidus.org\/es\/wp-json\/wp\/v2\/types\/product"}],"wp:featuredmedia":[{"embeddable":true,"href":"https:\/\/www.consorciresidus.org\/es\/wp-json\/wp\/v2\/media\/13302"}],"wp:attachment":[{"href":"https:\/\/www.consorciresidus.org\/es\/wp-json\/wp\/v2\/media?parent=16537"}],"wp:term":[{"taxonomy":"product_brand","embeddable":true,"href":"https:\/\/www.consorciresidus.org\/es\/wp-json\/wp\/v2\/product_brand?post=16537"},{"taxonomy":"product_cat","embeddable":true,"href":"https:\/\/www.consorciresidus.org\/es\/wp-json\/wp\/v2\/product_cat?post=16537"},{"taxonomy":"product_tag","embeddable":true,"href":"https:\/\/www.consorciresidus.org\/es\/wp-json\/wp\/v2\/product_tag?post=16537"}],"curies":[{"name":"wp","href":"https:\/\/api.w.org\/{rel}","templated":true}]}}