 



{"id":16538,"date":"2017-01-03T00:01:49","date_gmt":"2017-01-03T00:01:49","guid":{"rendered":"https:\/\/www.consorciresidus.org\/residus-on-vas\/mueble-de-madera\/"},"modified":"2025-06-04T05:53:20","modified_gmt":"2025-06-04T05:53:20","slug":"mueble-de-madera","status":"publish","type":"product","link":"https:\/\/www.consorciresidus.org\/es\/producto\/mueble-de-madera\/","title":{"rendered":"Mueble de madera"},"content":{"rendered":"<div style=\"clear:both;\"><\/div>","protected":false},"excerpt":{"rendered":"<div align=\"left\">\n<p>&nbsp;<\/p>\n<table border=\"0\" width=\"auto\" cellspacing=\"0\" cellpadding=\"0\">\n<tbody>\n<tr style=\"float: left;\">\n<td><img loading=\"lazy\" decoding=\"async\" src=\"http:\/\/www.consorciresidus.org\/wp-content\/uploads\/2017\/03\/blau-g.png\" width=\"70\" height=\"70\" \/><\/td>\n<td><img loading=\"lazy\" decoding=\"async\" src=\"http:\/\/www.consorciresidus.org\/wp-content\/uploads\/2017\/03\/verd-g.png\" width=\"70\" height=\"70\" \/><\/td>\n<td><img loading=\"lazy\" decoding=\"async\" src=\"http:\/\/www.consorciresidus.org\/wp-content\/uploads\/2017\/03\/groc-g.png\" width=\"70\" height=\"70\" \/><\/td>\n<td><img loading=\"lazy\" decoding=\"async\" src=\"http:\/\/www.consorciresidus.org\/wp-content\/uploads\/2017\/03\/no-seleccionada-g.png\" width=\"70\" height=\"70\" \/><\/td>\n<td><a href=\"https:\/\/www.consorciresidus.org\/es\/residuo-a-tu-lugar\/ecoparque\/\"><img loading=\"lazy\" decoding=\"async\" src=\"http:\/\/www.consorciresidus.org\/wp-content\/uploads\/2017\/02\/ecoparc-1.png\" width=\"70\" height=\"70\" \/><\/a><\/td>\n<td><img loading=\"lazy\" decoding=\"async\" src=\"http:\/\/www.consorciresidus.org\/wp-content\/uploads\/2017\/03\/farmacia-g.png\" width=\"70\" height=\"70\" \/><\/td>\n<\/tr>\n<\/tbody>\n<\/table>\n<p>&nbsp;<\/p>\n<\/div>\n<div class=\"caixa\">\n<h5 class=\"cinco\">\u00bfD\u00d3NDE VA?<\/h5>\n<p>Depositamos los muebles de madera en el ecoparque m\u00e1s cercano o ecom\u00f3vil. Algunos ayuntamientos tienen un servicio de recogida.<\/p>\n<h5 class=\"cinco\">\u00bfQU\u00c9 PROCESO SIGUE?<\/h5>\n<p>En la planta de tratamiento la madera se tritura como  materia prima.<\/p>\n<h5 class=\"cinco\">\u00bfEN QU\u00c9 SE TRANSFORMA?<\/h5>\n<p>Combustible para calderas, conglomerados para muebles.<\/p>\n<\/div>\n","protected":false},"featured_media":13304,"template":"","meta":[],"product_brand":[],"product_cat":[85],"product_tag":[],"class_list":{"0":"post-16538","1":"product","2":"type-product","3":"status-publish","4":"has-post-thumbnail","6":"product_cat-ecoparque","8":"first","9":"instock","10":"shipping-taxable","11":"product-type-simple"},"yoast_head":"<!-- This site is optimized with the Yoast SEO plugin v26.0 - https:\/\/yoast.com\/wordpress\/plugins\/seo\/ -->\n<title>Mueble de madera - Consorcio de Residuos V5 - COR<\/title>\n<meta name=\"robots\" content=\"index, follow, max-snippet:-1, max-image-preview:large, max-video-preview:-1\" \/>\n<link rel=\"canonical\" href=\"https:\/\/www.consorciresidus.org\/es\/producto\/mueble-de-madera\/\" \/>\n<meta property=\"og:locale\" content=\"es_ES\" \/>\n<meta property=\"og:type\" content=\"article\" \/>\n<meta property=\"og:title\" content=\"Mueble de madera - Consorcio de Residuos V5 - COR\" \/>\n<meta property=\"og:description\" content=\"&nbsp;             &nbsp;   \u00bfD\u00d3NDE VA? Depositamos los muebles de madera en el ecoparque m\u00e1s cercano o ecom\u00f3vil. Algunos ayuntamientos tienen un servicio de recogida. \u00bfQU\u00c9 PROCESO SIGUE? En la planta de tratamiento la madera se tritura como materia prima. \u00bfEN QU\u00c9 SE TRANSFORMA? Combustible para calderas, conglomerados para muebles.\" \/>\n<meta property=\"og:url\" content=\"https:\/\/www.consorciresidus.org\/es\/producto\/mueble-de-madera\/\" \/>\n<meta property=\"og:site_name\" content=\"Consorcio de Residuos V5 - COR\" \/>\n<meta property=\"article:modified_time\" content=\"2025-06-04T05:53:20+00:00\" \/>\n<meta property=\"og:image\" content=\"https:\/\/www.consorciresidus.org\/wp-content\/uploads\/2017\/01\/moble-fusta.jpg\" \/>\n\t<meta property=\"og:image:width\" content=\"1000\" \/>\n\t<meta property=\"og:image:height\" content=\"450\" \/>\n\t<meta property=\"og:image:type\" content=\"image\/jpeg\" \/>\n<meta name=\"twitter:card\" content=\"summary_large_image\" \/>\n<script type=\"application\/ld+json\" class=\"yoast-schema-graph\">{\"@context\":\"https:\/\/schema.org\",\"@graph\":[{\"@type\":\"WebPage\",\"@id\":\"https:\/\/www.consorciresidus.org\/es\/producto\/mueble-de-madera\/\",\"url\":\"https:\/\/www.consorciresidus.org\/es\/producto\/mueble-de-madera\/\",\"name\":\"Mueble de madera - Consorcio de Residuos V5 - COR\",\"isPartOf\":{\"@id\":\"https:\/\/www.consorciresidus.org\/#website\"},\"primaryImageOfPage\":{\"@id\":\"https:\/\/www.consorciresidus.org\/es\/producto\/mueble-de-madera\/#primaryimage\"},\"image\":{\"@id\":\"https:\/\/www.consorciresidus.org\/es\/producto\/mueble-de-madera\/#primaryimage\"},\"thumbnailUrl\":\"https:\/\/www.consorciresidus.org\/wp-content\/uploads\/2017\/01\/moble-fusta.jpg\",\"datePublished\":\"2017-01-03T00:01:49+00:00\",\"dateModified\":\"2025-06-04T05:53:20+00:00\",\"breadcrumb\":{\"@id\":\"https:\/\/www.consorciresidus.org\/es\/producto\/mueble-de-madera\/#breadcrumb\"},\"inLanguage\":\"es\",\"potentialAction\":[{\"@type\":\"ReadAction\",\"target\":[\"https:\/\/www.consorciresidus.org\/es\/producto\/mueble-de-madera\/\"]}]},{\"@type\":\"ImageObject\",\"inLanguage\":\"es\",\"@id\":\"https:\/\/www.consorciresidus.org\/es\/producto\/mueble-de-madera\/#primaryimage\",\"url\":\"https:\/\/www.consorciresidus.org\/wp-content\/uploads\/2017\/01\/moble-fusta.jpg\",\"contentUrl\":\"https:\/\/www.consorciresidus.org\/wp-content\/uploads\/2017\/01\/moble-fusta.jpg\",\"width\":1000,\"height\":450},{\"@type\":\"BreadcrumbList\",\"@id\":\"https:\/\/www.consorciresidus.org\/es\/producto\/mueble-de-madera\/#breadcrumb\",\"itemListElement\":[{\"@type\":\"ListItem\",\"position\":1,\"name\":\"Productes\",\"item\":\"https:\/\/www.consorciresidus.org\/shop\/\"},{\"@type\":\"ListItem\",\"position\":2,\"name\":\"Mueble de madera\"}]},{\"@type\":\"WebSite\",\"@id\":\"https:\/\/www.consorciresidus.org\/#website\",\"url\":\"https:\/\/www.consorciresidus.org\/\",\"name\":\"Consorcio de Residuos V5 - COR\",\"description\":\"Consorcio para la gesti\u00f3n de residuos\",\"potentialAction\":[{\"@type\":\"SearchAction\",\"target\":{\"@type\":\"EntryPoint\",\"urlTemplate\":\"https:\/\/www.consorciresidus.org\/?s={search_term_string}\"},\"query-input\":{\"@type\":\"PropertyValueSpecification\",\"valueRequired\":true,\"valueName\":\"search_term_string\"}}],\"inLanguage\":\"es\"}]}<\/script>\n<!-- \/ Yoast SEO plugin. -->","yoast_head_json":{"title":"Mueble de madera - Consorcio de Residuos V5 - COR","robots":{"index":"index","follow":"follow","max-snippet":"max-snippet:-1","max-image-preview":"max-image-preview:large","max-video-preview":"max-video-preview:-1"},"canonical":"https:\/\/www.consorciresidus.org\/es\/producto\/mueble-de-madera\/","og_locale":"es_ES","og_type":"article","og_title":"Mueble de madera - Consorcio de Residuos V5 - COR","og_description":"&nbsp;             &nbsp;   \u00bfD\u00d3NDE VA? Depositamos los muebles de madera en el ecoparque m\u00e1s cercano o ecom\u00f3vil. Algunos ayuntamientos tienen un servicio de recogida. \u00bfQU\u00c9 PROCESO SIGUE? En la planta de tratamiento la madera se tritura como materia prima. \u00bfEN QU\u00c9 SE TRANSFORMA? Combustible para calderas, conglomerados para muebles.","og_url":"https:\/\/www.consorciresidus.org\/es\/producto\/mueble-de-madera\/","og_site_name":"Consorcio de Residuos V5 - COR","article_modified_time":"2025-06-04T05:53:20+00:00","og_image":[{"width":1000,"height":450,"url":"https:\/\/www.consorciresidus.org\/wp-content\/uploads\/2017\/01\/moble-fusta.jpg","type":"image\/jpeg"}],"twitter_card":"summary_large_image","schema":{"@context":"https:\/\/schema.org","@graph":[{"@type":"WebPage","@id":"https:\/\/www.consorciresidus.org\/es\/producto\/mueble-de-madera\/","url":"https:\/\/www.consorciresidus.org\/es\/producto\/mueble-de-madera\/","name":"Mueble de madera - Consorcio de Residuos V5 - COR","isPartOf":{"@id":"https:\/\/www.consorciresidus.org\/#website"},"primaryImageOfPage":{"@id":"https:\/\/www.consorciresidus.org\/es\/producto\/mueble-de-madera\/#primaryimage"},"image":{"@id":"https:\/\/www.consorciresidus.org\/es\/producto\/mueble-de-madera\/#primaryimage"},"thumbnailUrl":"https:\/\/www.consorciresidus.org\/wp-content\/uploads\/2017\/01\/moble-fusta.jpg","datePublished":"2017-01-03T00:01:49+00:00","dateModified":"2025-06-04T05:53:20+00:00","breadcrumb":{"@id":"https:\/\/www.consorciresidus.org\/es\/producto\/mueble-de-madera\/#breadcrumb"},"inLanguage":"es","potentialAction":[{"@type":"ReadAction","target":["https:\/\/www.consorciresidus.org\/es\/producto\/mueble-de-madera\/"]}]},{"@type":"ImageObject","inLanguage":"es","@id":"https:\/\/www.consorciresidus.org\/es\/producto\/mueble-de-madera\/#primaryimage","url":"https:\/\/www.consorciresidus.org\/wp-content\/uploads\/2017\/01\/moble-fusta.jpg","contentUrl":"https:\/\/www.consorciresidus.org\/wp-content\/uploads\/2017\/01\/moble-fusta.jpg","width":1000,"height":450},{"@type":"BreadcrumbList","@id":"https:\/\/www.consorciresidus.org\/es\/producto\/mueble-de-madera\/#breadcrumb","itemListElement":[{"@type":"ListItem","position":1,"name":"Productes","item":"https:\/\/www.consorciresidus.org\/shop\/"},{"@type":"ListItem","position":2,"name":"Mueble de madera"}]},{"@type":"WebSite","@id":"https:\/\/www.consorciresidus.org\/#website","url":"https:\/\/www.consorciresidus.org\/","name":"Consorcio de Residuos V5 - COR","description":"Consorcio para la gesti\u00f3n de residuos","potentialAction":[{"@type":"SearchAction","target":{"@type":"EntryPoint","urlTemplate":"https:\/\/www.consorciresidus.org\/?s={search_term_string}"},"query-input":{"@type":"PropertyValueSpecification","valueRequired":true,"valueName":"search_term_string"}}],"inLanguage":"es"}]}},"_links":{"self":[{"href":"https:\/\/www.consorciresidus.org\/es\/wp-json\/wp\/v2\/product\/16538","targetHints":{"allow":["GET"]}}],"collection":[{"href":"https:\/\/www.consorciresidus.org\/es\/wp-json\/wp\/v2\/product"}],"about":[{"href":"https:\/\/www.consorciresidus.org\/es\/wp-json\/wp\/v2\/types\/product"}],"wp:featuredmedia":[{"embeddable":true,"href":"https:\/\/www.consorciresidus.org\/es\/wp-json\/wp\/v2\/media\/13304"}],"wp:attachment":[{"href":"https:\/\/www.consorciresidus.org\/es\/wp-json\/wp\/v2\/media?parent=16538"}],"wp:term":[{"taxonomy":"product_brand","embeddable":true,"href":"https:\/\/www.consorciresidus.org\/es\/wp-json\/wp\/v2\/product_brand?post=16538"},{"taxonomy":"product_cat","embeddable":true,"href":"https:\/\/www.consorciresidus.org\/es\/wp-json\/wp\/v2\/product_cat?post=16538"},{"taxonomy":"product_tag","embeddable":true,"href":"https:\/\/www.consorciresidus.org\/es\/wp-json\/wp\/v2\/product_tag?post=16538"}],"curies":[{"name":"wp","href":"https:\/\/api.w.org\/{rel}","templated":true}]}}