 



{"id":17426,"date":"2017-05-30T15:33:23","date_gmt":"2017-05-30T15:33:23","guid":{"rendered":"https:\/\/www.consorciresidus.org\/residus-on-vas\/got-de-vidre-trencat\/"},"modified":"2017-06-16T12:34:33","modified_gmt":"2017-06-16T12:34:33","slug":"vaso-de-vidrio-roto","status":"publish","type":"product","link":"https:\/\/www.consorciresidus.org\/es\/producto\/vaso-de-vidrio-roto\/","title":{"rendered":"Vaso de vidrio roto"},"content":{"rendered":"<div style=\"clear:both;\"><\/div>","protected":false},"excerpt":{"rendered":"<div align=\"left\">\n<p>&nbsp;<\/p>\n<table border=\"0\" width=\"auto\" cellspacing=\"0\" cellpadding=\"0\">\n<tbody>\n<tr style=\"float: left;\">\n<td><img loading=\"lazy\" decoding=\"async\" src=\"http:\/\/www.consorciresidus.org\/wp-content\/uploads\/2017\/03\/blau-g.png\" width=\"70\" height=\"70\" \/><\/td>\n<td><img loading=\"lazy\" decoding=\"async\" src=\"http:\/\/www.consorciresidus.org\/wp-content\/uploads\/2017\/03\/verd-g.png\" width=\"70\" height=\"70\" \/><\/td>\n<td><img loading=\"lazy\" decoding=\"async\" src=\"http:\/\/www.consorciresidus.org\/wp-content\/uploads\/2017\/03\/groc-g.png\" width=\"70\" height=\"70\" \/><\/td>\n<td><a href=\"http:\/\/www.consorciresidus.org\/residu-al-teu-lloc\/resta-no-selectiva\/\"><img loading=\"lazy\" decoding=\"async\" src=\"http:\/\/www.consorciresidus.org\/wp-content\/uploads\/2017\/02\/no-seleccionada.png\" width=\"70\" height=\"70\" \/><\/a><\/td>\n<td><img loading=\"lazy\" decoding=\"async\" src=\"http:\/\/www.consorciresidus.org\/wp-content\/uploads\/2017\/03\/ecoparc-g.png\" width=\"70\" height=\"70\" \/><\/td>\n<td><img loading=\"lazy\" decoding=\"async\" src=\"http:\/\/www.consorciresidus.org\/wp-content\/uploads\/2017\/03\/farmacia-g.png\" width=\"70\" height=\"70\" \/><\/td>\n<\/tr>\n<\/tbody>\n<\/table>\n<p>&nbsp;<\/p>\n<\/div>\n<div class=\"caixa\">\n<h5 class=\"cinco\">\u00bfD\u00d3NDE VA?<\/h5>\n<p>Lanzamos los vasos de vidrio rotos al contenedor de resto no selectivo (verde oscuro).<\/p>\n<h5 class=\"cinco\">\u00bfQU\u00c9 PROCESO SIGUE?<\/h5>\n<p>En la planta de tratamiento los residuos aprovechables se reutilizan en su valorizaci\u00f3n, fundamentalmente para crear fuentes de energ\u00eda. Con el resto no aprovechable se procede a la eliminaci\u00f3n.<\/p>\n<h5 class=\"cinco\">\u00bfEN QU\u00c9 SE TRANSFORMA?<\/h5>\n<p>La eliminaci\u00f3n se realiza en dep\u00f3sitos controlados. Una vez ocupada toda la superficie el vertedero acaba la vida \u00fatil, se cubre y se recupera para uso p\u00fablico o espacio verde.<\/p>\n<\/div>\n","protected":false},"featured_media":17365,"template":"","meta":[],"product_brand":[],"product_cat":[87],"product_tag":[],"class_list":{"0":"post-17426","1":"product","2":"type-product","3":"status-publish","4":"has-post-thumbnail","6":"product_cat-no-selectiva","8":"first","9":"instock","10":"shipping-taxable","11":"product-type-simple"},"yoast_head":"<!-- This site is optimized with the Yoast SEO plugin v26.0 - https:\/\/yoast.com\/wordpress\/plugins\/seo\/ -->\n<title>Vaso de vidrio roto - Consorcio de Residuos V5 - COR<\/title>\n<meta name=\"robots\" content=\"index, follow, max-snippet:-1, max-image-preview:large, max-video-preview:-1\" \/>\n<link rel=\"canonical\" href=\"https:\/\/www.consorciresidus.org\/es\/producto\/vaso-de-vidrio-roto\/\" \/>\n<meta property=\"og:locale\" content=\"es_ES\" \/>\n<meta property=\"og:type\" content=\"article\" \/>\n<meta property=\"og:title\" content=\"Vaso de vidrio roto - Consorcio de Residuos V5 - COR\" \/>\n<meta property=\"og:description\" content=\"&nbsp;             &nbsp;    \u00bfD\u00d3NDE VA? Lanzamos los vasos de vidrio rotos al contenedor de resto no selectivo (verde oscuro). \u00bfQU\u00c9 PROCESO SIGUE? En la planta de tratamiento los residuos aprovechables se reutilizan en su valorizaci\u00f3n, fundamentalmente para crear fuentes de energ\u00eda. Con el resto no aprovechable se procede a la eliminaci\u00f3n. \u00bfEN QU\u00c9 SE TRANSFORMA? La eliminaci\u00f3n se realiza en dep\u00f3sitos controlados. Una vez ocupada toda la superficie el vertedero acaba la vida \u00fatil, se cubre y se recupera para uso p\u00fablico o espacio verde.\" \/>\n<meta property=\"og:url\" content=\"https:\/\/www.consorciresidus.org\/es\/producto\/vaso-de-vidrio-roto\/\" \/>\n<meta property=\"og:site_name\" content=\"Consorcio de Residuos V5 - COR\" \/>\n<meta property=\"article:modified_time\" content=\"2017-06-16T12:34:33+00:00\" \/>\n<meta property=\"og:image\" content=\"https:\/\/www.consorciresidus.org\/wp-content\/uploads\/2017\/05\/got-de-vidre-trencat.jpg\" \/>\n\t<meta property=\"og:image:width\" content=\"1000\" \/>\n\t<meta property=\"og:image:height\" content=\"450\" \/>\n\t<meta property=\"og:image:type\" content=\"image\/jpeg\" \/>\n<meta name=\"twitter:card\" content=\"summary_large_image\" \/>\n<script type=\"application\/ld+json\" class=\"yoast-schema-graph\">{\"@context\":\"https:\/\/schema.org\",\"@graph\":[{\"@type\":\"WebPage\",\"@id\":\"https:\/\/www.consorciresidus.org\/es\/producto\/vaso-de-vidrio-roto\/\",\"url\":\"https:\/\/www.consorciresidus.org\/es\/producto\/vaso-de-vidrio-roto\/\",\"name\":\"Vaso de vidrio roto - Consorcio de Residuos V5 - COR\",\"isPartOf\":{\"@id\":\"https:\/\/www.consorciresidus.org\/#website\"},\"primaryImageOfPage\":{\"@id\":\"https:\/\/www.consorciresidus.org\/es\/producto\/vaso-de-vidrio-roto\/#primaryimage\"},\"image\":{\"@id\":\"https:\/\/www.consorciresidus.org\/es\/producto\/vaso-de-vidrio-roto\/#primaryimage\"},\"thumbnailUrl\":\"https:\/\/www.consorciresidus.org\/wp-content\/uploads\/2017\/05\/got-de-vidre-trencat.jpg\",\"datePublished\":\"2017-05-30T15:33:23+00:00\",\"dateModified\":\"2017-06-16T12:34:33+00:00\",\"breadcrumb\":{\"@id\":\"https:\/\/www.consorciresidus.org\/es\/producto\/vaso-de-vidrio-roto\/#breadcrumb\"},\"inLanguage\":\"es\",\"potentialAction\":[{\"@type\":\"ReadAction\",\"target\":[\"https:\/\/www.consorciresidus.org\/es\/producto\/vaso-de-vidrio-roto\/\"]}]},{\"@type\":\"ImageObject\",\"inLanguage\":\"es\",\"@id\":\"https:\/\/www.consorciresidus.org\/es\/producto\/vaso-de-vidrio-roto\/#primaryimage\",\"url\":\"https:\/\/www.consorciresidus.org\/wp-content\/uploads\/2017\/05\/got-de-vidre-trencat.jpg\",\"contentUrl\":\"https:\/\/www.consorciresidus.org\/wp-content\/uploads\/2017\/05\/got-de-vidre-trencat.jpg\",\"width\":1000,\"height\":450},{\"@type\":\"BreadcrumbList\",\"@id\":\"https:\/\/www.consorciresidus.org\/es\/producto\/vaso-de-vidrio-roto\/#breadcrumb\",\"itemListElement\":[{\"@type\":\"ListItem\",\"position\":1,\"name\":\"Productes\",\"item\":\"https:\/\/www.consorciresidus.org\/shop\/\"},{\"@type\":\"ListItem\",\"position\":2,\"name\":\"Vaso de vidrio roto\"}]},{\"@type\":\"WebSite\",\"@id\":\"https:\/\/www.consorciresidus.org\/#website\",\"url\":\"https:\/\/www.consorciresidus.org\/\",\"name\":\"Consorcio de Residuos V5 - COR\",\"description\":\"Consorcio para la gesti\u00f3n de residuos\",\"potentialAction\":[{\"@type\":\"SearchAction\",\"target\":{\"@type\":\"EntryPoint\",\"urlTemplate\":\"https:\/\/www.consorciresidus.org\/?s={search_term_string}\"},\"query-input\":{\"@type\":\"PropertyValueSpecification\",\"valueRequired\":true,\"valueName\":\"search_term_string\"}}],\"inLanguage\":\"es\"}]}<\/script>\n<!-- \/ Yoast SEO plugin. -->","yoast_head_json":{"title":"Vaso de vidrio roto - Consorcio de Residuos V5 - COR","robots":{"index":"index","follow":"follow","max-snippet":"max-snippet:-1","max-image-preview":"max-image-preview:large","max-video-preview":"max-video-preview:-1"},"canonical":"https:\/\/www.consorciresidus.org\/es\/producto\/vaso-de-vidrio-roto\/","og_locale":"es_ES","og_type":"article","og_title":"Vaso de vidrio roto - Consorcio de Residuos V5 - COR","og_description":"&nbsp;             &nbsp;    \u00bfD\u00d3NDE VA? Lanzamos los vasos de vidrio rotos al contenedor de resto no selectivo (verde oscuro). \u00bfQU\u00c9 PROCESO SIGUE? En la planta de tratamiento los residuos aprovechables se reutilizan en su valorizaci\u00f3n, fundamentalmente para crear fuentes de energ\u00eda. Con el resto no aprovechable se procede a la eliminaci\u00f3n. \u00bfEN QU\u00c9 SE TRANSFORMA? La eliminaci\u00f3n se realiza en dep\u00f3sitos controlados. Una vez ocupada toda la superficie el vertedero acaba la vida \u00fatil, se cubre y se recupera para uso p\u00fablico o espacio verde.","og_url":"https:\/\/www.consorciresidus.org\/es\/producto\/vaso-de-vidrio-roto\/","og_site_name":"Consorcio de Residuos V5 - COR","article_modified_time":"2017-06-16T12:34:33+00:00","og_image":[{"width":1000,"height":450,"url":"https:\/\/www.consorciresidus.org\/wp-content\/uploads\/2017\/05\/got-de-vidre-trencat.jpg","type":"image\/jpeg"}],"twitter_card":"summary_large_image","schema":{"@context":"https:\/\/schema.org","@graph":[{"@type":"WebPage","@id":"https:\/\/www.consorciresidus.org\/es\/producto\/vaso-de-vidrio-roto\/","url":"https:\/\/www.consorciresidus.org\/es\/producto\/vaso-de-vidrio-roto\/","name":"Vaso de vidrio roto - Consorcio de Residuos V5 - COR","isPartOf":{"@id":"https:\/\/www.consorciresidus.org\/#website"},"primaryImageOfPage":{"@id":"https:\/\/www.consorciresidus.org\/es\/producto\/vaso-de-vidrio-roto\/#primaryimage"},"image":{"@id":"https:\/\/www.consorciresidus.org\/es\/producto\/vaso-de-vidrio-roto\/#primaryimage"},"thumbnailUrl":"https:\/\/www.consorciresidus.org\/wp-content\/uploads\/2017\/05\/got-de-vidre-trencat.jpg","datePublished":"2017-05-30T15:33:23+00:00","dateModified":"2017-06-16T12:34:33+00:00","breadcrumb":{"@id":"https:\/\/www.consorciresidus.org\/es\/producto\/vaso-de-vidrio-roto\/#breadcrumb"},"inLanguage":"es","potentialAction":[{"@type":"ReadAction","target":["https:\/\/www.consorciresidus.org\/es\/producto\/vaso-de-vidrio-roto\/"]}]},{"@type":"ImageObject","inLanguage":"es","@id":"https:\/\/www.consorciresidus.org\/es\/producto\/vaso-de-vidrio-roto\/#primaryimage","url":"https:\/\/www.consorciresidus.org\/wp-content\/uploads\/2017\/05\/got-de-vidre-trencat.jpg","contentUrl":"https:\/\/www.consorciresidus.org\/wp-content\/uploads\/2017\/05\/got-de-vidre-trencat.jpg","width":1000,"height":450},{"@type":"BreadcrumbList","@id":"https:\/\/www.consorciresidus.org\/es\/producto\/vaso-de-vidrio-roto\/#breadcrumb","itemListElement":[{"@type":"ListItem","position":1,"name":"Productes","item":"https:\/\/www.consorciresidus.org\/shop\/"},{"@type":"ListItem","position":2,"name":"Vaso de vidrio roto"}]},{"@type":"WebSite","@id":"https:\/\/www.consorciresidus.org\/#website","url":"https:\/\/www.consorciresidus.org\/","name":"Consorcio de Residuos V5 - COR","description":"Consorcio para la gesti\u00f3n de residuos","potentialAction":[{"@type":"SearchAction","target":{"@type":"EntryPoint","urlTemplate":"https:\/\/www.consorciresidus.org\/?s={search_term_string}"},"query-input":{"@type":"PropertyValueSpecification","valueRequired":true,"valueName":"search_term_string"}}],"inLanguage":"es"}]}},"_links":{"self":[{"href":"https:\/\/www.consorciresidus.org\/es\/wp-json\/wp\/v2\/product\/17426","targetHints":{"allow":["GET"]}}],"collection":[{"href":"https:\/\/www.consorciresidus.org\/es\/wp-json\/wp\/v2\/product"}],"about":[{"href":"https:\/\/www.consorciresidus.org\/es\/wp-json\/wp\/v2\/types\/product"}],"wp:featuredmedia":[{"embeddable":true,"href":"https:\/\/www.consorciresidus.org\/es\/wp-json\/wp\/v2\/media\/17365"}],"wp:attachment":[{"href":"https:\/\/www.consorciresidus.org\/es\/wp-json\/wp\/v2\/media?parent=17426"}],"wp:term":[{"taxonomy":"product_brand","embeddable":true,"href":"https:\/\/www.consorciresidus.org\/es\/wp-json\/wp\/v2\/product_brand?post=17426"},{"taxonomy":"product_cat","embeddable":true,"href":"https:\/\/www.consorciresidus.org\/es\/wp-json\/wp\/v2\/product_cat?post=17426"},{"taxonomy":"product_tag","embeddable":true,"href":"https:\/\/www.consorciresidus.org\/es\/wp-json\/wp\/v2\/product_tag?post=17426"}],"curies":[{"name":"wp","href":"https:\/\/api.w.org\/{rel}","templated":true}]}}